{"id":1794,"date":"2022-04-28T07:36:02","date_gmt":"2022-04-28T07:36:02","guid":{"rendered":"http:\/\/calafat.cat\/?page_id=1794"},"modified":"2022-05-12T08:48:10","modified_gmt":"2022-05-12T08:48:10","slug":"el-mon-de-les-transfiguracions-2","status":"publish","type":"page","link":"https:\/\/calafat.cat\/index.php\/el-mon-de-les-transfiguracions-2\/","title":{"rendered":"El m\u00f3n de les transfiguracions"},"content":{"rendered":"\n<div class=\"wp-block-columns alignwide is-layout-flex wp-container-core-columns-is-layout-9d6595d7 wp-block-columns-is-layout-flex\">\n<div class=\"wp-block-column is-layout-flow wp-block-column-is-layout-flow\" style=\"flex-basis:50%\">\n<p>Una prosa \u00e0gil i unes atmosferes inquietants condueixen el lector pels camins plurals de la literatura de les transformacions i escissions.&nbsp;<em>En companyia de l&#8217;altre<\/em>, un recull de contes<br>de dimensions curtes per\u00f2 d&#8217;intencions llargues, confirma la l\u00ednia ascendent dela narrativa de Vicen\u00e7 Pag\u00e8s.<\/p>\n\n\n\n<p><em>En companyia de l&#8217;altre<\/em>&nbsp;\u00e9s un recull de contes de dimensions breus, per\u00f2 d&#8217;intenci\u00f3 llarga: situar el lector en l&#8217;ampli \u00e0mbit del doble, territori per on ha transitat noms tan insignes com Poe, Cort\u00e1zar o Borges. Un multimilionari que s&#8217;enamora successivament de tres germanes o un professor que es transforma en el seu alumne predilecte&#8230; s\u00f3n alguns exemples d&#8217;aquesta exploraci\u00f3 plural de la metamorfosi i de l&#8217;escissi\u00f3 de la personalitat humana. Els contes ens mostren uns personatges d&#8217;exist\u00e8ncia grisa que s&#8217;endinsen en un \u00e0mbit desconegut, les zones d&#8217;ombra de la pr\u00f2pia personalitat, en un proc\u00e9s que els du a confondre&#8217;s amb els propis somnis i desigs o a transfigurar-se en una altra persona. Tot plegat, un m\u00f3n poblat de perplexitats, miratges i follia, de zones desconegudes, de frustracions i somnis, on els protagonistes s&#8217;esforcen per explicar-se i comprendre el que els succeeix i all\u00f2 que no entenen.<\/p>\n\n\n\n<p>El llibre \u00e9s molt atractiu, amb alguns contes magn\u00edfics, com el del professor convertit en un alumne seu. Al costat dels relats de llarg\u00e0ria habitual, hi ha un exercici remarcable de concentraci\u00f3: suggerir en peces ultrabreus tota una hist\u00f2ria. Culmina el llibre un ep\u00edleg reflexiu sobre les temptatives del g\u00e8nere fant\u00e0stic per reflectir la personalitat m\u00faltiple de l&#8217;\u00e9sser hum\u00e0. El llibre t\u00e9 alguns contes en qu\u00e8 l&#8217;artifici i la ret\u00f2rica dominen excessivament. Per\u00f2 el que importa, malgrat aquestes petites caigudes, \u00e9s que el lector hi trobar\u00e0 un c\u00e0lcul rigor\u00f3s en el ritme del relats, una prosa concisa, vers\u00e0til i ir\u00f2nica que condueix amb gran efic\u00e0cia la fecunda imaginaci\u00f3 de Vicen\u00e7 Pag\u00e8s.<\/p>\n\n\n\n<p>EL TEMPS, n\u00fam. 777, p\u00e0g. 69, 4\/05\/1999<\/p>\n\n\n\n<p>Descarrega&#8217;t l&#8217;original:\u00a0<img decoding=\"async\" src=\"http:\/\/calafat.cat\/modules\/file\/icons\/application-pdf.png\" alt=\"PDF icon\"><a href=\"http:\/\/calafat.cat\/sites\/default\/files\/el-mon-de-les-transfiguracions.pdf\">el-mon-de-les-transfiguracions.pdf<\/a><\/p>\n\n\n\n<p><a rel=\"noreferrer noopener\" href=\"http:\/\/calafat.cat\/#facebook\" target=\"_blank\">Facebook<\/a>\u00a0<a rel=\"noreferrer noopener\" href=\"http:\/\/calafat.cat\/#twitter\" target=\"_blank\">Twitter<\/a>\u00a0<a href=\"https:\/\/www.addtoany.com\/share#url=http%3A%2F%2Fcalafat.cat%2Farticles%2Fel-mon-de-les-transfiguracions&amp;title=El%20m%C3%B3n%20de%20les%20transfiguracions%20\">\u00a0Comparteix a<\/a><\/p>\n\n\n\n<p>Articles recents:<\/p>\n\n\n\n<p>\u00a0<a href=\"http:\/\/calafat.cat\/index.php\/quan-la-realitat-dansa-en-la-ficcio-3\/\" data-type=\"page\" data-id=\"1892\">Quan la realitat dansa en la ficci\u00f3<\/a><\/p>\n\n\n\n<p><a href=\"http:\/\/calafat.cat\/index.php\/lunivers-dens-de-lalfabet-2\/\" data-type=\"page\" data-id=\"2010\">L\u2019univers dens de l\u2019alfabet<\/a><\/p>\n\n\n\n<p><a href=\"http:\/\/calafat.cat\/index.php\/cezanne-poesia-i-pensament-fets-pintura\/\" data-type=\"page\" data-id=\"1125\">C\u00e9zanne: poesia i pensament fets pintura<\/a><\/p>\n<\/div>\n\n\n\n<div class=\"wp-block-column is-layout-flow wp-block-column-is-layout-flow\" style=\"flex-basis:50%\">\n<figure class=\"wp-block-image size-full\"><img loading=\"lazy\" decoding=\"async\" width=\"379\" height=\"379\" src=\"http:\/\/calafat.cat\/wp-content\/uploads\/2022\/05\/el-mon-de-les-transfiguracions-2.jpeg\" alt=\"\" class=\"wp-image-3044\" srcset=\"https:\/\/calafat.cat\/wp-content\/uploads\/2022\/05\/el-mon-de-les-transfiguracions-2.jpeg 379w, https:\/\/calafat.cat\/wp-content\/uploads\/2022\/05\/el-mon-de-les-transfiguracions-2-300x300.jpeg 300w, https:\/\/calafat.cat\/wp-content\/uploads\/2022\/05\/el-mon-de-les-transfiguracions-2-150x150.jpeg 150w\" sizes=\"auto, (max-width: 379px) 100vw, 379px\" \/><figcaption>Vicen\u00e7 Pag\u00e8s. Font: xtec.cat<br><br>En companyia de l&#8217;altre. Vicen\u00e7 Pag\u00e8s. Edicions 62, Col\u00b7lecci\u00f3 \u00abEl Balanc\u00ed\u00bb, Barcelona, 1999. 139 p\u00e0gs<\/figcaption><\/figure>\n\n\n\n<p>Etiquetes:\u00a0<a href=\"http:\/\/calafat.cat\/index.php\/1999-2\/\" data-type=\"page\" data-id=\"2403\">1999<\/a><a href=\"http:\/\/calafat.cat\/index.php\/publicat-a\/el-temps\/\" data-type=\"page\" data-id=\"110\"> El Temps<\/a><a href=\"http:\/\/calafat.cat\/index.php\/per-generes\/narrativa\/\" data-type=\"page\" data-id=\"94\"> Narrativa<\/a><\/p>\n<\/div>\n<\/div>\n","protected":false},"excerpt":{"rendered":"<p>Una prosa \u00e0gil i unes atmosferes inquietants condueixen el lector pels camins plurals de la literatura de les transformacions i escissions.&nbsp;En companyia de l&#8217;altre, un recull de contesde dimensions curtes per\u00f2 d&#8217;intencions llargues, confirma la l\u00ednia ascendent dela narrativa de Vicen\u00e7 Pag\u00e8s. En companyia de l&#8217;altre&nbsp;\u00e9s un recull de contes de dimensions breus, per\u00f2 d&#8217;intenci\u00f3 &#8230; <a title=\"El m\u00f3n de les transfiguracions\" class=\"read-more\" href=\"https:\/\/calafat.cat\/index.php\/el-mon-de-les-transfiguracions-2\/\" aria-label=\"M\u00e1s en El m\u00f3n de les transfiguracions\">Leer m\u00e1s<\/a><\/p>\n","protected":false},"author":1,"featured_media":0,"parent":0,"menu_order":0,"comment_status":"closed","ping_status":"closed","template":"","meta":{"footnotes":""},"class_list":["post-1794","page","type-page","status-publish"],"_links":{"self":[{"href":"https:\/\/calafat.cat\/index.php\/wp-json\/wp\/v2\/pages\/1794","targetHints":{"allow":["GET"]}}],"collection":[{"href":"https:\/\/calafat.cat\/index.php\/wp-json\/wp\/v2\/pages"}],"about":[{"href":"https:\/\/calafat.cat\/index.php\/wp-json\/wp\/v2\/types\/page"}],"author":[{"embeddable":true,"href":"https:\/\/calafat.cat\/index.php\/wp-json\/wp\/v2\/users\/1"}],"replies":[{"embeddable":true,"href":"https:\/\/calafat.cat\/index.php\/wp-json\/wp\/v2\/comments?post=1794"}],"version-history":[{"count":2,"href":"https:\/\/calafat.cat\/index.php\/wp-json\/wp\/v2\/pages\/1794\/revisions"}],"predecessor-version":[{"id":3045,"href":"https:\/\/calafat.cat\/index.php\/wp-json\/wp\/v2\/pages\/1794\/revisions\/3045"}],"wp:attachment":[{"href":"https:\/\/calafat.cat\/index.php\/wp-json\/wp\/v2\/media?parent=1794"}],"curies":[{"name":"wp","href":"https:\/\/api.w.org\/{rel}","templated":true}]}}