{"id":1838,"date":"2022-04-28T09:25:42","date_gmt":"2022-04-28T09:25:42","guid":{"rendered":"http:\/\/calafat.cat\/?page_id=1838"},"modified":"2022-05-19T08:53:37","modified_gmt":"2022-05-19T08:53:37","slug":"la-memoria-de-loblit","status":"publish","type":"page","link":"https:\/\/calafat.cat\/index.php\/la-memoria-de-loblit\/","title":{"rendered":"La mem\u00f2ria de l&#8217;oblit"},"content":{"rendered":"\n<div class=\"wp-block-columns alignwide is-layout-flex wp-container-core-columns-is-layout-9d6595d7 wp-block-columns-is-layout-flex\">\n<div class=\"wp-block-column is-layout-flow wp-block-column-is-layout-flow\" style=\"flex-basis:50%\">\n<p>Amin Maalouf ens explica en <em>Els jardins de llum<\/em>, despr\u00e9s de segles de mentida i oblit, la vida de Mani, un home que volgu\u00e9 superar el fanatisme i la intoler\u00e0ncia del seu temps.<\/p>\n\n\n\n<p>Els personatges dels llibres de l&#8217;escriptor i periodista liban\u00e8s d&#8217;expressi\u00f3 francesa Amin Maalouf viuen entre dos mons enfrontats, l&#8217;occidental i l&#8217;\u00e0rab. <em>Els jardins de llum<\/em>, l&#8217;\u00faltima part d&#8217;una trilogia hist\u00f2rica que transcorre abans de l&#8217;aparici\u00f3 de l&#8217;islam, n&#8217;\u00e9s, per\u00f2, una excepci\u00f3, tot i que el Pr\u00f2xim Orient ja era aleshores un polvor\u00ed permanent. Maalouf descriu en aquesta novel\u00b7la una geografia de grans conflictes pol\u00edtics i religiosos per la proliferaci\u00f3 de sectes i religions, i fa una bona recreaci\u00f3 de la vida del profeta Mani, el fundador del maniqueisme, a partir de les escasses i disperses dades hist\u00f2riques que se&#8217;n tenen. El maniqueisme, una religi\u00f3 avui poc coneguda i pitjor interpretada, tingu\u00e9 un mil\u00b7lenni llarg de vida i molts seguidors a Orient i a Occident.<\/p>\n\n\n\n<p>La fe que predicava el profeta de la llum, com anomenaven els deixebles de Mani el seu fundador, \u00e9s l&#8217;exemple m\u00e9s perfecte que s&#8217;haja donat de religi\u00f3 gn\u00f2stica d&#8217;arrel plat\u00f2nica, basada en el dualisme entre d\u00e9u i la mat\u00e8ria. Mani, nascut al segle III, volia integrar en una sola religi\u00f3 universal el que considerava veritats parcials, d&#8217;\u00e0mbit geogr\u00e0fic limitat, dels grans profetes anteriors, com ara Jesucrist, Buda i Zoroastre. Era la seua una religi\u00f3 de vocaci\u00f3 missionera, i oferia la salvaci\u00f3 a trav\u00e9s d&#8217;un coneixement especial de la veritat espiritual que permetera a l&#8217;individu alliberar-se del mal present a la mat\u00e8ria.<\/p>\n\n\n\n<p>Amb un estil que combina la cr\u00f2nica, la faula i la nota l\u00edrica, explica amb tota mena de detalls els anys de formaci\u00f3 del profeta en el cercle d&#8217;una fam\u00edlia que pertanyia a una secta de vida estricta, la qual cosa explica els seus esfor\u00e7os posteriors per crear una nova fe que superara el fanatisme i la intoler\u00e0ncia que l&#8217;obligaren a dur una vida solit\u00e0ria en la<br>seua infantesa. Els altres cap\u00edtols recorren el seu viatge a l&#8217;\u00cdndia per difondre la seua predicaci\u00f3, les seues relacions amb el poder dels sass\u00e0nides i, per \u00faltim, la crucifixi\u00f3 que el condu\u00ed a la mort.<\/p>\n\n\n\n<p>Tot i el que acabem de dir, el lector ha de tenir present que est\u00e0 davant una ficci\u00f3, i no davant d&#8217;un tractat hist\u00f2ric ni d&#8217;un manual de religions. Amin Maalouf, com a novel\u00b7lista expert, sap graduar la informaci\u00f3 pol\u00edtica i religiosa en funci\u00f3 de la intriga d&#8217;aquesta novel\u00b7la, centrada en la vida quotidiana de Mani, sense deixar de banda, per\u00f2, les perip\u00e8cies dels seus viatges missioners i les relacions agitades i intenses que tingu\u00e9 amb la monarquia persa, la m\u00e9s poderosa del moment. Amb bon criteri, l&#8217;autor elimina gran part de l&#8217;atape\u00efda simbologia de la cosmogonia maniquea, i n&#8217;aprofita nom\u00e9s els elements essencials. El que m\u00e9s li interessa del pensament religi\u00f3s de Mani \u00e9s la generositat de la seua fe, la voluntat de conciliar i superar les barreres existents entre pobles, races i castes. Fet i fet, Maalouf subratlla m\u00e9s la seua actitud \u00e8tica que no la religiosa, en un esfor\u00e7 per recuperar unes vides singulars que maldaven per crear ponts entre cultures diferents, tret que constitueix tota una constant en l&#8217;obra de l&#8217;escriptor liban\u00e8s.<\/p>\n\n\n\n<p>Francesc Calafat<br>EL TEMPS, n\u00fam. 674, p\u00e0g. 86, 19\/05\/1997<\/p>\n\n\n\n<p> Descarrega&#8217;t l&#8217;original:&nbsp;<img decoding=\"async\" src=\"http:\/\/calafat.cat\/modules\/file\/icons\/application-pdf.png\" alt=\"PDF icon\"><a href=\"http:\/\/calafat.cat\/sites\/default\/files\/la-memoria-de-l-oblit.pdf\">la-memoria-de-l-oblit.pdf<\/a><\/p>\n\n\n\n<p><a rel=\"noreferrer noopener\" href=\"http:\/\/calafat.cat\/#facebook\" target=\"_blank\">Facebook<\/a>&nbsp;<a rel=\"noreferrer noopener\" href=\"http:\/\/calafat.cat\/#twitter\" target=\"_blank\">Twitter<\/a>&nbsp;<a href=\"https:\/\/www.addtoany.com\/share#url=http%3A%2F%2Fcalafat.cat%2Farticles%2Fla-memoria-de-l-oblit&amp;title=La%20mem%C3%B2ria%20de%20l%27oblit%20\">&nbsp;Comparteix a<\/a><\/p>\n\n\n\n<p>Articles recents:&nbsp;<\/p>\n\n\n\n<p><a href=\"http:\/\/calafat.cat\/index.php\/la-valencia-viscuda-2\/\" data-type=\"page\" data-id=\"1189\">La Val\u00e8ncia viscuda<\/a><\/p>\n\n\n\n<p><a href=\"http:\/\/calafat.cat\/index.php\/el-teatre-de-manuel-la-tralla-que-allibera-4\/\" data-type=\"page\" data-id=\"1582\">El teatre de Manuel: la tralla que allibera<\/a><\/p>\n\n\n\n<p><a href=\"http:\/\/calafat.cat\/index.php\/els-estrats-profunds-de-limaginari-de-soria\/\" data-type=\"page\" data-id=\"1982\">Els estrats profunds de l\u2019imaginari de S\u00f2ria<\/a><\/p>\n<\/div>\n\n\n\n<div class=\"wp-block-column is-layout-flow wp-block-column-is-layout-flow\" style=\"flex-basis:50%\">\n<figure class=\"wp-block-image size-full\"><img loading=\"lazy\" decoding=\"async\" width=\"379\" height=\"227\" src=\"http:\/\/calafat.cat\/wp-content\/uploads\/2022\/05\/la-memoria-de-l-oblit-2.jpeg\" alt=\"\" class=\"wp-image-3978\" srcset=\"https:\/\/calafat.cat\/wp-content\/uploads\/2022\/05\/la-memoria-de-l-oblit-2.jpeg 379w, https:\/\/calafat.cat\/wp-content\/uploads\/2022\/05\/la-memoria-de-l-oblit-2-300x180.jpeg 300w\" sizes=\"auto, (max-width: 379px) 100vw, 379px\" \/><figcaption>Amin Maalouf<br><br>Els jardins de la llum. Amin Maalouf. Traducci\u00f3 de Montserrat Planas. Editorial Proa, Col.lecci\u00f3 A tot vent, 358. Barcelona, 1997. 304 p\u00e0gs.<br><br>Etiquetes:&nbsp;<a href=\"http:\/\/calafat.cat\/?page_id=3980\" data-type=\"page\" data-id=\"3980\">1997<\/a> <a href=\"http:\/\/calafat.cat\/index.php\/publicat-a\/el-temps\/\" data-type=\"page\" data-id=\"110\">El Temps<\/a> <a href=\"http:\/\/calafat.cat\/index.php\/per-generes\/narrativa\/\" data-type=\"page\" data-id=\"94\">Narrativa<\/a><\/figcaption><\/figure>\n<\/div>\n<\/div>\n","protected":false},"excerpt":{"rendered":"<p>Amin Maalouf ens explica en Els jardins de llum, despr\u00e9s de segles de mentida i oblit, la vida de Mani, un home que volgu\u00e9 superar el fanatisme i la intoler\u00e0ncia del seu temps. Els personatges dels llibres de l&#8217;escriptor i periodista liban\u00e8s d&#8217;expressi\u00f3 francesa Amin Maalouf viuen entre dos mons enfrontats, l&#8217;occidental i l&#8217;\u00e0rab. Els &#8230; <a title=\"La mem\u00f2ria de l&#8217;oblit\" class=\"read-more\" href=\"https:\/\/calafat.cat\/index.php\/la-memoria-de-loblit\/\" aria-label=\"M\u00e1s en La mem\u00f2ria de l&#8217;oblit\">Leer m\u00e1s<\/a><\/p>\n","protected":false},"author":1,"featured_media":0,"parent":0,"menu_order":0,"comment_status":"closed","ping_status":"closed","template":"","meta":{"footnotes":""},"class_list":["post-1838","page","type-page","status-publish"],"_links":{"self":[{"href":"https:\/\/calafat.cat\/index.php\/wp-json\/wp\/v2\/pages\/1838","targetHints":{"allow":["GET"]}}],"collection":[{"href":"https:\/\/calafat.cat\/index.php\/wp-json\/wp\/v2\/pages"}],"about":[{"href":"https:\/\/calafat.cat\/index.php\/wp-json\/wp\/v2\/types\/page"}],"author":[{"embeddable":true,"href":"https:\/\/calafat.cat\/index.php\/wp-json\/wp\/v2\/users\/1"}],"replies":[{"embeddable":true,"href":"https:\/\/calafat.cat\/index.php\/wp-json\/wp\/v2\/comments?post=1838"}],"version-history":[{"count":3,"href":"https:\/\/calafat.cat\/index.php\/wp-json\/wp\/v2\/pages\/1838\/revisions"}],"predecessor-version":[{"id":3984,"href":"https:\/\/calafat.cat\/index.php\/wp-json\/wp\/v2\/pages\/1838\/revisions\/3984"}],"wp:attachment":[{"href":"https:\/\/calafat.cat\/index.php\/wp-json\/wp\/v2\/media?parent=1838"}],"curies":[{"name":"wp","href":"https:\/\/api.w.org\/{rel}","templated":true}]}}