{"id":1842,"date":"2022-04-28T09:26:14","date_gmt":"2022-04-28T09:26:14","guid":{"rendered":"http:\/\/calafat.cat\/?page_id=1842"},"modified":"2022-05-19T16:15:11","modified_gmt":"2022-05-19T16:15:11","slug":"la-mirada-itinerant","status":"publish","type":"page","link":"https:\/\/calafat.cat\/index.php\/la-mirada-itinerant\/","title":{"rendered":"La mirada itinerant"},"content":{"rendered":"\n<div class=\"wp-block-columns alignwide is-layout-flex wp-container-core-columns-is-layout-9d6595d7 wp-block-columns-is-layout-flex\">\n<div class=\"wp-block-column is-layout-flow wp-block-column-is-layout-flow\" style=\"flex-basis:50%\">\n<p>En aquesta magn\u00edfica i divertida obra de Sterne, <em>Un viatge sentimental<\/em>, el plaer de l&#8217;experi\u00e8ncia mant\u00e9 desperts els sentits i la intel\u00b7lig\u00e8ncia del narrador.<\/p>\n\n\n\n<p>Des de les primeres planes del Viatge sentimental ens trobem de ple en el m\u00f3n de <em>Tristan Shandy<\/em>, un m\u00f3n en qu\u00e8 pot passar de tot, i on el lector -com diu Virginia Woolf- no sap amb quina ironia es veur\u00e0 en la p\u00e0gina seg\u00fcent. Yorick, el narrador a l&#8217;estil de la literatura de viatges del segle XVIII, registra en el seu diari tot el que veu i sent, \u00abel que les circumst\u00e0ncies i l&#8217;atzar del viatge li ofereixen constantment\u00bb. No li interessen ni la descripci\u00f3 dels grans monuments i obres d&#8217;art de Fran\u00e7a ni oferir-ne una visi\u00f3 antropol\u00f2gica dels costums. El que realment excita la seua sensibilitat s\u00f3n les petites coses i els personatges que es creuen en el seu cam\u00ed. Aix\u00ed, el llibre esdev\u00e9 la transcripci\u00f3 de les seues impressions, dels vaivens dels estats d&#8217;\u00e0nim, dels canvis sobtats d&#8217;opini\u00f3. Al costat del gust pel detall, en el discurs err\u00e0tic del protagonista hi ha el plaer per la digressi\u00f3, ja que, com deia en el <em>Tristan Shandy<\/em>, les opinions sobre les accions \u00e9s el que correspon a l&#8217;home. El narrador sovint es recrea m\u00e9s en l&#8217;ona expansiva que provoca un fet que en el fet mateix. I aquest \u00e9s justament un dels encants del llibre: l&#8217;impacte de l&#8217;observaci\u00f3 dispara la imaginaci\u00f3 del narrador i converteix l&#8217;escriptura en protagonista de l&#8217;obra. Un proc\u00e9s creatiu que s&#8217;autocontempla, i reflexiona en l&#8217;instant mateix que es con-<br>verteix en signes i crea viv\u00e8ncies.<\/p>\n\n\n\n<p>Tot i que hi ha descripcions hist\u00f2riques i pol\u00edtiques, en <em>Un viatge sentimental<\/em> predominen els retrats i les situacions humor\u00edstiques per tal d&#8217;il\u00b7lustrar la diversitat de car\u00e0cters i l&#8217;espectacle de la vida humana. Desfilen pel llibre un frare que demana, una dama noble, el simp\u00e0tic brivall La Fleur que es convertir\u00e0 en el seu criat&#8230; Distintes escenes galants,<br>la descripci\u00f3 d&#8217;un grup de pobres i el commovedor episodi d&#8217;un ase mort plorat per un vell que l&#8217;ha tingut durant molt de temps com a company, la vida dissipada i ociosa de l&#8217;aristocr\u00e0cia constitueixen un atractiu mosaic en el qual s&#8217;intercalen moments de neguit.<\/p>\n\n\n\n<p>En <em>Un viatge sentimental<\/em>, interromput per la mort de l&#8217;autor, es concentra el bo i millor de l&#8217;art de Steme: l&#8217;enginy expressiu; l&#8217;estil vers\u00e0til. En una paraula: una de les millors proses del segle XVIII europeu on, per de sota de l&#8217;humorisme aparentment superficial, es troben uns sentiments profundament humans.<\/p>\n\n\n\n<p>EL TEMPS, n\u00fam. 656, p\u00e0g. 88, 13\/01\/1997 <\/p>\n\n\n\n<p>Descarrega&#8217;t l&#8217;original:&nbsp;<img decoding=\"async\" src=\"http:\/\/calafat.cat\/modules\/file\/icons\/application-pdf.png\" alt=\"PDF icon\"><a href=\"http:\/\/calafat.cat\/sites\/default\/files\/la-mirada-itinerant.pdf\">la-mirada-itinerant.pdf<\/a><\/p>\n\n\n\n<p><a rel=\"noreferrer noopener\" href=\"http:\/\/calafat.cat\/#facebook\" target=\"_blank\">Facebook<\/a>&nbsp;<a rel=\"noreferrer noopener\" href=\"http:\/\/calafat.cat\/#twitter\" target=\"_blank\">Twitter<\/a>&nbsp;<a href=\"https:\/\/www.addtoany.com\/share#url=http%3A%2F%2Fcalafat.cat%2Farticles%2Fla-mirada-itinerant&amp;title=La%20mirada%20itinerant%20\">&nbsp;Comparteix a<\/a><\/p>\n\n\n\n<p>Articles recents:&nbsp;<\/p>\n\n\n\n<p><a href=\"http:\/\/calafat.cat\/index.php\/viatge-iniciatic-i-catartic-al-mon-sorprenent-del-primer-estelles-2\/\" data-type=\"page\" data-id=\"2032\">Viatge inici\u00e0tic i cat\u00e0rtic al m\u00f3n sorprenent del primer Estell\u00e9s<\/a><\/p>\n\n\n\n<p><a href=\"http:\/\/calafat.cat\/index.php\/laura-contaminada-de-valencia\/\" data-type=\"page\" data-id=\"1046\">L&#8217;aura contaminada de Val\u00e8ncia<\/a><\/p>\n\n\n\n<p><a href=\"http:\/\/calafat.cat\/index.php\/una-passio-amorosa-en-la-valencia-del-quatre-cents\/\" data-type=\"page\" data-id=\"1050\">Una passi\u00f3 amorosa en la Val\u00e8ncia del quatre-cents<\/a><\/p>\n<\/div>\n\n\n\n<div class=\"wp-block-column is-layout-flow wp-block-column-is-layout-flow\" style=\"flex-basis:50%\">\n<figure class=\"wp-block-image size-full\"><img loading=\"lazy\" decoding=\"async\" width=\"379\" height=\"293\" src=\"http:\/\/calafat.cat\/wp-content\/uploads\/2022\/05\/la-mirada-itinerant-2.jpeg\" alt=\"\" class=\"wp-image-4304\" srcset=\"https:\/\/calafat.cat\/wp-content\/uploads\/2022\/05\/la-mirada-itinerant-2.jpeg 379w, https:\/\/calafat.cat\/wp-content\/uploads\/2022\/05\/la-mirada-itinerant-2-300x232.jpeg 300w\" sizes=\"auto, (max-width: 379px) 100vw, 379px\" \/><figcaption>Laurence Sterne<br><br>Un viatge sentimental. Laurence Sterne. Trad. J. Mallafr\u00e9. Pr\u00f2leg V. Woolf. Eds. Destino\/UPF, \u00abSunion\u00bb, 50. Barcelona, 1996. 184 p\u00e0gs.<br><br>Etiquetes:\u00a0<a href=\"http:\/\/calafat.cat\/index.php\/1997-2\/\" data-type=\"page\" data-id=\"3980\">1997<\/a> <a href=\"http:\/\/calafat.cat\/index.php\/publicat-a\/el-temps\/\" data-type=\"page\" data-id=\"110\">El Temps<\/a> <a href=\"http:\/\/calafat.cat\/index.php\/per-generes\/narrativa\/\" data-type=\"page\" data-id=\"94\">Narrativa<\/a><\/figcaption><\/figure>\n<\/div>\n<\/div>\n","protected":false},"excerpt":{"rendered":"<p>En aquesta magn\u00edfica i divertida obra de Sterne, Un viatge sentimental, el plaer de l&#8217;experi\u00e8ncia mant\u00e9 desperts els sentits i la intel\u00b7lig\u00e8ncia del narrador. Des de les primeres planes del Viatge sentimental ens trobem de ple en el m\u00f3n de Tristan Shandy, un m\u00f3n en qu\u00e8 pot passar de tot, i on el lector -com &#8230; <a title=\"La mirada itinerant\" class=\"read-more\" href=\"https:\/\/calafat.cat\/index.php\/la-mirada-itinerant\/\" aria-label=\"M\u00e1s en La mirada itinerant\">Leer m\u00e1s<\/a><\/p>\n","protected":false},"author":1,"featured_media":0,"parent":0,"menu_order":0,"comment_status":"closed","ping_status":"closed","template":"","meta":{"footnotes":""},"class_list":["post-1842","page","type-page","status-publish"],"_links":{"self":[{"href":"https:\/\/calafat.cat\/index.php\/wp-json\/wp\/v2\/pages\/1842","targetHints":{"allow":["GET"]}}],"collection":[{"href":"https:\/\/calafat.cat\/index.php\/wp-json\/wp\/v2\/pages"}],"about":[{"href":"https:\/\/calafat.cat\/index.php\/wp-json\/wp\/v2\/types\/page"}],"author":[{"embeddable":true,"href":"https:\/\/calafat.cat\/index.php\/wp-json\/wp\/v2\/users\/1"}],"replies":[{"embeddable":true,"href":"https:\/\/calafat.cat\/index.php\/wp-json\/wp\/v2\/comments?post=1842"}],"version-history":[{"count":3,"href":"https:\/\/calafat.cat\/index.php\/wp-json\/wp\/v2\/pages\/1842\/revisions"}],"predecessor-version":[{"id":4308,"href":"https:\/\/calafat.cat\/index.php\/wp-json\/wp\/v2\/pages\/1842\/revisions\/4308"}],"wp:attachment":[{"href":"https:\/\/calafat.cat\/index.php\/wp-json\/wp\/v2\/media?parent=1842"}],"curies":[{"name":"wp","href":"https:\/\/api.w.org\/{rel}","templated":true}]}}