{"id":1846,"date":"2022-04-28T09:26:58","date_gmt":"2022-04-28T09:26:58","guid":{"rendered":"http:\/\/calafat.cat\/?page_id=1846"},"modified":"2022-05-19T14:52:56","modified_gmt":"2022-05-19T14:52:56","slug":"laberint-de-sensacions","status":"publish","type":"page","link":"https:\/\/calafat.cat\/index.php\/laberint-de-sensacions\/","title":{"rendered":"Laberint de sensacions"},"content":{"rendered":"\n<div class=\"wp-block-columns alignwide is-layout-flex wp-container-core-columns-is-layout-9d6595d7 wp-block-columns-is-layout-flex\">\n<div class=\"wp-block-column is-layout-flow wp-block-column-is-layout-flow\" style=\"flex-basis:50%\">\n<p>En aquesta obra Josep Piera lluita amb pertina\u00e7 obstinaci\u00f3 contra la destrucci\u00f3 del temps per expressar la fr\u00e0gil bellesa de les coses.<\/p>\n\n\n\n<p>Per a Josep Piera la literatura de viatges no \u00e9s nom\u00e9s un desfici literari passatger, forma part del seu projecte literari i vital. La seua obra narrativa \u00e9s un progressiu i personal descobriment de les terres del mediterrani, -del que tenen en com\u00fa i de la seua diversitat. En aquests recorreguts de l&#8217;escriptor de la Safor, en els quals ha madurat i matisat la seua mirada i la seu prosa, faltava una aproximaci\u00f3 al m\u00f3n \u00e0rab, que ara ens ofereix amb aquestes <em>Seduccions de Marraqueix<\/em>.<\/p>\n\n\n\n<p>El lector des de la primera p\u00e0gina es veu arrossegat per l&#8217;excitaci\u00f3 amb qu\u00e8 l&#8217;autor viu les sorpreses espectaculars i humils que li presenta el paisatge, les ciutats i els habitants de Marr\u00e0queix. Un m\u00f3n ple de contrastos marcat pels paisatges esplendorosos i el desert, on es barregen la delicadesa amb la mis\u00e8ria, les olors sensuals amb les sentors m\u00e9s penetrants; laberint de sensacions que troba la seua millor expressi\u00f3 en la descripci\u00f3 de les places i els mercats.<\/p>\n\n\n\n<p>La proximitat d&#8217;aquestes formes de vida (els menjars, les olors, la vida familiar, la civilitat) transporta l&#8217;autor a la infantesa, i fins tot detecta semblances de l&#8217;\u00e0rab amb el llenguatge oral dels valencians. Aquest joc de seduccions \u00e9s una manera de mitificar, de fer digne el m\u00f3n antic, i alhora una voluntat de compartir-lo amb la sensibilitat moderna. No tot s\u00f3n semblances, hi ha tamb\u00e9 les difer\u00e8ncies: la percepci\u00f3 del temps, la pres\u00e8ncia de l&#8217;\u00e0mbit sagrat i imaginari fant\u00e0stic en la vida quotidiana.<\/p>\n\n\n\n<p>En <em>Seduccions de Marraqueix<\/em>, a difer\u00e8ncia d&#8217;altres llibres, les persones del pa\u00eds tenen una gran import\u00e0ncia: ajuden a comprendre el bigarrat paisatge marroqu\u00ed i representen distintes maneres d&#8217;entendre la vida i de relacionar-se amb els occidentals. Una cultura d&#8217;homes que d\u00f3na peu a escenes d&#8217;una gran ambig\u00fcitat ben explotada liter\u00e0riament.<\/p>\n\n\n\n<p>L&#8217;obra, escrita amb estil net, fluid, amb instants de calculat lirisme, remet a la literatura \u00e0rab en l&#8217;\u00fas de la tradici\u00f3 oral i en les proses po\u00e8tiques del final, via que preserva al\u00b7leg\u00f2ricament alguns instants de la seua experi\u00e8ncia. En definitiva, una prosa que es justifica per la pertina\u00e7 obstinaci\u00f3 contra la destrucci\u00f3 del temps per expressar la fr\u00e0gil bellesa de les coses.<\/p>\n\n\n\n<p>EL TEMPS, n\u00fam. ??, p\u00e0g. 87, 14\/4\/1997 <\/p>\n\n\n\n<p>Descarrega&#8217;t l&#8217;original:&nbsp;<img decoding=\"async\" src=\"http:\/\/calafat.cat\/modules\/file\/icons\/application-pdf.png\" alt=\"PDF icon\"><a href=\"http:\/\/calafat.cat\/sites\/default\/files\/laberint-de-sensacions.pdf\">laberint-de-sensacions.pdf<\/a><\/p>\n\n\n\n<p><a rel=\"noreferrer noopener\" href=\"http:\/\/calafat.cat\/#facebook\" target=\"_blank\">Facebook<\/a>&nbsp;<a rel=\"noreferrer noopener\" href=\"http:\/\/calafat.cat\/#twitter\" target=\"_blank\">Twitter<\/a>&nbsp;<a href=\"https:\/\/www.addtoany.com\/share#url=http%3A%2F%2Fcalafat.cat%2Farticles%2Flaberint-de-sensacions&amp;title=Laberint%20de%20sensacions\">&nbsp;Comparteix a<\/a><\/p>\n\n\n\n<p>Articles recents:&nbsp;<\/p>\n\n\n\n<p><a href=\"http:\/\/calafat.cat\/index.php\/tot-parla-de-tu\/\" data-type=\"page\" data-id=\"1100\">Tot parla de tu<\/a><\/p>\n\n\n\n<p><a href=\"http:\/\/calafat.cat\/index.php\/el-cami-de-la-poesia-valenciana-dels-setanta-fins-ara\/\" data-type=\"page\" data-id=\"1052\">El cam\u00ed de la poesia valenciana dels setanta fins ara<\/a><\/p>\n\n\n\n<p><a href=\"http:\/\/calafat.cat\/index.php\/reflexions-al-voltant-del-llorentenisme-i-fuster\/\" data-type=\"page\" data-id=\"1130\">Reflexions al voltant del llorentenisme i Fuster<\/a><\/p>\n<\/div>\n\n\n\n<div class=\"wp-block-column is-layout-flow wp-block-column-is-layout-flow\" style=\"flex-basis:50%\">\n<figure class=\"wp-block-image size-full\"><img loading=\"lazy\" decoding=\"async\" width=\"379\" height=\"379\" src=\"http:\/\/calafat.cat\/wp-content\/uploads\/2022\/05\/laberint-de-sensacions-1-1.jpeg\" alt=\"\" class=\"wp-image-4171\" srcset=\"https:\/\/calafat.cat\/wp-content\/uploads\/2022\/05\/laberint-de-sensacions-1-1.jpeg 379w, https:\/\/calafat.cat\/wp-content\/uploads\/2022\/05\/laberint-de-sensacions-1-1-300x300.jpeg 300w, https:\/\/calafat.cat\/wp-content\/uploads\/2022\/05\/laberint-de-sensacions-1-1-150x150.jpeg 150w\" sizes=\"auto, (max-width: 379px) 100vw, 379px\" \/><figcaption>Portada del llibre<br><br>Seduccions de Marr\u00e0queix. Josep Piera. Edicions 62, Col\u00b7lecci\u00f3 \u00abEl Balanc\u00ed\u00bb, 295, Barcelona. 1996. 240 p\u00e0gs.<br><br>Etiquetes:\u00a0<a href=\"http:\/\/calafat.cat\/index.php\/1997-2\/\" data-type=\"page\" data-id=\"3980\">1997<\/a><a href=\"http:\/\/calafat.cat\/index.php\/publicat-a\/el-temps\/\" data-type=\"page\" data-id=\"110\"> El Temps<\/a><a href=\"http:\/\/calafat.cat\/index.php\/per-generes\/narrativa\/\" data-type=\"page\" data-id=\"94\"> Narrativa<\/a><a href=\"http:\/\/calafat.cat\/articles\/josep-piera\"> <\/a><a href=\"http:\/\/calafat.cat\/index.php\/josep-piera\/\" data-type=\"page\" data-id=\"4151\">Josep Piera<\/a><\/figcaption><\/figure>\n<\/div>\n<\/div>\n","protected":false},"excerpt":{"rendered":"<p>En aquesta obra Josep Piera lluita amb pertina\u00e7 obstinaci\u00f3 contra la destrucci\u00f3 del temps per expressar la fr\u00e0gil bellesa de les coses. Per a Josep Piera la literatura de viatges no \u00e9s nom\u00e9s un desfici literari passatger, forma part del seu projecte literari i vital. La seua obra narrativa \u00e9s un progressiu i personal descobriment &#8230; <a title=\"Laberint de sensacions\" class=\"read-more\" href=\"https:\/\/calafat.cat\/index.php\/laberint-de-sensacions\/\" aria-label=\"M\u00e1s en Laberint de sensacions\">Leer m\u00e1s<\/a><\/p>\n","protected":false},"author":1,"featured_media":0,"parent":0,"menu_order":0,"comment_status":"closed","ping_status":"closed","template":"","meta":{"footnotes":""},"class_list":["post-1846","page","type-page","status-publish"],"_links":{"self":[{"href":"https:\/\/calafat.cat\/index.php\/wp-json\/wp\/v2\/pages\/1846","targetHints":{"allow":["GET"]}}],"collection":[{"href":"https:\/\/calafat.cat\/index.php\/wp-json\/wp\/v2\/pages"}],"about":[{"href":"https:\/\/calafat.cat\/index.php\/wp-json\/wp\/v2\/types\/page"}],"author":[{"embeddable":true,"href":"https:\/\/calafat.cat\/index.php\/wp-json\/wp\/v2\/users\/1"}],"replies":[{"embeddable":true,"href":"https:\/\/calafat.cat\/index.php\/wp-json\/wp\/v2\/comments?post=1846"}],"version-history":[{"count":3,"href":"https:\/\/calafat.cat\/index.php\/wp-json\/wp\/v2\/pages\/1846\/revisions"}],"predecessor-version":[{"id":4175,"href":"https:\/\/calafat.cat\/index.php\/wp-json\/wp\/v2\/pages\/1846\/revisions\/4175"}],"wp:attachment":[{"href":"https:\/\/calafat.cat\/index.php\/wp-json\/wp\/v2\/media?parent=1846"}],"curies":[{"name":"wp","href":"https:\/\/api.w.org\/{rel}","templated":true}]}}