{"id":1856,"date":"2022-04-28T09:29:36","date_gmt":"2022-04-28T09:29:36","guid":{"rendered":"http:\/\/calafat.cat\/?page_id=1856"},"modified":"2022-05-16T09:58:01","modified_gmt":"2022-05-16T09:58:01","slug":"les-tenebres-de-la-gosadia-2","status":"publish","type":"page","link":"https:\/\/calafat.cat\/index.php\/les-tenebres-de-la-gosadia-2\/","title":{"rendered":"Les tenebres de la gosadia"},"content":{"rendered":"\n<div class=\"wp-block-columns alignwide is-layout-flex wp-container-core-columns-is-layout-9d6595d7 wp-block-columns-is-layout-flex\">\n<div class=\"wp-block-column is-layout-flow wp-block-column-is-layout-flow\" style=\"flex-basis:50%\">\n<p>El bateig literari d&#8217;Anna Moner \u00e9s una bona sorpresa. <em>Les mans de la deixebla<\/em>, premi Enric Valor, \u00e9s una proposta potent i suggeridora que, amb l&#8217;evocaci\u00f3 de l&#8217;univers de Frankenstein, ens transporta a la temptaci\u00f3 f\u00e0ustica, a l&#8217;exploraci\u00f3 dels l\u00edmits i als problemes de l&#8217;exc\u00e9s. El per\u00edode no podia ser m\u00e9s adient: el segle XVIII, \u00e8poca en qu\u00e8 l&#8217;anatomia i la cirurgia viuen una forta embranzida. El personatge que irradia la trama \u00e9s Fabrizzio Scorza, lliurat a combatre els prejudicis i les teories fantasioses sobre el funcionament del cos. Pertany al llinatge de metges que dissequen l&#8217;interior de l&#8217;\u00e9sser hum\u00e0 per con\u00e9ixer-ne els mecanismes, descobrir- ne els components interns que l&#8217;erosionen.<\/p>\n\n\n\n<p>Per a aquells metges, formular les lleis que regeixen la vida \u00e9s cam\u00ed per accedir a les veritats fonamentals. La mat\u00e8ria est\u00e0 carregada de psicologia o espiritualitat, ja que, en darrer terme, \u00e9s un reflex de D\u00e9u. Per a Scorza, les anomalies f\u00edsiques no eren cap aberraci\u00f3 ni cap cosa demon\u00edaca, eren producte de l&#8217;atzar, una singularitat que calia respectar. El subjuga la bellesa de la deformitat, all\u00f2 \u00fanic que integra l&#8217;impossible i el prohibit, i que origina figures atordidores i \u00faniques. El periple biogr\u00e0fic del metge \u00e9s una immersi\u00f3 total en la mort i en les deformitats per a extraure&#8217;n vida i compensar, ni que siga m\u00ednimament, les mancances de la biologia. \u00c9s una opci\u00f3 sacrificada, torbadora, per\u00f2 tamb\u00e9 fascinant, perqu\u00e8 \u00e9s una aventura per geografies desconegudes. El viatge culmina a Val\u00e8ncia i amb la descoberta de Brunel\u00b7la, que reuneix all\u00f2 que m\u00e9s l&#8217;enlluerna. El metge la prepara perqu\u00e8 preserve i desenvolupe els seus coneixements. Per a protegir-la de la societat, la fa viure en una bambolla, al marge de l&#8217;espantosa vida quotidiana.<\/p>\n\n\n\n<p>Quan falta el mestre, la protagonista es concentra en el seu miratge, un espiral on passat i present, desig i somni s&#8217;encadenen en una realitat sense retorn. Figura obsessiva i sense escr\u00fapols que fa el que siga per dur a terme els objectius. Encara que \u00e9s una baula del seu valedor, el seu univers ja \u00e9s un altre, \u00e9s un terreny clos, sense d\u00e9u, per\u00f2 poblat d&#8217;esperits i dimonis i amb els efectes ennoblidors i embrutidors de la natura. A causa del seu car\u00e0cter, l&#8217;ajudant esdev\u00e9 un supervivent, una ombra d&#8217;aspecte horripilant i costums ins\u00f2lits, per\u00f2 que malgrat tot conserva un punt de tendresa i humanitat. Els tres personatges s\u00f3n tres angles d&#8217;una mateixa figura.<\/p>\n\n\n\n<p>Els punts forts de novel\u00b7la s\u00f3n la hist\u00f2ria absorbent que encadena uns personatges plens de plecs i la creaci\u00f3 d&#8217;un clima embolcallador, de reverberacions simb\u00f2liques, opressiu i tenebr\u00f3s per la combinaci\u00f3 i el contrast de bellesa i monstruositat, de lux\u00faria, morbositat i terror, enmig d&#8217;escenes saturades per la descomposici\u00f3 i les aromes florals. Per la for\u00e7a amb qu\u00e8 Anna Moner basteix aquest relat desassossegador Les mans de la deixebla \u00e9s un t\u00edtol que paga la pena recordar.<\/p>\n\n\n\n<p>EL PA\u00cdS, QUADERN, 02\/02\/2012 <\/p>\n\n\n\n<p>Descarrega&#8217;t l&#8217;original:\u00a0<img decoding=\"async\" src=\"http:\/\/calafat.cat\/modules\/file\/icons\/application-pdf.png\" alt=\"PDF icon\"><a href=\"http:\/\/calafat.cat\/sites\/default\/files\/les-tenebres-de-la-gosadia_0.pdf\">les-tenebres-de-la-gosadia.pdf<\/a><\/p>\n\n\n\n<ul class=\"wp-block-list\"><li><a target=\"_blank\" href=\"http:\/\/calafat.cat\/#facebook\" rel=\"noreferrer noopener\">Facebook<\/a>&nbsp;<a target=\"_blank\" href=\"http:\/\/calafat.cat\/#twitter\" rel=\"noreferrer noopener\">Twitter<\/a>&nbsp;<a href=\"https:\/\/www.addtoany.com\/share#url=http%3A%2F%2Fcalafat.cat%2Farticles%2Fles-tenebres-de-la-gosadia&amp;title=Les%20tenebres%20de%20la%20gosadia\">&nbsp;Comparteix a<\/a><\/li><li><\/li><\/ul>\n\n\n\n<p>Articles recents:\u00a0<\/p>\n\n\n\n<p><a href=\"http:\/\/calafat.cat\/index.php\/saltant-duna-travessa-a-laltra\/\" data-type=\"page\" data-id=\"1034\">Saltant d\u2019una travessa a l\u2019altra<\/a><\/p>\n\n\n\n<p><a href=\"http:\/\/calafat.cat\/index.php\/lunivers-dens-de-lalfabet-2\/\" data-type=\"page\" data-id=\"2010\">L\u2019univers dens de l\u2019alfabet<\/a><\/p>\n\n\n\n<p><a href=\"http:\/\/calafat.cat\/index.php\/cezanne-poesia-i-pensament-fets-pintura\/\" data-type=\"page\" data-id=\"1125\">C\u00e9zanne: poesia i pensament fets pintura<\/a><\/p>\n<\/div>\n\n\n\n<div class=\"wp-block-column is-layout-flow wp-block-column-is-layout-flow\" style=\"flex-basis:50%\">\n<figure class=\"wp-block-image size-full\"><img loading=\"lazy\" decoding=\"async\" width=\"379\" height=\"251\" src=\"http:\/\/calafat.cat\/wp-content\/uploads\/2022\/05\/1-79.jpeg\" alt=\"\" class=\"wp-image-3484\" srcset=\"https:\/\/calafat.cat\/wp-content\/uploads\/2022\/05\/1-79.jpeg 379w, https:\/\/calafat.cat\/wp-content\/uploads\/2022\/05\/1-79-300x199.jpeg 300w\" sizes=\"auto, (max-width: 379px) 100vw, 379px\" \/><figcaption>Anna Moner. Fotografia: Jes\u00fas Ciscar.<br>Font: ccaa.elpais.com<br><br>Les mans de la deixebla. Anna Moner. Edicions Bromera, Alzira, 2011. 228 p\u00e0gs.<br><br>Etiquetes:\u00a0<a href=\"http:\/\/calafat.cat\/index.php\/2012-3\/\" data-type=\"page\" data-id=\"2173\">2012<\/a> <a href=\"http:\/\/calafat.cat\/index.php\/publicat-a\/el-pais\/\" data-type=\"page\" data-id=\"108\">El Pa\u00eds<\/a> <a href=\"http:\/\/calafat.cat\/index.php\/per-generes\/narrativa\/\" data-type=\"page\" data-id=\"94\">Narrativa<\/a><\/figcaption><\/figure>\n<\/div>\n<\/div>\n","protected":false},"excerpt":{"rendered":"<p>El bateig literari d&#8217;Anna Moner \u00e9s una bona sorpresa. Les mans de la deixebla, premi Enric Valor, \u00e9s una proposta potent i suggeridora que, amb l&#8217;evocaci\u00f3 de l&#8217;univers de Frankenstein, ens transporta a la temptaci\u00f3 f\u00e0ustica, a l&#8217;exploraci\u00f3 dels l\u00edmits i als problemes de l&#8217;exc\u00e9s. El per\u00edode no podia ser m\u00e9s adient: el segle XVIII, &#8230; <a title=\"Les tenebres de la gosadia\" class=\"read-more\" href=\"https:\/\/calafat.cat\/index.php\/les-tenebres-de-la-gosadia-2\/\" aria-label=\"M\u00e1s en Les tenebres de la gosadia\">Leer m\u00e1s<\/a><\/p>\n","protected":false},"author":1,"featured_media":0,"parent":0,"menu_order":0,"comment_status":"closed","ping_status":"closed","template":"","meta":{"footnotes":""},"class_list":["post-1856","page","type-page","status-publish"],"_links":{"self":[{"href":"https:\/\/calafat.cat\/index.php\/wp-json\/wp\/v2\/pages\/1856","targetHints":{"allow":["GET"]}}],"collection":[{"href":"https:\/\/calafat.cat\/index.php\/wp-json\/wp\/v2\/pages"}],"about":[{"href":"https:\/\/calafat.cat\/index.php\/wp-json\/wp\/v2\/types\/page"}],"author":[{"embeddable":true,"href":"https:\/\/calafat.cat\/index.php\/wp-json\/wp\/v2\/users\/1"}],"replies":[{"embeddable":true,"href":"https:\/\/calafat.cat\/index.php\/wp-json\/wp\/v2\/comments?post=1856"}],"version-history":[{"count":3,"href":"https:\/\/calafat.cat\/index.php\/wp-json\/wp\/v2\/pages\/1856\/revisions"}],"predecessor-version":[{"id":3487,"href":"https:\/\/calafat.cat\/index.php\/wp-json\/wp\/v2\/pages\/1856\/revisions\/3487"}],"wp:attachment":[{"href":"https:\/\/calafat.cat\/index.php\/wp-json\/wp\/v2\/media?parent=1856"}],"curies":[{"name":"wp","href":"https:\/\/api.w.org\/{rel}","templated":true}]}}