{"id":1860,"date":"2022-04-28T09:32:49","date_gmt":"2022-04-28T09:32:49","guid":{"rendered":"http:\/\/calafat.cat\/?page_id=1860"},"modified":"2022-05-12T13:31:43","modified_gmt":"2022-05-12T13:31:43","slug":"literatura-de-leducacio-2","status":"publish","type":"page","link":"https:\/\/calafat.cat\/index.php\/literatura-de-leducacio-2\/","title":{"rendered":"Literatura de l\u2019educaci\u00f3"},"content":{"rendered":"\n<div class=\"wp-block-columns alignwide is-layout-flex wp-container-core-columns-is-layout-9d6595d7 wp-block-columns-is-layout-flex\">\n<div class=\"wp-block-column is-layout-flow wp-block-column-is-layout-flow\" style=\"flex-basis:50%\">\n<p>El m\u00f3n de les aules ha tingut m\u00e9s fortuna en el cinema que en la literatura. N\u2019hi ha excepcions honroses \u00e9s clar com podria ser ara <em>El professor<\/em> de Frank McCourt, tradu\u00eft per Bromera, on ens relata com s\u2019ho enginyava per a governar alumnes incontrolables i desganats i reclamar la seua atenci\u00f3 en centres de barris de treballadors. Hagu\u00e9 d\u2019abandonar els manuals de gram\u00e0tica i fer servir les desgr\u00e0cies de la seua vida personal, les justificacions falsificades o les receptes de cuina com a est\u00edmuls d\u2019ensenyament.<\/p>\n\n\n\n<p>No \u00e9s habitual en la nostra literatura trobar escriptors que convertisquen en imaginari literari les perip\u00e8cies d\u2019alumnes i professors. Causes? N\u2019hi poden haver moltes. Segurament, les m\u00e9s cre\u00efbles vagen lligades amb el fet que una bona part dels autors estan relacionats d\u2019una manera o una altra amb el m\u00f3n de l\u2019educaci\u00f3. A m\u00e9s, com \u00e9s una part consubstancial amb la vida col\u00b7lectiva, i funcionava sense grans problemes, no semblava un tema especialment atractiu. L\u2019ensenyament ha comen\u00e7at a tenir un cert protagonisme literari quan la conflictivitat s\u2019ha convertit s\u2019ha convertit en un problema, ben gros que va m\u00e9s enll\u00e0 de les aules, a causa de les transformacions culturals i la immigraci\u00f3 massiva dels darrers anys.<\/p>\n\n\n\n<p>Ficci\u00f3 o realitat?<br>No era un absent total, d\u2019una forma o d\u2019una altra sempre hi ha hagut, inevitablement, refer\u00e8ncies a l\u2019univers did\u00e0ctic. Possiblement la primera mostra liter\u00e0ria de la vida escolar al Pa\u00eds Valenci\u00e0 siga <em>La mestra<\/em>, de 1995, de Victor G\u00f3mez Labrado i que descriu un conflicte ben diferent a l\u2019actual: el seu origen era m\u00e9s pol\u00edtic que no acad\u00e8mic. De fet, el llibre \u00e9s una cr\u00f2nica minuciosa de les que va viure l\u2019escola de Barx en el segon lustre de la d\u00e8cada dels setanta, en plena transici\u00f3 democr\u00e0tica i on la mentalitat autorit\u00e0ria encara tenia una for\u00e7a considerable en la administraci\u00f3. El conflicte va ser motivat perqu\u00e8 els mestres d\u2019aquella escola, compromesos amb els moviments de renovaci\u00f3 pedag\u00f2gica, defensaven una educaci\u00f3 m\u00e9s moderna, arrelada al medi i feta en l\u2019idioma del pa\u00eds.<\/p>\n\n\n\n<p>En l\u2019\u00e0mbit de l\u2019ensenyament mitj\u00e0 podem llegir <em>Notes finals<\/em> de Vicent Borr\u00e0s que narra els trencacolls que ha de viure un professor de valenci\u00e0 embolicat en un cas d\u2019assassinat. La trama est\u00e0 ambientada en un institut dels inicis dels anys 90, que sembla una bassa d\u2019oli en comparaci\u00f3 amb els temps que vindran a continuaci\u00f3, i on problemes m\u00e9s greus afecten a l\u2019assist\u00e8ncia i a la puntualitat dels alumnes.<\/p>\n\n\n\n<p>La vida escolar ha fet un canvi radical. La radiografia m\u00e9s ajustada que existeix ara per ara l\u2019ha duta a terme Toni Sala en la impagable <em>Petita cr\u00f2nica d\u2019un professor a secund\u00e0ria<\/em>. Li podrem discutir matisos i valoracions, per\u00f2 el retrat \u00e9s clavat. Escrit amb una prosa poderosa i concisa, l\u2019autor perfila per mitj\u00e0 d\u2019escenes significatives la vida quotidiana d\u2019un institut: episodis d\u2019indisciplina en les aules, alumnes que passen de curs sense resultats acad\u00e8mics m\u00ednims, descens generalitzat del rendiment, professors que dissimulen la impot\u00e8ncia amb pel\u00b7l\u00edcules de tota mena i pares que es neguen a recon\u00e9ixer la situaci\u00f3 escolar dels fills. Pel que fa als estats d\u2019\u00e0nims dels docents, el ventall \u00e9s ample: de l\u2019humor negre a la resignaci\u00f3 i a la desesperaci\u00f3, sense oblidar els besllums d\u2019esperan\u00e7a. Seguint aquesta direcci\u00f3, per\u00f2 en l\u2019\u00f2rbita de la ficci\u00f3, Xavier Aliaga en <em>Si no ho dic, rebente<\/em> projecta una imatge grotesca de l\u2019ensenyament on davant d\u2019un professor desmotivat desfilen grapats d\u2019objectors escolars encantats de les seues malifetes.<\/p>\n\n\n\n<p>L\u2019ILLA, n\u00fam. 42, 2006 <\/p>\n\n\n\n<p>Descarrega&#8217;t l&#8217;original:\u00a0<img decoding=\"async\" src=\"http:\/\/calafat.cat\/modules\/file\/icons\/application-pdf.png\" alt=\"PDF icon\"><a href=\"http:\/\/calafat.cat\/sites\/default\/files\/literatura-de-l-educacio.pdf\">literatura-de-l-educacio.pdf<\/a><\/p>\n\n\n\n<p><a rel=\"noreferrer noopener\" href=\"http:\/\/calafat.cat\/#facebook\" target=\"_blank\">Facebook<\/a>\u00a0<a rel=\"noreferrer noopener\" href=\"http:\/\/calafat.cat\/#twitter\" target=\"_blank\">Twitter<\/a>\u00a0<a href=\"https:\/\/www.addtoany.com\/share#url=http%3A%2F%2Fcalafat.cat%2Farticles%2Fliteratura-de-l-educacio&amp;title=Literatura%20de%20l%E2%80%99educaci%C3%B3\">\u00a0Comparteix a<\/a><\/p>\n\n\n\n<p>Articles recents:\u00a0<\/p>\n\n\n\n<p><a href=\"http:\/\/calafat.cat\/index.php\/lunivers-dens-de-lalfabet-2\/\" data-type=\"page\" data-id=\"2010\">L\u2019univers dens de l\u2019alfabet<\/a><\/p>\n\n\n\n<p><a href=\"http:\/\/calafat.cat\/index.php\/vitalitat-de-la-lletra-impresa-la-literatura-valenciana-sobreviu-als-efectes-duna-crisi-que-sacarnissa-tambe-amb-el-mon-de-la-cultura\/\" data-type=\"page\" data-id=\"1094\">Vitalitat de la lletra impresa. La literatura valenciana sobreviu als efectes d&#8217;una crisi que s&#8217;acarnissa tamb\u00e9 amb el m\u00f3n de la cultura<\/a><\/p>\n\n\n\n<p><a href=\"http:\/\/calafat.cat\/index.php\/joves-sensibles-3\/\" data-type=\"page\" data-id=\"1588\">Joves sensibles<\/a><\/p>\n<\/div>\n\n\n\n<div class=\"wp-block-column is-layout-flow wp-block-column-is-layout-flow\" style=\"flex-basis:50%\">\n<figure class=\"wp-block-image size-full\"><img loading=\"lazy\" decoding=\"async\" width=\"379\" height=\"186\" src=\"http:\/\/calafat.cat\/wp-content\/uploads\/2022\/05\/1-10.jpeg\" alt=\"\" class=\"wp-image-3241\" srcset=\"https:\/\/calafat.cat\/wp-content\/uploads\/2022\/05\/1-10.jpeg 379w, https:\/\/calafat.cat\/wp-content\/uploads\/2022\/05\/1-10-300x147.jpeg 300w\" sizes=\"auto, (max-width: 379px) 100vw, 379px\" \/><figcaption>Portades del llibres<br><br>Etiquetes:\u00a0<a href=\"http:\/\/calafat.cat\/index.php\/2006-2\/\" data-type=\"page\" data-id=\"2158\">2006<\/a> <a href=\"http:\/\/calafat.cat\/index.php\/publicat-a\/altres\/\" data-type=\"page\" data-id=\"112\">Altres<\/a> <a href=\"http:\/\/calafat.cat\/index.php\/per-generes\/narrativa\/\" data-type=\"page\" data-id=\"94\">Narrativa<\/a><\/figcaption><\/figure>\n<\/div>\n<\/div>\n","protected":false},"excerpt":{"rendered":"<p>El m\u00f3n de les aules ha tingut m\u00e9s fortuna en el cinema que en la literatura. N\u2019hi ha excepcions honroses \u00e9s clar com podria ser ara El professor de Frank McCourt, tradu\u00eft per Bromera, on ens relata com s\u2019ho enginyava per a governar alumnes incontrolables i desganats i reclamar la seua atenci\u00f3 en centres de &#8230; <a title=\"Literatura de l\u2019educaci\u00f3\" class=\"read-more\" href=\"https:\/\/calafat.cat\/index.php\/literatura-de-leducacio-2\/\" aria-label=\"M\u00e1s en Literatura de l\u2019educaci\u00f3\">Leer m\u00e1s<\/a><\/p>\n","protected":false},"author":1,"featured_media":0,"parent":0,"menu_order":0,"comment_status":"closed","ping_status":"closed","template":"","meta":{"footnotes":""},"class_list":["post-1860","page","type-page","status-publish"],"_links":{"self":[{"href":"https:\/\/calafat.cat\/index.php\/wp-json\/wp\/v2\/pages\/1860","targetHints":{"allow":["GET"]}}],"collection":[{"href":"https:\/\/calafat.cat\/index.php\/wp-json\/wp\/v2\/pages"}],"about":[{"href":"https:\/\/calafat.cat\/index.php\/wp-json\/wp\/v2\/types\/page"}],"author":[{"embeddable":true,"href":"https:\/\/calafat.cat\/index.php\/wp-json\/wp\/v2\/users\/1"}],"replies":[{"embeddable":true,"href":"https:\/\/calafat.cat\/index.php\/wp-json\/wp\/v2\/comments?post=1860"}],"version-history":[{"count":2,"href":"https:\/\/calafat.cat\/index.php\/wp-json\/wp\/v2\/pages\/1860\/revisions"}],"predecessor-version":[{"id":3243,"href":"https:\/\/calafat.cat\/index.php\/wp-json\/wp\/v2\/pages\/1860\/revisions\/3243"}],"wp:attachment":[{"href":"https:\/\/calafat.cat\/index.php\/wp-json\/wp\/v2\/media?parent=1860"}],"curies":[{"name":"wp","href":"https:\/\/api.w.org\/{rel}","templated":true}]}}