{"id":1868,"date":"2022-04-28T09:38:01","date_gmt":"2022-04-28T09:38:01","guid":{"rendered":"http:\/\/calafat.cat\/?page_id=1868"},"modified":"2022-05-19T09:28:16","modified_gmt":"2022-05-19T09:28:16","slug":"mass-media-joc-despills-2","status":"publish","type":"page","link":"https:\/\/calafat.cat\/index.php\/mass-media-joc-despills-2\/","title":{"rendered":"Mass media: joc d&#8217;espills"},"content":{"rendered":"\n<div class=\"wp-block-columns alignwide is-layout-flex wp-container-core-columns-is-layout-9d6595d7 wp-block-columns-is-layout-flex\">\n<div class=\"wp-block-column is-layout-flow wp-block-column-is-layout-flow\" style=\"flex-basis:50%\">\n<p>A <em>Emboscada a Fort Bragg<\/em>, un jove soldat homosexual \u00e9s assassinat. Un programa de TV dedicat a casos escandalosos espia amb c\u00e0meres ocultes els soldats sospitosos per aconseguir proves contra ells. Una trama que mostra una Am\u00e8rica intransigent i la dubtosa forma de treballar dels mass media.<\/p>\n\n\n\n<p>En aquesta novel\u00b7la, Tom Wolfe entronca amb l&#8217;esperit cr\u00edtic de la novel\u00b7la realista, amb la seua voluntat de burxar en les entranyes de la societat actual. En <em>La foguera de les vanitats<\/em>, Wolfe volgu\u00e9 fer un retrat prof\u00fas de la bull\u00edcia de la gran ciutat americana i de la vida dels fabricants de diners. Ara tracta tamb\u00e9 de novel\u00b7lar un tema de gran actualitat: la manera com els mitjans de comunicaci\u00f3 filtren la realitat i creen les not\u00edcies, un proc\u00e9s en qu\u00e8 intervenen tant les ambicions dels periodistes com els interessos comercials i les limitacions imposades per la moral dels espectadors. Per comprendre la dimensi\u00f3 liter\u00e0ria de Wolfe cal tenir en compte que els seus llibres no s\u00f3n tant novel\u00b7les estrictes com uns reportatges revestits de novel\u00b7la. Aix\u00f2 s\u00ed, amb l&#8217;espl\u00e8ndida habilitat estil\u00edstica que el caracteritza.<\/p>\n\n\n\n<p>Vivim en el m\u00f3n de la imatge, ens ve a dir Wolfe. El lector, com el conductor la hist\u00f2ria, el productor d&#8217;un programa de televisi\u00f3, segueix la realitat a trav\u00e9s d&#8217;un monitor. Primer, els soldats s\u00f3n filmats per trobar les proves acusadores. A continuaci\u00f3 veiem com una locutora acorrala els presumptes assassins amb el parany de fer-los veure un v\u00eddeo de strip-tease, on es veuen unes imatges que els delaten. I, finalment, el resultat, manipulat, del producte acabat tal com el veuran els telespectadors. Dos aspectes a ressaltar del llibre: el partit literari tret a l&#8217;argot dels soldats -ben resolt pel traductor- i l&#8217;\u00fas efica\u00e7 del joc d&#8217;espills narratiu, on es triplica una mateixa imatge, per tal de subratllar la radiografia implacable a la construcci\u00f3 medi\u00e0tica de la realitat que duen a terme certs programes de televisi\u00f3.<\/p>\n\n\n\n<p>EL TEMPS, n\u00fam. 691, p\u00e0g. 71, 15\/09\/1997 <\/p>\n\n\n\n<p>Descarrega&#8217;t l&#8217;original:\u00a0<img decoding=\"async\" src=\"http:\/\/calafat.cat\/modules\/file\/icons\/application-pdf.png\" alt=\"PDF icon\"><a href=\"http:\/\/calafat.cat\/sites\/default\/files\/mass-media-joc-d-espills.pdf\">mass-media-joc-d-espills.pdf<\/a><\/p>\n\n\n\n<p><a rel=\"noreferrer noopener\" href=\"https:\/\/www.addtoany.com\/add_to\/facebook?linkurl=http%3A%2F%2Fcalafat.cat%2Farticles%2Fmass-media-joc-d-espills&amp;linkname=Mass%20media%3A%20joc%20d%27espills&amp;linknote=\" target=\"_blank\">Facebook<\/a>\u00a0<a rel=\"noreferrer noopener\" href=\"http:\/\/calafat.cat\/#twitter\" target=\"_blank\">Twitter<\/a>\u00a0<a href=\"https:\/\/www.addtoany.com\/share#url=http%3A%2F%2Fcalafat.cat%2Farticles%2Fmass-media-joc-d-espills&amp;title=Mass%20media%3A%20joc%20d%27espills\">\u00a0Comparteix a<\/a><\/p>\n\n\n\n<p>Articles recents:\u00a0<\/p>\n\n\n\n<p><a href=\"http:\/\/calafat.cat\/index.php\/el-teatre-de-manuel-la-tralla-que-allibera-4\/\" data-type=\"page\" data-id=\"1582\">El teatre de Manuel: la tralla que allibera<\/a><\/p>\n\n\n\n<p><a href=\"http:\/\/calafat.cat\/index.php\/lunivers-dens-de-lalfabet-2\/\" data-type=\"page\" data-id=\"2010\">L\u2019univers dens de l\u2019alfabet<\/a><\/p>\n\n\n\n<p><a href=\"http:\/\/calafat.cat\/index.php\/cezanne-poesia-i-pensament-fets-pintura\/\" data-type=\"page\" data-id=\"1125\">C\u00e9zanne: poesia i pensament fets pintura<\/a><\/p>\n<\/div>\n\n\n\n<div class=\"wp-block-column is-layout-flow wp-block-column-is-layout-flow\" style=\"flex-basis:50%\">\n<figure class=\"wp-block-image size-full\"><img loading=\"lazy\" decoding=\"async\" width=\"379\" height=\"262\" src=\"http:\/\/calafat.cat\/wp-content\/uploads\/2022\/05\/mass-media-joc-d-espills-2.jpeg\" alt=\"\" class=\"wp-image-3991\" srcset=\"https:\/\/calafat.cat\/wp-content\/uploads\/2022\/05\/mass-media-joc-d-espills-2.jpeg 379w, https:\/\/calafat.cat\/wp-content\/uploads\/2022\/05\/mass-media-joc-d-espills-2-300x207.jpeg 300w\" sizes=\"auto, (max-width: 379px) 100vw, 379px\" \/><figcaption>Tom Wolfe. Font: humanstoryfilms.com<br><br>Emboscada a Fort Bragg. Tom Wolfe. Traducci\u00f3 d&#8217;Ernest Riera. Columna Edicions, Barcelona, 1997. 108 p\u00e0gs.<br><br>Etiquetes:\u00a0<a href=\"http:\/\/calafat.cat\/index.php\/1997-2\/\" data-type=\"page\" data-id=\"3980\">1997<\/a> <a href=\"http:\/\/calafat.cat\/index.php\/publicat-a\/el-temps\/\" data-type=\"page\" data-id=\"110\">El Temps<\/a> <a href=\"http:\/\/calafat.cat\/index.php\/per-generes\/narrativa\/\" data-type=\"page\" data-id=\"94\">Narrativa<\/a><\/figcaption><\/figure>\n<\/div>\n<\/div>\n","protected":false},"excerpt":{"rendered":"<p>A Emboscada a Fort Bragg, un jove soldat homosexual \u00e9s assassinat. Un programa de TV dedicat a casos escandalosos espia amb c\u00e0meres ocultes els soldats sospitosos per aconseguir proves contra ells. Una trama que mostra una Am\u00e8rica intransigent i la dubtosa forma de treballar dels mass media. En aquesta novel\u00b7la, Tom Wolfe entronca amb l&#8217;esperit &#8230; <a title=\"Mass media: joc d&#8217;espills\" class=\"read-more\" href=\"https:\/\/calafat.cat\/index.php\/mass-media-joc-despills-2\/\" aria-label=\"M\u00e1s en Mass media: joc d&#8217;espills\">Leer m\u00e1s<\/a><\/p>\n","protected":false},"author":1,"featured_media":0,"parent":0,"menu_order":0,"comment_status":"closed","ping_status":"closed","template":"","meta":{"footnotes":""},"class_list":["post-1868","page","type-page","status-publish"],"_links":{"self":[{"href":"https:\/\/calafat.cat\/index.php\/wp-json\/wp\/v2\/pages\/1868","targetHints":{"allow":["GET"]}}],"collection":[{"href":"https:\/\/calafat.cat\/index.php\/wp-json\/wp\/v2\/pages"}],"about":[{"href":"https:\/\/calafat.cat\/index.php\/wp-json\/wp\/v2\/types\/page"}],"author":[{"embeddable":true,"href":"https:\/\/calafat.cat\/index.php\/wp-json\/wp\/v2\/users\/1"}],"replies":[{"embeddable":true,"href":"https:\/\/calafat.cat\/index.php\/wp-json\/wp\/v2\/comments?post=1868"}],"version-history":[{"count":2,"href":"https:\/\/calafat.cat\/index.php\/wp-json\/wp\/v2\/pages\/1868\/revisions"}],"predecessor-version":[{"id":3992,"href":"https:\/\/calafat.cat\/index.php\/wp-json\/wp\/v2\/pages\/1868\/revisions\/3992"}],"wp:attachment":[{"href":"https:\/\/calafat.cat\/index.php\/wp-json\/wp\/v2\/media?parent=1868"}],"curies":[{"name":"wp","href":"https:\/\/api.w.org\/{rel}","templated":true}]}}