{"id":1874,"date":"2022-04-28T09:40:54","date_gmt":"2022-04-28T09:40:54","guid":{"rendered":"http:\/\/calafat.cat\/?page_id=1874"},"modified":"2022-05-18T15:15:29","modified_gmt":"2022-05-18T15:15:29","slug":"paisatge-intim-de-la-pobresa-2","status":"publish","type":"page","link":"https:\/\/calafat.cat\/index.php\/paisatge-intim-de-la-pobresa-2\/","title":{"rendered":"Paisatge \u00edntim de la pobresa"},"content":{"rendered":"\n<div class=\"wp-block-columns alignwide is-layout-flex wp-container-core-columns-is-layout-9d6595d7 wp-block-columns-is-layout-flex\">\n<div class=\"wp-block-column is-layout-flow wp-block-column-is-layout-flow\" style=\"flex-basis:50%\">\n<p>La novel\u00b7la <em>Les cendres d&#8217;\u00c0ngela<\/em> narra la dura infantesa del protagonista, nascut al Brooklyn dels anys trenta i criat en els suburbis de Umerick. La mis\u00e8ria i les malalties marquen la vida d&#8217;aquest infant que malda per sobreviure i fer realitat el somni de fugir del m\u00f3n asfixiant d&#8217;Irlanda.<\/p>\n\n\n\n<p>\u00c9s d&#8217;agrair que, encara que siga amb retard, es publique en catal\u00e0 <em>Les cendres d&#8217;\u00c0ngela<\/em>. Perqu\u00e8 \u00e9s una magn\u00edfica novel\u00b7la, que es llegeix d&#8217;una tirada, i que narra amb una extraordin\u00e0ria naturalitat les mis\u00e8ries d&#8217;un infant i d&#8217;una fam\u00edlia, l&#8217;atmosfera d&#8217;una poblaci\u00f3 i un pa\u00eds en els dif\u00edcils anys trenta i quaranta. El retrat de tonalitats grises que McCourt pinta de Limerick \u00e9s impactant: una geografia on la pobresa, la humitat i la crueltat omplen cadascun dels seus racons i domina cada instant de la vida dels seus habitants. La falta d&#8217;aliments, la desocupaci\u00f3, la mort que assetgen una fam\u00edlia desestructurada, sense esperan\u00e7a, s\u00f3n els fonaments sentimentals en qu\u00e8 es forja l&#8217;educaci\u00f3 sentimental del protagonista. Completa aquest quadre la r\u00edgida moral cristiana que omple d&#8217;angoixa cada acte del narrador. Per\u00f2, sobretot, la for\u00e7a del llibre consisteix a contar tot aquest dolor des de la mirada innocent d&#8217;un infant, que narra el despertar al m\u00f3n, a construir una fotografia d&#8217;Irlanda sense filtres edulcorants ni transcendentals. En aquest m\u00f3n angoixant, els personatges troben el seu Sunion personal en la cervesa, en el patriotisme irland\u00e8s, en el Ilegendari nacional, en el cinema i en el somni daurat de poder emigar a Am\u00e8rica, o, si m\u00e9s no, fugir de la humitat malaltissa d&#8217;Irlanda. I a aquest darrer somni daurat el protagonista dedica tota la seua adolesc\u00e8ncia.<\/p>\n\n\n\n<p>Fet i fet, <em>Les cendres d&#8217;\u00c0ngela<\/em> \u00e9s una notable hist\u00f2ria, que colpeix el lector amb una perip\u00e8cia personal d&#8217;arrelament i desarrelament, del despertar de la consci\u00e8ncia, escrita amb un poder\u00f3s \u00fas del llenguatge col\u00b7loquial.<\/p>\n\n\n\n<p>EL TEMPS, n\u00fam. 746, p\u00e0g. 69, 05\/10\/1998 <\/p>\n\n\n\n<p>Descarrega&#8217;t l&#8217;original:&nbsp;<img decoding=\"async\" src=\"http:\/\/calafat.cat\/modules\/file\/icons\/application-pdf.png\" alt=\"PDF icon\"><a href=\"http:\/\/calafat.cat\/sites\/default\/files\/paisatge-intim-de-la-pobresa.pdf\">paisatge-intim-de-la-pobresa.pdf<\/a><\/p>\n\n\n\n<p><a rel=\"noreferrer noopener\" href=\"http:\/\/calafat.cat\/#facebook\" target=\"_blank\">Facebook<\/a>&nbsp;<a rel=\"noreferrer noopener\" href=\"http:\/\/calafat.cat\/#twitter\" target=\"_blank\">Twitter<\/a>&nbsp;<a href=\"https:\/\/www.addtoany.com\/share#url=http%3A%2F%2Fcalafat.cat%2Farticles%2Fpaisatge-intim-de-la-pobresa&amp;title=Paisatge%20%C3%ADntim%20de%20la%20pobresa\">&nbsp;Comparteix a<\/a><\/p>\n\n\n\n<p>Articles recents:&nbsp;<\/p>\n\n\n\n<p><a href=\"http:\/\/calafat.cat\/index.php\/tot-parla-de-tu\/\" data-type=\"page\" data-id=\"1100\">Tot parla de tu<\/a><\/p>\n\n\n\n<p><a href=\"http:\/\/calafat.cat\/index.php\/el-cami-de-la-poesia-valenciana-dels-setanta-fins-ara\/\" data-type=\"page\" data-id=\"1052\">El cam\u00ed de la poesia valenciana dels setanta fins ara<\/a><\/p>\n\n\n\n<p><a href=\"http:\/\/calafat.cat\/index.php\/pulsions-en-un-moviment-permament\/\" data-type=\"page\" data-id=\"1061\">Pulsions en un moviment permament<\/a><\/p>\n<\/div>\n\n\n\n<div class=\"wp-block-column is-layout-flow wp-block-column-is-layout-flow\" style=\"flex-basis:50%\">\n<figure class=\"wp-block-image size-full\"><img loading=\"lazy\" decoding=\"async\" width=\"379\" height=\"254\" src=\"http:\/\/calafat.cat\/wp-content\/uploads\/2022\/05\/paisatge-intim-de-la-pobresa-2-1.jpeg\" alt=\"\" class=\"wp-image-3019\" srcset=\"https:\/\/calafat.cat\/wp-content\/uploads\/2022\/05\/paisatge-intim-de-la-pobresa-2-1.jpeg 379w, https:\/\/calafat.cat\/wp-content\/uploads\/2022\/05\/paisatge-intim-de-la-pobresa-2-1-300x201.jpeg 300w\" sizes=\"auto, (max-width: 379px) 100vw, 379px\" \/><figcaption>Frank McCourt. Fotografia: Ulf Andersen \/ Getty. Font: content.time.com\/time\/magazine<br><br>Les cendres d&#8217;Angela. Frank McCourt. Traducci\u00f3 d&#8217;Eduard Castanyo. Editorial Columna, Barcelona, 1998. 343 p\u00e0gs.<br><br>Etiquetes:\u00a0<a href=\"http:\/\/calafat.cat\/index.php\/1998-2\/\" data-type=\"page\" data-id=\"2609\">1998<\/a> <a href=\"http:\/\/calafat.cat\/index.php\/publicat-a\/el-temps\/\" data-type=\"page\" data-id=\"110\">El Temps<\/a> <a href=\"http:\/\/calafat.cat\/index.php\/per-generes\/narrativa\/\" data-type=\"page\" data-id=\"94\">Narrativa<\/a> <a href=\"http:\/\/calafat.cat\/index.php\/frank-mccourt\/\" data-type=\"page\" data-id=\"3886\">Frank McCourt<\/a><\/figcaption><\/figure>\n<\/div>\n<\/div>\n","protected":false},"excerpt":{"rendered":"<p>La novel\u00b7la Les cendres d&#8217;\u00c0ngela narra la dura infantesa del protagonista, nascut al Brooklyn dels anys trenta i criat en els suburbis de Umerick. La mis\u00e8ria i les malalties marquen la vida d&#8217;aquest infant que malda per sobreviure i fer realitat el somni de fugir del m\u00f3n asfixiant d&#8217;Irlanda. \u00c9s d&#8217;agrair que, encara que siga &#8230; <a title=\"Paisatge \u00edntim de la pobresa\" class=\"read-more\" href=\"https:\/\/calafat.cat\/index.php\/paisatge-intim-de-la-pobresa-2\/\" aria-label=\"M\u00e1s en Paisatge \u00edntim de la pobresa\">Leer m\u00e1s<\/a><\/p>\n","protected":false},"author":1,"featured_media":0,"parent":0,"menu_order":0,"comment_status":"closed","ping_status":"closed","template":"","meta":{"footnotes":""},"class_list":["post-1874","page","type-page","status-publish"],"_links":{"self":[{"href":"https:\/\/calafat.cat\/index.php\/wp-json\/wp\/v2\/pages\/1874","targetHints":{"allow":["GET"]}}],"collection":[{"href":"https:\/\/calafat.cat\/index.php\/wp-json\/wp\/v2\/pages"}],"about":[{"href":"https:\/\/calafat.cat\/index.php\/wp-json\/wp\/v2\/types\/page"}],"author":[{"embeddable":true,"href":"https:\/\/calafat.cat\/index.php\/wp-json\/wp\/v2\/users\/1"}],"replies":[{"embeddable":true,"href":"https:\/\/calafat.cat\/index.php\/wp-json\/wp\/v2\/comments?post=1874"}],"version-history":[{"count":3,"href":"https:\/\/calafat.cat\/index.php\/wp-json\/wp\/v2\/pages\/1874\/revisions"}],"predecessor-version":[{"id":3891,"href":"https:\/\/calafat.cat\/index.php\/wp-json\/wp\/v2\/pages\/1874\/revisions\/3891"}],"wp:attachment":[{"href":"https:\/\/calafat.cat\/index.php\/wp-json\/wp\/v2\/media?parent=1874"}],"curies":[{"name":"wp","href":"https:\/\/api.w.org\/{rel}","templated":true}]}}