{"id":1880,"date":"2022-04-28T09:45:51","date_gmt":"2022-04-28T09:45:51","guid":{"rendered":"http:\/\/calafat.cat\/?page_id=1880"},"modified":"2022-05-11T14:06:13","modified_gmt":"2022-05-11T14:06:13","slug":"poetica-de-la-desolacio-2","status":"publish","type":"page","link":"https:\/\/calafat.cat\/index.php\/poetica-de-la-desolacio-2\/","title":{"rendered":"Po\u00e8tica de la desolaci\u00f3"},"content":{"rendered":"\n<div class=\"wp-block-columns alignwide is-layout-flex wp-container-core-columns-is-layout-9d6595d7 wp-block-columns-is-layout-flex\">\n<div class=\"wp-block-column is-layout-flow wp-block-column-is-layout-flow\" style=\"flex-basis:50%\">\n<p>Stephen Crane (1871-1901) hauria aconseguit la fama de Hemingway si haguera viscut m\u00e9s. Mor\u00ed molt jove, despr\u00e9s d&#8217;una agitada carrera com a periodista. Com a narrador va deixar una espl\u00e8ndida novel\u00b7la,&nbsp;<em>El roig emblema del coratge<\/em>, i uns bons contes, entre ells&nbsp;<em>El monstre<\/em>. Posse\u00efdor d&#8217;un llenguatge directe i contundent, combina l&#8217;estil impressionista per tal de desentranyar els secrets m\u00e9s \u00edntims del cor hum\u00e0 (la por, la solitud, el sofriment) i els corrents subterranis que es mouen en la vida social. Es llan\u00e7\u00e0 a descriure algunes hist\u00f2ries conflictives de la vida americana com un fot\u00f2graf amb la seua c\u00e0mera port\u00e0til, i present\u00e0 els diversos ambients com un factor dram\u00e0tic que sovint decideixen amb indifer\u00e8ncia la vida de les persones.<\/p>\n\n\n\n<p>El monstre \u00e9s la narraci\u00f3 d&#8217;un estremidor rebuig que serveix per tractar la mentalitat d&#8217;una ciutat americana menuda. Una ciutat honrada, tranquil\u00b7la, que de sobte es veu trasbalsada per una desgr\u00e0cia: l&#8217;incendi de la casa del doctor Trescott, en qu\u00e8 Henry, el negre palafrener, arrisca la seua vida per salvar el fill del doctor. Resultat: el negre t\u00e9 la cara terriblement deformada pel foc. El doctor, agra\u00eft, s&#8217;escarrassa per salvar-li la vida. Henry ha quedat una mica tocat, per\u00f2 amb un cor net i innocent. Un acte tan hum\u00e0 com aquest acaba enravenant els \u00e0nims de la poblaci\u00f3, ja que la sola exist\u00e8ncia d&#8217;un \u00e9sser tan monstru\u00f3s els fa nosa, desperta un seguit de temors, i, per aquesta ra\u00f3, veuen amb mals ulls el doctor i li recriminen que vaja contra les lleis de la natura.<\/p>\n\n\n\n<p>A partir de l&#8217;accident, l&#8217;ombra de Henry es converteix en omnipresent, i les seues propietats f\u00edsiques es converteixen en morals en la boca i l&#8217;actitud dels habitants. Davant el comportament dels seus conciutadans, el metge es mant\u00e9 fidel a la seua decisi\u00f3, encara que els seus clients l&#8217;abandonen i els amics se n&#8217;allunyen.<\/p>\n\n\n\n<p>Crane narra indirectament una tensa hist\u00f2ria amb una prosa afinada, presentada per mitj\u00e0 d&#8217;escenes juxtaposades molt contrastades, on xoquen els esdeveniments tr\u00e0gics (com ara l&#8217;incendi, escena d&#8217;una grandesa \u00e8pica) amb les situacions c\u00f2miques, per tal d&#8217;aprofundir en una mena de subtil po\u00e8tica de la desolaci\u00f3 i de la situaci\u00f3 humana.<\/p>\n\n\n\n<p>EL TEMPS, n\u00fam. 545, p\u00e0g. 85, 28\/11\/1994<\/p>\n\n\n\n<p>Descarrega&#8217;t l&#8217;original:\u00a0<img decoding=\"async\" src=\"http:\/\/calafat.cat\/modules\/file\/icons\/application-pdf.png\" alt=\"PDF icon\"><a href=\"http:\/\/calafat.cat\/sites\/default\/files\/poetica-de-la-desolacio.pdf\">poetica-de-la-desolacio.pdf<\/a><\/p>\n\n\n\n<p><a rel=\"noreferrer noopener\" href=\"http:\/\/calafat.cat\/#facebook\" target=\"_blank\">Facebook<\/a>\u00a0<a rel=\"noreferrer noopener\" href=\"http:\/\/calafat.cat\/#twitter\" target=\"_blank\">Twitter<\/a>\u00a0<a href=\"https:\/\/www.addtoany.com\/share#url=http%3A%2F%2Fcalafat.cat%2Farticles%2Fpoetica-de-la-desolacio&amp;title=Po%C3%A8tica%20de%20la%20desolaci%C3%B3\">\u00a0Comparteix a<\/a><\/p>\n\n\n\n<p>Articles recents:\u00a0<\/p>\n\n\n\n<p><a href=\"http:\/\/calafat.cat\/articles\/l-univers-dens-de-l-alfabet\">L\u2019univers dens de l\u2019alfabet<\/a><\/p>\n\n\n\n<p><a href=\"http:\/\/calafat.cat\/articles\/cezanne-poesia-i-pensament-fet-pintura\">C\u00e9zanne: poesia i pensament fets pintura<\/a><\/p>\n\n\n\n<p><a href=\"http:\/\/calafat.cat\/articles\/els-estrats-profunds-de-l-imaginari-de-soria\">Els estrats profunds de l\u2019imaginari de S\u00f2ria<\/a><\/p>\n<\/div>\n\n\n\n<div class=\"wp-block-column is-layout-flow wp-block-column-is-layout-flow\" style=\"flex-basis:50%\">\n<figure class=\"wp-block-image size-full\"><img loading=\"lazy\" decoding=\"async\" width=\"379\" height=\"379\" src=\"http:\/\/calafat.cat\/wp-content\/uploads\/2022\/05\/poetica-de-la-desolacio-1.jpeg\" alt=\"\" class=\"wp-image-2905\" srcset=\"https:\/\/calafat.cat\/wp-content\/uploads\/2022\/05\/poetica-de-la-desolacio-1.jpeg 379w, https:\/\/calafat.cat\/wp-content\/uploads\/2022\/05\/poetica-de-la-desolacio-1-300x300.jpeg 300w, https:\/\/calafat.cat\/wp-content\/uploads\/2022\/05\/poetica-de-la-desolacio-1-150x150.jpeg 150w\" sizes=\"auto, (max-width: 379px) 100vw, 379px\" \/><figcaption>Portada del llibre<br>El monstre. Stephen Crane. Traducci\u00f3 de Montserrat Vancells. Editorial L\u00edmits. Andorra, 1994<br>Etiquetes:\u00a0 <a href=\"http:\/\/calafat.cat\/index.php\/1994-2\/\" data-type=\"page\" data-id=\"2112\">1994<\/a> <a href=\"http:\/\/calafat.cat\/index.php\/publicat-a\/el-temps\/\" data-type=\"page\" data-id=\"110\">El Temps<\/a> <a href=\"http:\/\/calafat.cat\/index.php\/per-generes\/narrativa\/\" data-type=\"page\" data-id=\"94\">Narrativa<\/a><\/figcaption><\/figure>\n<\/div>\n<\/div>\n","protected":false},"excerpt":{"rendered":"<p>Stephen Crane (1871-1901) hauria aconseguit la fama de Hemingway si haguera viscut m\u00e9s. Mor\u00ed molt jove, despr\u00e9s d&#8217;una agitada carrera com a periodista. Com a narrador va deixar una espl\u00e8ndida novel\u00b7la,&nbsp;El roig emblema del coratge, i uns bons contes, entre ells&nbsp;El monstre. Posse\u00efdor d&#8217;un llenguatge directe i contundent, combina l&#8217;estil impressionista per tal de desentranyar &#8230; <a title=\"Po\u00e8tica de la desolaci\u00f3\" class=\"read-more\" href=\"https:\/\/calafat.cat\/index.php\/poetica-de-la-desolacio-2\/\" aria-label=\"M\u00e1s en Po\u00e8tica de la desolaci\u00f3\">Leer m\u00e1s<\/a><\/p>\n","protected":false},"author":1,"featured_media":0,"parent":0,"menu_order":0,"comment_status":"closed","ping_status":"closed","template":"","meta":{"footnotes":""},"class_list":["post-1880","page","type-page","status-publish"],"_links":{"self":[{"href":"https:\/\/calafat.cat\/index.php\/wp-json\/wp\/v2\/pages\/1880","targetHints":{"allow":["GET"]}}],"collection":[{"href":"https:\/\/calafat.cat\/index.php\/wp-json\/wp\/v2\/pages"}],"about":[{"href":"https:\/\/calafat.cat\/index.php\/wp-json\/wp\/v2\/types\/page"}],"author":[{"embeddable":true,"href":"https:\/\/calafat.cat\/index.php\/wp-json\/wp\/v2\/users\/1"}],"replies":[{"embeddable":true,"href":"https:\/\/calafat.cat\/index.php\/wp-json\/wp\/v2\/comments?post=1880"}],"version-history":[{"count":2,"href":"https:\/\/calafat.cat\/index.php\/wp-json\/wp\/v2\/pages\/1880\/revisions"}],"predecessor-version":[{"id":2907,"href":"https:\/\/calafat.cat\/index.php\/wp-json\/wp\/v2\/pages\/1880\/revisions\/2907"}],"wp:attachment":[{"href":"https:\/\/calafat.cat\/index.php\/wp-json\/wp\/v2\/media?parent=1880"}],"curies":[{"name":"wp","href":"https:\/\/api.w.org\/{rel}","templated":true}]}}