{"id":1890,"date":"2022-04-28T09:50:26","date_gmt":"2022-04-28T09:50:26","guid":{"rendered":"http:\/\/calafat.cat\/?page_id=1890"},"modified":"2022-05-18T15:25:47","modified_gmt":"2022-05-18T15:25:47","slug":"quan-el-somni-era-la-vida-2","status":"publish","type":"page","link":"https:\/\/calafat.cat\/index.php\/quan-el-somni-era-la-vida-2\/","title":{"rendered":"Quan el somni era la vida"},"content":{"rendered":"\n<div class=\"wp-block-columns alignwide is-layout-flex wp-container-core-columns-is-layout-9d6595d7 wp-block-columns-is-layout-flex\">\n<div class=\"wp-block-column is-layout-flow wp-block-column-is-layout-flow\" style=\"flex-basis:50%\">\n<p>En els darrers temps la hist\u00f2ria s\u2019ha accelerat tant que ha trastocat profundament la vida dels homes, ja que abans \u2014si m\u00e9s no, ho pensem\u2014 entre mort i vida podia passar un per\u00edode d\u2019hist\u00f2ria; ara, vivim transportats per dos o m\u00e9s. Aquest \u00e9s el repte de Ferran Torrent en Bulevard dels Francesos. Aix\u00f2 es veu en molts personatges, per\u00f2 sobretot en Rafel Puig, que des de la Rep\u00fablica fins a la Transici\u00f3 ha hagut d\u2019engolir gripaus hist\u00f2rics de gran envergadura. En els joves situats en el present, la cosa funciona d\u2019una altra manera, la rapidesa dels canvis i l\u2019afany de viure\u2019ls intensament els fa cremar etapes a la velocitat del vertigen, i ara, escaldats, miren sense b\u00e0lsams als ulls.<\/p>\n\n\n\n<p>La novel\u00b7la, com diu&nbsp;<em>monsieur<\/em>&nbsp;Milan Kundera, \u00e9s un g\u00e8nere camale\u00f2nic, amb un est\u00f3mac a prova de bomba. Un dels seus atractius \u00e9s jugar amb ingredients dispars i contradictoris. I Ferran Torrent agita en la seua novel\u00b7la un c\u00f2ctel explosiu; no \u00e9s la primera vegada, per\u00f2 el material \u00e9s m\u00e9s sensible (la trag\u00e8dia de la guerra i la postguerra) i l\u2019objectiu \u00e9s m\u00e9s ambici\u00f3s: hi combina conflictes socials i pol\u00edtics, drames familiars, la lluita clandestina amb policies que fan la feina bruta del r\u00e8gim, amb assassinats i un robatori. A m\u00e9s, emparella per moments un comunista i un lladre de guant blanc, un comissari i un exmestre republic\u00e0. D\u2019altra banda, integra la descripci\u00f3 de la vida local amb les lleis de la novel\u00b7la negra, sense descurar la pinzellada grotesca i d\u2019humor corrosiu quan li conv\u00e9.<\/p>\n\n\n\n<p><em>Bulevard dels Francesos<\/em>&nbsp;gira al voltant de dos eixos temporals. El fil del primer \u00e9s el conflicte miner d\u2019Ast\u00faries de l\u2019any 1962 que engresc\u00e0 els estudiants i els obrers de Val\u00e8ncia a manifestar p\u00fablicament la seua solidaritat i rebutjar les injust\u00edcies del r\u00e8gim. L\u2019autor, per mitj\u00e0 de les fam\u00edlies dels joves activistes que dirigeixen la trama (Josep, fill d\u2019un maqui desaparegut, Felo, fill d\u2019un represaliat, i Teresa, filla de casa bona), pinta un fris poli\u00e8dric de les circumst\u00e0ncies, les situacions i les actituds de la Val\u00e8ncia de l\u2019eterna nit de la postguerra. Es mou amb certa comoditat a l\u2019hora de pintar el ritual social, molt petrificat. L\u2019autor no pot fugir-ne, per\u00f2 en la majoria dels casos es salva per la humanitat dels personatges. En les escenes de la vida burgesa, que no en s\u00f3n moltes, no en fa un gra massa, perqu\u00e8 la descripci\u00f3 precisa de les coses ja esdev\u00e9 per si mateixa una mica grotesca. Els joves activistes, en la seua innoc\u00e8ncia i inquietud, davant de la prud\u00e8ncia habitual, defensen l\u2019\u00e8pica d\u2019accions dr\u00e0stiques per despertar el poble endormiscat, sense preveure\u2019n les conseq\u00fc\u00e8ncies. Tots ells, com tamb\u00e9 Rafael Puig, que fa de pare i protector dels germans Puig, i el comissari Pi\u00f1ol, viuen torturats per conflictes interns i morals: com poden interpretar el m\u00f3n que els envolta, qu\u00e8 cal fer i com cal actuar. I, malgrat tenir tensions amb la fam\u00edlia, aquesta \u00e9s refugi i pilar del que s\u00f3n.<\/p>\n\n\n\n<p>El segon eix temporal ens situa en l\u2019actualitat. Els personatges viuen el final del viatge iniciat anys abans. Segons el narrador, Robert Baixauli, la seua generaci\u00f3 s\u2019estimb\u00e0 perqu\u00e8 va ser v\u00edctima d\u2019una \u00e8poca d\u2019il\u00b7lusions desaforades. Molts isqueren escaldats per voler viure els deliris de totes les revolucions (socials, sexuals, drogues). Siga com vulga, l\u2019arribada ha sigut un present en qu\u00e8 no es pot canviar res i la corrupci\u00f3 marca el ritme de la vida p\u00fablica. El narrador viu al marge de quasi tot; abans odiava l\u2019univers; ara, l\u2019accepta i va fent. La seua vida es va il\u00b7luminar quan va con\u00e9ixer el Colorado, un retallaor obsedit a burlar-se de tot. Durant anys es dedicaren a fotre les autoritats.<\/p>\n\n\n\n<p>Com sempre, el ritme que imposa Ferran Torrent a l\u2019acci\u00f3 \u00e9s r\u00e0pid i, com que&nbsp;<em>Bulevard dels Francesos<\/em>&nbsp;cont\u00e9 una gran diversitat d\u2019elements, llegir la novel\u00b7la \u00e9s instal\u00b7lar-se en unes enormes muntanyes russes d\u2019emocions, registres i veus. Potser alg\u00fa considere que la trama polic\u00edaca \u00e9s el millor ingredient del llibre. No m\u2019atreviria a afirmar-ho, perqu\u00e8 sense la resta seria ben poca cosa. Els personatges de Puig i Pi\u00f1ol, Robert i el Colorado s\u00f3n una mina i l\u2019obra cont\u00e9 moments de gran intensitat i tendresa, com ara els passatges en qu\u00e8 els personatges deixen de parlar i ofereixen les mans perqu\u00e8 diguen tot el que els personatges no poden dir. D\u00e9u n\u2019hi do.<\/p>\n\n\n\n<p>EL PA\u00cdS, QUADERN, 18\/02\/2010<\/p>\n\n\n\n<p>Descarrega&#8217;t l&#8217;original:&nbsp;<img decoding=\"async\" src=\"http:\/\/calafat.cat\/modules\/file\/icons\/application-pdf.png\" alt=\"PDF icon\"><a href=\"http:\/\/calafat.cat\/sites\/default\/files\/quan-el-somni-era-la-vida.pdf\">quan-el-somni-era-la-vida.pdf<\/a><\/p>\n\n\n\n<p><a rel=\"noreferrer noopener\" href=\"http:\/\/calafat.cat\/#facebook\" target=\"_blank\">Facebook<\/a>&nbsp;<a rel=\"noreferrer noopener\" href=\"http:\/\/calafat.cat\/#twitter\" target=\"_blank\">Twitter<\/a>&nbsp;<a href=\"https:\/\/www.addtoany.com\/share#url=http%3A%2F%2Fcalafat.cat%2Farticles%2Fquan-el-somni-era-la-vida&amp;title=Quan%20el%20somni%20era%20la%20vida\">&nbsp;Comparteix a<\/a><\/p>\n\n\n\n<p>Articles recents:&nbsp;<\/p>\n\n\n\n<p><a href=\"http:\/\/calafat.cat\/index.php\/viatge-iniciatic-i-catartic-al-mon-sorprenent-del-primer-estelles-2\/\" data-type=\"page\" data-id=\"2032\">Viatge inici\u00e0tic i cat\u00e0rtic al m\u00f3n sorprenent del primer Estell\u00e9s<\/a><\/p>\n\n\n\n<p><a href=\"http:\/\/calafat.cat\/index.php\/tot-parla-de-tu\/\" data-type=\"page\" data-id=\"1100\">Tot parla de tu<\/a><\/p>\n\n\n\n<p><a href=\"http:\/\/calafat.cat\/index.php\/quatre-decades-de-narrativa-valenciana-moderna\/\" data-type=\"page\" data-id=\"1048\">Quatre d\u00e8cades de narrativa valenciana moderna<\/a><\/p>\n<\/div>\n\n\n\n<div class=\"wp-block-column is-layout-flow wp-block-column-is-layout-flow\" style=\"flex-basis:50%\">\n<figure class=\"wp-block-image\"><img loading=\"lazy\" decoding=\"async\" width=\"379\" height=\"379\" src=\"http:\/\/calafat.cat\/wp-content\/uploads\/2022\/05\/1-50.jpeg\" alt=\"\" class=\"wp-image-3380\" srcset=\"https:\/\/calafat.cat\/wp-content\/uploads\/2022\/05\/1-50.jpeg 379w, https:\/\/calafat.cat\/wp-content\/uploads\/2022\/05\/1-50-300x300.jpeg 300w, https:\/\/calafat.cat\/wp-content\/uploads\/2022\/05\/1-50-150x150.jpeg 150w\" sizes=\"auto, (max-width: 379px) 100vw, 379px\" \/><figcaption>Portada del llibre<br><br>Bulevard dels francesos. Ferran Torrent. Columna Edicions, Barcelona, 2010. 404 p\u00e0gs.<br><br>Etiquetes:\u00a0<a href=\"http:\/\/calafat.cat\/index.php\/2010-3\/\" data-type=\"page\" data-id=\"2169\">2010<\/a> <a href=\"http:\/\/calafat.cat\/index.php\/publicat-a\/el-pais\/\" data-type=\"page\" data-id=\"108\">El Pa\u00eds<\/a> <a href=\"http:\/\/calafat.cat\/index.php\/per-generes\/narrativa\/\" data-type=\"page\" data-id=\"94\">Narrativa<\/a> <a href=\"http:\/\/calafat.cat\/index.php\/ferran-torrent\/\" data-type=\"page\" data-id=\"3892\">Ferran Torrent<\/a><\/figcaption><\/figure>\n<\/div>\n<\/div>\n","protected":false},"excerpt":{"rendered":"<p>En els darrers temps la hist\u00f2ria s\u2019ha accelerat tant que ha trastocat profundament la vida dels homes, ja que abans \u2014si m\u00e9s no, ho pensem\u2014 entre mort i vida podia passar un per\u00edode d\u2019hist\u00f2ria; ara, vivim transportats per dos o m\u00e9s. Aquest \u00e9s el repte de Ferran Torrent en Bulevard dels Francesos. Aix\u00f2 es veu &#8230; <a title=\"Quan el somni era la vida\" class=\"read-more\" href=\"https:\/\/calafat.cat\/index.php\/quan-el-somni-era-la-vida-2\/\" aria-label=\"M\u00e1s en Quan el somni era la vida\">Leer m\u00e1s<\/a><\/p>\n","protected":false},"author":1,"featured_media":0,"parent":0,"menu_order":0,"comment_status":"closed","ping_status":"closed","template":"","meta":{"footnotes":""},"class_list":["post-1890","page","type-page","status-publish"],"_links":{"self":[{"href":"https:\/\/calafat.cat\/index.php\/wp-json\/wp\/v2\/pages\/1890","targetHints":{"allow":["GET"]}}],"collection":[{"href":"https:\/\/calafat.cat\/index.php\/wp-json\/wp\/v2\/pages"}],"about":[{"href":"https:\/\/calafat.cat\/index.php\/wp-json\/wp\/v2\/types\/page"}],"author":[{"embeddable":true,"href":"https:\/\/calafat.cat\/index.php\/wp-json\/wp\/v2\/users\/1"}],"replies":[{"embeddable":true,"href":"https:\/\/calafat.cat\/index.php\/wp-json\/wp\/v2\/comments?post=1890"}],"version-history":[{"count":4,"href":"https:\/\/calafat.cat\/index.php\/wp-json\/wp\/v2\/pages\/1890\/revisions"}],"predecessor-version":[{"id":3906,"href":"https:\/\/calafat.cat\/index.php\/wp-json\/wp\/v2\/pages\/1890\/revisions\/3906"}],"wp:attachment":[{"href":"https:\/\/calafat.cat\/index.php\/wp-json\/wp\/v2\/media?parent=1890"}],"curies":[{"name":"wp","href":"https:\/\/api.w.org\/{rel}","templated":true}]}}