{"id":1894,"date":"2022-04-28T09:51:06","date_gmt":"2022-04-28T09:51:06","guid":{"rendered":"http:\/\/calafat.cat\/?page_id=1894"},"modified":"2022-05-16T09:02:04","modified_gmt":"2022-05-16T09:02:04","slug":"quan-les-histories-esculpeixen-les-persones-2","status":"publish","type":"page","link":"https:\/\/calafat.cat\/index.php\/quan-les-histories-esculpeixen-les-persones-2\/","title":{"rendered":"Quan les hist\u00f2ries esculpeixen les persones"},"content":{"rendered":"\n<div class=\"wp-block-columns alignwide is-layout-flex wp-container-core-columns-is-layout-9d6595d7 wp-block-columns-is-layout-flex\">\n<div class=\"wp-block-column is-layout-flow wp-block-column-is-layout-flow\" style=\"flex-basis:50%\">\n<p>Raquel Ricart, coneguda sobretot per la seua literatura orientada als joves, aconsegueix amb el darrer llibre, mereixedor del Premi Octubre de narrativa, donar una empenta significativa a la seua traject\u00f2ria liter\u00e0ria.<\/p>\n\n\n\n<p>Com podem dir-ho?&nbsp;<em>Les ratlles de la vida<\/em>&nbsp;\u00e9s d\u2019aquelles novel\u00b7les que comencen amb un colp d\u2019alta tensi\u00f3 i, una vegada situat en el cor del drama, arrosseguen el lector per unes muntanyes russes d\u2019emocions, de canvis de temps i de punts de mira. L\u2019autora parla d\u2019un segle, dels trasbalsos que travessen el segle XX fins al present, per\u00f2 no pret\u00e9n de bastir un fris hist\u00f2ric i evita caure en un costumisme embaf\u00f3s. De fet, \u00e9s la hist\u00f2ria d\u2019una fam\u00edlia a trav\u00e9s de quatre dones de quatre generacions. L\u2019estrat\u00e8gia que fa servir Raquel Ricart no \u00e9s la creaci\u00f3 d\u2019uns personatges per a explicar una \u00e8poca, sin\u00f3 m\u00e9s aviat el contrari: les circumst\u00e0ncies i la mentalitat s\u00f3n la via per a explorar la profunda humanitat d\u2019uns personatges corrents. Des d\u2019aquesta \u00f2ptica, les hist\u00f2ries que conten, senten i viuen els personatges s\u00f3n una de les claus de pas als sentits motors del llibre. Al cap i la fi, com diu Ermerinda a la protagonista m\u00e9s jove, les arrugues de la cara representen les hist\u00f2ries que esculpeixen els perfils singulars de cada personatge. Com que no s\u00f3n nom\u00e9s narracions, hem d\u2019afegir-hi els buits i els misteris, perqu\u00e8 en cada viv\u00e8ncia contada, suposada i descoberta els personatges es veuen obligats a refer-se davant d\u2019un mateix i dels altres. Aix\u00ed, reescriuen la seua vida.<\/p>\n\n\n\n<p>El terme hist\u00f2ria saltirona sovint per les p\u00e0gines del llibre i adquireix significats m\u00faltiples. Unes vegades, a m\u00e9s de coneixement, esdev\u00e9 gaudi i voracitat per descobrir m\u00e9s coses. I, si en situen en l\u2019\u00e0mbit real, veiem que la Rep\u00fablica i la Guerra representen l\u2019esclat de versions m\u00faltiples. En canvi, el r\u00e8gim autoritari del franquisme representa la dieta estricta de la paraula, la pobresa absoluta de la creaci\u00f3 personal. Tot plegat, l\u2019estructura coral de&nbsp;<em>Les ratlles de la vida<\/em>&nbsp;projecta la fabulaci\u00f3 com una madeixa espl\u00e8ndida de matisos gr\u00e0cies al fil amb qu\u00e8 els personatges teixeixen les seues vides tot aportant un angle particular a les experi\u00e8ncies compartides.<\/p>\n\n\n\n<p>En una saga familiar tradicional com aquesta, la religi\u00f3 i els costums tenen un domini aclaparador, i poden fer estralls en la vida d\u2019un poble. La pot\u00e8ncia dels personatges rau, en darrer terme, en la manera com gestionen aqueixa for\u00e7a invisible i la reorganitzen segons les circumst\u00e0ncies. En aquest sentit, sembla encertat el tractament de la religi\u00f3 com una mitologia que protegeix i aporta sentit al m\u00f3n, especialment en les \u00e0vies, per\u00f2 amb el temps es desfigura. Un altre aspecte que cal valorar per la sensibilitat \u00e9s l\u2019evoluci\u00f3 de l\u2019educaci\u00f3 i de la viv\u00e8ncia de la sexualitat que amb els anys canviar\u00e0 radicalment.<\/p>\n\n\n\n<p>El punt fort de Les ratlles de la vida, ja ho hem apuntat, \u00e9s l\u2019estructura, que, sobre una base circular per a il\u00b7luminar el llibre, desplega una teranyina narrativa, repleta d\u2019avan\u00e7ades i reculades, ben pautada. Encara que el final siga un p\u00e8l precipitat, corona amb efic\u00e0cia novel\u00b7la. Potser el que recordar\u00e0 el lector seran els personatges, els femenins b\u00e0sicament, pels replecs que contenen i perqu\u00e8, tot i solcats per la trag\u00e8dia i l\u2019infortuni, respiren un afany contagi\u00f3s de viure, uns personatges modulats per una llengua viva\u00e7 i de resson\u00e0ncies l\u00edriques.<\/p>\n\n\n\n<p>QUADERN, EL PA\u00cdS, 27\/01\/2011<\/p>\n\n\n\n<p>Descarrega&#8217;t l&#8217;original:\u00a0<img decoding=\"async\" src=\"http:\/\/calafat.cat\/modules\/file\/icons\/application-pdf.png\" alt=\"PDF icon\"><a href=\"http:\/\/calafat.cat\/sites\/default\/files\/quan-les-histories-esculpeixen-les-persones.pdf\">quan-les-histories-esculpeixen-les-persones.pdf<\/a><\/p>\n\n\n\n<p><a rel=\"noreferrer noopener\" href=\"http:\/\/calafat.cat\/#facebook\" target=\"_blank\">Facebook<\/a>\u00a0<a rel=\"noreferrer noopener\" href=\"http:\/\/calafat.cat\/#twitter\" target=\"_blank\">Twitter<\/a>\u00a0<a href=\"https:\/\/www.addtoany.com\/share#url=http%3A%2F%2Fcalafat.cat%2Farticles%2Fquan-les-histories-esculpeixen-les-persones&amp;title=Quan%20les%20hist%C3%B2ries%20esculpeixen%20les%20persones\">\u00a0Comparteix a<\/a><\/p>\n\n\n\n<p>Articles recents:\u00a0<\/p>\n\n\n\n<p><a href=\"http:\/\/calafat.cat\/index.php\/saltant-duna-travessa-a-laltra\/\" data-type=\"page\" data-id=\"1034\">Saltant d\u2019una travessa a l\u2019altra<\/a><\/p>\n\n\n\n<p><a href=\"http:\/\/calafat.cat\/index.php\/lunivers-dens-de-lalfabet-2\/\" data-type=\"page\" data-id=\"2010\">L\u2019univers dens de l\u2019alfabet<\/a><\/p>\n\n\n\n<p><a href=\"http:\/\/calafat.cat\/index.php\/la-valencia-viscuda-2\/\" data-type=\"page\" data-id=\"1189\">La Val\u00e8ncia viscuda<\/a><\/p>\n<\/div>\n\n\n\n<div class=\"wp-block-column is-layout-flow wp-block-column-is-layout-flow\" style=\"flex-basis:50%\">\n<figure class=\"wp-block-image size-full\"><img loading=\"lazy\" decoding=\"async\" width=\"379\" height=\"379\" src=\"http:\/\/calafat.cat\/wp-content\/uploads\/2022\/05\/1-64.jpeg\" alt=\"\" class=\"wp-image-3434\" srcset=\"https:\/\/calafat.cat\/wp-content\/uploads\/2022\/05\/1-64.jpeg 379w, https:\/\/calafat.cat\/wp-content\/uploads\/2022\/05\/1-64-300x300.jpeg 300w, https:\/\/calafat.cat\/wp-content\/uploads\/2022\/05\/1-64-150x150.jpeg 150w\" sizes=\"auto, (max-width: 379px) 100vw, 379px\" \/><figcaption>Portada del llibre<br><br>Les ratlles de la vida. Raquel Ricart. Editorial Tres i Quatre. Val\u00e8ncia, 2010. 274 p\u00e0gs<br><br>Etiquetes:\u00a0<a href=\"http:\/\/calafat.cat\/index.php\/2011-2\/\" data-type=\"page\" data-id=\"2171\">2011<\/a> <a href=\"http:\/\/calafat.cat\/index.php\/publicat-a\/el-pais\/\" data-type=\"page\" data-id=\"108\">El Pa\u00eds<\/a> <a href=\"http:\/\/calafat.cat\/index.php\/per-generes\/narrativa\/\" data-type=\"page\" data-id=\"94\">Narrativa<\/a><\/figcaption><\/figure>\n<\/div>\n<\/div>\n","protected":false},"excerpt":{"rendered":"<p>Raquel Ricart, coneguda sobretot per la seua literatura orientada als joves, aconsegueix amb el darrer llibre, mereixedor del Premi Octubre de narrativa, donar una empenta significativa a la seua traject\u00f2ria liter\u00e0ria. Com podem dir-ho?&nbsp;Les ratlles de la vida&nbsp;\u00e9s d\u2019aquelles novel\u00b7les que comencen amb un colp d\u2019alta tensi\u00f3 i, una vegada situat en el cor del &#8230; <a title=\"Quan les hist\u00f2ries esculpeixen les persones\" class=\"read-more\" href=\"https:\/\/calafat.cat\/index.php\/quan-les-histories-esculpeixen-les-persones-2\/\" aria-label=\"M\u00e1s en Quan les hist\u00f2ries esculpeixen les persones\">Leer m\u00e1s<\/a><\/p>\n","protected":false},"author":1,"featured_media":0,"parent":0,"menu_order":0,"comment_status":"closed","ping_status":"closed","template":"","meta":{"footnotes":""},"class_list":["post-1894","page","type-page","status-publish"],"_links":{"self":[{"href":"https:\/\/calafat.cat\/index.php\/wp-json\/wp\/v2\/pages\/1894","targetHints":{"allow":["GET"]}}],"collection":[{"href":"https:\/\/calafat.cat\/index.php\/wp-json\/wp\/v2\/pages"}],"about":[{"href":"https:\/\/calafat.cat\/index.php\/wp-json\/wp\/v2\/types\/page"}],"author":[{"embeddable":true,"href":"https:\/\/calafat.cat\/index.php\/wp-json\/wp\/v2\/users\/1"}],"replies":[{"embeddable":true,"href":"https:\/\/calafat.cat\/index.php\/wp-json\/wp\/v2\/comments?post=1894"}],"version-history":[{"count":2,"href":"https:\/\/calafat.cat\/index.php\/wp-json\/wp\/v2\/pages\/1894\/revisions"}],"predecessor-version":[{"id":3436,"href":"https:\/\/calafat.cat\/index.php\/wp-json\/wp\/v2\/pages\/1894\/revisions\/3436"}],"wp:attachment":[{"href":"https:\/\/calafat.cat\/index.php\/wp-json\/wp\/v2\/media?parent=1894"}],"curies":[{"name":"wp","href":"https:\/\/api.w.org\/{rel}","templated":true}]}}