{"id":1906,"date":"2022-04-28T09:54:12","date_gmt":"2022-04-28T09:54:12","guid":{"rendered":"http:\/\/calafat.cat\/?page_id=1906"},"modified":"2022-05-19T16:22:28","modified_gmt":"2022-05-19T16:22:28","slug":"un-brunzir-interior","status":"publish","type":"page","link":"https:\/\/calafat.cat\/index.php\/un-brunzir-interior\/","title":{"rendered":"Un brunzir interior"},"content":{"rendered":"\n<div class=\"wp-block-columns alignwide is-layout-flex wp-container-core-columns-is-layout-9d6595d7 wp-block-columns-is-layout-flex\">\n<div class=\"wp-block-column is-layout-flow wp-block-column-is-layout-flow\" style=\"flex-basis:50%\">\n<p>A <em>El ca\u00e7a zero<\/em>, el brunzir d&#8217;un kamikaze de 1945 persisteix en Laura Calson, \u00f2rfena d&#8217;un oficial mort al Pac\u00edfic. Obsedida per un pare que no ha conegut, dur\u00e0 a terme una dif\u00edcil recerca m\u00e9s dura que les relacions que mant\u00e9 amb la mare i els avis, entestats a amagar el passat.<\/p>\n\n\n\n<p>La protagonista \u00e9s una jove sense mem\u00f2ria. Cap familiar li conta res sobre el pare. A Par\u00eds, en el sinistre apartament governat per una \u00e0via autorit\u00e0ria, ella sura en l&#8217;espessor gris dels silencis de la seua mare sobre el seu pare. Ella \u00aben la nit de la infantesa\u00bb no \u00e9s estimada ni odia; \u00e9s un personatge gaireb\u00e9 invisible. Feble, cau malalta. Una otitis li provoca un persistent brunzir a les orelles, que l&#8217;a\u00efllaran encara m\u00e9s de l&#8217;exterior. Un dia, mentre investigava sobre la guerra del Pac\u00edfic, descobreix les mem\u00f2ries d&#8217;un kamikaze que es va estimbar sobre els vaixells americans; de colp i volta, el brunzir s&#8217;eixampla, rugint com el motor d&#8217;un avi\u00f3. \u00c9s ell, el pilot japon\u00e8s que mat\u00e0 son pare. Ella ho sap. A partir d&#8217;ac\u00ed, el ca\u00e7a japon\u00e8s l&#8217;embolcalla, l&#8217;envaeix, l&#8217;esglaia, la condueix cap a una follia que ning\u00fa no veu, que la impossibilita d&#8217;estudiar i fins i tot d&#8217;estimar. Ell la domina. Ell \u00e9s a dins d&#8217;ella. Com el pilot, ella anir\u00e0 fins al final, sense baixar la mirada, sense deixar-se dominar per la por. Pel pilot, Laura abandonar\u00e0 el seu amant.<\/p>\n\n\n\n<p>A <em>El ca\u00e7a zero<\/em>, que va guanyar el premi Goncourt, destaca per la for\u00e7a de la seua sensibilitat i per l&#8217;estil sobri i d&#8217;una tonalitat atordidora que transmet amb una gran plasticitat les sensacions d&#8217;un personatge turmentat. La lectura d&#8217;aquest llibre fa entendre la conflu\u00e8ncia entre el malestar i la fascinaci\u00f3, el silenci de mort que domina Laura i el crit que la travessa quan el ca\u00e7a es perd en l&#8217;infinit.<\/p>\n\n\n\n<p>EL TEMPS, n\u00fam.692, 22\/09\/1997 <\/p>\n\n\n\n<p>Descarrega&#8217;t l&#8217;original:&nbsp;<img decoding=\"async\" src=\"http:\/\/calafat.cat\/modules\/file\/icons\/application-pdf.png\" alt=\"PDF icon\"><a href=\"http:\/\/calafat.cat\/sites\/default\/files\/un-brunzir-interior.pdf\">un-brunzir-interior.pdf<\/a><\/p>\n\n\n\n<p><a rel=\"noreferrer noopener\" href=\"http:\/\/calafat.cat\/#facebook\" target=\"_blank\">Facebook<\/a>&nbsp;<a rel=\"noreferrer noopener\" href=\"http:\/\/calafat.cat\/#twitter\" target=\"_blank\">Twitter<\/a>&nbsp;<a href=\"https:\/\/www.addtoany.com\/share#url=http%3A%2F%2Fcalafat.cat%2Farticles%2Fun-brunzir-interior&amp;title=Un%20brunzir%20interior%20\">&nbsp;Comparteix a<\/a><\/p>\n\n\n\n<p>Articles recents:&nbsp;<\/p>\n\n\n\n<p><a href=\"http:\/\/calafat.cat\/index.php\/el-teatre-de-manuel-la-tralla-que-allibera-4\/\" data-type=\"page\" data-id=\"1582\">El teatre de Manuel: la tralla que allibera<\/a><\/p>\n\n\n\n<p><a href=\"http:\/\/calafat.cat\/index.php\/saltant-duna-travessa-a-laltra\/\" data-type=\"page\" data-id=\"1034\">Saltant d\u2019una travessa a l\u2019altra<\/a><\/p>\n\n\n\n<p><a href=\"http:\/\/calafat.cat\/index.php\/cezanne-poesia-i-pensament-fets-pintura\/\" data-type=\"page\" data-id=\"1125\">C\u00e9zanne: poesia i pensament fets pintura<\/a><\/p>\n<\/div>\n\n\n\n<div class=\"wp-block-column is-layout-flow wp-block-column-is-layout-flow\" style=\"flex-basis:50%\">\n<figure class=\"wp-block-image size-full\"><img loading=\"lazy\" decoding=\"async\" width=\"379\" height=\"379\" src=\"http:\/\/calafat.cat\/wp-content\/uploads\/2022\/05\/un-brunzir-interior-1.jpeg\" alt=\"\" class=\"wp-image-4312\" srcset=\"https:\/\/calafat.cat\/wp-content\/uploads\/2022\/05\/un-brunzir-interior-1.jpeg 379w, https:\/\/calafat.cat\/wp-content\/uploads\/2022\/05\/un-brunzir-interior-1-300x300.jpeg 300w, https:\/\/calafat.cat\/wp-content\/uploads\/2022\/05\/un-brunzir-interior-1-150x150.jpeg 150w\" sizes=\"auto, (max-width: 379px) 100vw, 379px\" \/><figcaption>Portada del llibre<br><br>El ca\u00e7a zero. Pascale Roze. Trad. de Pau Joan Hern\u00e0ndez. Columna Edicions, Barcelona, 1997. 108 p\u00e0gs.<br><br>Etiquetes:\u00a0<a href=\"http:\/\/calafat.cat\/index.php\/1997-2\/\" data-type=\"page\" data-id=\"3980\">1997<\/a> <a href=\"http:\/\/calafat.cat\/index.php\/publicat-a\/el-temps\/\" data-type=\"page\" data-id=\"110\">El Temps<\/a> <a href=\"http:\/\/calafat.cat\/index.php\/per-generes\/narrativa\/\" data-type=\"page\" data-id=\"94\">Narrativa<\/a><\/figcaption><\/figure>\n<\/div>\n<\/div>\n","protected":false},"excerpt":{"rendered":"<p>A El ca\u00e7a zero, el brunzir d&#8217;un kamikaze de 1945 persisteix en Laura Calson, \u00f2rfena d&#8217;un oficial mort al Pac\u00edfic. Obsedida per un pare que no ha conegut, dur\u00e0 a terme una dif\u00edcil recerca m\u00e9s dura que les relacions que mant\u00e9 amb la mare i els avis, entestats a amagar el passat. La protagonista \u00e9s &#8230; <a title=\"Un brunzir interior\" class=\"read-more\" href=\"https:\/\/calafat.cat\/index.php\/un-brunzir-interior\/\" aria-label=\"M\u00e1s en Un brunzir interior\">Leer m\u00e1s<\/a><\/p>\n","protected":false},"author":1,"featured_media":0,"parent":0,"menu_order":0,"comment_status":"closed","ping_status":"closed","template":"","meta":{"footnotes":""},"class_list":["post-1906","page","type-page","status-publish"],"_links":{"self":[{"href":"https:\/\/calafat.cat\/index.php\/wp-json\/wp\/v2\/pages\/1906","targetHints":{"allow":["GET"]}}],"collection":[{"href":"https:\/\/calafat.cat\/index.php\/wp-json\/wp\/v2\/pages"}],"about":[{"href":"https:\/\/calafat.cat\/index.php\/wp-json\/wp\/v2\/types\/page"}],"author":[{"embeddable":true,"href":"https:\/\/calafat.cat\/index.php\/wp-json\/wp\/v2\/users\/1"}],"replies":[{"embeddable":true,"href":"https:\/\/calafat.cat\/index.php\/wp-json\/wp\/v2\/comments?post=1906"}],"version-history":[{"count":2,"href":"https:\/\/calafat.cat\/index.php\/wp-json\/wp\/v2\/pages\/1906\/revisions"}],"predecessor-version":[{"id":4314,"href":"https:\/\/calafat.cat\/index.php\/wp-json\/wp\/v2\/pages\/1906\/revisions\/4314"}],"wp:attachment":[{"href":"https:\/\/calafat.cat\/index.php\/wp-json\/wp\/v2\/media?parent=1906"}],"curies":[{"name":"wp","href":"https:\/\/api.w.org\/{rel}","templated":true}]}}