{"id":1910,"date":"2022-04-28T09:54:43","date_gmt":"2022-04-28T09:54:43","guid":{"rendered":"http:\/\/calafat.cat\/?page_id=1910"},"modified":"2022-05-12T12:43:07","modified_gmt":"2022-05-12T12:43:07","slug":"un-home-somiat-2","status":"publish","type":"page","link":"https:\/\/calafat.cat\/index.php\/un-home-somiat-2\/","title":{"rendered":"Un home somiat"},"content":{"rendered":"\n<div class=\"wp-block-columns alignwide is-layout-flex wp-container-core-columns-is-layout-9d6595d7 wp-block-columns-is-layout-flex\">\n<div class=\"wp-block-column is-layout-flow wp-block-column-is-layout-flow\" style=\"flex-basis:50%\">\n<p>Les nostres editorials tenen abandonada totalment la traducci\u00f3 de narrativa. Nom\u00e9s l\u2019Editorial Bromera amb una certa continu\u00eftat transvasa al nostre idioma novel\u00b7les actuals, algunes de notable valor com&nbsp;<em>La hist\u00f2ria seg\u00fcent<\/em>, una extraordin\u00e0ria narraci\u00f3 de l\u2019escriptor holand\u00e9s Cees Nooteboom, que relata la singular hist\u00f2ria viscuda per un professor de lleng\u00fces cl\u00e0ssiques, a qui els seus alumnes li han posat el sobrenom pel seu paregut f\u00edsic amb el fil\u00f2sof grec. S\u00f2crates \u00e9s el narrador i protagonista de la sorprenent hist\u00f2ria. Un home que s\u2019havia llitat a Amsterdam es desperta a Lisboa. L\u2019an\u00e0lisi minuciosa dels estats d\u2019\u00e0nim davant una situaci\u00f3 tan estranya com aquesta ens fa pensar en&nbsp;<em>La Metamorfosi<\/em>&nbsp;de Kafka. Per\u00f2 la trama d\u2019aquest llibre \u00e9s molt m\u00e9s complicada, aviat es perd en desenvolupaments circulars. La relativitat del temps ve marcada per les busques d\u2019un rellotge que giren en sentit contrari, per\u00f2 que deixen l\u2019hora quan es reflecteixen en l\u2019espill. El protagonista abans d\u2019abandonar l\u2019ensenyament decideix fer unes classes magistrals on imita i alhora s\u2019enfronta dial\u00e8cticament al fil\u00f2sof. Despr\u00e9s, ens narra el seu embolic sentimental amb una companya de feina, la qual nom\u00e9s pret\u00e9n venjar-se del marit, ja que t\u00e9 relacions amb una alumna. Sembla, per\u00f2, que ni tan sols aquesta hist\u00f2ria \u00e9s descrita com a real, sin\u00f3 entrevista a trav\u00e9s del record, tornada pel record en la multiplicaci\u00f3 d\u2019un joc d\u2019espills. Aquesta primera part de la novel\u00b7la est\u00e0 pintada amb les coloracions del somni. L\u2019home que dorm a Amsterdam mira angoixosament de despertar-se i \u00e9s fitat per l\u2019home que es somniat per ell a Lisboa, on vint anys abans havia viscut una experi\u00e8ncia sentimental de conseq\u00fc\u00e8ncies negatives per a la seua vida professional. Lisboa \u00e9s com la ciutat dels ad\u00e9us, de les transformacions, on es submergeix Europa en l\u2019oce\u00e0, com a ciutat on anar a morir.<\/p>\n\n\n\n<p>El to narratiu canvia en la segona part. Estem davant un viatge fantasmal. El narrador i un grup redu\u00eft de companys ixen de Bel\u00e9m i naveguen en una nit interminable cap a l\u2019altre Bel\u00e9m, a l\u2019altra banda de l\u2019oce\u00e0. Tots els viatgers semblen desemparats, perduts, cavil\u00b7losos. El protagonista s\u2019aparta de la resta per a pensar i deixar-se endur pel seu univers on\u00edric, o tal vegada pels records, o per les dues coses alhora. Somia amb l\u2019home d\u2019Amsterdam, de qui ell era el seu mateix somni. Recorda de nou la seua \u00fanica relaci\u00f3 amorosa, la seua darrera oportunitat de pert\u00e0nyer al m\u00f3n, de continuar sent alg\u00fa amb cara i ulls. Reviu el final del drama, la seua expulsi\u00f3 del centre d\u2019ensenyament. El viatge segueix el seu periple nocturn, i cadascun del viatgers relata una hist\u00f2ria on conta la seua mort. L\u2019\u00faltima hist\u00f2ria, la seg\u00fcent, \u00e9s la del protagonista. Una bona molt bona novel\u00b7la.<\/p>\n\n\n\n<p>QUADERN, EL PA\u00cdS, 17\/03\/2005<\/p>\n\n\n\n<p><a rel=\"noreferrer noopener\" href=\"http:\/\/calafat.cat\/#facebook\" target=\"_blank\">Facebook<\/a>\u00a0<a rel=\"noreferrer noopener\" href=\"http:\/\/calafat.cat\/#twitter\" target=\"_blank\">Twitter<\/a>\u00a0<a href=\"https:\/\/www.addtoany.com\/share#url=http%3A%2F%2Fcalafat.cat%2Farticles%2Fun-home-somiat&amp;title=Un%20home%20somiat\">\u00a0Comparteix a<\/a><\/p>\n\n\n\n<p>Articles recents:\u00a0<\/p>\n\n\n\n<p><a href=\"http:\/\/calafat.cat\/index.php\/quan-la-realitat-dansa-en-la-ficcio-3\/\" data-type=\"page\" data-id=\"1892\">Quan la realitat dansa en la ficci\u00f3<\/a><\/p>\n\n\n\n<p><a href=\"http:\/\/calafat.cat\/index.php\/lunivers-dens-de-lalfabet-2\/\" data-type=\"page\" data-id=\"2010\">L\u2019univers dens de l\u2019alfabet<\/a><\/p>\n\n\n\n<p><a href=\"http:\/\/calafat.cat\/index.php\/la-valencia-viscuda-2\/\" data-type=\"page\" data-id=\"1189\">La Val\u00e8ncia viscuda<\/a><\/p>\n<\/div>\n\n\n\n<div class=\"wp-block-column is-layout-flow wp-block-column-is-layout-flow\" style=\"flex-basis:50%\">\n<figure class=\"wp-block-image size-full\"><img loading=\"lazy\" decoding=\"async\" width=\"379\" height=\"276\" src=\"http:\/\/calafat.cat\/wp-content\/uploads\/2022\/05\/un-home-somiat.jpeg\" alt=\"\" class=\"wp-image-3204\" srcset=\"https:\/\/calafat.cat\/wp-content\/uploads\/2022\/05\/un-home-somiat.jpeg 379w, https:\/\/calafat.cat\/wp-content\/uploads\/2022\/05\/un-home-somiat-300x218.jpeg 300w\" sizes=\"auto, (max-width: 379px) 100vw, 379px\" \/><figcaption>Cees Nooteboom. Fotografia: Simone Sassen.<br>Font: ooteoote.nl<br><br>La hist\u00f2ria seg\u00fcent. Cees Nooteboom. Traducci\u00f3: Mariona Gratac\u00f2s. Edicions Bromera, Alzira, 2004. 113 p\u00e0gs.<br><br>Etiquetes:\u00a0<a href=\"http:\/\/calafat.cat\/index.php\/2005-2\/\" data-type=\"page\" data-id=\"2155\">2005<\/a> <a href=\"http:\/\/calafat.cat\/articles\/elpais\">El Pa\u00eds<\/a> <a href=\"http:\/\/calafat.cat\/articles\/narrativa\">Narrativa<\/a><\/figcaption><\/figure>\n<\/div>\n<\/div>\n","protected":false},"excerpt":{"rendered":"<p>Les nostres editorials tenen abandonada totalment la traducci\u00f3 de narrativa. Nom\u00e9s l\u2019Editorial Bromera amb una certa continu\u00eftat transvasa al nostre idioma novel\u00b7les actuals, algunes de notable valor com&nbsp;La hist\u00f2ria seg\u00fcent, una extraordin\u00e0ria narraci\u00f3 de l\u2019escriptor holand\u00e9s Cees Nooteboom, que relata la singular hist\u00f2ria viscuda per un professor de lleng\u00fces cl\u00e0ssiques, a qui els seus alumnes &#8230; <a title=\"Un home somiat\" class=\"read-more\" href=\"https:\/\/calafat.cat\/index.php\/un-home-somiat-2\/\" aria-label=\"M\u00e1s en Un home somiat\">Leer m\u00e1s<\/a><\/p>\n","protected":false},"author":1,"featured_media":0,"parent":0,"menu_order":0,"comment_status":"closed","ping_status":"closed","template":"","meta":{"footnotes":""},"class_list":["post-1910","page","type-page","status-publish"],"_links":{"self":[{"href":"https:\/\/calafat.cat\/index.php\/wp-json\/wp\/v2\/pages\/1910","targetHints":{"allow":["GET"]}}],"collection":[{"href":"https:\/\/calafat.cat\/index.php\/wp-json\/wp\/v2\/pages"}],"about":[{"href":"https:\/\/calafat.cat\/index.php\/wp-json\/wp\/v2\/types\/page"}],"author":[{"embeddable":true,"href":"https:\/\/calafat.cat\/index.php\/wp-json\/wp\/v2\/users\/1"}],"replies":[{"embeddable":true,"href":"https:\/\/calafat.cat\/index.php\/wp-json\/wp\/v2\/comments?post=1910"}],"version-history":[{"count":2,"href":"https:\/\/calafat.cat\/index.php\/wp-json\/wp\/v2\/pages\/1910\/revisions"}],"predecessor-version":[{"id":3205,"href":"https:\/\/calafat.cat\/index.php\/wp-json\/wp\/v2\/pages\/1910\/revisions\/3205"}],"wp:attachment":[{"href":"https:\/\/calafat.cat\/index.php\/wp-json\/wp\/v2\/media?parent=1910"}],"curies":[{"name":"wp","href":"https:\/\/api.w.org\/{rel}","templated":true}]}}