{"id":1918,"date":"2022-04-28T09:56:23","date_gmt":"2022-04-28T09:56:23","guid":{"rendered":"http:\/\/calafat.cat\/?page_id=1918"},"modified":"2022-05-11T12:14:56","modified_gmt":"2022-05-11T12:14:56","slug":"un-silenci-sec-un-llibre-recomanable-de-puigdevall-2","status":"publish","type":"page","link":"https:\/\/calafat.cat\/index.php\/un-silenci-sec-un-llibre-recomanable-de-puigdevall-2\/","title":{"rendered":"Un silenci sec: un llibre recomanable de Puigdevall"},"content":{"rendered":"\n<div class=\"wp-block-columns alignwide is-layout-flex wp-container-core-columns-is-layout-9d6595d7 wp-block-columns-is-layout-flex\">\n<div class=\"wp-block-column is-layout-flow wp-block-column-is-layout-flow\" style=\"flex-basis:50%\">\n<p>Els premis Octubre han passat l&#8217;\u00faltima prova amb bon peu. La qualitat de les obres ho confirma. Ha guardonat dos autors dels anys setanta: Gaspar Ja\u00e9n i Urban, guanyador del Vicent Andr\u00e9s Estell\u00e9s, amb <em>Fragments<\/em>, que sense dubte \u00e9s el llibre seu m\u00e9s intens i arrodonit, i Agust\u00ed Pons, oficiant dia a dia del periodisme literari, ha merescut el Joan Fuster d&#8217;assaig, per uns suggeridors retrats d&#8217;alguns del protagonistes de la hist\u00f2ria catalana m\u00e9s recent.<\/p>\n\n\n\n<p>En canvi, el premi Andr\u00f2mina ha sigut una sorpresa, ja que se l&#8217;ha endut un autor in\u00e8dit, el giron\u00ed Pon\u00e7 Puigdevall, per <em>Un silenci sec<\/em>. En aquest cas el lector no s&#8217;ha de fiar del t\u00edtol, no massa afortunat, at\u00e9s que no acaba de ser atractiu ni tradueix l&#8217;atractiu ni l&#8217;atmosfera que ofereixen els contes, els quals ens mostren un escriptor amb poders narratius ben<br>assolits, cosa no massa corrent en un primer llibre.<\/p>\n\n\n\n<p>Els cinc relats del llibre compartixen un aire malalt\u00eds i connoten resson\u00e0ncies d&#8217;una bona part de la narrativa alemanya, essent l&#8217;obra de Bernhard la m\u00e9s visible. Aquestes prefer\u00e8ncies narratives s\u00f3n ben perceptibles en <em>Finale<\/em>, d&#8217;Ignasi Mora, autor pel qual Pon\u00e7 Puigdevall ha manifestat les seus simpaties.<\/p>\n\n\n\n<p>Els personatges, alguns del quals s\u00f3n malalts o mutilats, ens narren en primera persona la cr\u00f2nica del proc\u00e9s de descomposici\u00f3 que viuen.<\/p>\n\n\n\n<p>La solitud, la incomunicaci\u00f3 i unes relacions familiars basades en l&#8217;odi, producte de la conveni\u00e8ncia, apareixen en <em>Segon quadern d&#8217;agost<\/em> i <em>Convalesc\u00e8ncia<\/em>, situades en un ambient matrimonial, i \u00abEl foc extingit\u00bb, que gira al voltant de la relaci\u00f3 entre una mare i un fill. Aquests s\u00f3n uns contes molt bons, encara que el tercer haguera quedat m\u00e9s red\u00f3 si se li hagueren llevat unes quantes fulles. Els altres dos -\u00abUn silenci sec\u00bb i \u00abLa iniciaci\u00f3\u00bb-, m\u00e9s pobres en resultats i pretensions, mostren una visi\u00f3 m\u00e9s grotesc: l&#8217;un, a trav\u00e9s del soliloqui d&#8217;una dona amb el seu gat, i l&#8217;altre, una situaci\u00f3 de tons apocal\u00edptics i relacions sexuals amb cad\u00e0vers.<\/p>\n\n\n\n<p>Els protagonistes intenten escapar de l&#8217;agressi\u00f3 del m\u00f3n que els circumda per mitj\u00e0 de l&#8217;escriptura i la fantasia, portades a cap d&#8217;una manera clandestina, generalment de nit, quan no es veuen vigilats, assetjats. L&#8217;escriptura els d\u00f3na una nova energia, una \u00abfermesa renovada\u00bb per poder superar la por, l&#8217;avorriment, o esgotar l&#8217;espera. Omplint fulls i fulls d&#8217;una manera quasi convulsiva, no tant per fantasiejar faules alliberadores com per a reafirmar les sues obsessions, el seu odi, i somiar venjances sagnats, com ocorre en \u00abSegon quadern d&#8217;agost\u00bb. En canvi, l&#8217;aspirant a novel\u00b7lista d&#8217;\u00abEl foc extingit\u00bb vertebra la seua vida sobre una mentida darrere l&#8217;altra, obsedit per la impot\u00e8ncia d&#8217;escriure, i ser\u00e0 la \u00abCr\u00f2nica d&#8217;un home rid\u00edcul\u00bb, que es nega a ser-ho. Pon\u00e7 objectivitza detalladament[e] el fil mental, els gestos i moviments dels protagonistes, per tal d&#8217;accentuar la sordidesa moral d&#8217;uns personatges si no al\u00b7lucinants, si estranys, retor\u00e7uts. Tot aix\u00f2, juntament amb un estil vigor\u00f3s i una llengua contundent rica en matisos, fa d&#8217;<em>Un silenci sec<\/em> un llibre recomanable que no deceber\u00e0 les exig\u00e8ncies del lector.<\/p>\n\n\n\n<p>HOJA DEL LUNES, p\u00e0g. 58, 15\/03\/1992<\/p>\n\n\n\n<p>Descarrega&#8217;t l&#8217;original:\u00a0<img decoding=\"async\" src=\"http:\/\/calafat.cat\/modules\/file\/icons\/application-pdf.png\" alt=\"PDF icon\"><a href=\"http:\/\/calafat.cat\/sites\/default\/files\/un-silenci-sec-un-llibre-recomanable-de-puigdevall.pdf\">un-silenci-sec-un-llibre-recomanable-de-puigdevall.pdf<\/a><\/p>\n\n\n\n<p><a rel=\"noreferrer noopener\" href=\"http:\/\/calafat.cat\/#facebook\" target=\"_blank\">Facebook<\/a>\u00a0<a rel=\"noreferrer noopener\" href=\"http:\/\/calafat.cat\/#twitter\" target=\"_blank\">Twitter<\/a>\u00a0<a href=\"https:\/\/www.addtoany.com\/share#url=http%3A%2F%2Fcalafat.cat%2Farticles%2Fun-silenci-sec&amp;title=Un%20silenci%20sec%3A%20un%20llibre%20recomanable%20de%20Puigdevall%20\">\u00a0Comparteix a<\/a><\/p>\n\n\n\n<p>Articles recents:<\/p>\n\n\n\n<p>\u00a0<a href=\"http:\/\/calafat.cat\/articles\/una-passio-amorosa-en-la-valencia-del-quatre-cents\">Una passi\u00f3 amorosa en la Val\u00e8ncia del quatre-cents<\/a><\/p>\n\n\n\n<p><a href=\"http:\/\/calafat.cat\/articles\/tot-parla-de-tu\">Tot parla de tu<\/a><\/p>\n\n\n\n<p><a href=\"http:\/\/calafat.cat\/articles\/el-cami-de-la-poesia-valenciana-dels-setanta-fins-ara\">El cam\u00ed de la poesia valenciana dels setanta fins ara<\/a><\/p>\n<\/div>\n\n\n\n<div class=\"wp-block-column is-layout-flow wp-block-column-is-layout-flow\" style=\"flex-basis:50%\">\n<figure class=\"wp-block-image size-full\"><img loading=\"lazy\" decoding=\"async\" width=\"379\" height=\"379\" src=\"http:\/\/calafat.cat\/wp-content\/uploads\/2022\/05\/un-silenci-sec-1.jpeg\" alt=\"\" class=\"wp-image-2854\" srcset=\"https:\/\/calafat.cat\/wp-content\/uploads\/2022\/05\/un-silenci-sec-1.jpeg 379w, https:\/\/calafat.cat\/wp-content\/uploads\/2022\/05\/un-silenci-sec-1-300x300.jpeg 300w, https:\/\/calafat.cat\/wp-content\/uploads\/2022\/05\/un-silenci-sec-1-150x150.jpeg 150w\" sizes=\"auto, (max-width: 379px) 100vw, 379px\" \/><figcaption>Portada del llibre<br>Un silenci sec. Pon\u00e7 Puigdevall. Editorial Tres i Quatre, Val\u00e8ncia, 1991. 151 p\u00e0gs.<br>Etiquetes:\u00a0<a href=\"http:\/\/calafat.cat\/index.php\/1991-2\/\" data-type=\"page\" data-id=\"1140\">1991<\/a><a href=\"http:\/\/calafat.cat\/index.php\/publicat-a\/altres\/\" data-type=\"page\" data-id=\"112\"> Altres<\/a> <a href=\"http:\/\/calafat.cat\/index.php\/per-generes\/narrativa\/\" data-type=\"page\" data-id=\"94\">Narrativa<\/a><\/figcaption><\/figure>\n<\/div>\n<\/div>\n","protected":false},"excerpt":{"rendered":"<p>Els premis Octubre han passat l&#8217;\u00faltima prova amb bon peu. La qualitat de les obres ho confirma. Ha guardonat dos autors dels anys setanta: Gaspar Ja\u00e9n i Urban, guanyador del Vicent Andr\u00e9s Estell\u00e9s, amb Fragments, que sense dubte \u00e9s el llibre seu m\u00e9s intens i arrodonit, i Agust\u00ed Pons, oficiant dia a dia del periodisme &#8230; <a title=\"Un silenci sec: un llibre recomanable de Puigdevall\" class=\"read-more\" href=\"https:\/\/calafat.cat\/index.php\/un-silenci-sec-un-llibre-recomanable-de-puigdevall-2\/\" aria-label=\"M\u00e1s en Un silenci sec: un llibre recomanable de Puigdevall\">Leer m\u00e1s<\/a><\/p>\n","protected":false},"author":1,"featured_media":0,"parent":0,"menu_order":0,"comment_status":"closed","ping_status":"closed","template":"","meta":{"footnotes":""},"class_list":["post-1918","page","type-page","status-publish"],"_links":{"self":[{"href":"https:\/\/calafat.cat\/index.php\/wp-json\/wp\/v2\/pages\/1918","targetHints":{"allow":["GET"]}}],"collection":[{"href":"https:\/\/calafat.cat\/index.php\/wp-json\/wp\/v2\/pages"}],"about":[{"href":"https:\/\/calafat.cat\/index.php\/wp-json\/wp\/v2\/types\/page"}],"author":[{"embeddable":true,"href":"https:\/\/calafat.cat\/index.php\/wp-json\/wp\/v2\/users\/1"}],"replies":[{"embeddable":true,"href":"https:\/\/calafat.cat\/index.php\/wp-json\/wp\/v2\/comments?post=1918"}],"version-history":[{"count":2,"href":"https:\/\/calafat.cat\/index.php\/wp-json\/wp\/v2\/pages\/1918\/revisions"}],"predecessor-version":[{"id":2856,"href":"https:\/\/calafat.cat\/index.php\/wp-json\/wp\/v2\/pages\/1918\/revisions\/2856"}],"wp:attachment":[{"href":"https:\/\/calafat.cat\/index.php\/wp-json\/wp\/v2\/media?parent=1918"}],"curies":[{"name":"wp","href":"https:\/\/api.w.org\/{rel}","templated":true}]}}