{"id":1970,"date":"2022-04-30T16:49:48","date_gmt":"2022-04-30T16:49:48","guid":{"rendered":"http:\/\/calafat.cat\/?page_id=1970"},"modified":"2022-05-12T16:25:24","modified_gmt":"2022-05-12T16:25:24","slug":"dues-voluntats-poetiques-de-ser-2","status":"publish","type":"page","link":"https:\/\/calafat.cat\/index.php\/dues-voluntats-poetiques-de-ser-2\/","title":{"rendered":"Dues voluntats po\u00e8tiques de ser"},"content":{"rendered":"\n<div class=\"wp-block-columns alignwide is-layout-flex wp-container-core-columns-is-layout-9d6595d7 wp-block-columns-is-layout-flex\">\n<div class=\"wp-block-column is-layout-flow wp-block-column-is-layout-flow\" style=\"flex-basis:50%\">\n<p>Isabel Garcia Canet amb <em>L\u2019os de la m\u00fasica<\/em>, mereixedor del premi Vicent Andr\u00e9s Estell\u00e9s de Burjassot, fa un salt qualitatiu extraordinari respecte del seu primer llibre. Per mitj\u00e0 d\u2019un domini vers\u00e0til del ritme del vers, l\u2019autora elabora una l\u00edrica potent, farcida de resson\u00e0ncies, com ja suggereix el t\u00edtol mateix, que evoca, d\u2019entrada, els colps durs que rep la part sensible del colze, la vida en el seu complex periple. <em>L\u2019os de la m\u00fasica<\/em> pot ser el censor i el fil germinal que travessa la vida, l\u2019aspira, la somia, la transfigura, la sedimenta i la transmet. Fet i fet, \u00e9s el neguit, la sensibilitat i la viv\u00e8ncia: les restes d\u2019all\u00f2 viscut, la mare de nous anhels.<\/p>\n\n\n\n<p><em>L\u2019os de la m\u00fasica<\/em> \u00e9s un viatge real, a Par\u00eds, i simb\u00f2lic, \u201cdarrere els fantasmes de la vida\u201d, perqu\u00e8 \u201cdel buit de fam brolla el viatge\u201d. L\u2019obertura al desconegut, la recerca de llum, implica con\u00e9ixer els \u201cjo\u201d que oferir\u00e0 el temps; esgotar \u201cla brasa que som\u201d pot comportar una \u201cindigesti\u00f3 de beure desmesuradament la vida\u201d: el naufragi i la fugida permanent. Els perills no sempre v\u00e9nen de fora, poden ser al \u201cmirall de dins\u201d. En tot cas, es tracta de regatejar i entendre les mutacions de l\u2019exist\u00e8ncia, pel fet que amb els fracassos \u201cconeixes els l\u00edmits \/ del que et pertany\u201d. La dist\u00e0ncia de Val\u00e8ncia obliga el personatge a habitar amb el record i, amb el retorn, la viu com un convidat, com un exiliat que mira de descobrir les noves realitats alhora que en somia d\u2019altres. Projecta, ara, una mirada dura, blava en sentit picassi\u00e0, del rovell de la ciutat i dels seus habitants, una geografia ben diferent de les pompes oficials. Aquests nuclis tem\u00e0tics, amb poemes que sovint parteixen d\u2019una situaci\u00f3 concreta, solen transcendir-la amb la reflexi\u00f3 i les imatges. Tot plegat, un llibre que, al marge d\u2019alguns excessos, \u00e9s d\u2019una significativa for\u00e7a expressiva.<\/p>\n\n\n\n<p>Begonya Pozo, despr\u00e9s de diversos llibres en castell\u00e0, s\u2019estrena en la nostra llengua amb una proposta plena d\u2019encerts, <em>Poemes a la intemp\u00e8rie<\/em>, guanyadora del Premi Senyoriu Ausi\u00e0s March de Beniarj\u00f3. \u00c9s una proposta complement\u00e0ria a l\u2019anterior. \u00c9s una l\u00edrica basada en l\u2019austeritat expressiva, en la retic\u00e8ncia, per\u00f2 que t\u00e9 les seues armes en la picardia liter\u00e0ria, en la factura dels poemes breus i en el domini d\u2019un final que capgira l\u2019inici. Es decanta pel repunt vital, la via directa, la contund\u00e8ncia i la reflexi\u00f3, i tracta aspectes de gran inter\u00e9s (\u201c\u00e9s el moment de tornar a les coses \/ de posar-los els noms sense mirar \/ els efectes que causen sobre les \u00e0nimes\u201d), unes vegades \u00edntims, d\u2019altres m\u00e9s socials, m\u00e9s vindicatius, sense oblidar els apunts ir\u00f2nic i desconfiat. Amb els encerts que cont\u00e9, el llibre fa curt, perqu\u00e8 segurament hi falta una mica de volada. Amb tot, Begonya Pozo ofereix una proposta fresca, en qu\u00e8 molts versos sonen m\u00e9s plens llegits en veu alta, i demostra que manufactura amb efic\u00e0cia un terreny, el l\u00edric, que coneix molt b\u00e9.<\/p>\n\n\n\n<p>EL PA\u00cdS, QUADERN, 09\/06\/2011 <\/p>\n\n\n\n<p>Descarrega&#8217;t l&#8217;original:\u00a0<img decoding=\"async\" src=\"http:\/\/calafat.cat\/modules\/file\/icons\/application-pdf.png\" alt=\"PDF icon\"><a href=\"http:\/\/calafat.cat\/sites\/default\/files\/dues-voluntats.poetiques-de-ser.pdf\">dues-voluntats.poetiques-de-ser.pdf<\/a><\/p>\n\n\n\n<p><a rel=\"noreferrer noopener\" href=\"http:\/\/calafat.cat\/#facebook\" target=\"_blank\">Facebook<\/a>\u00a0<a rel=\"noreferrer noopener\" href=\"http:\/\/calafat.cat\/#twitter\" target=\"_blank\">Twitter<\/a>\u00a0<a href=\"https:\/\/www.addtoany.com\/share#url=http%3A%2F%2Fcalafat.cat%2Farticles%2Fdues-voluntats-poetiques-de-ser&amp;title=Dues%20voluntats%20po%C3%A8tiques%20de%20ser\">\u00a0Comparteix a<\/a><\/p>\n\n\n\n<p>Articles recents:\u00a0<\/p>\n\n\n\n<p><a href=\"http:\/\/calafat.cat\/index.php\/els-fulgors-del-vertigen\/\" data-type=\"page\" data-id=\"1056\">Els fulgors del vertigen<\/a><\/p>\n\n\n\n<p><a href=\"http:\/\/calafat.cat\/index.php\/el-cami-de-la-poesia-valenciana-dels-setanta-fins-ara\/\" data-type=\"page\" data-id=\"1052\">El cam\u00ed de la poesia valenciana dels setanta fins ara<\/a><\/p>\n\n\n\n<p><a href=\"http:\/\/calafat.cat\/index.php\/un-ambit-dambits-literaris\/\" data-type=\"page\" data-id=\"1040\">Un \u00e0mbit d\u2019\u00e0mbits literaris<\/a><\/p>\n<\/div>\n\n\n\n<div class=\"wp-block-column is-layout-flow wp-block-column-is-layout-flow\" style=\"flex-basis:50%\">\n<figure class=\"wp-block-image size-full\"><img loading=\"lazy\" decoding=\"async\" width=\"379\" height=\"278\" src=\"http:\/\/calafat.cat\/wp-content\/uploads\/2022\/05\/1-60.jpeg\" alt=\"\" class=\"wp-image-3412\" srcset=\"https:\/\/calafat.cat\/wp-content\/uploads\/2022\/05\/1-60.jpeg 379w, https:\/\/calafat.cat\/wp-content\/uploads\/2022\/05\/1-60-300x220.jpeg 300w\" sizes=\"auto, (max-width: 379px) 100vw, 379px\" \/><figcaption>Portades del llibres<br><br>L\u2019os de la m\u00fasica. Isabel Garcia Canet. Edicions Bromera, Alzira, 2011. 95 p\u00e0gs.<br>Poemes a la intemp\u00e8rie. Begonya Pozo. Editorial Tres i Quatre, Val\u00e8ncia, 2011. 60 p\u00e0gs.<br><br>Etiquetes:\u00a0<a href=\"http:\/\/calafat.cat\/index.php\/2011-2\/\" data-type=\"page\" data-id=\"2171\">2011<\/a> <a href=\"http:\/\/calafat.cat\/index.php\/publicat-a\/el-pais\/\" data-type=\"page\" data-id=\"108\">El Pa\u00eds<\/a> <a href=\"http:\/\/calafat.cat\/index.php\/per-generes\/poesia\/\" data-type=\"page\" data-id=\"98\">Poesia<\/a><\/figcaption><\/figure>\n<\/div>\n<\/div>\n","protected":false},"excerpt":{"rendered":"<p>Isabel Garcia Canet amb L\u2019os de la m\u00fasica, mereixedor del premi Vicent Andr\u00e9s Estell\u00e9s de Burjassot, fa un salt qualitatiu extraordinari respecte del seu primer llibre. Per mitj\u00e0 d\u2019un domini vers\u00e0til del ritme del vers, l\u2019autora elabora una l\u00edrica potent, farcida de resson\u00e0ncies, com ja suggereix el t\u00edtol mateix, que evoca, d\u2019entrada, els colps durs &#8230; <a title=\"Dues voluntats po\u00e8tiques de ser\" class=\"read-more\" href=\"https:\/\/calafat.cat\/index.php\/dues-voluntats-poetiques-de-ser-2\/\" aria-label=\"M\u00e1s en Dues voluntats po\u00e8tiques de ser\">Leer m\u00e1s<\/a><\/p>\n","protected":false},"author":1,"featured_media":0,"parent":0,"menu_order":0,"comment_status":"closed","ping_status":"closed","template":"","meta":{"footnotes":""},"class_list":["post-1970","page","type-page","status-publish"],"_links":{"self":[{"href":"https:\/\/calafat.cat\/index.php\/wp-json\/wp\/v2\/pages\/1970","targetHints":{"allow":["GET"]}}],"collection":[{"href":"https:\/\/calafat.cat\/index.php\/wp-json\/wp\/v2\/pages"}],"about":[{"href":"https:\/\/calafat.cat\/index.php\/wp-json\/wp\/v2\/types\/page"}],"author":[{"embeddable":true,"href":"https:\/\/calafat.cat\/index.php\/wp-json\/wp\/v2\/users\/1"}],"replies":[{"embeddable":true,"href":"https:\/\/calafat.cat\/index.php\/wp-json\/wp\/v2\/comments?post=1970"}],"version-history":[{"count":2,"href":"https:\/\/calafat.cat\/index.php\/wp-json\/wp\/v2\/pages\/1970\/revisions"}],"predecessor-version":[{"id":3415,"href":"https:\/\/calafat.cat\/index.php\/wp-json\/wp\/v2\/pages\/1970\/revisions\/3415"}],"wp:attachment":[{"href":"https:\/\/calafat.cat\/index.php\/wp-json\/wp\/v2\/media?parent=1970"}],"curies":[{"name":"wp","href":"https:\/\/api.w.org\/{rel}","templated":true}]}}