{"id":1972,"date":"2022-04-30T16:50:12","date_gmt":"2022-04-30T16:50:12","guid":{"rendered":"http:\/\/calafat.cat\/?page_id=1972"},"modified":"2022-05-12T11:22:38","modified_gmt":"2022-05-12T11:22:38","slug":"el-desig-fa-creixer-de-pressa-2","status":"publish","type":"page","link":"https:\/\/calafat.cat\/index.php\/el-desig-fa-creixer-de-pressa-2\/","title":{"rendered":"El desig fa cr\u00e9ixer de pressa"},"content":{"rendered":"\n<div class=\"wp-block-columns alignwide is-layout-flex wp-container-core-columns-is-layout-9d6595d7 wp-block-columns-is-layout-flex\">\n<div class=\"wp-block-column is-layout-flow wp-block-column-is-layout-flow\" style=\"flex-basis:50%\">\n<p>L\u2019altre premi de Gandia, l\u2019Ausi\u00e0s March, l\u2019ha guanyat Miquel Mart\u00ednez amb Ravals de l\u2019alegria, publicat per Edicions 62, un llibre on cisella una veu despullada, reflexiva, que es centra en el que Jaime Gil de Biedma anomen\u00e0 \u201cel temps i jo\u201d. Una l\u00edrica introspectiva, que parla de les coses sense ortop\u00e8dies de cap mena, amb la voluntat de conquerir la seua veritat, algunes certeses ineludibles.<\/p>\n\n\n\n<p>La principal potser ser\u00e0 que no hi ha creences eternes. L\u2019home \u00e9s, d\u2019entrada, un perdedor, per\u00f2 \u201cun perdedor que viu \/ per experimentar la fragilitat de la ventura\u201d. El frac\u00e0s i el dolor el duen a ser conscient dels topants de la vida. L\u2019autoconsci\u00e8ncia no significa cap frac\u00e0s, sin\u00f3 m\u00e9s aviat un est\u00edmul del desig. Aquest voluntat de con\u00e9ixer i de viure, segons els poeta, ens \u201cfa cr\u00e9ixer de pressa\u201d, perqu\u00e8 encara que res no ens puga pert\u00e0nyer, tot pot ser nostre. Per aquesta obsessi\u00f3 pot arribar a afirmar que l\u2019individu \u00e9s un \u201cdepredador que col\u00b7lecciona enderrocs\u201d. Les restes, cal entendre, continuen conservant vida en la pols, guspires en la cendra, i acaben una vegada m\u00e9s encenen nous desigs, nous somnis. A voltes per preservar l\u2019amor i l\u2019amistat cal el distanciament. D\u2019altres, cal cercar la vida en el pensament, en el record personal i en el record dels altres, sovint d\u2019aquells que ja han faltat. Precisament alguns dels poemes m\u00e9s intensos tracten d\u2019aquest tema, com ara aquells versos dedicat a somiar la pr\u00f2pia mort i o aquells altres en qu\u00e8 confessa el personatge del poema que li agradaria fer d\u2019enterramorts si tornara a n\u00e0ixer. Per b\u00e9 que de tant en tant li falla el ritme, Miquel Mart\u00ednez tra\u00e7a en aquest volum una dicci\u00f3 personal i imatges llampants. Tot plegat, un llibre de poemes que ofereix moments de notable valor literari .<\/p>\n\n\n\n<p>EL PA\u00cdS, QUADERN, 27\/10\/2005<\/p>\n\n\n\n<p><a rel=\"noreferrer noopener\" href=\"http:\/\/calafat.cat\/#facebook\" target=\"_blank\">Facebook<\/a>\u00a0<a rel=\"noreferrer noopener\" href=\"http:\/\/calafat.cat\/#twitter\" target=\"_blank\">Twitter<\/a>\u00a0<a href=\"https:\/\/www.addtoany.com\/share#url=http%3A%2F%2Fcalafat.cat%2Farticles%2Fel-desig-fa-creixer-de-pressa&amp;title=El%20desig%20fa%20cr%C3%A9ixer%20de%20pressa\">\u00a0Comparteix a<\/a><\/p>\n\n\n\n<p>Articles recents:\u00a0<\/p>\n\n\n\n<p><a href=\"http:\/\/calafat.cat\/index.php\/el-cami-de-la-poesia-valenciana-dels-setanta-fins-ara\/\" data-type=\"page\" data-id=\"1052\">El cam\u00ed de la poesia valenciana dels setanta fins ara<\/a><\/p>\n\n\n\n<p><a href=\"http:\/\/calafat.cat\/index.php\/pulsions-en-un-moviment-permament\/\" data-type=\"page\" data-id=\"1061\">Pulsions en un moviment permament<\/a><\/p>\n\n\n\n<p><a href=\"http:\/\/calafat.cat\/index.php\/renaixer-de-les-cendres\/\" data-type=\"page\" data-id=\"1067\">Ren\u00e0ixer de les cendres<\/a><\/p>\n<\/div>\n\n\n\n<div class=\"wp-block-column is-layout-flow wp-block-column-is-layout-flow\" style=\"flex-basis:50%\">\n<figure class=\"wp-block-image size-full\"><img loading=\"lazy\" decoding=\"async\" width=\"379\" height=\"379\" src=\"http:\/\/calafat.cat\/wp-content\/uploads\/2022\/05\/el-desig-fa-creixer-de-pressa-3.jpeg\" alt=\"\" class=\"wp-image-3170\" srcset=\"https:\/\/calafat.cat\/wp-content\/uploads\/2022\/05\/el-desig-fa-creixer-de-pressa-3.jpeg 379w, https:\/\/calafat.cat\/wp-content\/uploads\/2022\/05\/el-desig-fa-creixer-de-pressa-3-300x300.jpeg 300w, https:\/\/calafat.cat\/wp-content\/uploads\/2022\/05\/el-desig-fa-creixer-de-pressa-3-150x150.jpeg 150w\" sizes=\"auto, (max-width: 379px) 100vw, 379px\" \/><figcaption>Miquel Mart\u00ednez. Fotografia: Juancho Ribes<br><br>Ravals de l\u2019alegria. Miquel Mart\u00ednez. Edicions 62, Barcelona, 2005<br><br>Etiquetes:\u00a0<a href=\"http:\/\/calafat.cat\/index.php\/2005-2\/\" data-type=\"page\" data-id=\"2155\">2005<\/a> <a href=\"http:\/\/calafat.cat\/index.php\/publicat-a\/el-pais\/\" data-type=\"page\" data-id=\"108\">El Pa\u00eds<\/a> <a href=\"http:\/\/calafat.cat\/index.php\/per-generes\/poesia\/\" data-type=\"page\" data-id=\"98\">Poesia<\/a><\/figcaption><\/figure>\n<\/div>\n<\/div>\n","protected":false},"excerpt":{"rendered":"<p>L\u2019altre premi de Gandia, l\u2019Ausi\u00e0s March, l\u2019ha guanyat Miquel Mart\u00ednez amb Ravals de l\u2019alegria, publicat per Edicions 62, un llibre on cisella una veu despullada, reflexiva, que es centra en el que Jaime Gil de Biedma anomen\u00e0 \u201cel temps i jo\u201d. Una l\u00edrica introspectiva, que parla de les coses sense ortop\u00e8dies de cap mena, amb &#8230; <a title=\"El desig fa cr\u00e9ixer de pressa\" class=\"read-more\" href=\"https:\/\/calafat.cat\/index.php\/el-desig-fa-creixer-de-pressa-2\/\" aria-label=\"M\u00e1s en El desig fa cr\u00e9ixer de pressa\">Leer m\u00e1s<\/a><\/p>\n","protected":false},"author":1,"featured_media":0,"parent":0,"menu_order":0,"comment_status":"closed","ping_status":"closed","template":"","meta":{"footnotes":""},"class_list":["post-1972","page","type-page","status-publish"],"_links":{"self":[{"href":"https:\/\/calafat.cat\/index.php\/wp-json\/wp\/v2\/pages\/1972","targetHints":{"allow":["GET"]}}],"collection":[{"href":"https:\/\/calafat.cat\/index.php\/wp-json\/wp\/v2\/pages"}],"about":[{"href":"https:\/\/calafat.cat\/index.php\/wp-json\/wp\/v2\/types\/page"}],"author":[{"embeddable":true,"href":"https:\/\/calafat.cat\/index.php\/wp-json\/wp\/v2\/users\/1"}],"replies":[{"embeddable":true,"href":"https:\/\/calafat.cat\/index.php\/wp-json\/wp\/v2\/comments?post=1972"}],"version-history":[{"count":2,"href":"https:\/\/calafat.cat\/index.php\/wp-json\/wp\/v2\/pages\/1972\/revisions"}],"predecessor-version":[{"id":3173,"href":"https:\/\/calafat.cat\/index.php\/wp-json\/wp\/v2\/pages\/1972\/revisions\/3173"}],"wp:attachment":[{"href":"https:\/\/calafat.cat\/index.php\/wp-json\/wp\/v2\/media?parent=1972"}],"curies":[{"name":"wp","href":"https:\/\/api.w.org\/{rel}","templated":true}]}}