{"id":2004,"date":"2022-04-30T17:13:01","date_gmt":"2022-04-30T17:13:01","guid":{"rendered":"http:\/\/calafat.cat\/?page_id=2004"},"modified":"2022-05-17T12:57:57","modified_gmt":"2022-05-17T12:57:57","slug":"la-bellesa-de-la-convulsio-2","status":"publish","type":"page","link":"https:\/\/calafat.cat\/index.php\/la-bellesa-de-la-convulsio-2\/","title":{"rendered":"La bellesa de la convulsi\u00f3"},"content":{"rendered":"\n<div class=\"wp-block-columns alignwide is-layout-flex wp-container-core-columns-is-layout-9d6595d7 wp-block-columns-is-layout-flex\">\n<div class=\"wp-block-column is-layout-flow wp-block-column-is-layout-flow\" style=\"flex-basis:50%\">\n<p>Edicions de 1984 s&#8217;ha convertit en un referent de les traduccions d&#8217;obres completes de poesia i tries grosses de poetes rellevants de la poesia moderna. Fins ara el lector ha pogut gaudir d&#8217;Akhm\u00e0tova, Brodsky, Withman i Mandelstam. Ara li ha tocat el torn a Yeats (1865-1939), de m\u00e0 de Josep M. Jaum\u00e0. El poeta irland\u00e8s ajud\u00e0 a reconvertir la poesia rom\u00e0ntica en poesia moderna. Potser no t\u00e9 la grandesa d&#8217;Eliot, Val\u00e9ry o Rilke, per\u00f2 s&#8217;hi acosta i ofereix un grapat d&#8217;al\u00b7licients.<\/p>\n\n\n\n<p>La lectura de l&#8217;antologia ens ahoca a una I\u00edrica que barreja d&#8217;una manera fabulosa vida i poesia, hist\u00f2ria i sacseig \u00edntim. \u00c9s un combinat, de vegades explosiu, de mitologia celta, ocultisme i simbolisme que no fan altra cosa que subratllar el seu romanticisme, el perfil d&#8217;un poeta oracular, que transmet \u201csabers vells, obscurs, pregons\u201d. \u00c9s una poesia plena de cares diferents que xoquen o s&#8217;integren segons el moment. Malgrat el seu esperit aristocr\u00e0tric, \u00e9s una figura desficiosa: acaba sent permeable a les precipitacions hist\u00f2riques d&#8217;Irlanda i gr\u00e0cies als consells d&#8217;un jove Ezra Pound, segons confessi\u00f3 pr\u00f2pla, alleugereix la ret\u00f2rica i embasta un Ilenguatge m\u00e9s concret, m\u00e9s colpidor.<\/p>\n\n\n\n<p>\u00c9s una obra que amb el pas dels anys es destil\u00b7la, creix. Cada llibre nou delata les seues obsessions. Veiem la hist\u00f2ria com una torrentada imprevisible que ens mostra tot un de rostres que cal escorcollar per aparmar-la. Fixa pres\u00e8ncies i situacions que enfoca amb un sentit simb\u00f2lic. Aix\u00ed, veiem passar cases ancestrals, esdeveniments hist\u00f2rics, fets personals&#8230; on es percep com Yeats substitueix la mitologia celta per una nova cosmologia, fonamentada sobretot en personatges reals o inventats, que a algun lector actual pot resultar arbitr\u00e0ria, per\u00f2 \u00e9s reblida de suc per la ironia i causiticitat de les evocacions.<\/p>\n\n\n\n<p>En la segona d\u00e8cada del segle XX Irlanda esdev\u00e9 somni i responsabilitat, i tot i que la mentalitat conservadora de Yeats xoca amb la realitat, el fascina l&#8217;heroisme, la c\u00e0rrega emblem\u00e0tica dels personatges i dels fets: la Pasqua de 1916 els transfigura en herois: \u00abhan estat canviats totatalment: \/ ens ha nascut una beutat terrible\u00bb. Amb l&#8217;aparici\u00f3 de la decrepitud, descobrirem un escriptor capficat a transcendir la realitat per tal de preservar la veritat i la bellesa. L&#8217;art els pot transportar \u201cdins l&#8217;artifici de l&#8217;eternitat\u00bb, perqu\u00e8 l&#8217;obra realitzada purifica esperit. El desengany que carreguen els anys refreda els idealismes i entusiasmes \u00edntims: \u201cl&#8217;home no cessa segle rere segle de rapinyar: de rapinyar, enfurir-se i destruir per arrihar a la desolaci\u00f3 de la realitat. Amb tot, s&#8217;agafa amb f\u00faria als rampells i els amolla amb la vehem\u00e8ncia de la vitalitat mai conformada. Suren les contradiccions i els impulsos. D&#8217;aquesta manera, mentre en el poema \u00abMeru\u00bb es deleix per l&#8217;espiritualitat m\u00e9s pura, en \u00abLa deserci\u00f3 dels animals de circ\u00bb, on repassa les constants de la seua obra, ens diu que no s\u00f3n mers productes de la ment, sin\u00f3 irradiaclons del \u00abfastig\u00f3s Cal Drapaire del cor\u201d.<\/p>\n\n\n\n<p><em>Irlanda ind\u00f2mita<\/em> \u00e9s una radiografia d&#8217;un poeta convuls, contradictori; ara prof\u00e8tic, ad\u00e9s somniador; ara delirant en les especulacions, ad\u00e9s l\u00facid. Per\u00f2 sempre Ilegim un poeta que explora la m\u00fasica del vers per fitar-se una vegada i una altra i extraure batecs intensos que, a hores d&#8217;ara, encara atrauen.<\/p>\n\n\n\n<p>EL TEMPS, n\u00fam. 1665, p\u00e0g. 72, 10\/05\/2016 <\/p>\n\n\n\n<p>Descarrega&#8217;t l&#8217;original:&nbsp;<img decoding=\"async\" src=\"http:\/\/calafat.cat\/modules\/file\/icons\/application-pdf.png\" alt=\"PDF icon\"><a href=\"http:\/\/calafat.cat\/sites\/default\/files\/la-bellesa-de-la-convulsio.pdf\">la-bellesa-de-la-convulsio.pdf<\/a><\/p>\n\n\n\n<p><a rel=\"noreferrer noopener\" href=\"http:\/\/calafat.cat\/#facebook\" target=\"_blank\"><\/a><a rel=\"noreferrer noopener\" href=\"http:\/\/calafat.cat\/#facebook\" target=\"_blank\">Facebook<\/a><a rel=\"noreferrer noopener\" href=\"http:\/\/calafat.cat\/#twitter\" target=\"_blank\"><\/a> <a rel=\"noreferrer noopener\" href=\"http:\/\/calafat.cat\/#twitter\" target=\"_blank\">Twitter<\/a><a href=\"https:\/\/www.addtoany.com\/share#url=http%3A%2F%2Fcalafat.cat%2Farticles%2Fla-bellesa-de-la-convulsio&amp;title=La%20bellesa%20de%20la%20convulsi%C3%B3\"><\/a><a href=\"https:\/\/www.addtoany.com\/share#url=http%3A%2F%2Fcalafat.cat%2Farticles%2Fla-bellesa-de-la-convulsio&amp;title=La%20bellesa%20de%20la%20convulsi%C3%B3\"> Comparteix a<\/a><\/p>\n<\/div>\n\n\n\n<div class=\"wp-block-column is-layout-flow wp-block-column-is-layout-flow\" style=\"flex-basis:50%\">\n<figure class=\"wp-block-image size-full\"><img loading=\"lazy\" decoding=\"async\" width=\"379\" height=\"210\" src=\"http:\/\/calafat.cat\/wp-content\/uploads\/2022\/05\/la-bellesa-de-la-convulsio.png\" alt=\"\" class=\"wp-image-3704\" srcset=\"https:\/\/calafat.cat\/wp-content\/uploads\/2022\/05\/la-bellesa-de-la-convulsio.png 379w, https:\/\/calafat.cat\/wp-content\/uploads\/2022\/05\/la-bellesa-de-la-convulsio-300x166.png 300w\" sizes=\"auto, (max-width: 379px) 100vw, 379px\" \/><figcaption>W. B. Yeats. Font: Bettmann Archive\/Corbis<br><br>Irlanda ind\u00f2mita. 150 poemes. W. B. Yeats. Traducci\u00f3 de Josep M. Jaum\u00e0. Edicions de 1984, Barcelona, 2016. 480 p\u00e0gs.<br><br>Etiquetes:\u00a0<a href=\"http:\/\/calafat.cat\/articles\/2016\">2016<\/a> <a href=\"http:\/\/calafat.cat\/articles\/eltemps\">El Temps<\/a> <a href=\"http:\/\/calafat.cat\/articles\/poesia\">Poesia<\/a><\/figcaption><\/figure>\n<\/div>\n<\/div>\n","protected":false},"excerpt":{"rendered":"<p>Edicions de 1984 s&#8217;ha convertit en un referent de les traduccions d&#8217;obres completes de poesia i tries grosses de poetes rellevants de la poesia moderna. Fins ara el lector ha pogut gaudir d&#8217;Akhm\u00e0tova, Brodsky, Withman i Mandelstam. Ara li ha tocat el torn a Yeats (1865-1939), de m\u00e0 de Josep M. Jaum\u00e0. El poeta irland\u00e8s &#8230; <a title=\"La bellesa de la convulsi\u00f3\" class=\"read-more\" href=\"https:\/\/calafat.cat\/index.php\/la-bellesa-de-la-convulsio-2\/\" aria-label=\"M\u00e1s en La bellesa de la convulsi\u00f3\">Leer m\u00e1s<\/a><\/p>\n","protected":false},"author":1,"featured_media":0,"parent":0,"menu_order":0,"comment_status":"closed","ping_status":"closed","template":"","meta":{"footnotes":""},"class_list":["post-2004","page","type-page","status-publish"],"_links":{"self":[{"href":"https:\/\/calafat.cat\/index.php\/wp-json\/wp\/v2\/pages\/2004","targetHints":{"allow":["GET"]}}],"collection":[{"href":"https:\/\/calafat.cat\/index.php\/wp-json\/wp\/v2\/pages"}],"about":[{"href":"https:\/\/calafat.cat\/index.php\/wp-json\/wp\/v2\/types\/page"}],"author":[{"embeddable":true,"href":"https:\/\/calafat.cat\/index.php\/wp-json\/wp\/v2\/users\/1"}],"replies":[{"embeddable":true,"href":"https:\/\/calafat.cat\/index.php\/wp-json\/wp\/v2\/comments?post=2004"}],"version-history":[{"count":2,"href":"https:\/\/calafat.cat\/index.php\/wp-json\/wp\/v2\/pages\/2004\/revisions"}],"predecessor-version":[{"id":3706,"href":"https:\/\/calafat.cat\/index.php\/wp-json\/wp\/v2\/pages\/2004\/revisions\/3706"}],"wp:attachment":[{"href":"https:\/\/calafat.cat\/index.php\/wp-json\/wp\/v2\/media?parent=2004"}],"curies":[{"name":"wp","href":"https:\/\/api.w.org\/{rel}","templated":true}]}}