{"id":2032,"date":"2022-04-30T17:59:40","date_gmt":"2022-04-30T17:59:40","guid":{"rendered":"http:\/\/calafat.cat\/?page_id=2032"},"modified":"2022-05-18T14:41:44","modified_gmt":"2022-05-18T14:41:44","slug":"viatge-iniciatic-i-catartic-al-mon-sorprenent-del-primer-estelles-2","status":"publish","type":"page","link":"https:\/\/calafat.cat\/index.php\/viatge-iniciatic-i-catartic-al-mon-sorprenent-del-primer-estelles-2\/","title":{"rendered":"Viatge inici\u00e0tic i cat\u00e0rtic al m\u00f3n sorprenent del primer Estell\u00e9s"},"content":{"rendered":"\n<div class=\"wp-block-columns alignwide is-layout-flex wp-container-core-columns-is-layout-9d6595d7 wp-block-columns-is-layout-flex\">\n<div class=\"wp-block-column is-layout-flow wp-block-column-is-layout-flow\" style=\"flex-basis:50%\">\n<p>Una bona part de les activitats que es van generar abans, al voltant i despr\u00e9s de l\u2019any Estell\u00e9s, el 2013, anaren encaminades a divulgar la figura i l\u2019obra del poeta de Burjassot. Ho podem comprovar amb l\u2019exposici\u00f3 \u201cVicent Andr\u00e9s Estell\u00e9s. Cronista de records i esperances\u201d, comissariada per Josep Palomero, per multitud d\u2019actes i recitals que s\u2019han dut a terme al llarg del Pa\u00eds Val\u00e8ncia. A m\u00e9s, s\u2019ha publicat un c\u00f2mic sobre la seua vida, <em>Vicent Andr\u00e9s Estell\u00e9s. La clau que obri tots els panys<\/em>, de Jes\u00fas Huguet, s\u2019han editat antologies, com ara <em>Pobles del Mural. Antologia del Mural del Pa\u00eds Valenci\u00e0<\/em>, a cura d\u2019Honorat Ros (Acad\u00e8mia Val\u00e8ncia de la Llengua) i <em>La vida contada a un xiquet de ve\u00efnat<\/em>, a cura de Juli Capilla (Andana Editorial), pensada per a lectors menuts, i l\u2019Editorial Bromera ha reeditat en un mateix volum els papers memorialistes sota el t\u00edtol d\u2019<em>Animals de records<\/em> i fa poc ha tret al carrer diversos llibres de poemes: <em>El proc\u00e9s<\/em> i <em>Hamburg\/Antibes<\/em>. Per\u00f2 l\u2019apartat m\u00e9s innovador, sens dubte, ha estat la gravaci\u00f3 de poemes recitats, generalment amb acompanyament musical (Pau Alabajos, Salvador Bolufer i Vicent Camps) i sobretot la musicaci\u00f3 de poemes, que els darrers anys ha estat espectacular, amb alguns resultats fabulosos. Entre els discos monogr\u00e0fics cal esmentar, entre els \u00faltims, els elaborats per Ximo Cafarena, Miquel Soler, Bertomeu i Natxo Giron\u00e9s. Cal tancar aquest apartat amb el llibre CD Estell\u00e9s, de m\u00e0 en m\u00e0 (Onada Edicions), que combina una antologia de poemes amb la gravaci\u00f3 d\u2019un espectacle que integra m\u00fasica, can\u00e7ons i recitacions executades pel guitarrista i cantant Borja Penalba i l\u2019actor Francesc Any\u00f3, que \u00e9s l\u2019espectacle m\u00e9s encertat i que ha tingut m\u00e9s fortuna dels que s\u2019han produ\u00eft fins ara.<\/p>\n\n\n\n<p>Ara b\u00e9, les dues iniciatives m\u00e9s transcendents han estat els dos llibres que ara comentarem. <em>L\u2019obra de Vicent Andr\u00e9s Estell\u00e9s. G\u00e8neres, tradicions po\u00e8tiques i estils<\/em>, editat per Vicent Salvador i Manuel P\u00e9rez Saldanya representa una aportaci\u00f3 rellevant als estudis de l\u2019obra estellesiana. Els vint-i-sis treballs que l\u2019integren estan signats per estudiosos i lectors competents, com poden ser, entre altres, Vicent Salvador, Pere Ballart, Dominic Keown, Amador Calvo, Enric Balaguer, Adolf Piquer, Simona Scrabec, Francesc P\u00e9rez Moragon, Llu\u00eds Messeguer, Llu\u00eds Roda i Vicent Berenguer. L\u2019obra s\u2019organitza en dos grans blocs: l\u2019un, centrat en estudis de conjunt, s\u00f3n aportacions m\u00e9s acad\u00e8miques i universitaris; l\u2019altre, cau m\u00e9s del costat de l\u2019assaig i de la interpretaci\u00f3. Els temes tractats s\u00f3n for\u00e7a variats i van des de l\u2019an\u00e0lisi de la confecci\u00f3 de recursos expressius propis, la llengua liter\u00e0ria, el di\u00e0leg amb les diferents tradicions (els cl\u00e0ssics grecollatins, els cl\u00e0ssics medievals, la poesia catalana contempor\u00e0nia, la connexi\u00f3 amb la literatura castellana, francesa i anglesa) fins a les traduccions de la poesia d\u2019Estell\u00e9s, passant pel valor de les mem\u00f2ries, les petges period\u00edstiques en la poesia, l\u2019aportaci\u00f3 teatral de l\u2019escriptor, les dimensions i el significat de l\u2019\u00fas de l\u2019alexandr\u00ed i del decas\u00edl\u00b7lab. Altres punts que s\u2019hi toquen s\u00f3n el vessant religi\u00f3s de la poesia d\u2019Estell\u00e9s, el lligam de poesia i paisatge, la relaci\u00f3 amb la pintura i amb la m\u00fasica, la recepci\u00f3 d\u2019Estell\u00e9s en la poesia valenciana contempor\u00e0nia i la imatge del poeta en els llibres de text. Com el lector podr\u00e0 comprovar, l\u2019obra aprofundeix punts coneguts i enceta aproximacions in\u00e8dites al poeta m\u00e9s llegit i conegut dels valencians.<\/p>\n\n\n\n<p>El gran projecte de totes totes \u00e9s l\u2019aparici\u00f3 del primer n\u00famero de la nova edici\u00f3 revisada de l\u2019<em>Obra Completa de Vicent Andr\u00e9s Estell\u00e9s<\/em>, dirigida per Josep Murgades i Vicent Salvador. Els editors han manifestat que l\u2019objectiu \u00e9s publicar un volum per any, i el conjunt en comprendr\u00e0 entre 10 i 15; la divisi\u00f3 dependr\u00e0 de la viabilitat editorial. Com que hi ha in\u00e8dits valuosos, a aquest lector li hauria agradat que se n\u2019hagueren incl\u00f2s alguns en els llibres o en l\u2019\u00e8poca corresponents, perqu\u00e8 sempre suposa un bon al\u00b7licient per als lectors, per\u00f2 els responsables, per raons pragm\u00e0tiques, prefereixen reservar-los a un volum addicional.<\/p>\n\n\n\n<p>Com que la primera edici\u00f3 completa de l\u2019autor \u00e9s dispersa i bastant ca\u00f2tica, ja que es preparaven els n\u00fameros segons els interessos del moment, la finalitat dels curadors actuals \u00e9s oferir-ne un seguiment ordenat i coherent, que t\u00e9 com a punt de partida una distribuci\u00f3 cronol\u00f2gica per a orientar la lectura i mostrar l\u2019evoluci\u00f3 de l\u2019autor. L\u2019edici\u00f3 \u00e9s extremadament rigorosa, per\u00f2 han preferit prescindir de les bateries cr\u00edtiques i de variacions, perqu\u00e8 \u00e9s decanta per una edici\u00f3 pensada per a ser llegida per un lector jove o interessat. Un exemple de decisions encertades \u00e9s la recuperaci\u00f3 de l\u2019estructura original de <em>La clau que obri tots els panys<\/em>, dinamitada i disseminada en la primera <em>Obra Completa<\/em>.<\/p>\n\n\n\n<p>La primera pedra de l\u2019edifici Estell\u00e9s \u00e9s for\u00e7a interessant, ja que presenta els passos inici\u00e0tics i les estrat\u00e8gies i els camins que configuren un univers complex i cafit de finestres, algunes de les quals encara ens cal assimilar i ponderar adequadament. Aquest primer volum \u2013i el seg\u00fcent, ja que tots dos abastaran la d\u00e8cada dels cinquanta\u2013 ha estat a cura de Ferran Carb\u00f3, el millor coneixedor d\u2019aquest per\u00edode de l\u2019obra d\u2019Estell\u00e9s. El llibre compr\u00e9n vuit t\u00edtols: <em>Ciutat a cau d\u2019orella<\/em>, <em>Donzell amarg<\/em>, <em>La nit<\/em>, <em>L\u2019Hotel Par\u00eds<\/em>, <em>El mon\u00f2leg<\/em>, <em>Testimoni d\u2019Horaci<\/em>, <em>L\u2019entreacte<\/em> i <em>La clau que obri tots els panys<\/em>.<\/p>\n\n\n\n<p>L\u2019enlluernament i la pot\u00e8ncia de <em>L\u2019Hotel Par\u00eds<\/em> i de <em>La clau que obri tots els panys<\/em> no ens hauria d\u2019encegar i haur\u00edem de gaudir i valorar altres camins altament suggerents com <em>Testimoni d\u2019Horaci<\/em> o <em>El mon\u00f2leg<\/em>. Hem d\u2019estar atents a copsar com l\u2019autor tracta amb una profunditat esborronadora tota una \u00e8poca i una ciutat, Val\u00e8ncia. Transmet com ning\u00fa les turbul\u00e8ncies internes i espirituals i les \u00e0nsies de la llarga postguerra, perqu\u00e8 les fa f\u00edsiques, carnals, altament concretes. En la seua aventura hi ha la recerca d\u2019un llenguatge diferent o, si m\u00e9s no, que dramatitze tota la co\u00efssor existencial que es respira en certs ambients i una progressiva integraci\u00f3 del llenguatge quotidi\u00e0 i una actitud cada vegada m\u00e9s \u00abrealista\u00bb, per\u00f2 sense que aquesta no bandege el component on\u00edric, irreal o absurd. Estell\u00e9s continua la tasca de modernitzaci\u00f3 del llenguatge po\u00e8tic que obsedia Fuster i l\u2019estira fins a extrems in\u00e8dits, encara que sense la vistositat de la petjada avantguardista, per\u00f2 Estell\u00e9s, per dir-ho amb un terme afortunat de Ferran Carb\u00f3, \u00abrebenta\u00bb els l\u00edmits del g\u00e8nere: fa la volta al sentit de l\u2019\u00e8gloga cl\u00e0ssica; ref\u00e0 tota mena de composicions, allibera sovint les formes que tracta, com ara el sonet i l\u2019alexandr\u00ed, o experimenta amb diverses possibilitats del mon\u00f2leg. D\u2019altra banda, \u00e9s fant\u00e0stic com trenca la linealitat del temps en <em>Testimoni d\u2019Horaci<\/em>, on encavalca el temps d\u2019Hamlet i el present per reflectir un m\u00f3n t\u00e8rbol, tancat, un estat d\u00e8spota, decadent, que acabar\u00e0 en flames, al present. I ho fa a trav\u00e9s d\u2019un suggeridor joc de mirades. Entre altres coses, \u00e9s tota po\u00e8tica sobre els condicionants i els l\u00edmits de la percepci\u00f3 de la realitat.<\/p>\n\n\n\n<p>Tot i la desesperaci\u00f3 que supuren els seus versos, hi ha al mateix temps una fam de vida que el converteix en un poeta omn\u00edvor, de voracitat inaudita, un poeta esponja que degluteix, integra tot el que veu i l\u2019interessa, que tracta de convocar totes les realitats de la realitat. En el <em>Llibre d\u2019exilis<\/em> afirma \u00abDiria noms, nom\u00e9s noms. Noms de pobles, de rius, de pensions, d\u2019hotels, de ciutats\u00bb, perqu\u00e8 els noms aporten fons hum\u00e0 i la c\u00e0rrega de les experi\u00e8ncies viscudes. El poeta anomena la flu\u00efdesa constant d\u2019objectes, de fets. Copsar la vida en el seu proc\u00e9s demana veure en la seua conting\u00e8ncia, expressar-la segons el ritme natural de les coses. Per aix\u00f2, explora les diferents percepcions del temps: l\u2019hist\u00f2ric, el psicol\u00f2gic i el c\u00edclic.<\/p>\n\n\n\n<p>En la lectura d\u2019aquests llibres el lector observar\u00e0 que Estell\u00e9s va temptant un llenguatge o uns llenguatges, no per oferir unes an\u00e8cdotes o unes hist\u00f2ries petites, sin\u00f3 per bastir un univers complex, ple de constel\u00b7lacions unides per constants vasos comunicants per tal de bastir i oferir una visi\u00f3 forta, per\u00f2 alhora perplexa i plural, del m\u00f3n que li toc\u00e0 viure. Tota una experi\u00e8ncia que mai no deixa indiferent el lector. M\u00e9s aviat al contrari, l\u2019agafa del coll i el condueix per les muntanyes russes d\u2019experi\u00e8ncies i sensacions que el podem trasbalsar en les fibres \u00edntimes. Un viatge convuls, per\u00f2 llumin\u00f3s i victori\u00f3s per la manera de bastir-lo. De segur que el lector de cor obert mai no es lamentar\u00e0 d\u2019aquest viatge inici\u00e0tic i cat\u00e0rtic. D\u2019aquesta experi\u00e8ncia est\u00e8tica.<\/p>\n\n\n\n<p>QUADERN, EL PA\u00cdS, 25\/06\/2014 <\/p>\n\n\n\n<p>Descarrega&#8217;t l&#8217;original:&nbsp;<img decoding=\"async\" src=\"http:\/\/calafat.cat\/modules\/file\/icons\/application-pdf.png\" alt=\"PDF icon\"><a href=\"http:\/\/calafat.cat\/sites\/default\/files\/Viatge-iniciatic-i-catartic-al-mon-sorprenent-del-primer-estelles.pdf\">Viatge-iniciatic-i-catartic-al-mon-sorprenent-del-primer-estelles.pdf<\/a><\/p>\n\n\n\n<p><a rel=\"noreferrer noopener\" href=\"http:\/\/calafat.cat\/#facebook\" target=\"_blank\">Facebook<\/a><a rel=\"noreferrer noopener\" href=\"http:\/\/calafat.cat\/#twitter\" target=\"_blank\"><\/a><a rel=\"noreferrer noopener\" href=\"http:\/\/calafat.cat\/#twitter\" target=\"_blank\">Twitter<\/a><a href=\"https:\/\/www.addtoany.com\/share#url=http%3A%2F%2Fcalafat.cat%2Farticles%2Fviatge-iniciatic-i-catartic-al-mon-sorprenent-del-primer-estelles&amp;title=Viatge%20inici%C3%A0tic%20i%20cat%C3%A0rtic%20al%20m%C3%B3n%20sorprenent%20del%20primer%20Estell%C3%A9s\"><\/a><a href=\"https:\/\/www.addtoany.com\/share#url=http%3A%2F%2Fcalafat.cat%2Farticles%2Fviatge-iniciatic-i-catartic-al-mon-sorprenent-del-primer-estelles&amp;title=Viatge%20inici%C3%A0tic%20i%20cat%C3%A0rtic%20al%20m%C3%B3n%20sorprenent%20del%20primer%20Estell%C3%A9s\">Comparteix a<\/a><\/p>\n\n\n\n<p>Articles recents:<\/p>\n\n\n\n<p>&nbsp;<a href=\"http:\/\/calafat.cat\/index.php\/en-el-cor-de-la-tempesta-2\/\" data-type=\"page\" data-id=\"1065\">En el cor de la tempesta<\/a><\/p>\n\n\n\n<p><a href=\"http:\/\/calafat.cat\/index.php\/els-fulgors-del-vertigen\/\" data-type=\"page\" data-id=\"1056\">Els fulgors del vertigen<\/a><\/p>\n\n\n\n<p><a href=\"http:\/\/calafat.cat\/index.php\/el-cami-de-la-poesia-valenciana-dels-setanta-fins-ara\/\" data-type=\"page\" data-id=\"1052\">El cam\u00ed de la poesia valenciana dels setanta fins ara<\/a><\/p>\n<\/div>\n\n\n\n<div class=\"wp-block-column is-layout-flow wp-block-column-is-layout-flow\" style=\"flex-basis:50%\">\n<figure class=\"wp-block-image size-full\"><img loading=\"lazy\" decoding=\"async\" width=\"379\" height=\"379\" src=\"http:\/\/calafat.cat\/wp-content\/uploads\/2022\/05\/viatge-iniciatic-i-catartic-al-mon-sorprenent-del-primer-estelles1.jpg\" alt=\"\" class=\"wp-image-3625\" srcset=\"https:\/\/calafat.cat\/wp-content\/uploads\/2022\/05\/viatge-iniciatic-i-catartic-al-mon-sorprenent-del-primer-estelles1.jpg 379w, https:\/\/calafat.cat\/wp-content\/uploads\/2022\/05\/viatge-iniciatic-i-catartic-al-mon-sorprenent-del-primer-estelles1-300x300.jpg 300w, https:\/\/calafat.cat\/wp-content\/uploads\/2022\/05\/viatge-iniciatic-i-catartic-al-mon-sorprenent-del-primer-estelles1-150x150.jpg 150w\" sizes=\"auto, (max-width: 379px) 100vw, 379px\" \/><figcaption>Portada de l&#8217;Obra completa revisada I<br><br>Obra Completa I. V. A. Estell\u00e9s. Edicions 3i4, Paterna, 2014. 433 p\u00e0gs<br>L\u2019obra de V. A. Estell\u00e9s. G\u00e8neres, tradicions po\u00e8tiques i estils. Vicent Salvador i Manuel P\u00e9rez Saldanya (ed.). AVL, Val\u00e8ncia, 2014. 721 p\u00e0gs<br><br>Etiquetes:\u00a0<a href=\"http:\/\/calafat.cat\/index.php\/2014-2\/\" data-type=\"page\" data-id=\"2177\">2014<\/a><a href=\"http:\/\/calafat.cat\/index.php\/publicat-a\/el-pais\/\" data-type=\"page\" data-id=\"108\"> <\/a><a href=\"http:\/\/calafat.cat\/index.php\/publicat-a\/el-pais\/\" data-type=\"page\" data-id=\"108\">El Pa\u00eds<\/a><a href=\"http:\/\/calafat.cat\/index.php\/per-generes\/poesia\/\" data-type=\"page\" data-id=\"98\"> <\/a><a href=\"http:\/\/calafat.cat\/index.php\/per-generes\/poesia\/\" data-type=\"page\" data-id=\"98\">Poesia<\/a> <a href=\"http:\/\/calafat.cat\/index.php\/vicent-andres-estelles\/\" data-type=\"page\" data-id=\"3810\">Vicent Andr\u00e9s Estell\u00e9s<\/a><\/figcaption><\/figure>\n<\/div>\n<\/div>\n","protected":false},"excerpt":{"rendered":"<p>Una bona part de les activitats que es van generar abans, al voltant i despr\u00e9s de l\u2019any Estell\u00e9s, el 2013, anaren encaminades a divulgar la figura i l\u2019obra del poeta de Burjassot. Ho podem comprovar amb l\u2019exposici\u00f3 \u201cVicent Andr\u00e9s Estell\u00e9s. Cronista de records i esperances\u201d, comissariada per Josep Palomero, per multitud d\u2019actes i recitals que &#8230; <a title=\"Viatge inici\u00e0tic i cat\u00e0rtic al m\u00f3n sorprenent del primer Estell\u00e9s\" class=\"read-more\" href=\"https:\/\/calafat.cat\/index.php\/viatge-iniciatic-i-catartic-al-mon-sorprenent-del-primer-estelles-2\/\" aria-label=\"M\u00e1s en Viatge inici\u00e0tic i cat\u00e0rtic al m\u00f3n sorprenent del primer Estell\u00e9s\">Leer m\u00e1s<\/a><\/p>\n","protected":false},"author":1,"featured_media":0,"parent":0,"menu_order":0,"comment_status":"closed","ping_status":"closed","template":"","meta":{"footnotes":""},"class_list":["post-2032","page","type-page","status-publish"],"_links":{"self":[{"href":"https:\/\/calafat.cat\/index.php\/wp-json\/wp\/v2\/pages\/2032","targetHints":{"allow":["GET"]}}],"collection":[{"href":"https:\/\/calafat.cat\/index.php\/wp-json\/wp\/v2\/pages"}],"about":[{"href":"https:\/\/calafat.cat\/index.php\/wp-json\/wp\/v2\/types\/page"}],"author":[{"embeddable":true,"href":"https:\/\/calafat.cat\/index.php\/wp-json\/wp\/v2\/users\/1"}],"replies":[{"embeddable":true,"href":"https:\/\/calafat.cat\/index.php\/wp-json\/wp\/v2\/comments?post=2032"}],"version-history":[{"count":3,"href":"https:\/\/calafat.cat\/index.php\/wp-json\/wp\/v2\/pages\/2032\/revisions"}],"predecessor-version":[{"id":3813,"href":"https:\/\/calafat.cat\/index.php\/wp-json\/wp\/v2\/pages\/2032\/revisions\/3813"}],"wp:attachment":[{"href":"https:\/\/calafat.cat\/index.php\/wp-json\/wp\/v2\/media?parent=2032"}],"curies":[{"name":"wp","href":"https:\/\/api.w.org\/{rel}","templated":true}]}}