{"id":2042,"date":"2022-04-30T18:09:24","date_gmt":"2022-04-30T18:09:24","guid":{"rendered":"http:\/\/calafat.cat\/?page_id=2042"},"modified":"2022-05-18T15:12:42","modified_gmt":"2022-05-18T15:12:42","slug":"vides-en-ebullicio-2","status":"publish","type":"page","link":"https:\/\/calafat.cat\/index.php\/vides-en-ebullicio-2\/","title":{"rendered":"Vides en ebullici\u00f3"},"content":{"rendered":"\n<div class=\"wp-block-columns alignwide is-layout-flex wp-container-core-columns-is-layout-9d6595d7 wp-block-columns-is-layout-flex\">\n<div class=\"wp-block-column is-layout-flow wp-block-column-is-layout-flow\" style=\"flex-basis:50%\">\n<p>Despr\u00e9s de la publicaci\u00f3 de t\u00edtols ben interessants, com la divertida farsa&nbsp;<em>La Divina Tramoia<\/em>&nbsp;i&nbsp;<em>Combat<\/em>, drama intens l\u2019esquin\u00e7ament de la personalitat i la lluita a ultran\u00e7a de l\u2019artista modern, i coincidint amb la representaci\u00f3 per a Barcelona de Sabates de tal\u00f3 alt, interpretada per les actrius Carme Samsa i Aina Calpe, l\u2019AADPC ha tingut a b\u00e9 de recopilar una conjunt de peces breus de dif\u00edcil acc\u00e9s per al lector.&nbsp;<em>Bullir\u00e0 el m\u00f3n<\/em>&nbsp;com il\u00b7lustra el t\u00edtol mostra una realitat problem\u00e0tica (les distintes cares de la viol\u00e8ncia el desamor, els abusos de poder, la guerra, l\u2019opul\u00e8ncia&#8230;), per\u00f2 tamb\u00e9 la voluntat constat de Manuel Molins de copsar les excitacions, les provocacions i els cabrejos que el ofereix el nostre temps. Per aix\u00f2 cap hist\u00f2ria per estranya que puga semblar \u00e9s aliena al seu univers dramat\u00fargic. Aix\u00ed, l\u2019anunci d\u2019un jove angl\u00e9s que pretenia vendre per internet la seua \u00e0nima d\u00f3na lloc a una s\u00e0tira sobre el mercantilisme actual i a una lectura enginyosa del mite de Mefistoles. L\u2019autor aprofita les estrat\u00e8gies de la brevetat per denunciar de temes dram\u00e0tica actualitat: la immigraci\u00f3 clandestina i la guerra. En el primer cas, elabora un esborronador oratori entre \u00e8pic i l\u00edric sobre uns immigrants kosovars que mai no arribar al seu dest\u00ed. En el segon, l\u2019autor s\u2019espolsa amb atac burlesc i lacerant contra dos patrocinadors de la guerra d\u2019Iraq, Azn\u00e0rius i Bush\u00f2lus, a partir d\u2019\u00fas delirant del llat\u00ed. L\u2019autor festeja amb goig \u2013i el lector tamb\u00e9- aquesta l\u00ednia aut\u00e8ntica i \u00e0cida del llenguatge sat\u00edric popular valenci\u00e0 que l\u2019aplica amb efic\u00e0cia quan juga amb la mitologia cristiana. En aquest contram\u00f3n on res \u00e9s el que sembla, l\u2019ambig\u00fcitat i la punteria de l\u2019autor ofereix moments divertid\u00edssims i de malicia efica\u00e7. Algunes de les peces m\u00e9s rodones cauen d\u2019un costat menys espectacular, m\u00e9s \u00edntim, condu\u00eft per la respiraci\u00f3 mental dels personatges. \u00c9s el cas&nbsp;<em>T\u00e0nger<\/em>, un mon\u00f2leg corprenedor on un i su\u00efcida proclama l\u2019amor filiar a la seua mare, repassa la relaci\u00f3 familiar que mai no tingu\u00e9; i d\u2019<em>El darrer cigarret<\/em>, un emotiu cant d\u2019amor final a l a seua dona un malalt terminal.<\/p>\n\n\n\n<p>Les deu composicions de&nbsp;<em>Bullir\u00e0 el m\u00f3n<\/em>, amb el desplegament repertori divers de temes, llenguatges i formes, demostren una vegada m\u00e9s que Manuel Molins integra perfectament domini teatral i excel\u00b7l\u00e8ncia liter\u00e0ria. Un maridatge ben interessant, no cal dir-ho, que no sempre \u00e9s f\u00e0cil de trobar en l\u2019art de l\u2019escenari.<\/p>\n\n\n\n<p>EL PA\u00cdS, QUADERN, 10\/03\/2008<\/p>\n\n\n\n<p><a rel=\"noreferrer noopener\" href=\"http:\/\/calafat.cat\/#facebook\" target=\"_blank\">Facebook<\/a>&nbsp;<a rel=\"noreferrer noopener\" href=\"http:\/\/calafat.cat\/#twitter\" target=\"_blank\">Twitter<\/a>&nbsp;<a href=\"https:\/\/www.addtoany.com\/share#url=http%3A%2F%2Fcalafat.cat%2Farticles%2Fvides-en-ebullicio&amp;title=Vides%20en%20ebullici%C3%B3\">&nbsp;Comparteix a<\/a><\/p>\n\n\n\n<p>Articles recents:&nbsp;<\/p>\n\n\n\n<p><a href=\"http:\/\/calafat.cat\/index.php\/laura-contaminada-de-valencia\/\" data-type=\"page\" data-id=\"1046\">L&#8217;aura contaminada de Val\u00e8ncia<\/a><\/p>\n\n\n\n<p><a href=\"http:\/\/calafat.cat\/index.php\/una-passio-amorosa-en-la-valencia-del-quatre-cents\/\" data-type=\"page\" data-id=\"1050\">Una passi\u00f3 amorosa en la Val\u00e8ncia del quatre-cents<\/a><\/p>\n\n\n\n<p><a href=\"http:\/\/calafat.cat\/index.php\/reflexions-al-voltant-del-llorentenisme-i-fuster\/\" data-type=\"page\" data-id=\"1130\">Reflexions al voltant del llorentenisme i Fuster<\/a><\/p>\n<\/div>\n\n\n\n<div class=\"wp-block-column is-layout-flow wp-block-column-is-layout-flow\" style=\"flex-basis:50%\">\n<figure class=\"wp-block-image size-full\"><img loading=\"lazy\" decoding=\"async\" width=\"379\" height=\"252\" src=\"http:\/\/calafat.cat\/wp-content\/uploads\/2022\/05\/1-28.jpeg\" alt=\"\" class=\"wp-image-3304\" srcset=\"https:\/\/calafat.cat\/wp-content\/uploads\/2022\/05\/1-28.jpeg 379w, https:\/\/calafat.cat\/wp-content\/uploads\/2022\/05\/1-28-300x199.jpeg 300w\" sizes=\"auto, (max-width: 379px) 100vw, 379px\" \/><figcaption>Manuel Molins. Font: acpv.cat<br><br>Bullir\u00e0 el m\u00f3n. Manuel Molins. Associaci\u00f3 d\u2019Actors i Directors Professionals de Catalunya, Barcelona, 2007.156 p\u00e0gs.<br><br>Etiquetes:\u00a0<a href=\"http:\/\/calafat.cat\/index.php\/2008-3\/\" data-type=\"page\" data-id=\"2162\">2008<\/a> <a href=\"http:\/\/calafat.cat\/index.php\/publicat-a\/el-pais\/\" data-type=\"page\" data-id=\"108\">El Pa\u00eds<\/a> <a href=\"http:\/\/calafat.cat\/index.php\/per-generes\/teatre\/\" data-type=\"page\" data-id=\"102\">Teatre<\/a> <a href=\"http:\/\/calafat.cat\/index.php\/manuel-molins\/\" data-type=\"page\" data-id=\"3863\">Manuel Molins<\/a><\/figcaption><\/figure>\n<\/div>\n<\/div>\n","protected":false},"excerpt":{"rendered":"<p>Despr\u00e9s de la publicaci\u00f3 de t\u00edtols ben interessants, com la divertida farsa&nbsp;La Divina Tramoia&nbsp;i&nbsp;Combat, drama intens l\u2019esquin\u00e7ament de la personalitat i la lluita a ultran\u00e7a de l\u2019artista modern, i coincidint amb la representaci\u00f3 per a Barcelona de Sabates de tal\u00f3 alt, interpretada per les actrius Carme Samsa i Aina Calpe, l\u2019AADPC ha tingut a b\u00e9 &#8230; <a title=\"Vides en ebullici\u00f3\" class=\"read-more\" href=\"https:\/\/calafat.cat\/index.php\/vides-en-ebullicio-2\/\" aria-label=\"M\u00e1s en Vides en ebullici\u00f3\">Leer m\u00e1s<\/a><\/p>\n","protected":false},"author":1,"featured_media":0,"parent":0,"menu_order":0,"comment_status":"closed","ping_status":"closed","template":"","meta":{"footnotes":""},"class_list":["post-2042","page","type-page","status-publish"],"_links":{"self":[{"href":"https:\/\/calafat.cat\/index.php\/wp-json\/wp\/v2\/pages\/2042","targetHints":{"allow":["GET"]}}],"collection":[{"href":"https:\/\/calafat.cat\/index.php\/wp-json\/wp\/v2\/pages"}],"about":[{"href":"https:\/\/calafat.cat\/index.php\/wp-json\/wp\/v2\/types\/page"}],"author":[{"embeddable":true,"href":"https:\/\/calafat.cat\/index.php\/wp-json\/wp\/v2\/users\/1"}],"replies":[{"embeddable":true,"href":"https:\/\/calafat.cat\/index.php\/wp-json\/wp\/v2\/comments?post=2042"}],"version-history":[{"count":3,"href":"https:\/\/calafat.cat\/index.php\/wp-json\/wp\/v2\/pages\/2042\/revisions"}],"predecessor-version":[{"id":3885,"href":"https:\/\/calafat.cat\/index.php\/wp-json\/wp\/v2\/pages\/2042\/revisions\/3885"}],"wp:attachment":[{"href":"https:\/\/calafat.cat\/index.php\/wp-json\/wp\/v2\/media?parent=2042"}],"curies":[{"name":"wp","href":"https:\/\/api.w.org\/{rel}","templated":true}]}}