{"id":2046,"date":"2022-04-30T18:16:32","date_gmt":"2022-04-30T18:16:32","guid":{"rendered":"http:\/\/calafat.cat\/?page_id=2046"},"modified":"2022-05-12T13:19:04","modified_gmt":"2022-05-12T13:19:04","slug":"fragments-duna-identitat-3","status":"publish","type":"page","link":"https:\/\/calafat.cat\/index.php\/fragments-duna-identitat-3\/","title":{"rendered":"Fragments d\u2019una identitat"},"content":{"rendered":"\n<div class=\"wp-block-columns alignwide is-layout-flex wp-container-core-columns-is-layout-9d6595d7 wp-block-columns-is-layout-flex\">\n<div class=\"wp-block-column is-layout-flow wp-block-column-is-layout-flow\" style=\"flex-basis:50%\">\n<p>Carles Camps Mund\u00f3 m\u2019era un nom lluny\u00e0, relacionat amb la poesia visual dels anys setanta, en concret m\u2019evocava paisatges retallats en figures diverses en un llibre editat a Llibres del Mall. I per aix\u00f2 em sorprengu\u00e9 llegir&nbsp;<em>Lli\u00e7\u00f3 de tenebres<\/em>&nbsp;al ple dels anys noranta, una aproximaci\u00f3 ben particular a la poesia del silenci. Amb una dicci\u00f3 n\u00edtida i discurs abstracte reflexiona sobre les dificultats del dir. A m\u00e9s, amb l\u2019ajut de paradoxes i interrogacions assaja una meditaci\u00f3 metaf\u00edsica sobre les contradiccions de l\u2019exist\u00e8ncia, on juguen un paper clau les tensions entre el desig sempre intacte i la realitat (les limitacions dels cos, el pas inapel\u00b7lable del temps&#8230;). Aquesta literatura d\u2019inspiraci\u00f3 m\u00edstica i rom\u00e0ntica aprofundeix el seu univers en t\u00edtols posteriors. Dels quals jo conec el&nbsp;<em>Llibre de les al\u00b7lucinacions<\/em>, dominat per una atmosfera religiosa i desemparada on a partir de la mort de la mare s\u2019embarca en una exploraci\u00f3 m\u00e9s enll\u00e0 de les aparences. Per al poeta el nostre present, un temps marcat per la desaparici\u00f3 de D\u00e9u \u2013i la conseq\u00fc\u00e8ncia nost\u00e0lgia d\u2019una plenitud que ja no \u00e9s\u2014 i per la culpa, ens aboca a la pres\u00e8ncia insuportable del no-res, a gravitar en els l\u00edmits. Els versos ens duen d\u2018una suposada confian\u00e7a en el valor salv\u00edfic de la paraula a la consci\u00e8ncia dels seus d\u00e8ficits. La l\u00edrica esdev\u00e9, aix\u00ed, un c\u00e0ntic d\u2019afanys, una oraci\u00f3 sense dest\u00ed. En aquesta \u00f2rbita, Carles Camps Mund\u00f3 esculpeix una veu i una obra de valor extraordinari. Un autor a seguir i sobretot a rellegir.<\/p>\n\n\n\n<p>Ara ens sorpr\u00e9n amb un llibre narratiu,&nbsp;<em>Com els colors de la nit<\/em>, un aplec de proses breus, fragment\u00e0ries, que al llarg de la lectura configuren una identitat humana en tota la seua complexitat. La for\u00e7a del llibre resideix precisament en la concisi\u00f3, en aquests flaixos, en les distintes descarregues d\u2019intensitat o d\u2019estupefacci\u00f3 que alimenten el decurs narratiu. No li cal m\u00e9s, va deixant caure puntals de la seua hist\u00f2ria personal: el descobriment de la mort, el primer amor, la infidelitat del pare, la soledat de la mare, el jou humiliant de l\u2019educaci\u00f3 religiosa, el sentiment de culpa per part dels fills, el terror abismal en els instants depressius. Al seu costat, refer\u00e8ncies molt concises al present del narrador; la dona, els fills, la casa de camp, els viatges en cotxe&#8230; En altres casos es centra en l\u2019art, en temes peluts com la mort de D\u00e9u o en la recreaci\u00f3 somnis inquietants. Les viv\u00e8ncies concretes, els detalls, les sensacions, els apunts l\u00edrics i paisatg\u00edstics que anota l\u2019autor germinen en tot un seguit d\u2019observacions i reflexions, sovint colpidores i suggerents. D\u2019aquesta manera, posem per cas, la mort d\u2019un pardal li fa pensar en els ritual com una exhortaci\u00f3 del dolor. O el tancament de la casa d\u2019estiu o l\u2019assist\u00e8ncia al soterrament del fill d\u2019un amic el fa pensar en l\u2019enyoran\u00e7a de tot all\u00f2 que no tornar\u00e0 a ser.<\/p>\n\n\n\n<p>M\u00e9s que l\u2019an\u00e8cdota de cada narraci\u00f3 all\u00f2 que val \u00e9s l\u2019emotivitat reflexiva, la vida mental amb qu\u00e8 les evoca, les recrea i les valora. I ac\u00ed entra, inevitablement, el bagatge cultural de l\u2019autor. La mirada mai no \u00e9s verge, fins i tot ens els moments m\u00e9s innocents; sempre \u00e9s interpretativa, filtra les obsessions i els interessos culturals. Les sobredosis de significat ens permeten de contemplar les coses amb una llum nova i amb una intensitat diferent de la que estem habitual. Tot plegat, sempre en s\u00f3n una mina d\u2019indicis i sugger\u00e8ncies. Per aix\u00f2 resulten especialment interessants les anotacions dedicades a les dues tensions que conviuen en la Pietat, les idees que la polifonia li desperta sobre la tend\u00e8ncia a la unitat de la m\u00fasica, la gravetat i recerca de la salvaci\u00f3 en la segona Simfonia, anomenada Resurrecci\u00f3, de Mahler, o l\u2019impacte que li va produir el&nbsp;<em>Livro do desassossego<\/em>.<\/p>\n\n\n\n<p>L\u2019obra, formada per relats independents per\u00f2 complementaris, ve contada per perspectives diferents per tal de fer-ne m\u00e9s fecunda la lectura. Predomina el narrador desdoblat, per\u00f2 tamb\u00e9 descobrim, entre altres, la veu d\u2019un amic, alguna carta, converses sobre temes art\u00edstics. Ac\u00ed i all\u00e0 podem trobar algun passatge potser massa carregat o massa abstracte. Per\u00f2 en general la narraci\u00f3 flueix efica\u00e7 i amb moments enlluernadors i amb efusions l\u00edriques i reflexions de valor.&nbsp;<em>Com els colors de la nit<\/em>&nbsp;no \u00e9s una novel\u00b7la. Tal vegada tinga dificultats en atraure lectors, per\u00f2 els que s\u2019hi deixen seduir trobaran all\u00f2 que busquen: sensibilitat, idees i bona literatura.<\/p>\n\n\n\n<p>CAR\u00c0CTERS, n\u00fam. 37, octubre 2006. Amb el pseud\u00f2nim de Rosa Dur\u00e0.<\/p>\n\n\n\n<p>Descarrega&#8217;t l&#8217;original:\u00a0<img decoding=\"async\" src=\"http:\/\/calafat.cat\/modules\/file\/icons\/application-pdf.png\" alt=\"PDF icon\"><a href=\"http:\/\/calafat.cat\/sites\/default\/files\/fragments-d-una-identitat.pdf\">fragments-d-una-identitat.pdf<\/a><\/p>\n\n\n\n<p><a rel=\"noreferrer noopener\" href=\"http:\/\/calafat.cat\/#facebook\" target=\"_blank\">Facebook<\/a>\u00a0<a rel=\"noreferrer noopener\" href=\"http:\/\/calafat.cat\/#twitter\" target=\"_blank\">Twitter<\/a>\u00a0<a href=\"https:\/\/www.addtoany.com\/share#url=http%3A%2F%2Fcalafat.cat%2Farticles%2Ffragments-d-una-identitat&amp;title=Fragments%20d%E2%80%99una%20identitat\">\u00a0Comparteix a<\/a><\/p>\n\n\n\n<p>Articles recents:\u00a0<\/p>\n\n\n\n<p><a href=\"http:\/\/calafat.cat\/index.php\/dos-universos-narratius\/\" data-type=\"page\" data-id=\"1071\">Dos universos narratius<\/a><\/p>\n\n\n\n<p><a href=\"http:\/\/calafat.cat\/index.php\/la-recepcio-de-maragall-en-els-escriptors-del-pais-valencia\/\" data-type=\"page\" data-id=\"1073\">La recepci\u00f3 de Maragall en els escriptors del Pa\u00eds Valenci\u00e0<\/a><\/p>\n\n\n\n<p><a href=\"http:\/\/calafat.cat\/index.php\/la-llum-i-la-paraula\/\" data-type=\"page\" data-id=\"1063\">La llum i la paraula<\/a><\/p>\n<\/div>\n\n\n\n<div class=\"wp-block-column is-layout-flow wp-block-column-is-layout-flow\" style=\"flex-basis:50%\">\n<figure class=\"wp-block-image size-full is-resized\"><img loading=\"lazy\" decoding=\"async\" src=\"http:\/\/calafat.cat\/wp-content\/uploads\/2022\/05\/1-8.jpeg\" alt=\"\" class=\"wp-image-3234\" width=\"379\" height=\"379\" srcset=\"https:\/\/calafat.cat\/wp-content\/uploads\/2022\/05\/1-8.jpeg 379w, https:\/\/calafat.cat\/wp-content\/uploads\/2022\/05\/1-8-300x300.jpeg 300w, https:\/\/calafat.cat\/wp-content\/uploads\/2022\/05\/1-8-150x150.jpeg 150w\" sizes=\"auto, (max-width: 379px) 100vw, 379px\" \/><figcaption>Portada del llibre<br><br>Com els colors de la nit. Carles Camps Mund\u00f3. Edicions de l\u2019Alb\u00ed, Barcelona, 2006. 168 p\u00e0gs.<br><br>Etiquetes:\u00a0<a href=\"http:\/\/calafat.cat\/index.php\/2006-2\/\" data-type=\"page\" data-id=\"2158\">2006<\/a> <a href=\"http:\/\/calafat.cat\/index.php\/publicat-a\/caracters\/\" data-type=\"page\" data-id=\"104\">Car\u00e0cters<\/a> <a href=\"http:\/\/calafat.cat\/index.php\/per-generes\/narrativa\/\" data-type=\"page\" data-id=\"94\">Narrativa<\/a><\/figcaption><\/figure>\n<\/div>\n<\/div>\n","protected":false},"excerpt":{"rendered":"<p>Carles Camps Mund\u00f3 m\u2019era un nom lluny\u00e0, relacionat amb la poesia visual dels anys setanta, en concret m\u2019evocava paisatges retallats en figures diverses en un llibre editat a Llibres del Mall. I per aix\u00f2 em sorprengu\u00e9 llegir&nbsp;Lli\u00e7\u00f3 de tenebres&nbsp;al ple dels anys noranta, una aproximaci\u00f3 ben particular a la poesia del silenci. Amb una dicci\u00f3 &#8230; <a title=\"Fragments d\u2019una identitat\" class=\"read-more\" href=\"https:\/\/calafat.cat\/index.php\/fragments-duna-identitat-3\/\" aria-label=\"M\u00e1s en Fragments d\u2019una identitat\">Leer m\u00e1s<\/a><\/p>\n","protected":false},"author":1,"featured_media":0,"parent":0,"menu_order":0,"comment_status":"closed","ping_status":"closed","template":"","meta":{"footnotes":""},"class_list":["post-2046","page","type-page","status-publish"],"_links":{"self":[{"href":"https:\/\/calafat.cat\/index.php\/wp-json\/wp\/v2\/pages\/2046","targetHints":{"allow":["GET"]}}],"collection":[{"href":"https:\/\/calafat.cat\/index.php\/wp-json\/wp\/v2\/pages"}],"about":[{"href":"https:\/\/calafat.cat\/index.php\/wp-json\/wp\/v2\/types\/page"}],"author":[{"embeddable":true,"href":"https:\/\/calafat.cat\/index.php\/wp-json\/wp\/v2\/users\/1"}],"replies":[{"embeddable":true,"href":"https:\/\/calafat.cat\/index.php\/wp-json\/wp\/v2\/comments?post=2046"}],"version-history":[{"count":2,"href":"https:\/\/calafat.cat\/index.php\/wp-json\/wp\/v2\/pages\/2046\/revisions"}],"predecessor-version":[{"id":3236,"href":"https:\/\/calafat.cat\/index.php\/wp-json\/wp\/v2\/pages\/2046\/revisions\/3236"}],"wp:attachment":[{"href":"https:\/\/calafat.cat\/index.php\/wp-json\/wp\/v2\/media?parent=2046"}],"curies":[{"name":"wp","href":"https:\/\/api.w.org\/{rel}","templated":true}]}}