{"id":2048,"date":"2022-04-30T18:16:54","date_gmt":"2022-04-30T18:16:54","guid":{"rendered":"http:\/\/calafat.cat\/?page_id=2048"},"modified":"2022-05-12T15:14:02","modified_gmt":"2022-05-12T15:14:02","slug":"la-forca-dels-detalls-3","status":"publish","type":"page","link":"https:\/\/calafat.cat\/index.php\/la-forca-dels-detalls-3\/","title":{"rendered":"La for\u00e7a dels detalls"},"content":{"rendered":"\n<div class=\"wp-block-columns alignwide is-layout-flex wp-container-core-columns-is-layout-9d6595d7 wp-block-columns-is-layout-flex\">\n<div class=\"wp-block-column is-layout-flow wp-block-column-is-layout-flow\" style=\"flex-basis:50%\">\n<p>Francesc Ser\u00e9s \u00e9s un dels narradors m\u00e9s s\u00f2lids dels nascuts despr\u00e9s dels anys setanta at\u00e9s que la seua obra posseeix amplitud de mires i ha explorat amb valentia fronts diferents. La seua producci\u00f3 avan\u00e7a en forma de projectes d\u2019una potent ambici\u00f3 liter\u00e0ria. Les tres primeres novel\u00b7les, agrupades sota un t\u00edtol tan definitori com&nbsp;<em>De fems i marbres<\/em>, s\u2019encaminen a mostrar i a recrear una vida fonamentada en la cultura de la terra, la seua desintegraci\u00f3 i les tensions i fugides cap al m\u00f3n urb\u00e0. Des d\u2019aquesta din\u00e0mica Francesc Ser\u00e9s desplega l\u2019obsessi\u00f3 dels homes del camp per perpetuar el treball i la mem\u00f2ria familiars, perqu\u00e8, des del seu punt de vista, \u201cla paraula\u201d constitueix \u201cuna veritable unitat que mai no podria trencar-se\u201d, i la lluita desesperada contra el temps que ho assola tot i la urg\u00e8ncia de pencar sense parar, tot i tenir la impressi\u00f3 o la certesa de no arribar enlloc. Els espais, a m\u00e9s a m\u00e9s, tenen un valor extraordinari, ja que, col\u00b7locats en un context determinat, ameren de sentit les viv\u00e8ncies dels individus. L\u2019autor juga amb la idea for\u00e7a atractiva \u2013pouada, segons confessi\u00f3 pr\u00f2pia, en Levi-Straus\u2013 que els llocs i les hist\u00f2ries, siguen fict\u00edcies o no, es comuniquen a trav\u00e9s dels homes. Amb un material de tal factura projecta un ventall fant\u00e0stic de sugger\u00e8ncies i aporta a la seua literatura una mirada profundament humana d\u2019alta tensi\u00f3 dram\u00e0tica.<\/p>\n\n\n\n<p>Les dues obres que Francesc Ser\u00e9s escrigu\u00e9 tot seguit eixamplen algunes de les coses esmentades fins ara i les situen tamb\u00e9 en el m\u00f3n de les ciutats i en la Catalunya del present. Amb&nbsp;<em>La for\u00e7a de la gravetat<\/em>&nbsp;i&nbsp;<em>Mat\u00e8ria primera<\/em>, des de la ficci\u00f3, en un cas, i des la cr\u00f2nica m\u00e9s o menys documental, en l\u2019altre, l\u2019autor s\u2019atreveix a configurar vides sense&nbsp;<em>copyright<\/em>, personatges an\u00f2nims els quals a trav\u00e9s del seu testimoni o un tall de la seua vida filmen amb paraules el seu treball i l\u2019esfor\u00e7 per construir el seu&nbsp;<em>modus vivendi<\/em>; els veiem com s\u2019ho apanyen per tirar endavant, com lluiten contra tota mena d\u2019entrebancs i com s\u2019enfronten als drames que els afecten i els contemplem en les seues fugides i mis\u00e8ries, per\u00f2 tamb\u00e9 en les satisfaccions. Potser en algunes hist\u00f2ries podem veure una certa \u00e8pica de l\u2019esfor\u00e7, com sembla bastant evident en&nbsp;<em>De fems i de marbres<\/em>. En els relats n\u2019hi algun besllum, per\u00f2 seria m\u00e9s oport\u00fa parlar de comprom\u00eds personal amb el treball o fer les coses per dignitat. Sovint els personatges no es plantegen cap cosa, simplement van fent. Aix\u00ed, el narrador de&nbsp;<em>Mat\u00e8ria primera<\/em>&nbsp;diu d\u2019un personatge que \u201cnom\u00e9s recorda l\u2019anar passant, l\u2019anar tirant enmig d\u2019un atzar que decideix per ella\u201d. Hi trobem una conjunt considerable de registres, de veus, d\u2019h\u00e0bitats geogr\u00e0fics diferents que dibuixen una cartografia fecunda i complexa de la Catalunya actual. En el conjunt dels dos llibres de relats recorrem el caos fabul\u00f3s i controlat que representa la zona de mercaderies d\u2019un port, coneixem un metge rural, un pescador convertit en propietari d\u2019un tenda per a turistes, un vigilant forestal, un taxista, un cambrer, un fisioterapeuta, una jove que prefereix la seguretat d\u2019un marit ric a la independ\u00e8ncia i una jove que renuncia a una carrera investigadora, sense oblidar, un assemblea sindical, el problema de l\u2019addicci\u00f3 de les drogues&#8230; Com es pot comprovar, Ser\u00e9s s\u2019esfor\u00e7a per oferir una galeria considerable de personatges i situacions constru\u00efts amb una veracitat admirable. Sovint els protagonistes de Ser\u00e9s s\u00f3n depassats per les circumst\u00e0ncies, es troben en moments de prendre resolucions on s\u00f3n nom\u00e9s un pe\u00e7a m\u00e9s i l\u2019\u00fanic que poden fer \u00e9s tractar d\u2019esquivar els obstacles i, encara que l\u2019 in\u00e8rcia dels fets \u00e9s la que mana, procurar no eixir massa escaldats. El repertori de realitats \u00e9s cisellat amb sobrietat i cruesa, no exempt de calidesa, on els individus carreguen amb les seues creus, les seues trag\u00e8dies, i veiem com s\u2019hi resisteixen, com les gestionen i les estrat\u00e8gies que desenvolupen per tal de sobreviure.<\/p>\n\n\n\n<p>La vida rural i la realitat m\u00e9s rabiosament actual omplin de vida les p\u00e0gines de Francesc Ser\u00e9s, per\u00f2 l\u2019enfocament que en fa no \u00e9s gens convencional i cau molt lluny del costumisme. T\u00e9 una voluntat d\u2019estil, que fa que cada obra nova siga executada com un repte narratiu. Ser\u00e9s tracta els g\u00e8neres que practica amb un objectiu renovador i ben personal. Aix\u00ed, les novel\u00b7les de&nbsp;<em>De fems i de marbres<\/em>&nbsp;s\u2019allunyen de les novel\u00b7les habituals, perqu\u00e8 defugen de la trama i funcionen com a relats aut\u00f2noms d\u2019un lirisme intens, per\u00f2 contingut, i un estil hiperrealista, amatent del detall i centrat en les sensacions i reflexions del narrador o dels protagonistes. La falta d\u2019un centre clarament definit decanta l\u2019univers narratiu cap una madeixa de veus i impressions i hist\u00f2ries que s\u2019acumulen i s\u2019integren i que ofereixen al mateix temps un cert aire imprec\u00eds, irreal o fantasmag\u00f2ric. Ens trobem en situacions concretes per\u00f2 alhora perdudes en la immensitat de l\u2019espai, encegades per la llum o dilu\u00efdes per la boira. D\u2019ac\u00ed sorgeix la pot\u00e8ncia liter\u00e0ria de Francesc Ser\u00e9s, que conta hist\u00f2ries que ens sonen per\u00f2, pel fet de ser dites en un context diferent o escrites des d\u2019una perspectiva distinta, aporten sentits nous.<\/p>\n\n\n\n<p>CAR\u00c0CTERS, n\u00fam. 48, juny de 2009<\/p>\n\n\n\n<p>Descarrega&#8217;t l&#8217;original:\u00a0<img decoding=\"async\" src=\"http:\/\/calafat.cat\/modules\/file\/icons\/application-pdf.png\" alt=\"PDF icon\"><a href=\"http:\/\/calafat.cat\/sites\/default\/files\/la-forca-dels-detalls.pdf\">la-forca-dels-detalls.pdf<\/a><\/p>\n\n\n\n<p><a rel=\"noreferrer noopener\" href=\"http:\/\/calafat.cat\/#facebook\" target=\"_blank\">Facebook<\/a>\u00a0<a rel=\"noreferrer noopener\" href=\"http:\/\/calafat.cat\/#twitter\" target=\"_blank\">Twitter<\/a>\u00a0<a href=\"https:\/\/www.addtoany.com\/share#url=http%3A%2F%2Fcalafat.cat%2Farticles%2Fla-forca-dels-detalls&amp;title=La%20for%C3%A7a%20dels%20detalls\">\u00a0Comparteix a<\/a><\/p>\n\n\n\n<p>Articles recents:\u00a0<\/p>\n\n\n\n<p><a href=\"http:\/\/calafat.cat\/index.php\/laura-contaminada-de-valencia\/\" data-type=\"page\" data-id=\"1046\">L&#8217;aura contaminada de Val\u00e8ncia<\/a><\/p>\n\n\n\n<p><a href=\"http:\/\/calafat.cat\/index.php\/una-passio-amorosa-en-la-valencia-del-quatre-cents\/\" data-type=\"page\" data-id=\"1050\">Una passi\u00f3 amorosa en la Val\u00e8ncia del quatre-cents<\/a><\/p>\n\n\n\n<p><a href=\"http:\/\/calafat.cat\/index.php\/pulsions-en-un-moviment-permament\/\" data-type=\"page\" data-id=\"1061\">Pulsions en un moviment permament<\/a><\/p>\n<\/div>\n\n\n\n<div class=\"wp-block-column is-layout-flow wp-block-column-is-layout-flow\" style=\"flex-basis:50%\">\n<figure class=\"wp-block-image size-full\"><img loading=\"lazy\" decoding=\"async\" width=\"379\" height=\"251\" src=\"http:\/\/calafat.cat\/wp-content\/uploads\/2022\/05\/1-35.jpeg\" alt=\"\" class=\"wp-image-3332\" srcset=\"https:\/\/calafat.cat\/wp-content\/uploads\/2022\/05\/1-35.jpeg 379w, https:\/\/calafat.cat\/wp-content\/uploads\/2022\/05\/1-35-300x199.jpeg 300w\" sizes=\"auto, (max-width: 379px) 100vw, 379px\" \/><figcaption>Francesc Ser\u00e9s. Fotografia: Kim Manresa.<br>Font: lavanguardia.com<br><br>Etiquetes:\u00a0<a href=\"http:\/\/calafat.cat\/index.php\/2009-3\/\" data-type=\"page\" data-id=\"2164\">2009<\/a> <a href=\"http:\/\/calafat.cat\/index.php\/publicat-a\/caracters\/\" data-type=\"page\" data-id=\"104\">Car\u00e0cters<\/a> <a href=\"http:\/\/calafat.cat\/index.php\/per-generes\/narrativa\/\" data-type=\"page\" data-id=\"94\">Narrativa<\/a><\/figcaption><\/figure>\n<\/div>\n<\/div>\n","protected":false},"excerpt":{"rendered":"<p>Francesc Ser\u00e9s \u00e9s un dels narradors m\u00e9s s\u00f2lids dels nascuts despr\u00e9s dels anys setanta at\u00e9s que la seua obra posseeix amplitud de mires i ha explorat amb valentia fronts diferents. La seua producci\u00f3 avan\u00e7a en forma de projectes d\u2019una potent ambici\u00f3 liter\u00e0ria. Les tres primeres novel\u00b7les, agrupades sota un t\u00edtol tan definitori com&nbsp;De fems i &#8230; <a title=\"La for\u00e7a dels detalls\" class=\"read-more\" href=\"https:\/\/calafat.cat\/index.php\/la-forca-dels-detalls-3\/\" aria-label=\"M\u00e1s en La for\u00e7a dels detalls\">Leer m\u00e1s<\/a><\/p>\n","protected":false},"author":1,"featured_media":0,"parent":0,"menu_order":0,"comment_status":"closed","ping_status":"closed","template":"","meta":{"footnotes":""},"class_list":["post-2048","page","type-page","status-publish"],"_links":{"self":[{"href":"https:\/\/calafat.cat\/index.php\/wp-json\/wp\/v2\/pages\/2048","targetHints":{"allow":["GET"]}}],"collection":[{"href":"https:\/\/calafat.cat\/index.php\/wp-json\/wp\/v2\/pages"}],"about":[{"href":"https:\/\/calafat.cat\/index.php\/wp-json\/wp\/v2\/types\/page"}],"author":[{"embeddable":true,"href":"https:\/\/calafat.cat\/index.php\/wp-json\/wp\/v2\/users\/1"}],"replies":[{"embeddable":true,"href":"https:\/\/calafat.cat\/index.php\/wp-json\/wp\/v2\/comments?post=2048"}],"version-history":[{"count":2,"href":"https:\/\/calafat.cat\/index.php\/wp-json\/wp\/v2\/pages\/2048\/revisions"}],"predecessor-version":[{"id":3334,"href":"https:\/\/calafat.cat\/index.php\/wp-json\/wp\/v2\/pages\/2048\/revisions\/3334"}],"wp:attachment":[{"href":"https:\/\/calafat.cat\/index.php\/wp-json\/wp\/v2\/media?parent=2048"}],"curies":[{"name":"wp","href":"https:\/\/api.w.org\/{rel}","templated":true}]}}