{"id":2067,"date":"2022-05-02T06:56:23","date_gmt":"2022-05-02T06:56:23","guid":{"rendered":"http:\/\/calafat.cat\/?page_id=2067"},"modified":"2022-05-19T14:09:54","modified_gmt":"2022-05-19T14:09:54","slug":"els-rostres-de-la-xina-imperial","status":"publish","type":"page","link":"https:\/\/calafat.cat\/index.php\/els-rostres-de-la-xina-imperial\/","title":{"rendered":"Els rostres de la Xina imperial"},"content":{"rendered":"\n<div class=\"wp-block-columns alignwide is-layout-flex wp-container-core-columns-is-layout-9d6595d7 wp-block-columns-is-layout-flex\">\n<div class=\"wp-block-column is-layout-flow wp-block-column-is-layout-flow\" style=\"flex-basis:50%\">\n<p>Novel\u00b7la profundament seductora,&nbsp;<em>L&#8217;Emperador<\/em>&nbsp;conjuga amb excel\u00b7lent ofici el gust per l&#8217;aventura amb una rigorosa exig\u00e8ncia liter\u00e0ria.<\/p>\n\n\n\n<p>Com bastir la mirada d&#8217;un personatge xin\u00e8s? Jordi Coca troba les paraules -tendres i doloroses- per narrar la mirada, el pensament i la sensibilitat d&#8217;un personatge d&#8217;una Xina ancestral entre el mite i la hist\u00f2ria. Per mitj\u00e0 de les olors, els colors, els petits detalls, el paisatge, l&#8217;univers cultural i religi\u00f3s, l&#8217;autor recrea d&#8217;una manera molt cre\u00efble un m\u00f3n i una cultura ben allunyats dels nostres.<\/p>\n\n\n\n<p>Suen, el protagonista de&nbsp;<em>L&#8217;Emperador<\/em>, \u00e9s una mena de coeur simple, enganyosament simple, i d&#8217;home medieval en la seua faceta de pelegr\u00ed, que creu que les forces religioses, la natura i els homes viuen en perfecta simbiosi. Un bon dia decideix de rec\u00f3rrer els camins d&#8217;un imperi gaireb\u00e9 inabastable per tal de venerar l&#8217;emperador, encarnaci\u00f3 d&#8217;una autoritat religiosa que representa la veritat absoluta conferidora de sentit a un m\u00f3n sense ordre. Les bufetades que li pega la realitat transfiguren el seu candor primer en desconcert i, poc despr\u00e9s, en escepticisme. En cada nova aventura troba que la gent es val sistem\u00e0ticament de la desconfian\u00e7a, l&#8217;engany i la viol\u00e8ncia per tal de sobreviure; troba una realitat on res \u00e9s el que sembla, ordida de rumors. A causa de l&#8217;exist\u00e8ncia d&#8217;una guerra que no se sap molt b\u00e9 on ocorre, Suen haur\u00e0 de patir molts entrebancs, i quan finalment es veja enmig del remol\u00ed de la viol\u00e8ncia, li ser\u00e0 dif\u00edcil distingir entre els diferents b\u00e0ndols perqu\u00e8 els fronts es barregen i els contrincants mantenen alhora estrat\u00e8gies contr\u00e0ries per tal de no perdre mai el control de la situaci\u00f3. El lector descobreix amb el protagonista la intricada teranyina d&#8217;interessos que intervenen en cada situaci\u00f3, i en la qual els distints personatges es mantenen en constant vigil\u00e0ncia fins que arriba el moment en qu\u00e8 l&#8217;atzar acaba mostrant el rostre tr\u00e0gic d&#8217;una vida social fr\u00e0gil i en perp\u00e8tua fricci\u00f3.<\/p>\n\n\n\n<p>Davant d&#8217;un entramat ca\u00f2tic i moved\u00eds, de dif\u00edcil comprensi\u00f3, Suen mira de mantenir l&#8217;equilibri, per\u00f2 de sobte -en un final d&#8217;una gran for\u00e7a dram\u00e0tica i que corona la novel\u00b7la amb noves complexitats- perd el nord i, endut per la for\u00e7a de la catarsi col\u00b7lectiva, es veu immers en l&#8217;embriaguesa de la viol\u00e8ncia. Jordi Coca aprofita la lleugeresa, la plasticitat i el lirisme de la literatura oriental per conduir amb m\u00e0 s\u00e0via una aparent novel\u00b7la d&#8217;aventures que \u00e9s en realitat una novel\u00b7la de formaci\u00f3 en qu\u00e8 el seu protagonista es proposa d&#8217;entendre per qu\u00e8 els homes desfermen la for\u00e7a furiosa de la guerra, per qu\u00e8 cedeixen als miratges m\u00e9s tendres, per qu\u00e8 s&#8217;odien els uns als altres, i per qu\u00e8, fins i tot en el sentiment m\u00e9s pur, hi ha lleus neguits que els mortifiquen. El gran encert ha estat saber escriure amb un to de faula, m\u00edtic i d&#8217;entretinguda lectura, una hist\u00f2ria al voltant de la condici\u00f3 de l&#8217;home, de la recerca de la identitat, de l&#8217;aspiraci\u00f3 a la felicitat i del complex joc del poder. Una aventura on el protagonista descobreix que l&#8217;\u00fanic sentit del viatge \u00e9s el viatge mateix.<\/p>\n\n\n\n<p>EL TEMPS, n\u00fam. 673, p\u00e0g. 86, 12\/05\/1997<\/p>\n\n\n\n<p>Descarrega&#8217;t l&#8217;original:\u00a0<img decoding=\"async\" src=\"http:\/\/calafat.cat\/modules\/file\/icons\/application-pdf.png\" alt=\"PDF icon\"><a href=\"http:\/\/calafat.cat\/sites\/default\/files\/els-rostres-de-la-xina-imperial.pdf\">els-rostres-de-la-xina-imperial.pdf<\/a><\/p>\n\n\n\n<p><a rel=\"noreferrer noopener\" href=\"http:\/\/calafat.cat\/#facebook\" target=\"_blank\">Facebook<\/a>\u00a0<a rel=\"noreferrer noopener\" href=\"http:\/\/calafat.cat\/#twitter\" target=\"_blank\">Twitter<\/a>\u00a0<a href=\"https:\/\/www.addtoany.com\/share#url=http%3A%2F%2Fcalafat.cat%2Farticles%2Fels-rostres-de-la-xina-imperial&amp;title=Els%20rostres%20de%20la%20Xina%20imperial\">\u00a0Comparteix a<\/a><\/p>\n\n\n\n<p>Articles recents:\u00a0<\/p>\n\n\n\n<p><a href=\"http:\/\/calafat.cat\/index.php\/lunivers-dens-de-lalfabet-2\/\" data-type=\"page\" data-id=\"2010\">L\u2019univers dens de l\u2019alfabet<\/a><\/p>\n\n\n\n<p><a href=\"http:\/\/calafat.cat\/index.php\/cezanne-poesia-i-pensament-fets-pintura\/\" data-type=\"page\" data-id=\"1125\">C\u00e9zanne: poesia i pensament fets pintura<\/a><\/p>\n\n\n\n<p><a href=\"http:\/\/calafat.cat\/index.php\/el-teatre-de-manuel-la-tralla-que-allibera-4\/\" data-type=\"page\" data-id=\"1582\">El teatre de Manuel: la tralla que allibera<\/a><\/p>\n<\/div>\n\n\n\n<div class=\"wp-block-column is-layout-flow wp-block-column-is-layout-flow\" style=\"flex-basis:50%\">\n<figure class=\"wp-block-image size-full\"><img loading=\"lazy\" decoding=\"async\" width=\"379\" height=\"379\" src=\"http:\/\/calafat.cat\/wp-content\/uploads\/2022\/05\/els-rostres-de-la-xina-imperial1-1.jpeg\" alt=\"\" class=\"wp-image-4073\" srcset=\"https:\/\/calafat.cat\/wp-content\/uploads\/2022\/05\/els-rostres-de-la-xina-imperial1-1.jpeg 379w, https:\/\/calafat.cat\/wp-content\/uploads\/2022\/05\/els-rostres-de-la-xina-imperial1-1-300x300.jpeg 300w, https:\/\/calafat.cat\/wp-content\/uploads\/2022\/05\/els-rostres-de-la-xina-imperial1-1-150x150.jpeg 150w\" sizes=\"auto, (max-width: 379px) 100vw, 379px\" \/><figcaption>Portada del llibre<br><br>L&#8217;emperador. Jordi Coca. Edicions Destino, Col\u00b7lecci\u00f3 \u00abL&#8217;\u00c0ncora\u00bb, 96. Barcelona, 1997. 340 p\u00e0gs.<br><br>Etiquetes:\u00a0<a href=\"http:\/\/calafat.cat\/index.php\/1997-2\/\" data-type=\"page\" data-id=\"3980\">1997<\/a> <a href=\"http:\/\/calafat.cat\/index.php\/publicat-a\/el-temps\/\" data-type=\"page\" data-id=\"110\">El Temps<\/a><a href=\"http:\/\/calafat.cat\/index.php\/per-generes\/narrativa\/\" data-type=\"page\" data-id=\"94\"> Narrativa<\/a><a href=\"http:\/\/calafat.cat\/index.php\/jordi-coca\/\" data-type=\"page\" data-id=\"4064\"> Jordi Coca<\/a><\/figcaption><\/figure>\n<\/div>\n<\/div>\n","protected":false},"excerpt":{"rendered":"<p>Novel\u00b7la profundament seductora,&nbsp;L&#8217;Emperador&nbsp;conjuga amb excel\u00b7lent ofici el gust per l&#8217;aventura amb una rigorosa exig\u00e8ncia liter\u00e0ria. Com bastir la mirada d&#8217;un personatge xin\u00e8s? Jordi Coca troba les paraules -tendres i doloroses- per narrar la mirada, el pensament i la sensibilitat d&#8217;un personatge d&#8217;una Xina ancestral entre el mite i la hist\u00f2ria. Per mitj\u00e0 de les olors, &#8230; <a title=\"Els rostres de la Xina imperial\" class=\"read-more\" href=\"https:\/\/calafat.cat\/index.php\/els-rostres-de-la-xina-imperial\/\" aria-label=\"M\u00e1s en Els rostres de la Xina imperial\">Leer m\u00e1s<\/a><\/p>\n","protected":false},"author":1,"featured_media":0,"parent":0,"menu_order":0,"comment_status":"closed","ping_status":"closed","template":"","meta":{"footnotes":""},"class_list":["post-2067","page","type-page","status-publish"],"_links":{"self":[{"href":"https:\/\/calafat.cat\/index.php\/wp-json\/wp\/v2\/pages\/2067","targetHints":{"allow":["GET"]}}],"collection":[{"href":"https:\/\/calafat.cat\/index.php\/wp-json\/wp\/v2\/pages"}],"about":[{"href":"https:\/\/calafat.cat\/index.php\/wp-json\/wp\/v2\/types\/page"}],"author":[{"embeddable":true,"href":"https:\/\/calafat.cat\/index.php\/wp-json\/wp\/v2\/users\/1"}],"replies":[{"embeddable":true,"href":"https:\/\/calafat.cat\/index.php\/wp-json\/wp\/v2\/comments?post=2067"}],"version-history":[{"count":2,"href":"https:\/\/calafat.cat\/index.php\/wp-json\/wp\/v2\/pages\/2067\/revisions"}],"predecessor-version":[{"id":4075,"href":"https:\/\/calafat.cat\/index.php\/wp-json\/wp\/v2\/pages\/2067\/revisions\/4075"}],"wp:attachment":[{"href":"https:\/\/calafat.cat\/index.php\/wp-json\/wp\/v2\/media?parent=2067"}],"curies":[{"name":"wp","href":"https:\/\/api.w.org\/{rel}","templated":true}]}}