{"id":2103,"date":"2022-05-02T08:55:40","date_gmt":"2022-05-02T08:55:40","guid":{"rendered":"http:\/\/calafat.cat\/?page_id=2103"},"modified":"2022-05-11T13:09:11","modified_gmt":"2022-05-11T13:09:11","slug":"1992-2","status":"publish","type":"page","link":"https:\/\/calafat.cat\/index.php\/1992-2\/","title":{"rendered":"1992"},"content":{"rendered":"\n<p><a href=\"http:\/\/calafat.cat\/index.php\/eduard-j-verger-tradueix-el-llibre-capital-del-dolor-de-paul-eluard\/\" data-type=\"page\" data-id=\"1110\">Eduard J. Verger tradueix el llibre \u00abCapital del dolor\u00bb, de Paul \u00c9luard<\/a><\/p>\n\n\n\n<figure class=\"wp-block-image size-full\"><img loading=\"lazy\" decoding=\"async\" width=\"50\" height=\"49\" src=\"http:\/\/calafat.cat\/wp-content\/uploads\/2022\/05\/e.jpeg\" alt=\"\" class=\"wp-image-2104\"\/><\/figure>\n\n\n\n<p>La publicaci\u00f3 de&nbsp;<em>Capital del dolor<\/em>, de Paul \u00c9duard; de&nbsp;<em>Cant Espiritual<\/em>, del valenci\u00e0 Antoni Ferrer, i&nbsp;<em>P\u00f2rtic d&#8217;aura-mar<\/em>, d&#8217;lnma Sarduc, confirmen la col\u00b7lecci\u00f3 Poesia d&#8217;Edicions Alfons el Magnanim-IVEI, dirigida per Marc Granell i Eduard Verger, com ambiciosa i atractiva.<\/p>\n\n\n\n<p><a href=\"http:\/\/calafat.cat\/index.php\/revisio-de-lultim-llibre-de-jaume-perez-montaner-centrat-en-les-seues-vivencies-intimes-2\/\" data-type=\"page\" data-id=\"2018\">Revisi\u00f3 de l&#8217;\u00faltim llibre de Jaume P\u00e9rez Montaner, centrat en les seues viv\u00e8ncies \u00edntimes<\/a><\/p>\n\n\n\n<figure class=\"wp-block-image size-full\"><img loading=\"lazy\" decoding=\"async\" width=\"50\" height=\"40\" src=\"http:\/\/calafat.cat\/wp-content\/uploads\/2022\/05\/ee.jpeg\" alt=\"\" class=\"wp-image-2105\"\/><\/figure>\n\n\n\n<p>El t\u00edtol del nou llibre de Jaume P\u00e9rez Montaner,&nbsp;<em>M\u00e0scares<\/em>, \u00e9s ben suggerent, i t\u00e9 el valor de situar-nos de colp i volta en el centre del pensament de l&#8217;autor.<\/p>\n","protected":false},"excerpt":{"rendered":"<p>Eduard J. Verger tradueix el llibre \u00abCapital del dolor\u00bb, de Paul \u00c9luard La publicaci\u00f3 de&nbsp;Capital del dolor, de Paul \u00c9duard; de&nbsp;Cant Espiritual, del valenci\u00e0 Antoni Ferrer, i&nbsp;P\u00f2rtic d&#8217;aura-mar, d&#8217;lnma Sarduc, confirmen la col\u00b7lecci\u00f3 Poesia d&#8217;Edicions Alfons el Magnanim-IVEI, dirigida per Marc Granell i Eduard Verger, com ambiciosa i atractiva. Revisi\u00f3 de l&#8217;\u00faltim llibre de Jaume &#8230; <a title=\"1992\" class=\"read-more\" href=\"https:\/\/calafat.cat\/index.php\/1992-2\/\" aria-label=\"M\u00e1s en 1992\">Leer m\u00e1s<\/a><\/p>\n","protected":false},"author":1,"featured_media":0,"parent":0,"menu_order":0,"comment_status":"closed","ping_status":"closed","template":"","meta":{"footnotes":""},"class_list":["post-2103","page","type-page","status-publish"],"_links":{"self":[{"href":"https:\/\/calafat.cat\/index.php\/wp-json\/wp\/v2\/pages\/2103","targetHints":{"allow":["GET"]}}],"collection":[{"href":"https:\/\/calafat.cat\/index.php\/wp-json\/wp\/v2\/pages"}],"about":[{"href":"https:\/\/calafat.cat\/index.php\/wp-json\/wp\/v2\/types\/page"}],"author":[{"embeddable":true,"href":"https:\/\/calafat.cat\/index.php\/wp-json\/wp\/v2\/users\/1"}],"replies":[{"embeddable":true,"href":"https:\/\/calafat.cat\/index.php\/wp-json\/wp\/v2\/comments?post=2103"}],"version-history":[{"count":3,"href":"https:\/\/calafat.cat\/index.php\/wp-json\/wp\/v2\/pages\/2103\/revisions"}],"predecessor-version":[{"id":2870,"href":"https:\/\/calafat.cat\/index.php\/wp-json\/wp\/v2\/pages\/2103\/revisions\/2870"}],"wp:attachment":[{"href":"https:\/\/calafat.cat\/index.php\/wp-json\/wp\/v2\/media?parent=2103"}],"curies":[{"name":"wp","href":"https:\/\/api.w.org\/{rel}","templated":true}]}}