{"id":2107,"date":"2022-05-02T08:57:11","date_gmt":"2022-05-02T08:57:11","guid":{"rendered":"http:\/\/calafat.cat\/?page_id=2107"},"modified":"2022-05-11T13:31:14","modified_gmt":"2022-05-11T13:31:14","slug":"1993-2","status":"publish","type":"page","link":"https:\/\/calafat.cat\/index.php\/1993-2\/","title":{"rendered":"1993"},"content":{"rendered":"\n<p><a href=\"http:\/\/calafat.cat\/index.php\/guia-de-lectura-de-lilla-amb-llunes-2\/\" data-type=\"page\" data-id=\"1116\">Guia de lectura de L&#8217;Illa amb llunes<\/a><\/p>\n\n\n\n<figure class=\"wp-block-image size-full\"><img loading=\"lazy\" decoding=\"async\" width=\"50\" height=\"50\" src=\"http:\/\/calafat.cat\/wp-content\/uploads\/2022\/05\/d.jpeg\" alt=\"\" class=\"wp-image-2108\"\/><\/figure>\n\n\n\n<p>L&#8217;AUTOR. Marc Granell va n\u00e0ixer a Val\u00e8ncia en la d\u00e8cada dels cinquanta, temps en qu\u00e8 es consolidava el r\u00e8gim franquista.<\/p>\n\n\n\n<p><a href=\"http:\/\/calafat.cat\/index.php\/primavera-dhivern-2\/\" data-type=\"page\" data-id=\"1187\">Primavera d&#8217;hivern<\/a><\/p>\n\n\n\n<figure class=\"wp-block-image size-full\"><img loading=\"lazy\" decoding=\"async\" width=\"50\" height=\"37\" src=\"http:\/\/calafat.cat\/wp-content\/uploads\/2022\/05\/dd.jpg\" alt=\"\" class=\"wp-image-2109\"\/><\/figure>\n\n\n\n<p>El llibre, tot i ser irregular, \u00e9s una bona proposta introspectiva sobre els dubtes, les angoixes i els bons prop\u00f2sits dels perfils humans.<\/p>\n\n\n\n<p><a href=\"http:\/\/calafat.cat\/index.php\/tapies-tambe-un-valor-teoric-2\/\" data-type=\"page\" data-id=\"1732\">T\u00e0pies, tamb\u00e9 un valor te\u00f2ric<\/a><\/p>\n\n\n\n<figure class=\"wp-block-image size-full\"><img loading=\"lazy\" decoding=\"async\" width=\"50\" height=\"35\" src=\"http:\/\/calafat.cat\/wp-content\/uploads\/2022\/05\/ddd.jpeg\" alt=\"\" class=\"wp-image-2110\"\/><\/figure>\n\n\n\n<p>Antoni T\u00e0pies \u00e9s, no cal dir-ho, una de les personalitats art\u00edstiques de la cultura catalana m\u00e9s respectades arreu del m\u00f3n.<\/p>\n","protected":false},"excerpt":{"rendered":"<p>Guia de lectura de L&#8217;Illa amb llunes L&#8217;AUTOR. Marc Granell va n\u00e0ixer a Val\u00e8ncia en la d\u00e8cada dels cinquanta, temps en qu\u00e8 es consolidava el r\u00e8gim franquista. Primavera d&#8217;hivern El llibre, tot i ser irregular, \u00e9s una bona proposta introspectiva sobre els dubtes, les angoixes i els bons prop\u00f2sits dels perfils humans. T\u00e0pies, tamb\u00e9 un &#8230; <a title=\"1993\" class=\"read-more\" href=\"https:\/\/calafat.cat\/index.php\/1993-2\/\" aria-label=\"M\u00e1s en 1993\">Leer m\u00e1s<\/a><\/p>\n","protected":false},"author":1,"featured_media":0,"parent":0,"menu_order":0,"comment_status":"closed","ping_status":"closed","template":"","meta":{"footnotes":""},"class_list":["post-2107","page","type-page","status-publish"],"_links":{"self":[{"href":"https:\/\/calafat.cat\/index.php\/wp-json\/wp\/v2\/pages\/2107","targetHints":{"allow":["GET"]}}],"collection":[{"href":"https:\/\/calafat.cat\/index.php\/wp-json\/wp\/v2\/pages"}],"about":[{"href":"https:\/\/calafat.cat\/index.php\/wp-json\/wp\/v2\/types\/page"}],"author":[{"embeddable":true,"href":"https:\/\/calafat.cat\/index.php\/wp-json\/wp\/v2\/users\/1"}],"replies":[{"embeddable":true,"href":"https:\/\/calafat.cat\/index.php\/wp-json\/wp\/v2\/comments?post=2107"}],"version-history":[{"count":3,"href":"https:\/\/calafat.cat\/index.php\/wp-json\/wp\/v2\/pages\/2107\/revisions"}],"predecessor-version":[{"id":2885,"href":"https:\/\/calafat.cat\/index.php\/wp-json\/wp\/v2\/pages\/2107\/revisions\/2885"}],"wp:attachment":[{"href":"https:\/\/calafat.cat\/index.php\/wp-json\/wp\/v2\/media?parent=2107"}],"curies":[{"name":"wp","href":"https:\/\/api.w.org\/{rel}","templated":true}]}}