{"id":2137,"date":"2022-05-02T09:42:26","date_gmt":"2022-05-02T09:42:26","guid":{"rendered":"http:\/\/calafat.cat\/?page_id=2137"},"modified":"2022-05-12T09:57:36","modified_gmt":"2022-05-12T09:57:36","slug":"2002-2","status":"publish","type":"page","link":"https:\/\/calafat.cat\/index.php\/2002-2\/","title":{"rendered":"2002"},"content":{"rendered":"\n<p><a href=\"http:\/\/calafat.cat\/index.php\/la-ferida-tragica-en-la-poesia-de-joan-navarro-2\/\" data-type=\"page\" data-id=\"2006\">La ferida tr\u00e0gica en la poesia de Joan Navarro<\/a><\/p>\n\n\n\n<figure class=\"wp-block-image size-full\"><img loading=\"lazy\" decoding=\"async\" width=\"50\" height=\"37\" src=\"http:\/\/calafat.cat\/wp-content\/uploads\/2022\/05\/d-1.jpeg\" alt=\"\" class=\"wp-image-2138\"\/><\/figure>\n\n\n\n<p>L&#8217;acerbo vero, i ciechi<br>destini investigar delle mortali<br>e deU&#8217;eterne cose; a che prodotta,<br>a che affanni e di miseri cerca<br>l&#8217;umama stirpe; a quale ultimo intento<br>lei spinga il fato e la natura;<\/p>\n\n\n\n<p><br><a href=\"http:\/\/calafat.cat\/index.php\/musica-makina-drogues-i-ball\/\" data-type=\"page\" data-id=\"1342\">M\u00fasica \u201cm\u00e0kina\u201d: drogues i ball<\/a><\/p>\n\n\n\n<figure class=\"wp-block-image size-full\"><img loading=\"lazy\" decoding=\"async\" width=\"50\" height=\"33\" src=\"http:\/\/calafat.cat\/wp-content\/uploads\/2022\/05\/dd.jpeg\" alt=\"\" class=\"wp-image-2139\"\/><\/figure>\n\n\n\n<p>El periodista Joan M Oleaque, que fa dos anys va donar a con\u00e9ixer l\u2019extraordinari treball d\u2019investigaci\u00f3&nbsp;<em>Des de la tenebra<\/em>&nbsp;sobre el terrible cas de\u2019Alc\u00e0sser, acaba de publicar en l\u2019Editorial Ara Llibres de Barcelona una altra brillant cr\u00f2nica period\u00edstica titulada&nbsp;<em>En \u00e8xtasi<\/em>&nbsp;i que t\u00e9<\/p>\n\n\n\n<p><a href=\"http:\/\/calafat.cat\/index.php\/poetes-a-valencia\/\" data-type=\"page\" data-id=\"1344\">Poetes a Val\u00e8ncia<\/a><\/p>\n\n\n\n<figure class=\"wp-block-image size-full\"><img loading=\"lazy\" decoding=\"async\" width=\"50\" height=\"50\" src=\"http:\/\/calafat.cat\/wp-content\/uploads\/2022\/05\/ddd-1.jpeg\" alt=\"\" class=\"wp-image-2140\"\/><\/figure>\n\n\n\n<p>Avui comen\u00e7a un congr\u00e9s titulat&nbsp;<em>Quatre lleng\u00fces \/ Quatre literatures<\/em>&nbsp;dedicat a la poesia.<\/p>\n","protected":false},"excerpt":{"rendered":"<p>La ferida tr\u00e0gica en la poesia de Joan Navarro L&#8217;acerbo vero, i ciechidestini investigar delle mortalie deU&#8217;eterne cose; a che prodotta,a che affanni e di miseri cercal&#8217;umama stirpe; a quale ultimo intentolei spinga il fato e la natura; M\u00fasica \u201cm\u00e0kina\u201d: drogues i ball El periodista Joan M Oleaque, que fa dos anys va donar a &#8230; <a title=\"2002\" class=\"read-more\" href=\"https:\/\/calafat.cat\/index.php\/2002-2\/\" aria-label=\"M\u00e1s en 2002\">Leer m\u00e1s<\/a><\/p>\n","protected":false},"author":1,"featured_media":0,"parent":0,"menu_order":0,"comment_status":"closed","ping_status":"closed","template":"","meta":{"footnotes":""},"class_list":["post-2137","page","type-page","status-publish"],"_links":{"self":[{"href":"https:\/\/calafat.cat\/index.php\/wp-json\/wp\/v2\/pages\/2137","targetHints":{"allow":["GET"]}}],"collection":[{"href":"https:\/\/calafat.cat\/index.php\/wp-json\/wp\/v2\/pages"}],"about":[{"href":"https:\/\/calafat.cat\/index.php\/wp-json\/wp\/v2\/types\/page"}],"author":[{"embeddable":true,"href":"https:\/\/calafat.cat\/index.php\/wp-json\/wp\/v2\/users\/1"}],"replies":[{"embeddable":true,"href":"https:\/\/calafat.cat\/index.php\/wp-json\/wp\/v2\/comments?post=2137"}],"version-history":[{"count":3,"href":"https:\/\/calafat.cat\/index.php\/wp-json\/wp\/v2\/pages\/2137\/revisions"}],"predecessor-version":[{"id":3109,"href":"https:\/\/calafat.cat\/index.php\/wp-json\/wp\/v2\/pages\/2137\/revisions\/3109"}],"wp:attachment":[{"href":"https:\/\/calafat.cat\/index.php\/wp-json\/wp\/v2\/media?parent=2137"}],"curies":[{"name":"wp","href":"https:\/\/api.w.org\/{rel}","templated":true}]}}