{"id":2153,"date":"2022-05-02T10:40:01","date_gmt":"2022-05-02T10:40:01","guid":{"rendered":"http:\/\/calafat.cat\/?page_id=2153"},"modified":"2022-05-23T10:08:15","modified_gmt":"2022-05-23T10:08:15","slug":"2004-3","status":"publish","type":"page","link":"https:\/\/calafat.cat\/index.php\/2004-3\/","title":{"rendered":"2004"},"content":{"rendered":"\n<p><a href=\"http:\/\/calafat.cat\/index.php\/amb-el-nous\/\" data-type=\"page\" data-id=\"2645\">Amb els nous novel\u00b7listes<\/a><\/p>\n\n\n\n<figure class=\"wp-block-image size-full\"><img loading=\"lazy\" decoding=\"async\" width=\"50\" height=\"33\" src=\"http:\/\/calafat.cat\/wp-content\/uploads\/2022\/05\/p.jpeg\" alt=\"\" class=\"wp-image-2189\"\/><\/figure>\n\n\n\n<p>La narrativa en catal\u00e0 entre valencians ha crescut molt i per a b\u00e9, en quantitat i qualitat. Des de finals de l\u2019ultima d\u00e8cada del segle passat fins ara ha anat apareixent i consolidant una n\u00f2mina considerable de narradors. Aix\u00ed, al costat dels noms grossos com Joan F.<\/p>\n\n\n\n<p><a href=\"http:\/\/calafat.cat\/index.php\/cosmopolis\/\" data-type=\"page\" data-id=\"1691\">Cosm\u00f2polis<\/a><\/p>\n\n\n\n<figure class=\"wp-block-image size-full\"><img loading=\"lazy\" decoding=\"async\" width=\"50\" height=\"33\" src=\"http:\/\/calafat.cat\/wp-content\/uploads\/2022\/05\/a-1.jpeg\" alt=\"\" class=\"wp-image-2190\"\/><\/figure>\n\n\n\n<p>Jordi Sebasti\u00e0 \u00e9s un bon periodista i un narrador solvent.<\/p>\n\n\n\n<p><a href=\"http:\/\/calafat.cat\/index.php\/el-desencis-de-la-transicio\/\" data-type=\"page\" data-id=\"1368\">El desenc\u00eds de la transici\u00f3<\/a><\/p>\n\n\n\n<figure class=\"wp-block-image size-full\"><img loading=\"lazy\" decoding=\"async\" width=\"50\" height=\"50\" src=\"http:\/\/calafat.cat\/wp-content\/uploads\/2022\/05\/pa.jpeg\" alt=\"\" class=\"wp-image-2193\"\/><\/figure>\n\n\n\n<p>El periodista Francesc Bayarri des la seua primera novel\u00b7la,&nbsp;<em>L\u2019avi\u00f3 del migdia<\/em>, publicada el 1992, ha volgut construir un fresc narratiu sobre la societat valenciana contempor\u00e0nia, en concret del per\u00edode la de la transici\u00f3.<\/p>\n\n\n\n<p><a href=\"http:\/\/calafat.cat\/index.php\/entre-la-quotidianitat-i-la-cronica\/\" data-type=\"page\" data-id=\"1370\">Entre la quotidianitat i la cr\u00f2nica<\/a><\/p>\n\n\n\n<figure class=\"wp-block-image size-full\"><img loading=\"lazy\" decoding=\"async\" width=\"50\" height=\"37\" src=\"http:\/\/calafat.cat\/wp-content\/uploads\/2022\/05\/papa-1.jpeg\" alt=\"\" class=\"wp-image-2194\"\/><\/figure>\n\n\n\n<p>Vicent Josep Escart\u00ed \u00e9s un dels autors de novel\u00b7la hist\u00f2rica m\u00e9s reputats de la literatura catalana, sobretot per&nbsp;<em>Dies irae<\/em>, una novel\u00b7la que sorprengu\u00e9 per la s\u00e0via recreaci\u00f3 del passat i per la pot\u00e8ncia d&#8217;hist\u00f2ria m\u00e0gica que fascin\u00e0 molts lectors en el seu moment.<\/p>\n\n\n\n<p><a href=\"http:\/\/calafat.cat\/index.php\/lescriptura-de-les-inquietuds-i-els-dies-2\/\" data-type=\"page\" data-id=\"1724\">L\u2019escriptura de les inquietuds i els dies<\/a><\/p>\n\n\n\n<figure class=\"wp-block-image size-full\"><img loading=\"lazy\" decoding=\"async\" width=\"50\" height=\"50\" src=\"http:\/\/calafat.cat\/wp-content\/uploads\/2022\/05\/papapa.jpeg\" alt=\"\" class=\"wp-image-2195\"\/><\/figure>\n\n\n\n<p>Si fa dos anys ens va regalar un extraordinari llibre de poemes en prosa titulat&nbsp;<em>Del clam de Jas\u00f3<\/em>, ara Vicent Alonso ens sopr\u00e9n amb el conreu d\u2019un g\u00e8nere nou, l\u2019assaig, en la seua traject\u00f2ria liter\u00e0ria. Amb&nbsp;<em>Trajecte circular.<\/em><\/p>\n\n\n\n<p><a href=\"http:\/\/calafat.cat\/index.php\/un-tambor-rebel-en-el-melic-de-barcelona\/\" data-type=\"page\" data-id=\"2040\">Un tambor rebel en el melic de Barcelona<\/a><\/p>\n\n\n\n<figure class=\"wp-block-image size-full\"><img loading=\"lazy\" decoding=\"async\" width=\"50\" height=\"37\" src=\"http:\/\/calafat.cat\/wp-content\/uploads\/2022\/05\/papapapa.jpeg\" alt=\"\" class=\"wp-image-2196\"\/><\/figure>\n\n\n\n<p><em>Elisa<\/em>&nbsp;s\u2019obri amb Jaume, un home gastat pel pas accelerat de la vida, que mostra un car\u00e0cter en demolici\u00f3, errant i erosionat. Ara, assegut en una butaca i bevent sense aturador, mira d\u2019apaivagar amb una l\u00facida ironia una desesperaci\u00f3 aclaparadora: \u00e9s portador d\u2019una malaltia incurable.<\/p>\n\n\n\n<p><a href=\"http:\/\/calafat.cat\/index.php\/una-vida-de-ficcio-2\/\" data-type=\"page\" data-id=\"1928\">Una vida de ficci\u00f3<\/a><\/p>\n\n\n\n<figure class=\"wp-block-image size-full\"><img loading=\"lazy\" decoding=\"async\" width=\"45\" height=\"50\" src=\"http:\/\/calafat.cat\/wp-content\/uploads\/2022\/05\/papapapaap.jpeg\" alt=\"\" class=\"wp-image-2197\"\/><\/figure>\n\n\n\n<p>V\u00edctor Labrado amb&nbsp;<em>La guerra de quatre<\/em>, publicada el 2002, va convertir el testimoni d\u2019uns homes i dones que patiren en la seua carn els cruels efectes del franquisme en una obra liter\u00e0ria.<\/p>\n\n\n\n<p><a href=\"http:\/\/calafat.cat\/index.php\/viure-en-direccio-contraria-2\/\" data-type=\"page\" data-id=\"1944\">Viure en direcci\u00f3 contr\u00e0ria<\/a><\/p>\n\n\n\n<figure class=\"wp-block-image size-full\"><img loading=\"lazy\" decoding=\"async\" width=\"50\" height=\"50\" src=\"http:\/\/calafat.cat\/wp-content\/uploads\/2022\/05\/pi.jpeg\" alt=\"\" class=\"wp-image-2198\"\/><\/figure>\n\n\n\n<p>Ferran Torrent \u00e9s avui, sense cap mena de dubte, l\u2019escriptor m\u00e9s popular de la literatura en llengua catalana i ha convertit la Val\u00e8ncia contempor\u00e0nia, o si m\u00e9s no una determinada visi\u00f3, en un dels imaginaris literaris m\u00e9s actuals i coneguts pels lectors, especialment del Principat, on el novel\u00b7l<\/p>\n","protected":false},"excerpt":{"rendered":"<p>Amb els nous novel\u00b7listes La narrativa en catal\u00e0 entre valencians ha crescut molt i per a b\u00e9, en quantitat i qualitat. Des de finals de l\u2019ultima d\u00e8cada del segle passat fins ara ha anat apareixent i consolidant una n\u00f2mina considerable de narradors. Aix\u00ed, al costat dels noms grossos com Joan F. Cosm\u00f2polis Jordi Sebasti\u00e0 \u00e9s &#8230; <a title=\"2004\" class=\"read-more\" href=\"https:\/\/calafat.cat\/index.php\/2004-3\/\" aria-label=\"M\u00e1s en 2004\">Leer m\u00e1s<\/a><\/p>\n","protected":false},"author":1,"featured_media":0,"parent":0,"menu_order":0,"comment_status":"closed","ping_status":"closed","template":"","meta":{"footnotes":""},"class_list":["post-2153","page","type-page","status-publish"],"_links":{"self":[{"href":"https:\/\/calafat.cat\/index.php\/wp-json\/wp\/v2\/pages\/2153","targetHints":{"allow":["GET"]}}],"collection":[{"href":"https:\/\/calafat.cat\/index.php\/wp-json\/wp\/v2\/pages"}],"about":[{"href":"https:\/\/calafat.cat\/index.php\/wp-json\/wp\/v2\/types\/page"}],"author":[{"embeddable":true,"href":"https:\/\/calafat.cat\/index.php\/wp-json\/wp\/v2\/users\/1"}],"replies":[{"embeddable":true,"href":"https:\/\/calafat.cat\/index.php\/wp-json\/wp\/v2\/comments?post=2153"}],"version-history":[{"count":6,"href":"https:\/\/calafat.cat\/index.php\/wp-json\/wp\/v2\/pages\/2153\/revisions"}],"predecessor-version":[{"id":4366,"href":"https:\/\/calafat.cat\/index.php\/wp-json\/wp\/v2\/pages\/2153\/revisions\/4366"}],"wp:attachment":[{"href":"https:\/\/calafat.cat\/index.php\/wp-json\/wp\/v2\/media?parent=2153"}],"curies":[{"name":"wp","href":"https:\/\/api.w.org\/{rel}","templated":true}]}}