{"id":2158,"date":"2022-05-02T10:41:29","date_gmt":"2022-05-02T10:41:29","guid":{"rendered":"http:\/\/calafat.cat\/?page_id=2158"},"modified":"2022-05-12T13:36:39","modified_gmt":"2022-05-12T13:36:39","slug":"2006-2","status":"publish","type":"page","link":"https:\/\/calafat.cat\/index.php\/2006-2\/","title":{"rendered":"2006"},"content":{"rendered":"\n<p><a href=\"http:\/\/calafat.cat\/index.php\/carles-jorro-totes-les-lletres-duna-entesa-cordial\/\" data-type=\"page\" data-id=\"1404\">Carles Jorro: totes les lletres d\u2019una entesa cordial<\/a><\/p>\n\n\n\n<figure class=\"wp-block-image size-full is-resized\"><img loading=\"lazy\" decoding=\"async\" src=\"http:\/\/calafat.cat\/wp-content\/uploads\/2022\/05\/13.jpeg\" alt=\"\" class=\"wp-image-2215\" width=\"50\" height=\"29\"\/><\/figure>\n\n\n\n<p>Ara que em diuen que Carles Jorro es jubila com a llibreter m\u2019adone del seu pes en la meua vida de lector, supose que tamb\u00e9 en la de molts altres lectors de la ciutat de Val\u00e8ncia. Carles \u00e9s una persona molt discreta i diligent, amb una paci\u00e8ncia inesgotable, si m\u00e9s no amb aquest lector.<\/p>\n\n\n\n<p><a href=\"http:\/\/calafat.cat\/index.php\/els-somnis-i-els-malsons-de-la-identitat-2\/\" data-type=\"page\" data-id=\"1700\">Els somnis i els malsons de la identitat<\/a><\/p>\n\n\n\n<figure class=\"wp-block-image size-full\"><img loading=\"lazy\" decoding=\"async\" width=\"50\" height=\"34\" src=\"http:\/\/calafat.cat\/wp-content\/uploads\/2022\/05\/14.jpeg\" alt=\"\" class=\"wp-image-2216\"\/><\/figure>\n\n\n\n<p><\/p>\n\n\n\n<p>La identitat personal i col\u00b7lectiva s\u00f3n termes esmunyedissos i ambivalents, per\u00f2 des de fa molt de temps dominen no nom\u00e9s la literatura sin\u00f3 tamb\u00e9 els discursos pol\u00edtics i socials.<\/p>\n\n\n\n<p><a href=\"http:\/\/calafat.cat\/index.php\/entrevista-a-manuel-molins-vull-exposar-a-traves-del-teatre-el-sentit-deuropa-i-de-la-modernitat\/\" data-type=\"page\" data-id=\"1408\">Entrevista a Manuel Molins: \u201cVull exposar a trav\u00e9s del teatre el sentit d\u2019Europa i de la modernitat\u201d<\/a><\/p>\n\n\n\n<figure class=\"wp-block-image size-full\"><img loading=\"lazy\" decoding=\"async\" width=\"50\" height=\"33\" src=\"http:\/\/calafat.cat\/wp-content\/uploads\/2022\/05\/15.jpeg\" alt=\"\" class=\"wp-image-2217\"\/><\/figure>\n\n\n\n<p>Manuel Molins, nascut a Alfara del Patriarca l\u2019any 1946, \u00e9s un dels dramaturgs m\u00e9s reputats del nostre teatre. Va ser un dels renovadors del panorama teatral dels anys setanta i des de llavors ha dut a terme una tasca creativa intensa.<\/p>\n\n\n\n<p><a href=\"http:\/\/calafat.cat\/index.php\/entrevista-a-vicent-alonso-els-temes-de-montaigne-son-tambe-els-nostres\/\" data-type=\"page\" data-id=\"1410\">Entrevista a Vicent Alonso: \u00abEls temes de Montaigne s\u00f3n tamb\u00e9 els nostres\u00bb<\/a><\/p>\n\n\n\n<figure class=\"wp-block-image size-full\"><img loading=\"lazy\" decoding=\"async\" width=\"50\" height=\"37\" src=\"http:\/\/calafat.cat\/wp-content\/uploads\/2022\/05\/16.jpeg\" alt=\"\" class=\"wp-image-2218\"\/><\/figure>\n\n\n\n<p>Vicent Alonso, nascut a Godella, l&#8217;any 1948, \u00e9s professor de literatura catalana a la Universitat de Val\u00e8ncia, poeta, assagista i traductor. Entre els seus llibres m\u00e9s representatius trobem, en poesia,&nbsp;<em>Del clam de Jas\u00f3<\/em>&nbsp;(2002) i, en prosa, el dietari&nbsp;<em>Trajecte circular<\/em>&nbsp;(2004).<\/p>\n\n\n\n<p><a href=\"http:\/\/calafat.cat\/index.php\/entrevista-amb-marius-serra-el-que-em-provoca-mes-plaer-es-poder-aconseguir-la-glacada-del-somriure\/\" data-type=\"page\" data-id=\"1412\">Entrevista amb M\u00e0rius Serra: \u201cEl que em provoca m\u00e9s plaer \u00e9s poder aconseguir la gla\u00e7ada del somriure\u201d<\/a><\/p>\n\n\n\n<figure class=\"wp-block-image size-full\"><img loading=\"lazy\" decoding=\"async\" width=\"50\" height=\"30\" src=\"http:\/\/calafat.cat\/wp-content\/uploads\/2022\/05\/17.jpeg\" alt=\"\" class=\"wp-image-2219\"\/><\/figure>\n\n\n\n<p>M\u00e0rius Serra (Barcelona, 1963) \u00e9s un dels escriptors m\u00e9s coneguts de la seua generaci\u00f3.<\/p>\n\n\n\n<p><a href=\"http:\/\/calafat.cat\/index.php\/estranyesa-en-allo-quotidia-2\/\" data-type=\"page\" data-id=\"2044\">Estranyesa en all\u00f2 quotidi\u00e0<\/a><\/p>\n\n\n\n<figure class=\"wp-block-image size-full\"><img loading=\"lazy\" decoding=\"async\" width=\"50\" height=\"50\" src=\"http:\/\/calafat.cat\/wp-content\/uploads\/2022\/05\/18-1.jpeg\" alt=\"\" class=\"wp-image-2220\"\/><\/figure>\n\n\n\n<p>Amb un equipatge de cinc llibres de contes de bona qualitat Pere Guix\u00e0 passa a formar part de la primera divisi\u00f3 dels contistes actuals en catal\u00e0 al costat de Quim Monz\u00f3, Baulenas, Sergi P\u00e0mies, Jordi Punt\u00ed i Rafa Gomar.<\/p>\n\n\n\n<p><a href=\"http:\/\/calafat.cat\/index.php\/fragments-duna-identitat-3\/\" data-type=\"page\" data-id=\"2046\">Fragments d\u2019una identitat<\/a><\/p>\n\n\n\n<figure class=\"wp-block-image size-full\"><img loading=\"lazy\" decoding=\"async\" width=\"50\" height=\"50\" src=\"http:\/\/calafat.cat\/wp-content\/uploads\/2022\/05\/19.jpeg\" alt=\"\" class=\"wp-image-2221\"\/><\/figure>\n\n\n\n<p>Carles Camps Mund\u00f3 m\u2019era un nom lluny\u00e0, relacionat amb la poesia visual dels anys setanta, en concret m\u2019evocava paisatges retallats en figures diverses en un llibre editat a Llibres del Mall.<\/p>\n\n\n\n<p><a href=\"http:\/\/calafat.cat\/index.php\/la-quimera-de-la-tragedia\/\" data-type=\"page\" data-id=\"1418\">La quimera de la trag\u00e8dia<\/a><\/p>\n\n\n\n<figure class=\"wp-block-image size-full\"><img loading=\"lazy\" decoding=\"async\" width=\"50\" height=\"50\" src=\"http:\/\/calafat.cat\/wp-content\/uploads\/2022\/05\/20.jpeg\" alt=\"\" class=\"wp-image-2222\"\/><\/figure>\n\n\n\n<p>I. Trag\u00e8dia contempor\u00e0nia. La simple enunciaci\u00f3 de l\u2019expressi\u00f3 espanta una mica, \u00e9s com si vei\u00e9s caure al meu damunt vint-i-cinc segles d\u2019hist\u00f2ria. \u00c9s com si es present\u00e9s en un puny, de sobte, tot l\u2019embolic de preguntes i problemes registrats en la pell del teatre al llarg del temps.<\/p>\n\n\n\n<p><a href=\"http:\/\/calafat.cat\/index.php\/literatura-de-leducacio-2\/\" data-type=\"page\" data-id=\"1860\">Literatura de l\u2019educaci\u00f3<\/a><\/p>\n\n\n\n<figure class=\"wp-block-image size-full\"><img loading=\"lazy\" decoding=\"async\" width=\"50\" height=\"25\" src=\"http:\/\/calafat.cat\/wp-content\/uploads\/2022\/05\/21.jpeg\" alt=\"\" class=\"wp-image-2224\"\/><\/figure>\n\n\n\n<p><\/p>\n\n\n\n<p>El m\u00f3n de les aules ha tingut m\u00e9s fortuna en el cinema que en la literatura.<\/p>\n\n\n\n<p><a href=\"http:\/\/calafat.cat\/index.php\/tota-una-historia-en-versio-original-2\/\" data-type=\"page\" data-id=\"1762\">Tota una hist\u00f2ria en versi\u00f3 original<\/a><\/p>\n\n\n\n<figure class=\"wp-block-image size-full\"><img loading=\"lazy\" decoding=\"async\" width=\"50\" height=\"17\" src=\"http:\/\/calafat.cat\/wp-content\/uploads\/2022\/05\/22.jpeg\" alt=\"\" class=\"wp-image-2225\"\/><\/figure>\n\n\n\n<p>L\u2019ofici d\u2019editor al Pa\u00eds Valenci\u00e0 \u00e9s una aventura singular. Demana passi\u00f3. Una doble passi\u00f3: pels llibres i pel pa\u00eds. I exigeix, amb tirania, olfacte empresarial. L\u2019editorial Bromera va sorgir l\u2019any 1986 al descobert. Amb moltes ganes, per\u00f2 amb poca experi\u00e8ncia.<\/p>\n","protected":false},"excerpt":{"rendered":"<p>Carles Jorro: totes les lletres d\u2019una entesa cordial Ara que em diuen que Carles Jorro es jubila com a llibreter m\u2019adone del seu pes en la meua vida de lector, supose que tamb\u00e9 en la de molts altres lectors de la ciutat de Val\u00e8ncia. Carles \u00e9s una persona molt discreta i diligent, amb una paci\u00e8ncia &#8230; <a title=\"2006\" class=\"read-more\" href=\"https:\/\/calafat.cat\/index.php\/2006-2\/\" aria-label=\"M\u00e1s en 2006\">Leer m\u00e1s<\/a><\/p>\n","protected":false},"author":1,"featured_media":0,"parent":0,"menu_order":0,"comment_status":"closed","ping_status":"closed","template":"","meta":{"footnotes":""},"class_list":["post-2158","page","type-page","status-publish"],"_links":{"self":[{"href":"https:\/\/calafat.cat\/index.php\/wp-json\/wp\/v2\/pages\/2158","targetHints":{"allow":["GET"]}}],"collection":[{"href":"https:\/\/calafat.cat\/index.php\/wp-json\/wp\/v2\/pages"}],"about":[{"href":"https:\/\/calafat.cat\/index.php\/wp-json\/wp\/v2\/types\/page"}],"author":[{"embeddable":true,"href":"https:\/\/calafat.cat\/index.php\/wp-json\/wp\/v2\/users\/1"}],"replies":[{"embeddable":true,"href":"https:\/\/calafat.cat\/index.php\/wp-json\/wp\/v2\/comments?post=2158"}],"version-history":[{"count":5,"href":"https:\/\/calafat.cat\/index.php\/wp-json\/wp\/v2\/pages\/2158\/revisions"}],"predecessor-version":[{"id":3247,"href":"https:\/\/calafat.cat\/index.php\/wp-json\/wp\/v2\/pages\/2158\/revisions\/3247"}],"wp:attachment":[{"href":"https:\/\/calafat.cat\/index.php\/wp-json\/wp\/v2\/media?parent=2158"}],"curies":[{"name":"wp","href":"https:\/\/api.w.org\/{rel}","templated":true}]}}