{"id":2164,"date":"2022-05-02T10:43:25","date_gmt":"2022-05-02T10:43:25","guid":{"rendered":"http:\/\/calafat.cat\/?page_id=2164"},"modified":"2022-05-12T15:27:53","modified_gmt":"2022-05-12T15:27:53","slug":"2009-3","status":"publish","type":"page","link":"https:\/\/calafat.cat\/index.php\/2009-3\/","title":{"rendered":"2009"},"content":{"rendered":"\n<p><a href=\"http:\/\/calafat.cat\/index.php\/amistats-venerades\/\" data-type=\"page\" data-id=\"1467\">Amistats venerades<\/a><\/p>\n\n\n\n<figure class=\"wp-block-image size-full\"><img loading=\"lazy\" decoding=\"async\" width=\"50\" height=\"27\" src=\"http:\/\/calafat.cat\/wp-content\/uploads\/2022\/05\/60.jpeg\" alt=\"\" class=\"wp-image-2255\"\/><\/figure>\n\n\n\n<p>Isabel-Clara Sim\u00f3 \u00e9s una de les signatures m\u00e9s conegudes i prol\u00edfiques de la literatura en catal\u00e0. La seua prosa \u00e9s clara, feta amb ofici, i no perd mai de vista la sofisticaci\u00f3 ni el tall incisiu. La novel\u00b7lista d\u2019Alcoi ha fet de l\u2019escriptura una declaraci\u00f3 de vida.<\/p>\n\n\n\n<p><a href=\"http:\/\/calafat.cat\/index.php\/damor-i-dintrigues-2\/\" data-type=\"page\" data-id=\"1784\">D\u2019amor i d\u2019intrigues<\/a><\/p>\n\n\n\n<figure class=\"wp-block-image size-full\"><img loading=\"lazy\" decoding=\"async\" width=\"50\" height=\"50\" src=\"http:\/\/calafat.cat\/wp-content\/uploads\/2022\/05\/61.jpeg\" alt=\"\" class=\"wp-image-2256\"\/><\/figure>\n\n\n\n<p>El nom de Joan Oleza va lligat a la meua formaci\u00f3 universit\u00e0ria. I el meu record \u00e9s d\u2019agra\u00efment profund, perqu\u00e8 en els meus anys d\u2019estudiant de filologia, els joves, com sempre, m\u2019imagine, ten\u00edem el cap ple de fum, de fantasies, i molts professors tamb\u00e9.<\/p>\n\n\n\n<p><a href=\"http:\/\/calafat.cat\/index.php\/entre-dues-passions\/\" data-type=\"page\" data-id=\"1471\">Entre dues passions<\/a><\/p>\n\n\n\n<figure class=\"wp-block-image size-full\"><img loading=\"lazy\" decoding=\"async\" width=\"50\" height=\"50\" src=\"http:\/\/calafat.cat\/wp-content\/uploads\/2022\/05\/62.jpeg\" alt=\"\" class=\"wp-image-2257\"\/><\/figure>\n\n\n\n<p>Vicent Us\u00f3 \u00e9s un narrador solvent, amb destresa notable per conferir veus individuals, mon\u00f2legs, climes crispats, i sobretot habilitat per orquestrar, dosificar la narraci\u00f3 cap un final sempre rotund, com veiem en&nbsp;<em>La taverna del Cau de la Lluna<\/em>&nbsp;(2001) i&nbsp;<em>L\u2019her\u00e8ncia del vent<\/em>&nbsp;(2002).<\/p>\n\n\n\n<p><a href=\"http:\/\/calafat.cat\/index.php\/galeries-despills\/\" data-type=\"page\" data-id=\"1473\">Galeries d\u2019espills<\/a><\/p>\n\n\n\n<figure class=\"wp-block-image size-full\"><img loading=\"lazy\" decoding=\"async\" width=\"50\" height=\"49\" src=\"http:\/\/calafat.cat\/wp-content\/uploads\/2022\/05\/63.jpeg\" alt=\"\" class=\"wp-image-2258\"\/><\/figure>\n\n\n\n<p>Salvador Company, flamant guanyador del premi Joanot Martorell de Gandia, basteix amb&nbsp;<em>Silenci de plom<\/em>&nbsp;i els llibres anteriors un territori geogr\u00e0fic propi, Benborser, poblaci\u00f3 a tocar de Val\u00e8ncia i on va n\u00e0ixer Eveli Volero, escriptor in\u00e8dit i personalitat fonedissa.<\/p>\n\n\n\n<p><a href=\"http:\/\/calafat.cat\/index.php\/homenatge-a-joan-ortega-redondo-2\/\" data-type=\"page\" data-id=\"1748\">Homenatge a Joan Ortega Redondo<\/a><\/p>\n\n\n\n<figure class=\"wp-block-image size-full\"><img loading=\"lazy\" decoding=\"async\" width=\"50\" height=\"50\" src=\"http:\/\/calafat.cat\/wp-content\/uploads\/2022\/05\/64.jpeg\" alt=\"\" class=\"wp-image-2259\"\/><\/figure>\n\n\n\n<p>Algunes persones m\u2019han demanat que isca a dir unes paraules sobre la persona i l\u2019obra de Joan Ortega.<\/p>\n\n\n\n<p><a href=\"http:\/\/calafat.cat\/index.php\/la-forca-dels-detalls-3\/\" data-type=\"page\" data-id=\"2048\">La for\u00e7a dels detalls<\/a><\/p>\n\n\n\n<figure class=\"wp-block-image size-full\"><img loading=\"lazy\" decoding=\"async\" width=\"50\" height=\"33\" src=\"http:\/\/calafat.cat\/wp-content\/uploads\/2022\/05\/la-forca-dels-detalls-2.jpeg\" alt=\"\" class=\"wp-image-3336\"\/><\/figure>\n\n\n\n<p>Francesc Ser\u00e9s \u00e9s un dels narradors m\u00e9s s\u00f2lids dels nascuts despr\u00e9s dels anys setanta at\u00e9s que la seua obra posseeix amplitud de mires i ha explorat amb valentia fronts diferents. La seua producci\u00f3 avan\u00e7a en forma de projectes d\u2019una potent ambici\u00f3 liter\u00e0ria.<\/p>\n\n\n\n<p><a href=\"http:\/\/calafat.cat\/index.php\/les-espurnes-caustiques-de-lhumor\/\" data-type=\"page\" data-id=\"1479\">Les espurnes c\u00e0ustiques de l\u2019humor<\/a><\/p>\n\n\n\n<figure class=\"wp-block-image size-full\"><img loading=\"lazy\" decoding=\"async\" width=\"50\" height=\"33\" src=\"http:\/\/calafat.cat\/wp-content\/uploads\/2022\/05\/66-1.jpeg\" alt=\"\" class=\"wp-image-2263\"\/><\/figure>\n\n\n\n<p>Xavier Aliaga, en la primera novel\u00b7la,&nbsp;<em>Si no ho dic, rebente<\/em>, se servia d\u2019una idea gen\u00e8rica dels valencians per a tractar de l\u2019educaci\u00f3 o la deseducaci\u00f3, de la pol\u00edtica municipal, del monstre de l\u2019urbanisme actual.<\/p>\n\n\n\n<p><a href=\"http:\/\/calafat.cat\/index.php\/quan-rebenten-les-paraules-3\/\" data-type=\"page\" data-id=\"2016\">Quan rebenten les paraules<\/a><\/p>\n\n\n\n<figure class=\"wp-block-image size-full\"><img loading=\"lazy\" decoding=\"async\" width=\"50\" height=\"27\" src=\"http:\/\/calafat.cat\/wp-content\/uploads\/2022\/05\/67-2.jpeg\" alt=\"\" class=\"wp-image-2266\"\/><\/figure>\n\n\n\n<p><\/p>\n\n\n\n<p>Els prejudicis ens mengen. No sempre, cal dir-ho. Per\u00f2 n\u2019hi ha alguns, no sabem ben b\u00e9 per qu\u00e8, es perpetuen. Un n\u2019\u00e9s l\u2019avorrit terme de realisme de postguerra europea i espanyola.<\/p>\n\n\n\n<p><a href=\"http:\/\/calafat.cat\/index.php\/ser-sense-ser\/\" data-type=\"page\" data-id=\"1484\">Ser sense ser<\/a><\/p>\n\n\n\n<figure class=\"wp-block-image size-full\"><img loading=\"lazy\" decoding=\"async\" width=\"50\" height=\"50\" src=\"http:\/\/calafat.cat\/wp-content\/uploads\/2022\/05\/68-1.jpeg\" alt=\"\" class=\"wp-image-2267\"\/><\/figure>\n\n\n\n<p><\/p>\n\n\n\n<p><em>El cos deshabitat<\/em>&nbsp;comen\u00e7a amb una obertura que recorda&nbsp;<em>Em dic Vermell<\/em>&nbsp;d\u2019Orhan Pamuk. Acaba de faltar en un accident el narrador i des de la mort inicia el seu relat. \u00c9s un bon colp d\u2019efecte que Esperan\u00e7a Camps sap aprofitar i fer cr\u00e9ixer. Ja tenim un jugador.<\/p>\n\n\n\n<p><a href=\"http:\/\/calafat.cat\/index.php\/sis-mons-i-un-pais\/\" data-type=\"page\" data-id=\"1486\">Sis mons i un pa\u00eds<\/a><\/p>\n\n\n\n<figure class=\"wp-block-image size-full\"><img loading=\"lazy\" decoding=\"async\" width=\"50\" height=\"50\" src=\"http:\/\/calafat.cat\/wp-content\/uploads\/2022\/05\/69-1.jpeg\" alt=\"\" class=\"wp-image-2270\"\/><\/figure>\n\n\n\n<p>El llibre de Xavier Serra, per inusual, representa un gest valent. \u00c9s un combat personal contra la tradici\u00f3 de silencis, com diu Piera, que tant caracteritza els valencians.<\/p>\n\n\n\n<p><a href=\"http:\/\/calafat.cat\/index.php\/valenciana-sa-de-prosa\/\" data-type=\"page\" data-id=\"1488\">Valenciana, SA de prosa<\/a><\/p>\n\n\n\n<figure class=\"wp-block-image size-full\"><img loading=\"lazy\" decoding=\"async\" width=\"50\" height=\"34\" src=\"http:\/\/calafat.cat\/wp-content\/uploads\/2022\/05\/70.jpeg\" alt=\"\" class=\"wp-image-2269\"\/><\/figure>\n\n\n\n<p>Fa poc, en el n\u00famero 45 de&nbsp;<em>Car\u00e0cters<\/em>, Marc Romera en parlar dels impulsos i les aportacions dels nous narradors catalans ho feia sense trepitjar-se el dits i no establia barreres temporals fixes.<\/p>\n","protected":false},"excerpt":{"rendered":"<p>Amistats venerades Isabel-Clara Sim\u00f3 \u00e9s una de les signatures m\u00e9s conegudes i prol\u00edfiques de la literatura en catal\u00e0. La seua prosa \u00e9s clara, feta amb ofici, i no perd mai de vista la sofisticaci\u00f3 ni el tall incisiu. La novel\u00b7lista d\u2019Alcoi ha fet de l\u2019escriptura una declaraci\u00f3 de vida. D\u2019amor i d\u2019intrigues El nom de &#8230; <a title=\"2009\" class=\"read-more\" href=\"https:\/\/calafat.cat\/index.php\/2009-3\/\" aria-label=\"M\u00e1s en 2009\">Leer m\u00e1s<\/a><\/p>\n","protected":false},"author":1,"featured_media":0,"parent":0,"menu_order":0,"comment_status":"closed","ping_status":"closed","template":"","meta":{"footnotes":""},"class_list":["post-2164","page","type-page","status-publish"],"_links":{"self":[{"href":"https:\/\/calafat.cat\/index.php\/wp-json\/wp\/v2\/pages\/2164","targetHints":{"allow":["GET"]}}],"collection":[{"href":"https:\/\/calafat.cat\/index.php\/wp-json\/wp\/v2\/pages"}],"about":[{"href":"https:\/\/calafat.cat\/index.php\/wp-json\/wp\/v2\/types\/page"}],"author":[{"embeddable":true,"href":"https:\/\/calafat.cat\/index.php\/wp-json\/wp\/v2\/users\/1"}],"replies":[{"embeddable":true,"href":"https:\/\/calafat.cat\/index.php\/wp-json\/wp\/v2\/comments?post=2164"}],"version-history":[{"count":7,"href":"https:\/\/calafat.cat\/index.php\/wp-json\/wp\/v2\/pages\/2164\/revisions"}],"predecessor-version":[{"id":3353,"href":"https:\/\/calafat.cat\/index.php\/wp-json\/wp\/v2\/pages\/2164\/revisions\/3353"}],"wp:attachment":[{"href":"https:\/\/calafat.cat\/index.php\/wp-json\/wp\/v2\/media?parent=2164"}],"curies":[{"name":"wp","href":"https:\/\/api.w.org\/{rel}","templated":true}]}}