{"id":2169,"date":"2022-05-02T11:01:05","date_gmt":"2022-05-02T11:01:05","guid":{"rendered":"http:\/\/calafat.cat\/?page_id=2169"},"modified":"2022-05-12T16:20:35","modified_gmt":"2022-05-12T16:20:35","slug":"2010-3","status":"publish","type":"page","link":"https:\/\/calafat.cat\/index.php\/2010-3\/","title":{"rendered":"2010"},"content":{"rendered":"\n<p><a href=\"http:\/\/calafat.cat\/index.php\/al-cor-de-la-immensitat-2\/\" data-type=\"page\" data-id=\"1681\">Al cor de la immensitat<\/a><\/p>\n\n\n\n<figure class=\"wp-block-image size-full\"><img loading=\"lazy\" decoding=\"async\" width=\"50\" height=\"40\" src=\"http:\/\/calafat.cat\/wp-content\/uploads\/2022\/05\/80.jpeg\" alt=\"\" class=\"wp-image-2273\"\/><\/figure>\n\n\n\n<p><\/p>\n\n\n\n<p>Toni Moll\u00e0 \u00e9s un autor que procedeix de l\u2019escriptura dura de la socioling\u00fcista i l\u2019assaig (<em>Manual de socioling\u00fc\u00edstica<\/em>,&nbsp;<em>Quina pol\u00edtica ling\u00fc\u00edstica?<\/em>, entre altres) i que des fa una d\u00e8cada mira de compaginar-la amb una escriptura m\u00e9s liter\u00e0ria, de tracte m\u00e9s cordial.<\/p>\n\n\n\n<p><a href=\"http:\/\/calafat.cat\/index.php\/el-potencial-de-la-pissarra\/\" data-type=\"page\" data-id=\"1494\">El potencial de la pissarra<\/a><\/p>\n\n\n\n<figure class=\"wp-block-image size-full\"><img loading=\"lazy\" decoding=\"async\" width=\"50\" height=\"38\" src=\"http:\/\/calafat.cat\/wp-content\/uploads\/2022\/05\/81.jpeg\" alt=\"\" class=\"wp-image-2274\"\/><\/figure>\n\n\n\n<p><\/p>\n\n\n\n<p>Edicions Bromera des dels seus inicis \u00e9s una aventura vinculada a l\u2019educaci\u00f3, a proporcionar lectures adequades als distints nivells d\u2019ensenyament i a un ventall ample d\u2019interessos connectats amb els joves.<\/p>\n\n\n\n<p><a href=\"http:\/\/calafat.cat\/index.php\/el-valor-del-dolor\/\" data-type=\"page\" data-id=\"1496\">El valor del dolor<\/a><\/p>\n\n\n\n<figure class=\"wp-block-image size-full\"><img loading=\"lazy\" decoding=\"async\" width=\"50\" height=\"50\" src=\"http:\/\/calafat.cat\/wp-content\/uploads\/2022\/05\/82-1.jpeg\" alt=\"\" class=\"wp-image-2277\"\/><\/figure>\n\n\n\n<p><\/p>\n\n\n\n<p>De la poesia d\u2019Anna Montero, els lectors sovint en destaquen la sensibilitat, la retic\u00e8ncia, un to t\u00e8nue i un repertori d\u2019imatges que ofereixen una mina de reverberacions. Encara que ho fem, no podem oblidar que sota la seda del vers corre la tensi\u00f3 continguda.<\/p>\n\n\n\n<p><a href=\"http:\/\/calafat.cat\/index.php\/entrevista-a-ferran-torrent-necessite-un-argument-necessite-uns-personatges-em-cal-que-els-personatges-estiguen-connectats-a-la-vida-em-cal-que-el-lector-senta-la-mateixa-passio-al-llegir\/\" data-type=\"page\" data-id=\"1500\">Entrevista a Ferran Torrent: \u201cNecessite un argument, necessite uns personatges, em cal que els personatges estiguen connectats a la vida, em cal que el lector senta la mateixa passi\u00f3 al llegir que jo tinc a escriure\u201d<\/a><\/p>\n\n\n\n<figure class=\"wp-block-image size-full\"><img loading=\"lazy\" decoding=\"async\" width=\"50\" height=\"50\" src=\"http:\/\/calafat.cat\/wp-content\/uploads\/2022\/05\/83-1.jpeg\" alt=\"\" class=\"wp-image-2278\"\/><\/figure>\n\n\n\n<p><\/p>\n\n\n\n<p>A prop\u00f2sit de la jornada sobre l\u2019obra de Ferran Torrent, entrevistem l\u2019autor amb la finalitat que ens parle directament sobre el seu univers narratiu, sobre l\u2019evoluci\u00f3 de la seua obra i els neguits i afanys literaris que li preocupen en el present.<\/p>\n\n\n\n<p><a href=\"http:\/\/calafat.cat\/index.php\/fertil-ferida-lluminosa-2\/\" data-type=\"page\" data-id=\"1988\">F\u00e8rtil ferida lluminosa<\/a><\/p>\n\n\n\n<figure class=\"wp-block-image size-full\"><img loading=\"lazy\" decoding=\"async\" width=\"50\" height=\"20\" src=\"http:\/\/calafat.cat\/wp-content\/uploads\/2022\/05\/84.jpeg\" alt=\"\" class=\"wp-image-2279\"\/><\/figure>\n\n\n\n<p><\/p>\n\n\n\n<p><em>Magrana<\/em>, del 2005, va representar el retorn de Joan Navarro a l\u2019actualitat po\u00e8tica.<\/p>\n\n\n\n<p><a href=\"http:\/\/calafat.cat\/index.php\/larrasada-terra-de-la-fortuna-3\/\" data-type=\"page\" data-id=\"1884\">L\u2019arrasada terra de la fortuna<\/a><\/p>\n\n\n\n<figure class=\"wp-block-image size-full\"><img loading=\"lazy\" decoding=\"async\" width=\"50\" height=\"50\" src=\"http:\/\/calafat.cat\/wp-content\/uploads\/2022\/05\/85.jpeg\" alt=\"\" class=\"wp-image-2280\"\/><\/figure>\n\n\n\n<p><\/p>\n\n\n\n<p>Si Erasme al\u00e7ara el cap, sens dubte inclouria en&nbsp;<em>Elogi de la follia<\/em>&nbsp;l\u2019actual govern valenci\u00e0 i la llista llarga de desficacis que la seua actuaci\u00f3 i les seues pol\u00edtiques generen.<\/p>\n\n\n\n<p><a href=\"http:\/\/calafat.cat\/index.php\/lart-no-satura-els-camins-de-la-renovacio-de-la-literatura-en-llengua-catalana-2\/\" data-type=\"page\" data-id=\"1864\">L\u2019art no s\u2019atura. Els camins de la renovaci\u00f3 de la literatura en llengua catalana<\/a><\/p>\n\n\n\n<figure class=\"wp-block-image size-full\"><img loading=\"lazy\" decoding=\"async\" width=\"50\" height=\"50\" src=\"http:\/\/calafat.cat\/wp-content\/uploads\/2022\/05\/86.jpeg\" alt=\"\" class=\"wp-image-2281\"\/><\/figure>\n\n\n\n<p><\/p>\n\n\n\n<p>Qualifiquem alegrement els anys 70 dels segle passat com la d\u00e8cada que promogu\u00e9 tots els deliris literaris possibles i per haver.<\/p>\n\n\n\n<p><a href=\"http:\/\/calafat.cat\/index.php\/quan-el-somni-era-la-vida-2\/\" data-type=\"page\" data-id=\"1890\">Quan el somni era la vida<\/a><\/p>\n\n\n\n<figure class=\"wp-block-image size-full\"><img loading=\"lazy\" decoding=\"async\" width=\"50\" height=\"50\" src=\"http:\/\/calafat.cat\/wp-content\/uploads\/2022\/05\/87.jpeg\" alt=\"\" class=\"wp-image-2282\"\/><\/figure>\n\n\n\n<p><\/p>\n\n\n\n<p>En els darrers temps la hist\u00f2ria s\u2019ha accelerat tant que ha trastocat profundament la vida dels homes, ja que abans \u2014si m\u00e9s no, ho pensem\u2014 entre mort i vida podia passar un per\u00edode d\u2019hist\u00f2ria; ara, vivim transportats per dos o m\u00e9s. Aquest \u00e9s el repte de Ferran Torrent en Bulevard dels Francesos.<\/p>\n\n\n\n<p><a href=\"http:\/\/calafat.cat\/index.php\/qui-passa-fira-llibres-empeny\/\" data-type=\"page\" data-id=\"1510\">Qui passa fira, llibres empeny<\/a><\/p>\n\n\n\n<figure class=\"wp-block-image size-full\"><img loading=\"lazy\" decoding=\"async\" width=\"50\" height=\"27\" src=\"http:\/\/calafat.cat\/wp-content\/uploads\/2022\/05\/88.jpeg\" alt=\"\" class=\"wp-image-2283\"\/><\/figure>\n\n\n\n<p><\/p>\n\n\n\n<p>Les cerim\u00f2nies anuals de la Fira del Llibre poden semblar un ritual habitual, per\u00f2 darrere seu hi ha els esfor\u00e7os i les esperances dels protagonistes \u2014escriptors, il\u00b7lustradors, editors i llibreters\u2014 de seduir els lectors amb petits miracles.<\/p>\n\n\n\n<p><a href=\"http:\/\/calafat.cat\/index.php\/un-alfabet-de-mons-literaris\/\" data-type=\"page\" data-id=\"2699\">Un alfabet de mons literaris<\/a><\/p>\n\n\n\n<figure class=\"wp-block-image size-full\"><img loading=\"lazy\" decoding=\"async\" width=\"50\" height=\"34\" src=\"http:\/\/calafat.cat\/wp-content\/uploads\/2022\/05\/89.jpeg\" alt=\"\" class=\"wp-image-2284\"\/><\/figure>\n\n\n\n<p><\/p>\n\n\n\n<p>Els lectors d\u2019aquest Quadern coneixen de sobres els interessos i bondats de la prosa dels articles d\u2019Enric S\u00f2ria, per\u00f2 quan obrim un llibre seu ens submergim en un viatge fabul\u00f3s d\u2019entusiasmes, indicis, curiositat sempre desperta i reflexions, de vegades incisives i pol\u00e8miques, per\u00f2 des d\u2019una act<\/p>\n\n\n\n<p><a href=\"http:\/\/calafat.cat\/index.php\/un-mon-gran-i-terrible\/\" data-type=\"page\" data-id=\"1514\">Un m\u00f3n gran i terrible<\/a><\/p>\n\n\n\n<figure class=\"wp-block-image size-full\"><img loading=\"lazy\" decoding=\"async\" width=\"50\" height=\"35\" src=\"http:\/\/calafat.cat\/wp-content\/uploads\/2022\/05\/90.jpeg\" alt=\"\" class=\"wp-image-2285\"\/><\/figure>\n\n\n\n<p><\/p>\n\n\n\n<p>Qu\u00e8 du a transfigurar-se en Unai Siset autors tan diferents com P.Alapont, M.Baixauli, V.Borr\u00e0s, E.Camps, A.Greus, U.Lozano i V.Us\u00f3? Diversos motius.<\/p>\n\n\n\n<p><a href=\"http:\/\/calafat.cat\/index.php\/un-ram-de-llum\/\" data-type=\"page\" data-id=\"1516\">Un ram de llum<\/a><\/p>\n\n\n\n<p><\/p>\n\n\n\n<figure class=\"wp-block-image size-full\"><img loading=\"lazy\" decoding=\"async\" width=\"50\" height=\"35\" src=\"http:\/\/calafat.cat\/wp-content\/uploads\/2022\/05\/91.jpeg\" alt=\"\" class=\"wp-image-2286\"\/><\/figure>\n\n\n\n<p>H\u00e8cuba, protagonista del mon\u00f2leg central de&nbsp;<em>Dones, dones, dones<\/em>, \u00e9s la cobertura m\u00edtica que irradia l\u2019obra per ser l\u2019emblema de la dona de tots els temps i el clam per la llibertat i la dignitat del g\u00e8nere femen\u00ed.<\/p>\n\n\n\n<p><a href=\"http:\/\/calafat.cat\/index.php\/una-granota-en-cada-paraula\/\" data-type=\"page\" data-id=\"1518\">Una granota en cada paraula<\/a><\/p>\n\n\n\n<figure class=\"wp-block-image size-full\"><img loading=\"lazy\" decoding=\"async\" width=\"50\" height=\"50\" src=\"http:\/\/calafat.cat\/wp-content\/uploads\/2022\/05\/92.jpeg\" alt=\"\" class=\"wp-image-2287\"\/><\/figure>\n\n\n\n<p><\/p>\n\n\n\n<p>Rafa Gomar \u00e9s un dels noms que falca la nostra narrativa, encara que segurament no siga d\u2019aquells que sonen en el bombo de les apostes.<\/p>\n\n\n\n<p><a href=\"http:\/\/calafat.cat\/index.php\/una-historia-sovint-amagada\/\" data-type=\"page\" data-id=\"1520\">Una hist\u00f2ria sovint amagada<\/a><\/p>\n\n\n\n<figure class=\"wp-block-image size-full\"><img loading=\"lazy\" decoding=\"async\" width=\"50\" height=\"37\" src=\"http:\/\/calafat.cat\/wp-content\/uploads\/2022\/05\/93.jpeg\" alt=\"\" class=\"wp-image-2288\"\/><\/figure>\n\n\n\n<p>Des dels finals dels anys setanta del segle passat el tema del pa\u00eds trastocava Val\u00e8ncia. Hi havia vies diverses d\u2019aproximaci\u00f3. Una, la m\u00e9s seriosa, el tractava des del punt de vista de la identitat i maldava per assajar una reconstrucci\u00f3 dels components socials i ideol\u00f2gics del territori.<\/p>\n","protected":false},"excerpt":{"rendered":"<p>Al cor de la immensitat Toni Moll\u00e0 \u00e9s un autor que procedeix de l\u2019escriptura dura de la socioling\u00fcista i l\u2019assaig (Manual de socioling\u00fc\u00edstica,&nbsp;Quina pol\u00edtica ling\u00fc\u00edstica?, entre altres) i que des fa una d\u00e8cada mira de compaginar-la amb una escriptura m\u00e9s liter\u00e0ria, de tracte m\u00e9s cordial. El potencial de la pissarra Edicions Bromera des dels seus &#8230; <a title=\"2010\" class=\"read-more\" href=\"https:\/\/calafat.cat\/index.php\/2010-3\/\" aria-label=\"M\u00e1s en 2010\">Leer m\u00e1s<\/a><\/p>\n","protected":false},"author":1,"featured_media":0,"parent":0,"menu_order":0,"comment_status":"closed","ping_status":"closed","template":"","meta":{"footnotes":""},"class_list":["post-2169","page","type-page","status-publish"],"_links":{"self":[{"href":"https:\/\/calafat.cat\/index.php\/wp-json\/wp\/v2\/pages\/2169","targetHints":{"allow":["GET"]}}],"collection":[{"href":"https:\/\/calafat.cat\/index.php\/wp-json\/wp\/v2\/pages"}],"about":[{"href":"https:\/\/calafat.cat\/index.php\/wp-json\/wp\/v2\/types\/page"}],"author":[{"embeddable":true,"href":"https:\/\/calafat.cat\/index.php\/wp-json\/wp\/v2\/users\/1"}],"replies":[{"embeddable":true,"href":"https:\/\/calafat.cat\/index.php\/wp-json\/wp\/v2\/comments?post=2169"}],"version-history":[{"count":7,"href":"https:\/\/calafat.cat\/index.php\/wp-json\/wp\/v2\/pages\/2169\/revisions"}],"predecessor-version":[{"id":3408,"href":"https:\/\/calafat.cat\/index.php\/wp-json\/wp\/v2\/pages\/2169\/revisions\/3408"}],"wp:attachment":[{"href":"https:\/\/calafat.cat\/index.php\/wp-json\/wp\/v2\/media?parent=2169"}],"curies":[{"name":"wp","href":"https:\/\/api.w.org\/{rel}","templated":true}]}}