{"id":2179,"date":"2022-05-02T11:32:37","date_gmt":"2022-05-02T11:32:37","guid":{"rendered":"http:\/\/calafat.cat\/?page_id=2179"},"modified":"2022-05-17T12:31:39","modified_gmt":"2022-05-17T12:31:39","slug":"2015-2","status":"publish","type":"page","link":"https:\/\/calafat.cat\/index.php\/2015-2\/","title":{"rendered":"2015"},"content":{"rendered":"\n<p><a href=\"http:\/\/calafat.cat\/index.php\/buscar-se-en-la-memoria-2\/\" data-type=\"page\" data-id=\"1637\">Buscar-se en la mem\u00f2ria<\/a><\/p>\n\n\n\n<figure class=\"wp-block-image size-full\"><img loading=\"lazy\" decoding=\"async\" width=\"50\" height=\"50\" src=\"http:\/\/calafat.cat\/wp-content\/uploads\/2022\/05\/170.jpeg\" alt=\"\" class=\"wp-image-2361\"\/><\/figure>\n\n\n\n<p>Les guerres acaben. \u00c9s cert, per\u00f2 no per a tots, si m\u00e9s no en alguns punts els efectes continuen. Milions de persones tingueren aquesta experi\u00e8ncia al final de la Segona Guerra Mundial.<\/p>\n\n\n\n<p><a href=\"http:\/\/calafat.cat\/index.php\/dietari-dues-vides-que-sautoalimenten\/\" data-type=\"page\" data-id=\"1611\">Dietari: dues vides que s\u2019autoalimenten<\/a><\/p>\n\n\n\n<figure class=\"wp-block-image size-full\"><img loading=\"lazy\" decoding=\"async\" width=\"50\" height=\"33\" src=\"http:\/\/calafat.cat\/wp-content\/uploads\/2022\/05\/171.jpeg\" alt=\"\" class=\"wp-image-2362\"\/><\/figure>\n\n\n\n<p>\u201cL\u2019escriptura \u00e9s l\u2019afirmaci\u00f3 de la vida pr\u00f2pia\u201d, observa Vicent Alonso. Per\u00f2 el jo de paper \u00e9s el jo real? Conscient del terreny moved\u00eds on es mou, l\u2019autor una vegada i una altra vegada torna sobre la q\u00fcesti\u00f3 per tal que s\u2019entenga l\u2019objectiu i la seua implicaci\u00f3.<\/p>\n\n\n\n<p><a href=\"http:\/\/calafat.cat\/index.php\/dos-universos-narratius\/\" data-type=\"page\" data-id=\"1071\">Dos universos narratius<\/a><\/p>\n\n\n\n<figure class=\"wp-block-image size-full\"><img loading=\"lazy\" decoding=\"async\" width=\"50\" height=\"39\" src=\"http:\/\/calafat.cat\/wp-content\/uploads\/2022\/05\/172-1.jpeg\" alt=\"\" class=\"wp-image-2375\"\/><\/figure>\n\n\n\n<p>Ning\u00fa negar\u00e0 que els moments actuals s\u00f3n totalment incerts per a la literatura en catal\u00e0 al nostre pa\u00eds. El lector en coneix de sobres les raons. No hi insistir\u00e9.<\/p>\n\n\n\n<p><a href=\"http:\/\/calafat.cat\/index.php\/drames-constituents\/\" data-type=\"page\" data-id=\"1615\">Drames constituents<\/a><\/p>\n\n\n\n<figure class=\"wp-block-image size-full\"><img loading=\"lazy\" decoding=\"async\" width=\"50\" height=\"33\" src=\"http:\/\/calafat.cat\/wp-content\/uploads\/2022\/05\/188-1.jpeg\" alt=\"\" class=\"wp-image-2376\"\/><\/figure>\n\n\n\n<p>Raquel Ricart era una narradora discreta fins que amb l&#8217;aparici\u00f3 de&nbsp;<em>Les ratlles de la vida<\/em>&nbsp;(2010) f\u00e9u un salt brutal, que el lector pot comprovar amb la publicaci\u00f3 de dos llibres recents.<\/p>\n\n\n\n<p><a href=\"http:\/\/calafat.cat\/index.php\/els-laberints-de-la-historia\/\" data-type=\"page\" data-id=\"1617\">Els laberints de la hist\u00f2ria<\/a><\/p>\n\n\n\n<figure class=\"wp-block-image size-full\"><img loading=\"lazy\" decoding=\"async\" width=\"50\" height=\"33\" src=\"http:\/\/calafat.cat\/wp-content\/uploads\/2022\/05\/els-laberints-de-la-historia.r.jpg\" alt=\"\" class=\"wp-image-3649\"\/><\/figure>\n\n\n\n<p><\/p>\n\n\n\n<p>Juli Alandes \u00e9s un d\u2019aquells narradors a qui agrada cabussar-se en els g\u00e8neres for\u00e7a transitats, per\u00f2 l\u2019incomoda deixar-se dur per les convencions massa suades. Li cal esborrar les fites massa fixes i fabricar-se el seu propi itinerari.<\/p>\n\n\n\n<p><a href=\"http:\/\/calafat.cat\/index.php\/latraccio-del-desconegut-3\/\" data-type=\"page\" data-id=\"1647\">L&#8217;atracci\u00f3 del desconegut<\/a><\/p>\n\n\n\n<figure class=\"wp-block-image size-full\"><img loading=\"lazy\" decoding=\"async\" width=\"50\" height=\"30\" src=\"http:\/\/calafat.cat\/wp-content\/uploads\/2022\/05\/175.png\" alt=\"\" class=\"wp-image-2366\"\/><\/figure>\n\n\n\n<p>L\u2019aparici\u00f3 de dones joves mutilades trasbalsen el Par\u00eds de 1897. \u00c9s moment del sorgiment dels sistemes moderns d\u2019investigaci\u00f3 polic\u00edaca i forense, basats en la minuciositat, en el rigor i en l\u2019an\u00e0lisi cient\u00edfica, encarnats en personatge potents: l\u2019inspector B\u00e9ziers i el forense Locard.<\/p>\n\n\n\n<p><a href=\"http:\/\/calafat.cat\/index.php\/la-projeccio-de-la-biografia-2\/\" data-type=\"page\" data-id=\"1649\">La projecci\u00f3 de la biografia<\/a><\/p>\n\n\n\n<figure class=\"wp-block-image size-full\"><img loading=\"lazy\" decoding=\"async\" width=\"50\" height=\"28\" src=\"http:\/\/calafat.cat\/wp-content\/uploads\/2022\/05\/176.png\" alt=\"\" class=\"wp-image-2367\"\/><\/figure>\n\n\n\n<p>La posici\u00f3 de Xavier Serra no \u00e9s f\u00e0cil de situar en les nostres lletres.<\/p>\n\n\n\n<p><a href=\"http:\/\/calafat.cat\/index.php\/les-geografies-literaries-dels-escriptors-valencians-2\/\" data-type=\"page\" data-id=\"1651\">Les geografies liter\u00e0ries dels escriptors valencians<\/a><\/p>\n\n\n\n<figure class=\"wp-block-image size-full\"><img loading=\"lazy\" decoding=\"async\" width=\"50\" height=\"33\" src=\"http:\/\/calafat.cat\/wp-content\/uploads\/2022\/05\/177.jpeg\" alt=\"\" class=\"wp-image-2368\"\/><\/figure>\n\n\n\n<p>Per a un manual d\u2019\u00fas correcte de la literatura catalana al Pa\u00eds Val\u00e8ncia una primera instrucci\u00f3: manipular-ho amb cura. Per les seues condicions, \u00e9s una literatura m\u00e9s esmunyedissa del que sembla i condueix sovint a la confusi\u00f3.<\/p>\n\n\n\n<p><a href=\"http:\/\/calafat.cat\/index.php\/proleg-a-gargots-antologia-de-textos\/\" data-type=\"page\" data-id=\"1625\">Pr\u00f2leg a &#8216;Gargots. Antologia de textos&#8217;<\/a><\/p>\n\n\n\n<figure class=\"wp-block-image size-full\"><img loading=\"lazy\" decoding=\"async\" width=\"50\" height=\"33\" src=\"http:\/\/calafat.cat\/wp-content\/uploads\/2022\/05\/178.jpg\" alt=\"\" class=\"wp-image-2369\"\/><\/figure>\n\n\n\n<p>Les p\u00e0gines que segueixen arrepleguen setze textos de setze escriptors joves apareguts en la revista digital&nbsp;<em>Gargots<\/em>, tota una sorpresa en el panorama literari valenci\u00e0, perqu\u00e8 des de feia anys i panys no apareixia en els corredors de la Facultat de Filologia, Comunicaci\u00f3 i Traducci\u00f3 de Va<\/p>\n\n\n\n<p><a href=\"http:\/\/calafat.cat\/index.php\/traficants-de-viatges-i-paraules-2\/\" data-type=\"page\" data-id=\"1655\">Traficants de viatges i paraules<\/a><\/p>\n\n\n\n<figure class=\"wp-block-image size-full\"><img loading=\"lazy\" decoding=\"async\" width=\"50\" height=\"31\" src=\"http:\/\/calafat.cat\/wp-content\/uploads\/2022\/05\/179.jpeg\" alt=\"\" class=\"wp-image-2370\"\/><\/figure>\n\n\n\n<p>Joan Benesiu acaba de publicar&nbsp;<em>Gegants de gel<\/em>, una novel\u00b7la inquietant i enlluernadora alhora. Qui \u00e9s Joan Benesiu?, es preguntar\u00e0 el lector. Abans de contestar, cal fer cinc c\u00e8ntims sobre alguns fils que cusen el seu univers narratiu. Joan Benesiu no \u00e9s Joan Benesiu.<\/p>\n\n\n\n<p><a href=\"http:\/\/calafat.cat\/index.php\/un-viatge-per-la-prosa-i-poesia-mes-recent-3\/\" data-type=\"page\" data-id=\"2026\">Un viatge per la prosa i poesia m\u00e9s recent<\/a><\/p>\n\n\n\n<figure class=\"wp-block-image size-full\"><img loading=\"lazy\" decoding=\"async\" width=\"50\" height=\"37\" src=\"http:\/\/calafat.cat\/wp-content\/uploads\/2022\/05\/180.jpg\" alt=\"\" class=\"wp-image-2371\"\/><\/figure>\n\n\n\n<p>Parlar de la crisi que viu el llibre \u00e9s a hores d\u2019ara un t\u00f2pic, un t\u00f2pic inevitable, perqu\u00e8 amaga un drama com una seu: caiguda de vendes, desaparici\u00f3 de llibreries, editorials que tanquen les portes.<\/p>\n\n\n\n<p><a href=\"http:\/\/calafat.cat\/index.php\/una-balena-al-cor-de-la-ciutat-2\/\" data-type=\"page\" data-id=\"1659\">Una balena al cor de la ciutat<\/a><\/p>\n\n\n\n<figure class=\"wp-block-image size-full\"><img loading=\"lazy\" decoding=\"async\" width=\"50\" height=\"50\" src=\"http:\/\/calafat.cat\/wp-content\/uploads\/2022\/05\/181-1.jpeg\" alt=\"\" class=\"wp-image-2374\"\/><\/figure>\n\n\n\n<p>Adolf Beltran \u00e9s un dels periodistes valencians que posseeix una \u201cautoritat moral\u201d ben reconeguda per la profunda responsabilitat amb qu\u00e8 encara el treball: \u00e9s ben palesa la seua obsessi\u00f3 per auscultar la realitat valenciana \u2013i no nom\u00e9s valenciana\u2013 en totes les variants \u2013pol\u00edtica, urbanisme, ciut<\/p>\n\n\n\n<p><a href=\"http:\/\/calafat.cat\/index.php\/una-valencia-oberta-en-canal-2\/\" data-type=\"page\" data-id=\"1661\">Una Val\u00e8ncia oberta en canal<\/a><\/p>\n\n\n\n<figure class=\"wp-block-image size-full\"><img loading=\"lazy\" decoding=\"async\" width=\"50\" height=\"33\" src=\"http:\/\/calafat.cat\/wp-content\/uploads\/2022\/05\/182.jpeg\" alt=\"\" class=\"wp-image-2373\"\/><\/figure>\n\n\n\n<p><\/p>\n\n\n\n<p>Ferran Torrent l\u2019any 2011 f\u00e9u una parada en la l\u00ednia narrativa encetada amb la trilogia que obria&nbsp;<em>Societat limitada<\/em>&nbsp;(2002), alguns aspectes de la qual s\u2019eixamplaven en&nbsp;<em>Bulevard dels francesos<\/em>&nbsp;(2010).<\/p>\n","protected":false},"excerpt":{"rendered":"<p>Buscar-se en la mem\u00f2ria Les guerres acaben. \u00c9s cert, per\u00f2 no per a tots, si m\u00e9s no en alguns punts els efectes continuen. Milions de persones tingueren aquesta experi\u00e8ncia al final de la Segona Guerra Mundial. Dietari: dues vides que s\u2019autoalimenten \u201cL\u2019escriptura \u00e9s l\u2019afirmaci\u00f3 de la vida pr\u00f2pia\u201d, observa Vicent Alonso. Per\u00f2 el jo de &#8230; <a title=\"2015\" class=\"read-more\" href=\"https:\/\/calafat.cat\/index.php\/2015-2\/\" aria-label=\"M\u00e1s en 2015\">Leer m\u00e1s<\/a><\/p>\n","protected":false},"author":1,"featured_media":0,"parent":0,"menu_order":0,"comment_status":"closed","ping_status":"closed","template":"","meta":{"footnotes":""},"class_list":["post-2179","page","type-page","status-publish"],"_links":{"self":[{"href":"https:\/\/calafat.cat\/index.php\/wp-json\/wp\/v2\/pages\/2179","targetHints":{"allow":["GET"]}}],"collection":[{"href":"https:\/\/calafat.cat\/index.php\/wp-json\/wp\/v2\/pages"}],"about":[{"href":"https:\/\/calafat.cat\/index.php\/wp-json\/wp\/v2\/types\/page"}],"author":[{"embeddable":true,"href":"https:\/\/calafat.cat\/index.php\/wp-json\/wp\/v2\/users\/1"}],"replies":[{"embeddable":true,"href":"https:\/\/calafat.cat\/index.php\/wp-json\/wp\/v2\/comments?post=2179"}],"version-history":[{"count":9,"href":"https:\/\/calafat.cat\/index.php\/wp-json\/wp\/v2\/pages\/2179\/revisions"}],"predecessor-version":[{"id":3687,"href":"https:\/\/calafat.cat\/index.php\/wp-json\/wp\/v2\/pages\/2179\/revisions\/3687"}],"wp:attachment":[{"href":"https:\/\/calafat.cat\/index.php\/wp-json\/wp\/v2\/media?parent=2179"}],"curies":[{"name":"wp","href":"https:\/\/api.w.org\/{rel}","templated":true}]}}