{"id":2181,"date":"2022-05-02T11:33:03","date_gmt":"2022-05-02T11:33:03","guid":{"rendered":"http:\/\/calafat.cat\/?page_id=2181"},"modified":"2022-05-17T13:09:18","modified_gmt":"2022-05-17T13:09:18","slug":"2016-3","status":"publish","type":"page","link":"https:\/\/calafat.cat\/index.php\/2016-3\/","title":{"rendered":"2016"},"content":{"rendered":"\n<p><a href=\"http:\/\/calafat.cat\/index.php\/combat-sense-treva-contra-loblit\/\" data-type=\"page\" data-id=\"1665\">Combat sense treva contra l&#8217;oblit<\/a><\/p>\n\n\n\n<figure class=\"wp-block-image size-full\"><img loading=\"lazy\" decoding=\"async\" width=\"50\" height=\"28\" src=\"http:\/\/calafat.cat\/wp-content\/uploads\/2022\/05\/190.png\" alt=\"\" class=\"wp-image-2379\"\/><\/figure>\n\n\n\n<p>Un llibre valent en un moment en qu\u00e8 predomina el caramel literari. Cerca el gaudi est\u00e8tic, per\u00f2 defuig la vaselina. \u00c9s una novella de construcci\u00f3 complexa, feta de colps directes a l&#8217;est\u00f3mac, a l&#8217;emoci\u00f3 i al cervell.<\/p>\n\n\n\n<p><a href=\"http:\/\/calafat.cat\/index.php\/dies-de-llibres\/\" data-type=\"page\" data-id=\"830\">Dies de llibres<\/a><\/p>\n\n\n\n<figure class=\"wp-block-image size-full\"><img loading=\"lazy\" decoding=\"async\" width=\"50\" height=\"37\" src=\"http:\/\/calafat.cat\/wp-content\/uploads\/2022\/05\/191.jpeg\" alt=\"\" class=\"wp-image-2380\"\/><\/figure>\n\n\n\n<p>Comen\u00e7a la Fira del Llibre (del 20 d&#8217;abril a l&#8217;1 de maig). Com totes les cerim\u00f2nies, t\u00e9 els seus rituals, per\u00f2 tamb\u00e9 un entusiasme renovat. Com tot els anys? S\u00ed, i no. S\u2019hi respira un altre aire. No \u00e9s una cosa escandalosa. No hi ha diners, tot s\u2019ha de dir, o ben pocs.<\/p>\n\n\n\n<p><a href=\"http:\/\/calafat.cat\/index.php\/els-focs-dels-secrets\/\" data-type=\"page\" data-id=\"1669\">Els focs dels secrets<\/a><\/p>\n\n\n\n<figure class=\"wp-block-image size-full\"><img loading=\"lazy\" decoding=\"async\" width=\"50\" height=\"35\" src=\"http:\/\/calafat.cat\/wp-content\/uploads\/2022\/05\/192.jpeg\" alt=\"\" class=\"wp-image-2381\"\/><\/figure>\n\n\n\n<p><\/p>\n\n\n\n<p>Despr\u00e9s de diverses novel\u00b7les, com&nbsp;<em>El m\u00fasic del bulevard Rossini<\/em>&nbsp;o&nbsp;<em>La m\u00e0 de ning\u00fa<\/em>, on es centrava en l\u2019actualitat, Vicent Us\u00f3 ara, sense abandonar-la, torna a un dels temes claus de la seua obra: la guerra i la postguerra.<\/p>\n\n\n\n<p><a href=\"http:\/\/calafat.cat\/index.php\/la-bellesa-de-la-convulsio-2\/\" data-type=\"page\" data-id=\"2004\">La bellesa de la convulsi\u00f3<\/a><\/p>\n\n\n\n<figure class=\"wp-block-image size-full\"><img loading=\"lazy\" decoding=\"async\" width=\"50\" height=\"28\" src=\"http:\/\/calafat.cat\/wp-content\/uploads\/2022\/05\/193.png\" alt=\"\" class=\"wp-image-2382\"\/><\/figure>\n\n\n\n<p><\/p>\n\n\n\n<p>Edicions de 1984 s&#8217;ha convertit en un referent de les traduccions d&#8217;obres completes de poesia i tries grosses de poetes rellevants de la poesia moderna. Fins ara el lector ha pogut gaudir d&#8217;Akhm\u00e0tova, Brodsky, Withman i Mandelstam. Ara li ha tocat el torn a Yeats (1865-1939), de m\u00e0 de Josep M.<\/p>\n\n\n\n<p><a href=\"http:\/\/calafat.cat\/index.php\/lobertura-de-mires-enmig-de-la-tragedia\/\" data-type=\"page\" data-id=\"1673\">L\u2019obertura de mires enmig de la trag\u00e8dia<\/a><\/p>\n\n\n\n<figure class=\"wp-block-image size-full\"><img loading=\"lazy\" decoding=\"async\" width=\"50\" height=\"38\" src=\"http:\/\/calafat.cat\/wp-content\/uploads\/2022\/05\/194.jpeg\" alt=\"\" class=\"wp-image-2383\"\/><\/figure>\n\n\n\n<p>Mart\u00ed Dom\u00ednguez, a trav\u00e9s de les novel\u00b7les dedicades al comte Buffon, al pintor Tischbein i a Goethe, a Voltaire i a C\u00e9zanne, ha aconseguit ordir un ambici\u00f3s cicle novel\u00b7l\u00edstic que, cosit amb una f\u00f3rmula \u00e0gil i ben greixada de difondre idees, ens mostra l\u2019evoluci\u00f3 de la modernitat i dels meandres<\/p>\n\n\n\n<p><a href=\"http:\/\/calafat.cat\/index.php\/setge-literari-a-la-tardor\/\" data-type=\"page\" data-id=\"2681\">Setge literari a la tardor<\/a><\/p>\n\n\n\n<figure class=\"wp-block-image size-full\"><img loading=\"lazy\" decoding=\"async\" width=\"50\" height=\"28\" src=\"http:\/\/calafat.cat\/wp-content\/uploads\/2022\/05\/195.jpeg\" alt=\"\" class=\"wp-image-2384\"\/><\/figure>\n\n\n\n<p><\/p>\n","protected":false},"excerpt":{"rendered":"<p>Combat sense treva contra l&#8217;oblit Un llibre valent en un moment en qu\u00e8 predomina el caramel literari. Cerca el gaudi est\u00e8tic, per\u00f2 defuig la vaselina. \u00c9s una novella de construcci\u00f3 complexa, feta de colps directes a l&#8217;est\u00f3mac, a l&#8217;emoci\u00f3 i al cervell. Dies de llibres Comen\u00e7a la Fira del Llibre (del 20 d&#8217;abril a l&#8217;1 &#8230; <a title=\"2016\" class=\"read-more\" href=\"https:\/\/calafat.cat\/index.php\/2016-3\/\" aria-label=\"M\u00e1s en 2016\">Leer m\u00e1s<\/a><\/p>\n","protected":false},"author":1,"featured_media":0,"parent":0,"menu_order":0,"comment_status":"closed","ping_status":"closed","template":"","meta":{"footnotes":""},"class_list":["post-2181","page","type-page","status-publish"],"_links":{"self":[{"href":"https:\/\/calafat.cat\/index.php\/wp-json\/wp\/v2\/pages\/2181","targetHints":{"allow":["GET"]}}],"collection":[{"href":"https:\/\/calafat.cat\/index.php\/wp-json\/wp\/v2\/pages"}],"about":[{"href":"https:\/\/calafat.cat\/index.php\/wp-json\/wp\/v2\/types\/page"}],"author":[{"embeddable":true,"href":"https:\/\/calafat.cat\/index.php\/wp-json\/wp\/v2\/users\/1"}],"replies":[{"embeddable":true,"href":"https:\/\/calafat.cat\/index.php\/wp-json\/wp\/v2\/comments?post=2181"}],"version-history":[{"count":6,"href":"https:\/\/calafat.cat\/index.php\/wp-json\/wp\/v2\/pages\/2181\/revisions"}],"predecessor-version":[{"id":3713,"href":"https:\/\/calafat.cat\/index.php\/wp-json\/wp\/v2\/pages\/2181\/revisions\/3713"}],"wp:attachment":[{"href":"https:\/\/calafat.cat\/index.php\/wp-json\/wp\/v2\/media?parent=2181"}],"curies":[{"name":"wp","href":"https:\/\/api.w.org\/{rel}","templated":true}]}}