{"id":2389,"date":"2022-05-03T10:37:17","date_gmt":"2022-05-03T10:37:17","guid":{"rendered":"http:\/\/calafat.cat\/?page_id=2389"},"modified":"2022-05-11T15:23:23","modified_gmt":"2022-05-11T15:23:23","slug":"1996-2","status":"publish","type":"page","link":"https:\/\/calafat.cat\/index.php\/1996-2\/","title":{"rendered":"1996"},"content":{"rendered":"\n<p><a href=\"http:\/\/calafat.cat\/index.php\/ausias-march-poeta-inesgotable-2\/\" data-type=\"page\" data-id=\"1960\">Ausi\u00e0s March, poeta inesgotable<\/a><\/p>\n\n\n\n<figure class=\"wp-block-image size-full\"><img loading=\"lazy\" decoding=\"async\" width=\"50\" height=\"49\" src=\"http:\/\/calafat.cat\/wp-content\/uploads\/2022\/05\/200.jpeg\" alt=\"\" class=\"wp-image-2390\"\/><\/figure>\n\n\n\n<p>L&#8217;obra d&#8217;Ausi\u00e0s March, com la de tot cl\u00e0ssic, \u00e9s una obra que mai no acaba de dir el que ha de dir. Per aix\u00f2 l&#8217;aparici\u00f3 de lectures cr\u00edtiques il\u00b7luminen racons que ens resultaven obscurs i aporten perspectives que obren noves vies d&#8217;acc\u00e9s a la riquesa latent dels versos del gran poeta valenci\u00e0.<\/p>\n\n\n\n<p><a href=\"http:\/\/calafat.cat\/index.php\/carlins-a-la-deriva\/\" data-type=\"page\" data-id=\"1230\">Carlins a la deriva<\/a><\/p>\n\n\n\n<figure class=\"wp-block-image size-full\"><img loading=\"lazy\" decoding=\"async\" width=\"50\" height=\"38\" src=\"http:\/\/calafat.cat\/wp-content\/uploads\/2022\/05\/carlins-a-la-deriva-2-1.jpeg\" alt=\"\" class=\"wp-image-2935\"\/><\/figure>\n\n\n\n<p>Josep N. Santaeul\u00e0lia tria en el seu bateig com a novel\u00b7lista les guerres carlines. Un tema ja freq\u00fcentat per alguns narradors actuals, com ara Joan Perucho, amb la novel\u00b7la&nbsp;<em>Les hist\u00f2ries naturals<\/em>&nbsp;o Emili Teixidor, amb la novel\u00b7la juvenil&nbsp;<em>Cor de Coure<\/em>.<\/p>\n\n\n\n<p><a href=\"http:\/\/calafat.cat\/index.php\/el-mite-del-cos-mai-no-mor\/\" data-type=\"page\" data-id=\"1232\">El mite del cos mai no mor<\/a><\/p>\n\n\n\n<figure class=\"wp-block-image size-full\"><img loading=\"lazy\" decoding=\"async\" width=\"50\" height=\"33\" src=\"http:\/\/calafat.cat\/wp-content\/uploads\/2022\/05\/202.jpeg\" alt=\"\" class=\"wp-image-2392\"\/><\/figure>\n\n\n\n<p><\/p>\n\n\n\n<p>Gimferrer ocupa un lloc privilegiat i influent. L&#8217;aparici\u00f3 d&#8217;una nova obra seua sempre es converteix en un esdeveniment literari.<\/p>\n\n\n\n<p><a href=\"http:\/\/calafat.cat\/index.php\/iborra-un-home-de-moltes-lletres\/\" data-type=\"page\" data-id=\"1234\">Iborra, un home de moltes lletres<\/a><\/p>\n\n\n\n<figure class=\"wp-block-image size-full\"><img loading=\"lazy\" decoding=\"async\" width=\"50\" height=\"21\" src=\"http:\/\/calafat.cat\/wp-content\/uploads\/2022\/05\/203.jpeg\" alt=\"\" class=\"wp-image-2393\"\/><\/figure>\n\n\n\n<p><\/p>\n\n\n\n<p>El nom de Josep Iborra va associat al dels escriptors de la postguerra que maldaren per superar la barrera d&#8217;una cultura de campanar. I sobretot va lligat a una figura clau, la de Joan Fuster, qui el va estimular en els seus inicis com a escriptor.<\/p>\n\n\n\n<p><a href=\"http:\/\/calafat.cat\/index.php\/itineraris-del-dolor\/\" data-type=\"page\" data-id=\"1236\">Itineraris del dolor<\/a><\/p>\n\n\n\n<figure class=\"wp-block-image size-full\"><img loading=\"lazy\" decoding=\"async\" width=\"50\" height=\"35\" src=\"http:\/\/calafat.cat\/wp-content\/uploads\/2022\/05\/204.jpeg\" alt=\"\" class=\"wp-image-2394\"\/><\/figure>\n\n\n\n<p><\/p>\n\n\n\n<p>L&#8217;autor de&nbsp;<em>La decisi\u00f3 de Sofia<\/em>, relata en aquests emotius contes tres moments significatius en la vida d&#8217;un jove americ\u00e0 dels anys trenta i quaranta.<\/p>\n\n\n\n<p><a href=\"http:\/\/calafat.cat\/index.php\/la-gran-comedia-humana\/\" data-type=\"page\" data-id=\"1238\">La gran com\u00e8dia humana<\/a><\/p>\n\n\n\n<figure class=\"wp-block-image size-full\"><img loading=\"lazy\" decoding=\"async\" width=\"50\" height=\"50\" src=\"http:\/\/calafat.cat\/wp-content\/uploads\/2022\/05\/205.jpeg\" alt=\"\" class=\"wp-image-2395\"\/><\/figure>\n\n\n\n<p><\/p>\n\n\n\n<p>Amb motiu dels vint-i-cinc anys de la mort de Josep Carner, s&#8217;han reeditat algunes de les seus traduccions m\u00e9s celebrades.<\/p>\n\n\n\n<p><a href=\"http:\/\/calafat.cat\/index.php\/les-travessies-nocturnes\/\" data-type=\"page\" data-id=\"1240\">Les travessies nocturnes<\/a><\/p>\n\n\n\n<figure class=\"wp-block-image size-full\"><img loading=\"lazy\" decoding=\"async\" width=\"50\" height=\"28\" src=\"http:\/\/calafat.cat\/wp-content\/uploads\/2022\/05\/206.jpeg\" alt=\"\" class=\"wp-image-2396\"\/><\/figure>\n\n\n\n<p><\/p>\n\n\n\n<p>Tabucchi presenta en el seu \u00faltim llibre&nbsp;<em>Somnis de somnis. Els tres \u00faltims dies de Fernando Pessoa<\/em>, uns relats plens de m\u00e0gia i passi\u00f3 per la literatura.<\/p>\n\n\n\n<p><a href=\"http:\/\/calafat.cat\/index.php\/ombres-duna-ciutat\/\" data-type=\"page\" data-id=\"1242\">Ombres d&#8217;una ciutat<\/a><\/p>\n\n\n\n<figure class=\"wp-block-image size-full\"><img loading=\"lazy\" decoding=\"async\" width=\"50\" height=\"50\" src=\"http:\/\/calafat.cat\/wp-content\/uploads\/2022\/05\/207.jpeg\" alt=\"\" class=\"wp-image-2397\"\/><\/figure>\n\n\n\n<p><\/p>\n\n\n\n<p>Es pot recuperar la llum d&#8217;una posta de sol? \u00c9s possible aferrar un moment d&#8217;ef\u00edmera felicitat? I aturar les gotes de pluja que cauen del cel?<\/p>\n\n\n\n<p><a href=\"http:\/\/calafat.cat\/index.php\/pau-faner-fer-les-ameriques\/\" data-type=\"page\" data-id=\"1244\">Pau Faner: Fer les Am\u00e8riques<\/a><\/p>\n\n\n\n<figure class=\"wp-block-image size-full\"><img loading=\"lazy\" decoding=\"async\" width=\"50\" height=\"37\" src=\"http:\/\/calafat.cat\/wp-content\/uploads\/2022\/05\/208.jpeg\" alt=\"\" class=\"wp-image-2398\"\/><\/figure>\n\n\n\n<p>L&#8217;\u00faltima novel\u00b7la de l&#8217;escriptor Pau Faner,&nbsp;<em>Per una mica d&#8217;amor<\/em>, relata les aventures d&#8217;un menorqu\u00ed del segle XVIII al Nou M\u00f3n.<\/p>\n\n\n\n<p><a href=\"http:\/\/calafat.cat\/index.php\/un-home-darxiu\/\" data-type=\"page\" data-id=\"1246\">Un home d&#8217;arxiu<\/a><\/p>\n\n\n\n<p><\/p>\n\n\n\n<figure class=\"wp-block-image size-full\"><img loading=\"lazy\" decoding=\"async\" width=\"50\" height=\"50\" src=\"http:\/\/calafat.cat\/wp-content\/uploads\/2022\/05\/209.jpeg\" alt=\"\" class=\"wp-image-2399\"\/><\/figure>\n\n\n\n<p>La portentosa capacitat del treball de Rubi\u00f3 i Balaguer, la perspic\u00e0cia i el rigor de la seua voluminosa obra, representen una de les aportacions m\u00e9s grans del present segle a la hist\u00f2ria liter\u00e0ria catalana.<\/p>\n\n\n\n<p><a href=\"http:\/\/calafat.cat\/index.php\/una-nova-antologia-de-poesia-catalana-2\/\" data-type=\"page\" data-id=\"2030\">Una nova antologia de poesia catalana<\/a><\/p>\n\n\n\n<figure class=\"wp-block-image size-full\"><img loading=\"lazy\" decoding=\"async\" width=\"50\" height=\"50\" src=\"http:\/\/calafat.cat\/wp-content\/uploads\/2022\/05\/210.jpeg\" alt=\"\" class=\"wp-image-2400\"\/><\/figure>\n\n\n\n<p><\/p>\n\n\n\n<p>Cada vegada s\u00f3n m\u00e9s habituals les antologies po\u00e8tiques. No tinc massa clar si aix\u00f2 permetr\u00e0 de captar nous lectors per al g\u00e8nere, per\u00f2 hi confie. De totes maneres, una bona part dels consumidors solen ser-ne lectors interessats en poesia.<\/p>\n","protected":false},"excerpt":{"rendered":"<p>Ausi\u00e0s March, poeta inesgotable L&#8217;obra d&#8217;Ausi\u00e0s March, com la de tot cl\u00e0ssic, \u00e9s una obra que mai no acaba de dir el que ha de dir. Per aix\u00f2 l&#8217;aparici\u00f3 de lectures cr\u00edtiques il\u00b7luminen racons que ens resultaven obscurs i aporten perspectives que obren noves vies d&#8217;acc\u00e9s a la riquesa latent dels versos del gran poeta &#8230; <a title=\"1996\" class=\"read-more\" href=\"https:\/\/calafat.cat\/index.php\/1996-2\/\" aria-label=\"M\u00e1s en 1996\">Leer m\u00e1s<\/a><\/p>\n","protected":false},"author":1,"featured_media":0,"parent":0,"menu_order":0,"comment_status":"closed","ping_status":"closed","template":"","meta":{"footnotes":""},"class_list":["post-2389","page","type-page","status-publish"],"_links":{"self":[{"href":"https:\/\/calafat.cat\/index.php\/wp-json\/wp\/v2\/pages\/2389","targetHints":{"allow":["GET"]}}],"collection":[{"href":"https:\/\/calafat.cat\/index.php\/wp-json\/wp\/v2\/pages"}],"about":[{"href":"https:\/\/calafat.cat\/index.php\/wp-json\/wp\/v2\/types\/page"}],"author":[{"embeddable":true,"href":"https:\/\/calafat.cat\/index.php\/wp-json\/wp\/v2\/users\/1"}],"replies":[{"embeddable":true,"href":"https:\/\/calafat.cat\/index.php\/wp-json\/wp\/v2\/comments?post=2389"}],"version-history":[{"count":8,"href":"https:\/\/calafat.cat\/index.php\/wp-json\/wp\/v2\/pages\/2389\/revisions"}],"predecessor-version":[{"id":2975,"href":"https:\/\/calafat.cat\/index.php\/wp-json\/wp\/v2\/pages\/2389\/revisions\/2975"}],"wp:attachment":[{"href":"https:\/\/calafat.cat\/index.php\/wp-json\/wp\/v2\/media?parent=2389"}],"curies":[{"name":"wp","href":"https:\/\/api.w.org\/{rel}","templated":true}]}}