{"id":2596,"date":"2022-05-10T14:37:02","date_gmt":"2022-05-10T14:37:02","guid":{"rendered":"http:\/\/calafat.cat\/?page_id=2596"},"modified":"2022-05-11T11:21:15","modified_gmt":"2022-05-11T11:21:15","slug":"resenya-de","status":"publish","type":"page","link":"https:\/\/calafat.cat\/index.php\/resenya-de\/","title":{"rendered":"Resenya de El comte a Cal\u00e8ncia"},"content":{"rendered":"\n<p>S\u00f3n conegudes les afirmacions contundent de Julio Cort\u00e1zar a prop\u00f2sit de l&#8217;efic\u00e0cia narrativa del conte, i tampoc no s\u00f3n gens menyspreables les observacions de Borges o d&#8217;Edgar Allan Poe, entre altres, sobre un assumpte que no deixa de debatre&#8217;s. En realitat, al marge de la f\u00f3rmula que cada estudi\u00f3s pretenga aportar, tothom est\u00e0 d&#8217;acord que el conte no t\u00e9 res a veure amb la novel\u00b7la, per raons que es vinculem m\u00e9s a l&#8217;especificitat de g\u00e8nere que no amb l&#8217;extensi\u00f3.&nbsp;<em>El conte a Val\u00e8ncia<\/em>, que publica Edicions de la Magrana a c\u00e0rrec de Francesc Calafat, \u00e9s una antologia de relats breus de vuit autors valencians de producci\u00f3 recent, que t\u00e9 el seu origen m\u00e9s remot al&nbsp;<em>Recull de contes valencians<\/em>&nbsp;editat per Joan Fuster el 1958.<\/p>\n\n\n\n<p>Juli Avinent, Rafa Gomar, Josep Lozano i Joan Francesc Mira s\u00f3n alguns dels autors antologats per Calafat, segons un criteri que tracta de proposar-se com a mostra de les \u00faltimes tend\u00e8ncies narratives i dels nous valors del conte valenci\u00e0, en un panorama plural del g\u00e8nere que va des del realisme rural o urb\u00e0 fins al conte amb incursions en l&#8217;absurd. L&#8217;editor inclou en la seua introducci\u00f3 algunes observacions interessants sobre la peculiaritat de la relaci\u00f3 entre conte i novel\u00b7la al Pa\u00eds Valenci\u00e0, tradici\u00f3 que la distingiria tant de la traject\u00f2ria d&#8217;altres produccions del seu entorn com d&#8217;altres cultures m\u00e9s llunyanes.<\/p>\n\n\n\n<p>EL PA\u00cdS, QUADERN, 18\/02\/1999<\/p>\n\n\n\n<div class=\"wp-block-columns alignwide is-layout-flex wp-container-core-columns-is-layout-9d6595d7 wp-block-columns-is-layout-flex\">\n<div class=\"wp-block-column is-layout-flow wp-block-column-is-layout-flow\" style=\"flex-basis:50%\">\n<p>S\u00f3n conegudes les afirmacions contundent de Julio Cort\u00e1zar a prop\u00f2sit de l&#8217;efic\u00e0cia narrativa del conte, i tampoc no s\u00f3n gens menyspreables les observacions de Borges o d&#8217;Edgar Allan Poe, entre altres, sobre un assumpte que no deixa de debatre&#8217;s. En realitat, al marge de la f\u00f3rmula que cada estudi\u00f3s pretenga aportar, tothom est\u00e0 d&#8217;acord que el conte no t\u00e9 res a veure amb la novel\u00b7la, per raons que es vinculem m\u00e9s a l&#8217;especificitat de g\u00e8nere que no amb l&#8217;extensi\u00f3.&nbsp;<em>El conte a Val\u00e8ncia<\/em>, que publica Edicions de la Magrana a c\u00e0rrec de Francesc Calafat, \u00e9s una antologia de relats breus de vuit autors valencians de producci\u00f3 recent, que t\u00e9 el seu origen m\u00e9s remot al&nbsp;<em>Recull de contes valencians<\/em>&nbsp;editat per Joan Fuster el 1958.<\/p>\n\n\n\n<p>Juli Avinent, Rafa Gomar, Josep Lozano i Joan Francesc Mira s\u00f3n alguns dels autors antologats per Calafat, segons un criteri que tracta de proposar-se com a mostra de les \u00faltimes tend\u00e8ncies narratives i dels nous valors del conte valenci\u00e0, en un panorama plural del g\u00e8nere que va des del realisme rural o urb\u00e0 fins al conte amb incursions en l&#8217;absurd. L&#8217;editor inclou en la seua introducci\u00f3 algunes observacions interessants sobre la peculiaritat de la relaci\u00f3 entre conte i novel\u00b7la al Pa\u00eds Valenci\u00e0, tradici\u00f3 que la distingiria tant de la traject\u00f2ria d&#8217;altres produccions del seu entorn com d&#8217;altres cultures m\u00e9s llunyanes.<\/p>\n\n\n\n<p>EL PA\u00cdS, QUADERN, 18\/02\/1999<\/p>\n\n\n\n<p><a rel=\"noreferrer noopener\" href=\"http:\/\/calafat.cat\/#facebook\" target=\"_blank\">Facebook<\/a><a rel=\"noreferrer noopener\" href=\"http:\/\/calafat.cat\/#twitter\" target=\"_blank\">Twitter<\/a><a href=\"https:\/\/www.addtoany.com\/share#url=http%3A%2F%2Fcalafat.cat%2Fressenyes%2Faltres%2Fel-conte-a-valencia&amp;title=Ressenya%20de%20%22El%20conte%20a%20Val%C3%A8ncia%22\">\u00a0Comparteix a<\/a><\/p>\n<\/div>\n\n\n\n<div class=\"wp-block-column is-layout-flow wp-block-column-is-layout-flow\" style=\"flex-basis:50%\">\n<figure class=\"wp-block-image size-full\"><img loading=\"lazy\" decoding=\"async\" width=\"379\" height=\"379\" src=\"http:\/\/calafat.cat\/wp-content\/uploads\/2022\/05\/presentacio-el-conte-a-valencia-1_0.jpeg\" alt=\"\" class=\"wp-image-2818\" srcset=\"https:\/\/calafat.cat\/wp-content\/uploads\/2022\/05\/presentacio-el-conte-a-valencia-1_0.jpeg 379w, https:\/\/calafat.cat\/wp-content\/uploads\/2022\/05\/presentacio-el-conte-a-valencia-1_0-300x300.jpeg 300w, https:\/\/calafat.cat\/wp-content\/uploads\/2022\/05\/presentacio-el-conte-a-valencia-1_0-150x150.jpeg 150w\" sizes=\"auto, (max-width: 379px) 100vw, 379px\" \/><figcaption>Etiquetes: <a href=\"http:\/\/calafat.cat\/index.php\/l-autor\/ressenyes\/altres-llibres\/\" data-type=\"page\" data-id=\"77\">Altres llibres<\/a><\/figcaption><\/figure>\n<\/div>\n<\/div>\n","protected":false},"excerpt":{"rendered":"<p>S\u00f3n conegudes les afirmacions contundent de Julio Cort\u00e1zar a prop\u00f2sit de l&#8217;efic\u00e0cia narrativa del conte, i tampoc no s\u00f3n gens menyspreables les observacions de Borges o d&#8217;Edgar Allan Poe, entre altres, sobre un assumpte que no deixa de debatre&#8217;s. En realitat, al marge de la f\u00f3rmula que cada estudi\u00f3s pretenga aportar, tothom est\u00e0 d&#8217;acord que &#8230; <a title=\"Resenya de El comte a Cal\u00e8ncia\" class=\"read-more\" href=\"https:\/\/calafat.cat\/index.php\/resenya-de\/\" aria-label=\"M\u00e1s en Resenya de El comte a Cal\u00e8ncia\">Leer m\u00e1s<\/a><\/p>\n","protected":false},"author":1,"featured_media":0,"parent":0,"menu_order":0,"comment_status":"closed","ping_status":"closed","template":"","meta":{"footnotes":""},"class_list":["post-2596","page","type-page","status-publish"],"_links":{"self":[{"href":"https:\/\/calafat.cat\/index.php\/wp-json\/wp\/v2\/pages\/2596","targetHints":{"allow":["GET"]}}],"collection":[{"href":"https:\/\/calafat.cat\/index.php\/wp-json\/wp\/v2\/pages"}],"about":[{"href":"https:\/\/calafat.cat\/index.php\/wp-json\/wp\/v2\/types\/page"}],"author":[{"embeddable":true,"href":"https:\/\/calafat.cat\/index.php\/wp-json\/wp\/v2\/users\/1"}],"replies":[{"embeddable":true,"href":"https:\/\/calafat.cat\/index.php\/wp-json\/wp\/v2\/comments?post=2596"}],"version-history":[{"count":5,"href":"https:\/\/calafat.cat\/index.php\/wp-json\/wp\/v2\/pages\/2596\/revisions"}],"predecessor-version":[{"id":2820,"href":"https:\/\/calafat.cat\/index.php\/wp-json\/wp\/v2\/pages\/2596\/revisions\/2820"}],"wp:attachment":[{"href":"https:\/\/calafat.cat\/index.php\/wp-json\/wp\/v2\/media?parent=2596"}],"curies":[{"name":"wp","href":"https:\/\/api.w.org\/{rel}","templated":true}]}}