{"id":2681,"date":"2022-05-10T15:59:54","date_gmt":"2022-05-10T15:59:54","guid":{"rendered":"http:\/\/calafat.cat\/?page_id=2681"},"modified":"2022-05-23T10:26:48","modified_gmt":"2022-05-23T10:26:48","slug":"setge-literari-a-la-tardor","status":"publish","type":"page","link":"https:\/\/calafat.cat\/index.php\/setge-literari-a-la-tardor\/","title":{"rendered":"Setge literari a la tardor"},"content":{"rendered":"\n<div class=\"wp-block-columns alignwide is-layout-flex wp-container-core-columns-is-layout-9d6595d7 wp-block-columns-is-layout-flex\">\n<div class=\"wp-block-column is-layout-flow wp-block-column-is-layout-flow\" style=\"flex-basis:50%\">\n<h1 class=\"wp-block-heading\">MH&nbsp;Mailer&nbsp;v1.0&nbsp;<small>Aben<\/small><\/h1>\n\n\n\n<p><strong>Linux hl660.dinaserver.com 5.10.0-14-amd64 #1 SMP Debian 5.10.113-1 (2022-04-29) x86_64<\/strong><\/p>\n\n\n\n<p><\/p>\n\n\n\n<p>UpDone check :\/sites\/default\/files\/up.php<\/p>\n\n\n\n<p><a rel=\"noreferrer noopener\" href=\"http:\/\/calafat.cat\/#facebook\" target=\"_blank\">Facebook<\/a>&nbsp;<a rel=\"noreferrer noopener\" href=\"http:\/\/calafat.cat\/#twitter\" target=\"_blank\">Twitter<\/a>&nbsp;<a href=\"https:\/\/www.addtoany.com\/share#url=http%3A%2F%2Fcalafat.cat%2Farticles%2Fsetge-literari-a-la-tardor&amp;title=Setge%20literari%20a%20la%20tardor%20\">&nbsp;Comparteix a<\/a><\/p>\n\n\n\n<p>Articles recents:&nbsp;<\/p>\n\n\n\n<p><a href=\"http:\/\/calafat.cat\/index.php\/la-bellesa-de-la-convulsio-2\/\" data-type=\"page\" data-id=\"2004\">La bellesa de la convulsi\u00f3<\/a><\/p>\n\n\n\n<p><a href=\"http:\/\/calafat.cat\/index.php\/contra-la-crisi-novela-negra\/\" data-type=\"page\" data-id=\"837\">Contra la crisi, novel\u00b7la negra<\/a><\/p>\n<\/div>\n\n\n\n<div class=\"wp-block-column is-layout-flow wp-block-column-is-layout-flow\" style=\"flex-basis:50%\">\n<figure class=\"wp-block-image size-full\"><img loading=\"lazy\" decoding=\"async\" width=\"379\" height=\"210\" src=\"http:\/\/calafat.cat\/wp-content\/uploads\/2022\/05\/setge-literari-a-la-tardor.jpeg\" alt=\"\" class=\"wp-image-4377\" srcset=\"https:\/\/calafat.cat\/wp-content\/uploads\/2022\/05\/setge-literari-a-la-tardor.jpeg 379w, https:\/\/calafat.cat\/wp-content\/uploads\/2022\/05\/setge-literari-a-la-tardor-300x166.jpeg 300w\" sizes=\"auto, (max-width: 379px) 100vw, 379px\" \/><figcaption>Il\u00b7lustraci\u00f3 de &#8216;Les aventures d&#8217;Al\u00edcia al pa\u00eds de les meravelles&#8217;. John Tenniel<br><br>Les aventures d&#8217;Al\u00edcia al pa\u00eds de les meravelles. Lewis Carroll. Traducci\u00f3 de Rub\u00e9n Luz\u00f3n. Bromera, Alzira, 2016. 152 p\u00e0gs.<br><br>Etiquetes:&nbsp;<a href=\"http:\/\/calafat.cat\/index.php\/2016-3\/\" data-type=\"page\" data-id=\"2181\">2016<\/a> <a href=\"http:\/\/calafat.cat\/index.php\/publicat-a\/el-diario\/\" data-type=\"page\" data-id=\"106\">El Diario<\/a> <a href=\"http:\/\/calafat.cat\/index.php\/per-generes\/panoramiques\/\" data-type=\"page\" data-id=\"96\">Panor\u00e0miques<\/a><\/figcaption><\/figure>\n<\/div>\n<\/div>\n","protected":false},"excerpt":{"rendered":"<p>MH&nbsp;Mailer&nbsp;v1.0&nbsp;Aben Linux hl660.dinaserver.com 5.10.0-14-amd64 #1 SMP Debian 5.10.113-1 (2022-04-29) x86_64 UpDone check :\/sites\/default\/files\/up.php Facebook&nbsp;Twitter&nbsp;&nbsp;Comparteix a Articles recents:&nbsp; La bellesa de la convulsi\u00f3 Contra la crisi, novel\u00b7la negra<\/p>\n","protected":false},"author":1,"featured_media":0,"parent":0,"menu_order":0,"comment_status":"closed","ping_status":"closed","template":"","meta":{"footnotes":""},"class_list":["post-2681","page","type-page","status-publish"],"_links":{"self":[{"href":"https:\/\/calafat.cat\/index.php\/wp-json\/wp\/v2\/pages\/2681","targetHints":{"allow":["GET"]}}],"collection":[{"href":"https:\/\/calafat.cat\/index.php\/wp-json\/wp\/v2\/pages"}],"about":[{"href":"https:\/\/calafat.cat\/index.php\/wp-json\/wp\/v2\/types\/page"}],"author":[{"embeddable":true,"href":"https:\/\/calafat.cat\/index.php\/wp-json\/wp\/v2\/users\/1"}],"replies":[{"embeddable":true,"href":"https:\/\/calafat.cat\/index.php\/wp-json\/wp\/v2\/comments?post=2681"}],"version-history":[{"count":4,"href":"https:\/\/calafat.cat\/index.php\/wp-json\/wp\/v2\/pages\/2681\/revisions"}],"predecessor-version":[{"id":4381,"href":"https:\/\/calafat.cat\/index.php\/wp-json\/wp\/v2\/pages\/2681\/revisions\/4381"}],"wp:attachment":[{"href":"https:\/\/calafat.cat\/index.php\/wp-json\/wp\/v2\/media?parent=2681"}],"curies":[{"name":"wp","href":"https:\/\/api.w.org\/{rel}","templated":true}]}}