{"id":2699,"date":"2022-05-11T09:13:54","date_gmt":"2022-05-11T09:13:54","guid":{"rendered":"http:\/\/calafat.cat\/?page_id=2699"},"modified":"2022-05-19T14:59:24","modified_gmt":"2022-05-19T14:59:24","slug":"un-alfabet-de-mons-literaris","status":"publish","type":"page","link":"https:\/\/calafat.cat\/index.php\/un-alfabet-de-mons-literaris\/","title":{"rendered":"Un alfabet de mons literaris"},"content":{"rendered":"\n<div class=\"wp-block-columns alignwide is-layout-flex wp-container-core-columns-is-layout-9d6595d7 wp-block-columns-is-layout-flex\">\n<div class=\"wp-block-column is-layout-flow wp-block-column-is-layout-flow\" style=\"flex-basis:50%\">\n<p>Els lectors d\u2019aquest Quadern coneixen de sobres els interessos i bondats de la prosa dels articles d\u2019Enric S\u00f2ria, per\u00f2 quan obrim un llibre seu ens submergim en un viatge fabul\u00f3s d\u2019entusiasmes, indicis, curiositat sempre desperta i reflexions, de vegades incisives i pol\u00e8miques, per\u00f2 des d\u2019una actitud oberta i dialogant, perqu\u00e8 discutir idees no ha de suposar necess\u00e0riament estar en contra de ning\u00fa. Perqu\u00e8, l\u2019important de l\u2019escriptura reflexiva \u00e9s, des la diversitat de mires, airejar els t\u00f2pics, a\u00efllar els prejudicis i fixar-ne les causes per a superar-los.<\/p>\n\n\n\n<p>Per b\u00e9 que part dels textos procedeixen d\u2019aquestes planes, una bona part, d\u2019objectius i ambicions diverses, tenen un origen molt dispers. La voluminosa recopilaci\u00f3 de treballs, que du per subt\u00edtol&nbsp;<em>Un itinerari de vuit-cents anys de literatura catalana<\/em>, proposa un viatge intens per les nombroses estacions que en proposa. En la biblioteca virtual proposada hi ha un bon grapat de connexions i suggeriments sobre els cl\u00e0ssics (Jaume I, Llull, March, els poetes renaixentistes que van fer tractes amb el castell\u00e0, Verdaguer&#8230;), encara que el gros se l\u2019emporta el segle XX i el present, i on la poesia i la prosa personal (diaris o no) dominen quasi per complet l\u2019exegesi de l\u2019autor. Els comentaris de m\u00e9s relleu recauen en papers m\u00e9s extensos, dedicats a Riba, Espriu, Formosa, Estell\u00e9s, Brines, Palau i Fabre, Garc\u00e9s, Piera, Mart\u00ednez Marzo&#8230; D\u2019altra banda, S\u00f2ria t\u00e9 bona m\u00e0 per a les radiografies de conjunt i per a establir itineraris, com \u00e9s perceptible en l\u2019estudi de la pres\u00e8ncia de la ciutat en la poesia en general i la valenciana en particular, i en la localitzaci\u00f3 i de l\u2019evoluci\u00f3 de la influ\u00e8ncia europea en la poesia catalana. Tamb\u00e9 consigna un gran inter\u00e9s el seguiment dels ressons de les arts en els dietaris i, sobretot, l\u2019estudi de la configuraci\u00f3 de tres dietaris inici\u00e0tics (Serrahima, Pla i Fuster), i on fa b\u00e9 de subratllar que la preocupaci\u00f3 per l\u2019organitzaci\u00f3 i escriure amb estil no s\u2019han de confondre amb fer maganxa.<\/p>\n\n\n\n<p>El valor d\u2019aquest alfabet de mons literaris no rau nom\u00e9s en la ingent informaci\u00f3, sin\u00f3 sobretot en l\u2019actitud d\u2019home de lletres per part de S\u00f2ria que mobilitza sabers i procediments variats per comprendre com s\u2019encarna la vida en l\u2019art i per a valorar justament la imatge de vida que presenta cada autor. A m\u00e9s del que ja hem dit, el que valore m\u00e9s \u00e9s el ventall de perspectives (el coneixement hist\u00f2ric, les connexions culturals i liter\u00e0ries amb Europa), les penetrants exegesis liter\u00e0ries, la reflexi\u00f3 cr\u00edtica fonamentada en una bona bateria d\u2019arguments, el gust per la discrep\u00e0ncia constructiva, i l\u2019obsessi\u00f3 per la diversitat, que el du a valorar autors i est\u00e8tiques que abans potser no arriba a apreciar. Com vost\u00e9s ja comprovaran, tot ben interessant.<\/p>\n\n\n\n<p>EL PA\u00cdS, QUADERN, 13\/01\/2011<\/p>\n\n\n\n<p>Descarrega&#8217;t l&#8217;original:&nbsp;<img decoding=\"async\" src=\"http:\/\/calafat.cat\/modules\/file\/icons\/application-pdf.png\" alt=\"PDF icon\"><a href=\"http:\/\/calafat.cat\/sites\/default\/files\/un-alfabet-de-mons-literaris.pdf\">un-alfabet-de-mons-literaris.pdf<\/a><\/p>\n\n\n\n<p><a rel=\"noreferrer noopener\" href=\"http:\/\/calafat.cat\/#facebook\" target=\"_blank\">Facebook<\/a>&nbsp;<a rel=\"noreferrer noopener\" href=\"http:\/\/calafat.cat\/#twitter\" target=\"_blank\">Twitter<\/a>&nbsp;<a href=\"https:\/\/www.addtoany.com\/share#url=http%3A%2F%2Fcalafat.cat%2Farticles%2Fun-alfabet-de-mons-literaris&amp;title=Un%20alfabet%20de%20mons%20literaris\">&nbsp;Comparteix a<\/a><\/p>\n\n\n\n<p>Articles recents:&nbsp;<\/p>\n\n\n\n<p><a href=\"http:\/\/calafat.cat\/index.php\/viatge-iniciatic-i-catartic-al-mon-sorprenent-del-primer-estelles-2\/\" data-type=\"page\" data-id=\"2032\">Viatge inici\u00e0tic i cat\u00e0rtic al m\u00f3n sorprenent del primer Estell\u00e9s<\/a><\/p>\n\n\n\n<p><a href=\"http:\/\/calafat.cat\/index.php\/tot-parla-de-tu\/\" data-type=\"page\" data-id=\"1100\">Tot parla de tu<\/a><\/p>\n\n\n\n<p><a href=\"http:\/\/calafat.cat\/index.php\/quatre-decades-de-narrativa-valenciana-moderna\/\" data-type=\"page\" data-id=\"1048\">Quatre d\u00e8cades de narrativa valenciana moderna<\/a><\/p>\n<\/div>\n\n\n\n<div class=\"wp-block-column is-layout-flow wp-block-column-is-layout-flow\" style=\"flex-basis:50%\">\n<figure class=\"wp-block-image size-full\"><img loading=\"lazy\" decoding=\"async\" width=\"379\" height=\"254\" src=\"http:\/\/calafat.cat\/wp-content\/uploads\/2022\/05\/1-54.jpeg\" alt=\"\" class=\"wp-image-3392\" srcset=\"https:\/\/calafat.cat\/wp-content\/uploads\/2022\/05\/1-54.jpeg 379w, https:\/\/calafat.cat\/wp-content\/uploads\/2022\/05\/1-54-300x201.jpeg 300w\" sizes=\"auto, (max-width: 379px) 100vw, 379px\" \/><figcaption>Enric S\u00f2ria. Fotografia: Carles Francesc.<br>Font: ccaa.elpais.com<br><br>En el curs del temps. Enric S\u00f2ria. Editorial Moll, Palma, 2010. 556 p\u00e0gs.<br><br>Etiquetes:\u00a0<a href=\"http:\/\/calafat.cat\/index.php\/2010-3\/\" data-type=\"page\" data-id=\"2169\">2010<\/a> <a href=\"http:\/\/calafat.cat\/index.php\/publicat-a\/el-pais\/\" data-type=\"page\" data-id=\"108\">El Pa\u00eds<\/a> <a href=\"http:\/\/calafat.cat\/index.php\/assaig\/\" data-type=\"page\" data-id=\"1677\">Assaig<\/a> <a href=\"http:\/\/calafat.cat\/index.php\/enric-soria\/\" data-type=\"page\" data-id=\"4178\">Enric S\u00f2ria<\/a><\/figcaption><\/figure>\n<\/div>\n<\/div>\n","protected":false},"excerpt":{"rendered":"<p>Els lectors d\u2019aquest Quadern coneixen de sobres els interessos i bondats de la prosa dels articles d\u2019Enric S\u00f2ria, per\u00f2 quan obrim un llibre seu ens submergim en un viatge fabul\u00f3s d\u2019entusiasmes, indicis, curiositat sempre desperta i reflexions, de vegades incisives i pol\u00e8miques, per\u00f2 des d\u2019una actitud oberta i dialogant, perqu\u00e8 discutir idees no ha de &#8230; <a title=\"Un alfabet de mons literaris\" class=\"read-more\" href=\"https:\/\/calafat.cat\/index.php\/un-alfabet-de-mons-literaris\/\" aria-label=\"M\u00e1s en Un alfabet de mons literaris\">Leer m\u00e1s<\/a><\/p>\n","protected":false},"author":1,"featured_media":0,"parent":0,"menu_order":0,"comment_status":"closed","ping_status":"closed","template":"","meta":{"footnotes":""},"class_list":["post-2699","page","type-page","status-publish"],"_links":{"self":[{"href":"https:\/\/calafat.cat\/index.php\/wp-json\/wp\/v2\/pages\/2699","targetHints":{"allow":["GET"]}}],"collection":[{"href":"https:\/\/calafat.cat\/index.php\/wp-json\/wp\/v2\/pages"}],"about":[{"href":"https:\/\/calafat.cat\/index.php\/wp-json\/wp\/v2\/types\/page"}],"author":[{"embeddable":true,"href":"https:\/\/calafat.cat\/index.php\/wp-json\/wp\/v2\/users\/1"}],"replies":[{"embeddable":true,"href":"https:\/\/calafat.cat\/index.php\/wp-json\/wp\/v2\/comments?post=2699"}],"version-history":[{"count":4,"href":"https:\/\/calafat.cat\/index.php\/wp-json\/wp\/v2\/pages\/2699\/revisions"}],"predecessor-version":[{"id":4191,"href":"https:\/\/calafat.cat\/index.php\/wp-json\/wp\/v2\/pages\/2699\/revisions\/4191"}],"wp:attachment":[{"href":"https:\/\/calafat.cat\/index.php\/wp-json\/wp\/v2\/media?parent=2699"}],"curies":[{"name":"wp","href":"https:\/\/api.w.org\/{rel}","templated":true}]}}