{"id":3788,"date":"2022-05-18T10:35:00","date_gmt":"2022-05-18T10:35:00","guid":{"rendered":"http:\/\/calafat.cat\/?page_id=3788"},"modified":"2022-05-18T10:38:58","modified_gmt":"2022-05-18T10:38:58","slug":"joan-fuster","status":"publish","type":"page","link":"https:\/\/calafat.cat\/index.php\/joan-fuster\/","title":{"rendered":"Joan Fuster"},"content":{"rendered":"\n<p><a href=\"http:\/\/calafat.cat\/index.php\/ascensio-i-davallada-duna-tertulia\/\" data-type=\"page\" data-id=\"1548\">Ascensi\u00f3 i davallada d\u2019una tert\u00falia<\/a><\/p>\n\n\n\n<figure class=\"wp-block-image size-full\"><img loading=\"lazy\" decoding=\"async\" width=\"50\" height=\"50\" src=\"http:\/\/calafat.cat\/wp-content\/uploads\/2022\/05\/1-111.jpeg\" alt=\"\" class=\"wp-image-3791\" title=\"Xavier Serra. Font: editorialafers.blogspot.com.es\"\/><\/figure>\n\n\n\n<p>Joan Fuster fou el centre d&#8217;un nucli pol\u00edtic i cultural de refer\u00e8ncia en l&#8217;oposici\u00f3 al franquisme.<\/p>\n\n\n\n<p><a href=\"http:\/\/calafat.cat\/index.php\/el-pais-com-a-problema\/\" data-type=\"page\" data-id=\"1550\">El pa\u00eds com a problema<\/a><\/p>\n\n\n\n<figure class=\"wp-block-image size-full\"><img loading=\"lazy\" decoding=\"async\" width=\"50\" height=\"50\" src=\"http:\/\/calafat.cat\/wp-content\/uploads\/2022\/05\/2-2.jpeg\" alt=\"\" class=\"wp-image-3792\" title=\"Joan Fuster. Fotografia: Jordi Vicent. Font: ccaa.elpais.com\"\/><\/figure>\n\n\n\n<p>La deriva del poble valenci\u00e0 exigia, a parer de Fuster, una resposta moral.<\/p>\n\n\n\n<p><a href=\"http:\/\/calafat.cat\/index.php\/la-deconstruccio-de-fuster\/\" data-type=\"page\" data-id=\"1554\">La deconstrucci\u00f3 de Fuster<\/a><\/p>\n\n\n\n<figure class=\"wp-block-image size-full\"><img loading=\"lazy\" decoding=\"async\" width=\"50\" height=\"50\" src=\"http:\/\/calafat.cat\/wp-content\/uploads\/2022\/05\/3-3.jpeg\" alt=\"\" class=\"wp-image-3793\" title=\"Portada del llibre\"\/><\/figure>\n\n\n\n<p>Sovint les commemoracions van carregades de borrumballa, de ret\u00f2rica fina, i en aix\u00f2 queda tot.<\/p>\n\n\n\n<p><a href=\"http:\/\/calafat.cat\/index.php\/la-ironia-com-a-bandera\/\" data-type=\"page\" data-id=\"1222\">La ironia com a bandera<\/a><\/p>\n\n\n\n<figure class=\"wp-block-image size-full\"><img loading=\"lazy\" decoding=\"async\" width=\"50\" height=\"36\" src=\"http:\/\/calafat.cat\/wp-content\/uploads\/2022\/05\/4-3.jpeg\" alt=\"\" class=\"wp-image-3794\" title=\"Joan Fuster. Fotografia: Jes\u00fas Ciscar\"\/><\/figure>\n\n\n\n<p>Fuster ha esdevingut un referent constant de la cultura catalana. Des de la seua mort, a banda homenatges i estudis, s&#8217;han multiplicat les reedicions de la seua obra i s&#8217;ha iniciat la preparaci\u00f3 d&#8217;antologies dels seus textos, orientades generalment al jove o prof\u00e0.<\/p>\n\n\n\n<p><a href=\"http:\/\/calafat.cat\/index.php\/reflexions-al-voltant-del-llorentenisme-i-fuster\/\" data-type=\"page\" data-id=\"1130\">Reflexions al voltant del llorentenisme i Fuster<\/a><\/p>\n\n\n\n<figure class=\"wp-block-image size-full\"><img loading=\"lazy\" decoding=\"async\" width=\"50\" height=\"37\" src=\"http:\/\/calafat.cat\/wp-content\/uploads\/2022\/05\/5-4.jpeg\" alt=\"\" class=\"wp-image-3795\" title=\"Bust a Barcelona. Fotografia: V. Ferris\"\/><\/figure>\n\n\n\n<p>Josep Daniel Climent en un article, \u00abHomenatge a Teodor Llorente\u00bb*, diu que Fuster en un paper de 1959 analitzava les relacions entre Llorente i Mistral, \u00abper\u00f2 sobretot incidia en presentar-los com uns personatges que compartien ideologia, cat\u00f2lica, conservadora i regionalista, i per tant, eren m<\/p>\n","protected":false},"excerpt":{"rendered":"<p>Ascensi\u00f3 i davallada d\u2019una tert\u00falia Joan Fuster fou el centre d&#8217;un nucli pol\u00edtic i cultural de refer\u00e8ncia en l&#8217;oposici\u00f3 al franquisme. El pa\u00eds com a problema La deriva del poble valenci\u00e0 exigia, a parer de Fuster, una resposta moral. La deconstrucci\u00f3 de Fuster Sovint les commemoracions van carregades de borrumballa, de ret\u00f2rica fina, i en &#8230; <a title=\"Joan Fuster\" class=\"read-more\" href=\"https:\/\/calafat.cat\/index.php\/joan-fuster\/\" aria-label=\"M\u00e1s en Joan Fuster\">Leer m\u00e1s<\/a><\/p>\n","protected":false},"author":1,"featured_media":0,"parent":0,"menu_order":0,"comment_status":"closed","ping_status":"closed","template":"","meta":{"footnotes":""},"class_list":["post-3788","page","type-page","status-publish"],"_links":{"self":[{"href":"https:\/\/calafat.cat\/index.php\/wp-json\/wp\/v2\/pages\/3788","targetHints":{"allow":["GET"]}}],"collection":[{"href":"https:\/\/calafat.cat\/index.php\/wp-json\/wp\/v2\/pages"}],"about":[{"href":"https:\/\/calafat.cat\/index.php\/wp-json\/wp\/v2\/types\/page"}],"author":[{"embeddable":true,"href":"https:\/\/calafat.cat\/index.php\/wp-json\/wp\/v2\/users\/1"}],"replies":[{"embeddable":true,"href":"https:\/\/calafat.cat\/index.php\/wp-json\/wp\/v2\/comments?post=3788"}],"version-history":[{"count":2,"href":"https:\/\/calafat.cat\/index.php\/wp-json\/wp\/v2\/pages\/3788\/revisions"}],"predecessor-version":[{"id":3801,"href":"https:\/\/calafat.cat\/index.php\/wp-json\/wp\/v2\/pages\/3788\/revisions\/3801"}],"wp:attachment":[{"href":"https:\/\/calafat.cat\/index.php\/wp-json\/wp\/v2\/media?parent=3788"}],"curies":[{"name":"wp","href":"https:\/\/api.w.org\/{rel}","templated":true}]}}