{"id":3789,"date":"2022-05-18T14:35:41","date_gmt":"2022-05-18T14:35:41","guid":{"rendered":"http:\/\/calafat.cat\/?page_id=3789"},"modified":"2022-05-18T14:35:41","modified_gmt":"2022-05-18T14:35:41","slug":"xavier-serra","status":"publish","type":"page","link":"https:\/\/calafat.cat\/index.php\/xavier-serra\/","title":{"rendered":"Xavier Serra"},"content":{"rendered":"\n<p><a href=\"http:\/\/calafat.cat\/index.php\/ascensio-i-davallada-duna-tertulia\/\" data-type=\"page\" data-id=\"1548\">Ascensi\u00f3 i davallada d\u2019una tert\u00falia<\/a><\/p>\n\n\n\n<figure class=\"wp-block-image size-full\"><img loading=\"lazy\" decoding=\"async\" width=\"50\" height=\"50\" src=\"http:\/\/calafat.cat\/wp-content\/uploads\/2022\/05\/1-112.jpeg\" alt=\"\" class=\"wp-image-3805\" title=\"Xavier Serra. Font: editorialafers.blogspot.com.es\"\/><\/figure>\n\n\n\n<p>Joan Fuster fou el centre d&#8217;un nucli pol\u00edtic i cultural de refer\u00e8ncia en l&#8217;oposici\u00f3 al franquisme.<\/p>\n\n\n\n<p><a href=\"http:\/\/calafat.cat\/index.php\/sis-mons-i-un-pais\/\" data-type=\"page\" data-id=\"1486\">Sis mons i un pa\u00eds<\/a><\/p>\n\n\n\n<figure class=\"wp-block-image size-full\"><img loading=\"lazy\" decoding=\"async\" width=\"50\" height=\"50\" src=\"http:\/\/calafat.cat\/wp-content\/uploads\/2022\/05\/1-113.jpeg\" alt=\"\" class=\"wp-image-3806\" title=\"Xavier Serra. Font: editorialafers.blogspot.com\"\/><\/figure>\n\n\n\n<p>El llibre de Xavier Serra, per inusual, representa un gest valent. \u00c9s un combat personal contra la tradici\u00f3 de silencis, com diu Piera, que tant caracteritza els valencians.<\/p>\n","protected":false},"excerpt":{"rendered":"<p>Ascensi\u00f3 i davallada d\u2019una tert\u00falia Joan Fuster fou el centre d&#8217;un nucli pol\u00edtic i cultural de refer\u00e8ncia en l&#8217;oposici\u00f3 al franquisme. Sis mons i un pa\u00eds El llibre de Xavier Serra, per inusual, representa un gest valent. \u00c9s un combat personal contra la tradici\u00f3 de silencis, com diu Piera, que tant caracteritza els valencians.<\/p>\n","protected":false},"author":1,"featured_media":0,"parent":0,"menu_order":0,"comment_status":"closed","ping_status":"closed","template":"","meta":{"footnotes":""},"class_list":["post-3789","page","type-page","status-publish"],"_links":{"self":[{"href":"https:\/\/calafat.cat\/index.php\/wp-json\/wp\/v2\/pages\/3789","targetHints":{"allow":["GET"]}}],"collection":[{"href":"https:\/\/calafat.cat\/index.php\/wp-json\/wp\/v2\/pages"}],"about":[{"href":"https:\/\/calafat.cat\/index.php\/wp-json\/wp\/v2\/types\/page"}],"author":[{"embeddable":true,"href":"https:\/\/calafat.cat\/index.php\/wp-json\/wp\/v2\/users\/1"}],"replies":[{"embeddable":true,"href":"https:\/\/calafat.cat\/index.php\/wp-json\/wp\/v2\/comments?post=3789"}],"version-history":[{"count":1,"href":"https:\/\/calafat.cat\/index.php\/wp-json\/wp\/v2\/pages\/3789\/revisions"}],"predecessor-version":[{"id":3808,"href":"https:\/\/calafat.cat\/index.php\/wp-json\/wp\/v2\/pages\/3789\/revisions\/3808"}],"wp:attachment":[{"href":"https:\/\/calafat.cat\/index.php\/wp-json\/wp\/v2\/media?parent=3789"}],"curies":[{"name":"wp","href":"https:\/\/api.w.org\/{rel}","templated":true}]}}