{"id":3814,"date":"2022-05-18T14:45:39","date_gmt":"2022-05-18T14:45:39","guid":{"rendered":"http:\/\/calafat.cat\/?page_id=3814"},"modified":"2022-05-18T14:48:59","modified_gmt":"2022-05-18T14:48:59","slug":"marc-granell","status":"publish","type":"page","link":"https:\/\/calafat.cat\/index.php\/marc-granell\/","title":{"rendered":"Marc Granell"},"content":{"rendered":"\n<p><a href=\"http:\/\/calafat.cat\/index.php\/amor-que-creix-i-perdura\/\" data-type=\"page\" data-id=\"1298\">Amor que creix i perdura<\/a><\/p>\n\n\n\n<figure class=\"wp-block-image size-full\"><img loading=\"lazy\" decoding=\"async\" width=\"50\" height=\"50\" src=\"http:\/\/calafat.cat\/wp-content\/uploads\/2022\/05\/amor-que-creix-i-perdura-1.jpeg\" alt=\"\" class=\"wp-image-3816\" title=\"Portada del llibre\"\/><\/figure>\n\n\n\n<p>El nou llibre de Marc Granell,\u00a0<em>Versos per a Anna<\/em>, explora camins nous en la seua poesia. Dedicat tot ell a l\u2019amor, expressa amb uns versos emotius i sentits tots els \u00e0mbits de l&#8217;experi\u00e8ncia extraordin\u00e0ria que representa l\u2019enamorament, com ara l\u2019exaltaci\u00f3 vital, la passi\u00f3 i la fantasia.<\/p>\n\n\n\n<p><a href=\"http:\/\/calafat.cat\/index.php\/dotze-poetes-joves-valencians\/\" data-type=\"page\" data-id=\"1336\">Dotze poetes joves valencians<\/a><\/p>\n\n\n\n<figure class=\"wp-block-image size-full\"><img loading=\"lazy\" decoding=\"async\" width=\"50\" height=\"50\" src=\"http:\/\/calafat.cat\/wp-content\/uploads\/2022\/05\/dotze-poetes-joves-valencians-1-1.jpeg\" alt=\"\" class=\"wp-image-3817\" title=\"Portada del llibre\"\/><\/figure>\n\n\n\n<p>Sempre n\u2019hi hagut, sempre n\u2019hi haur\u00e0, d\u2019antologies. La poesia \u00e9s un g\u00e8nere que es presta molt b\u00e9 a aquesta mena de jocs editorials. Perqu\u00e8 encara que puga ser considerat un error, \u00e9s un error necessari.<\/p>\n\n\n\n<p><a href=\"http:\/\/calafat.cat\/index.php\/guia-de-lectura-de-lilla-amb-llunes-2\/\" data-type=\"page\" data-id=\"1116\">Guia de lectura de L&#8217;Illa amb llunes<\/a><\/p>\n\n\n\n<figure class=\"wp-block-image size-full\"><img loading=\"lazy\" decoding=\"async\" width=\"50\" height=\"50\" src=\"http:\/\/calafat.cat\/wp-content\/uploads\/2022\/05\/guia-de-lectura-l-illa-amb-llunes-1-1-2.jpeg\" alt=\"\" class=\"wp-image-3818\" title=\"Portada del llibre\"\/><\/figure>\n\n\n\n<p>L&#8217;AUTOR. Marc Granell va n\u00e0ixer a Val\u00e8ncia en la d\u00e8cada dels cinquanta, temps en qu\u00e8 es consolidava el r\u00e8gim franquista.<\/p>\n\n\n\n<p><a href=\"http:\/\/calafat.cat\/index.php\/homenatge-a-marc-granell-2\/\" data-type=\"page\" data-id=\"1750\">Homenatge a Marc Granell<\/a><\/p>\n\n\n\n<figure class=\"wp-block-image size-full\"><img loading=\"lazy\" decoding=\"async\" width=\"50\" height=\"34\" src=\"http:\/\/calafat.cat\/wp-content\/uploads\/2022\/05\/homenatge-a-marc-granell-2-1.jpeg\" alt=\"\" class=\"wp-image-3819\" title=\"Marc Granell. Font: escriptors.cat\"\/><\/figure>\n\n\n\n<p>L\u2019acte que ens ha convocat avui ac\u00ed va sorgir fa ara quasi un any quan a un grup d\u2019escriptors joves, en una conversa informal, se\u2019ls va oc\u00f3rrer la idea de manifestar l\u2019amistat i l\u2019agra\u00efment a Marc Granell per tot all\u00f2 que havia fet per la literatura del nostre pa\u00eds.<\/p>\n\n\n\n<p><a href=\"http:\/\/calafat.cat\/index.php\/jugar-amb-versos-2\/\" data-type=\"page\" data-id=\"1998\">Jugar amb versos<\/a><\/p>\n\n\n\n<figure class=\"wp-block-image size-full\"><img loading=\"lazy\" decoding=\"async\" width=\"50\" height=\"50\" src=\"http:\/\/calafat.cat\/wp-content\/uploads\/2022\/05\/jugar-amb-versos-1.jpeg\" alt=\"\" class=\"wp-image-3820\" title=\"Portada del llibre\"\/><\/figure>\n\n\n\n<p>Marc Granell \u00e9s un dels poetes m\u00e9s importants i coherents del Pa\u00eds Valenci\u00e0. Per al nostre autor la l\u00edrica no \u00e9s nom\u00e9s un joc est\u00e8tic; va lligada, m\u00e9s aviat, a una actitud de defensa dels valors fonamentals, i precisament la paraula n\u2019\u00e9s un de ben rellevant.<\/p>\n\n\n\n<p><a href=\"http:\/\/calafat.cat\/index.php\/la-lucidesa-poetica-de-marc-granell\/\" data-type=\"page\" data-id=\"1316\">La lucidesa po\u00e8tica de Marc Granell<\/a><\/p>\n\n\n\n<figure class=\"wp-block-image size-full\"><img loading=\"lazy\" decoding=\"async\" width=\"50\" height=\"37\" src=\"http:\/\/calafat.cat\/wp-content\/uploads\/2022\/05\/la-lucidesa-poetica-de-marc-granell-2-1.jpeg\" alt=\"\" class=\"wp-image-3821\" title=\"Mural po\u00e8tic a l\u2019escola. Font: lapresodelaigua.blogspot.com\"\/><\/figure>\n\n\n\n<p>La poesia en catal\u00e0 al Pa\u00eds Valenci\u00e0 presenta una pila d\u2019autors i llibres de gran inter\u00e9s.<\/p>\n","protected":false},"excerpt":{"rendered":"<p>Amor que creix i perdura El nou llibre de Marc Granell,\u00a0Versos per a Anna, explora camins nous en la seua poesia. Dedicat tot ell a l\u2019amor, expressa amb uns versos emotius i sentits tots els \u00e0mbits de l&#8217;experi\u00e8ncia extraordin\u00e0ria que representa l\u2019enamorament, com ara l\u2019exaltaci\u00f3 vital, la passi\u00f3 i la fantasia. Dotze poetes joves valencians &#8230; <a title=\"Marc Granell\" class=\"read-more\" href=\"https:\/\/calafat.cat\/index.php\/marc-granell\/\" aria-label=\"M\u00e1s en Marc Granell\">Leer m\u00e1s<\/a><\/p>\n","protected":false},"author":1,"featured_media":0,"parent":0,"menu_order":0,"comment_status":"closed","ping_status":"closed","template":"","meta":{"footnotes":""},"class_list":["post-3814","page","type-page","status-publish"],"_links":{"self":[{"href":"https:\/\/calafat.cat\/index.php\/wp-json\/wp\/v2\/pages\/3814","targetHints":{"allow":["GET"]}}],"collection":[{"href":"https:\/\/calafat.cat\/index.php\/wp-json\/wp\/v2\/pages"}],"about":[{"href":"https:\/\/calafat.cat\/index.php\/wp-json\/wp\/v2\/types\/page"}],"author":[{"embeddable":true,"href":"https:\/\/calafat.cat\/index.php\/wp-json\/wp\/v2\/users\/1"}],"replies":[{"embeddable":true,"href":"https:\/\/calafat.cat\/index.php\/wp-json\/wp\/v2\/comments?post=3814"}],"version-history":[{"count":2,"href":"https:\/\/calafat.cat\/index.php\/wp-json\/wp\/v2\/pages\/3814\/revisions"}],"predecessor-version":[{"id":3830,"href":"https:\/\/calafat.cat\/index.php\/wp-json\/wp\/v2\/pages\/3814\/revisions\/3830"}],"wp:attachment":[{"href":"https:\/\/calafat.cat\/index.php\/wp-json\/wp\/v2\/media?parent=3814"}],"curies":[{"name":"wp","href":"https:\/\/api.w.org\/{rel}","templated":true}]}}