{"id":3839,"date":"2022-05-18T14:57:25","date_gmt":"2022-05-18T14:57:25","guid":{"rendered":"http:\/\/calafat.cat\/?page_id=3839"},"modified":"2022-05-18T14:58:31","modified_gmt":"2022-05-18T14:58:31","slug":"marti-dominguez","status":"publish","type":"page","link":"https:\/\/calafat.cat\/index.php\/marti-dominguez\/","title":{"rendered":"Mart\u00ed Dom\u00ednguez"},"content":{"rendered":"\n<p><a href=\"http:\/\/calafat.cat\/index.php\/cezanne-poesia-i-pensament-fets-pintura\/\" data-type=\"page\" data-id=\"1125\">C\u00e9zanne: poesia i pensament fets pintura<\/a><\/p>\n\n\n\n<figure class=\"wp-block-image size-full\"><img loading=\"lazy\" decoding=\"async\" width=\"50\" height=\"29\" src=\"http:\/\/calafat.cat\/wp-content\/uploads\/2022\/05\/cezanne-poesia-i-pensament-fet-pintura-2.jpeg\" alt=\"\" class=\"wp-image-3841\" title=\"Mart\u00ed Dom\u00ednguez. Fotografia: Fernando Bustamante. Font: levante-emv.com\"\/><\/figure>\n\n\n\n<p><em>El fracassat<\/em>\u00a0\u00e9s la quarta novel\u00b7la de Mart\u00ed Dom\u00ednguez. Una bona part de lectors amb tota seguretat la qualificaran de novel\u00b7la hist\u00f2rica, una forma singular \u2013si voleu\u2013 lligada a la divulgaci\u00f3 de les idees, per\u00f2 hist\u00f2rica al cap i a la fi.<\/p>\n\n\n\n<p><a href=\"http:\/\/calafat.cat\/index.php\/el-periple-danar-mes-enlla\/\" data-type=\"page\" data-id=\"1090\">El periple d\u2019anar m\u00e9s enll\u00e0<\/a><\/p>\n\n\n\n<figure class=\"wp-block-image size-full\"><img loading=\"lazy\" decoding=\"async\" width=\"50\" height=\"50\" src=\"http:\/\/calafat.cat\/wp-content\/uploads\/2022\/05\/el-periple-d-anar-mes-enlla-1.jpeg\" alt=\"\" class=\"wp-image-3842\" title=\"Portada del llibre\"\/><\/figure>\n\n\n\n<p>Mart\u00ed Dom\u00ednguez, bi\u00f2leg, novel\u00b7lista, periodista, \u00e9s un escriptor ferm i polivalent, i per aquest fet est\u00e0 situat en un lloc privilegiat en el panorama de les lletres en catal\u00e0.<\/p>\n\n\n\n<p><a href=\"http:\/\/calafat.cat\/index.php\/la-traduccio-com-una-bella-art\/\" data-type=\"page\" data-id=\"1451\">La traducci\u00f3 com una bella art<\/a><\/p>\n\n\n\n<figure class=\"wp-block-image size-full\"><img loading=\"lazy\" decoding=\"async\" width=\"50\" height=\"27\" src=\"http:\/\/calafat.cat\/wp-content\/uploads\/2022\/05\/la-traduccio-com-una-bella-art-1.jpeg\" alt=\"\" class=\"wp-image-3843\" title=\"Portades dels llibres\"\/><\/figure>\n\n\n\n<p>La traducci\u00f3 \u00e9s un pulm\u00f3 per a tota literatura, perqu\u00e8 suposa la incorporaci\u00f3 d\u2019altres experi\u00e8ncies, altres mirades, altres sensibilitats i altres llenguatges. Aquesta \u00e9s la ra\u00f3, pelat i ras, per la qual en la nostra cultura hi ha hagut una obsessi\u00f3 per convertir en nostra la veu d\u2019altres.<\/p>\n\n\n\n<p><a href=\"http:\/\/calafat.cat\/index.php\/lobertura-de-mires-enmig-de-la-tragedia\/\" data-type=\"page\" data-id=\"1673\">L\u2019obertura de mires enmig de la trag\u00e8dia<\/a><\/p>\n\n\n\n<figure class=\"wp-block-image size-full\"><img loading=\"lazy\" decoding=\"async\" width=\"50\" height=\"38\" src=\"http:\/\/calafat.cat\/wp-content\/uploads\/2022\/05\/lobertura-de-mires-enmig-de-la-tragedia.jpeg\" alt=\"\" class=\"wp-image-3844\" title=\"Mart\u00ed Dom\u00ednguez. Font: El Punt-Avui\"\/><\/figure>\n\n\n\n<p>Mart\u00ed Dom\u00ednguez, a trav\u00e9s de les novel\u00b7les dedicades al comte Buffon, al pintor Tischbein i a Goethe, a Voltaire i a C\u00e9zanne, ha aconseguit ordir un ambici\u00f3s cicle novel\u00b7l\u00edstic que, cosit amb una f\u00f3rmula \u00e0gil i ben greixada de difondre idees, ens mostra l\u2019evoluci\u00f3 de la modernitat i dels meandres<\/p>\n","protected":false},"excerpt":{"rendered":"<p>C\u00e9zanne: poesia i pensament fets pintura El fracassat\u00a0\u00e9s la quarta novel\u00b7la de Mart\u00ed Dom\u00ednguez. Una bona part de lectors amb tota seguretat la qualificaran de novel\u00b7la hist\u00f2rica, una forma singular \u2013si voleu\u2013 lligada a la divulgaci\u00f3 de les idees, per\u00f2 hist\u00f2rica al cap i a la fi. El periple d\u2019anar m\u00e9s enll\u00e0 Mart\u00ed Dom\u00ednguez, bi\u00f2leg, &#8230; <a title=\"Mart\u00ed Dom\u00ednguez\" class=\"read-more\" href=\"https:\/\/calafat.cat\/index.php\/marti-dominguez\/\" aria-label=\"M\u00e1s en Mart\u00ed Dom\u00ednguez\">Leer m\u00e1s<\/a><\/p>\n","protected":false},"author":1,"featured_media":0,"parent":0,"menu_order":0,"comment_status":"closed","ping_status":"closed","template":"","meta":{"footnotes":""},"class_list":["post-3839","page","type-page","status-publish"],"_links":{"self":[{"href":"https:\/\/calafat.cat\/index.php\/wp-json\/wp\/v2\/pages\/3839","targetHints":{"allow":["GET"]}}],"collection":[{"href":"https:\/\/calafat.cat\/index.php\/wp-json\/wp\/v2\/pages"}],"about":[{"href":"https:\/\/calafat.cat\/index.php\/wp-json\/wp\/v2\/types\/page"}],"author":[{"embeddable":true,"href":"https:\/\/calafat.cat\/index.php\/wp-json\/wp\/v2\/users\/1"}],"replies":[{"embeddable":true,"href":"https:\/\/calafat.cat\/index.php\/wp-json\/wp\/v2\/comments?post=3839"}],"version-history":[{"count":1,"href":"https:\/\/calafat.cat\/index.php\/wp-json\/wp\/v2\/pages\/3839\/revisions"}],"predecessor-version":[{"id":3845,"href":"https:\/\/calafat.cat\/index.php\/wp-json\/wp\/v2\/pages\/3839\/revisions\/3845"}],"wp:attachment":[{"href":"https:\/\/calafat.cat\/index.php\/wp-json\/wp\/v2\/media?parent=3839"}],"curies":[{"name":"wp","href":"https:\/\/api.w.org\/{rel}","templated":true}]}}