{"id":3851,"date":"2022-05-18T15:01:22","date_gmt":"2022-05-18T15:01:22","guid":{"rendered":"http:\/\/calafat.cat\/?page_id=3851"},"modified":"2022-05-18T15:02:35","modified_gmt":"2022-05-18T15:02:35","slug":"xavier-aliaga","status":"publish","type":"page","link":"https:\/\/calafat.cat\/index.php\/xavier-aliaga\/","title":{"rendered":"Xavier Aliaga"},"content":{"rendered":"\n<p><a href=\"http:\/\/calafat.cat\/index.php\/els-clarobscurs-de-la-musica\/\" data-type=\"page\" data-id=\"1526\">Els clarobscurs de la m\u00fasica<\/a><\/p>\n\n\n\n<figure class=\"wp-block-image size-full\"><img loading=\"lazy\" decoding=\"async\" width=\"50\" height=\"50\" src=\"http:\/\/calafat.cat\/wp-content\/uploads\/2022\/05\/els-clarobscurs-de-la-musica1.jpeg\" alt=\"\" class=\"wp-image-3853\" title=\"Portada del llibre\"\/><\/figure>\n\n\n\n<p>La condici\u00f3 de periodista de Xavier Aliaga fa que li interesse que la realitat s\u2019escole d\u2019alguna manera en les ficcions. I aix\u00f2 \u00e9s un punt que s\u2019ha de valorar, perqu\u00e8 l\u2019actualitat no \u00e9s molt corrent en els itineraris literaris dels narradors valencians.<\/p>\n\n\n\n<p><a href=\"http:\/\/calafat.cat\/index.php\/joves-sensibles-3\/\" data-type=\"page\" data-id=\"1588\">Joves sensibles<\/a><\/p>\n\n\n\n<figure class=\"wp-block-image size-full\"><img loading=\"lazy\" decoding=\"async\" width=\"50\" height=\"50\" src=\"http:\/\/calafat.cat\/wp-content\/uploads\/2022\/05\/joves-sensibles-1.jpeg\" alt=\"\" class=\"wp-image-3854\" title=\"Portada del llibre\"\/><\/figure>\n\n\n\n<p>Ho confesse: no tinc cap fascinaci\u00f3 per la novel\u00b7la juvenil. En llig perqu\u00e8 forma part del meu ofici. Aix\u00f2 no lleva que reconega que \u00e9s un g\u00e8nere d\u2019una transcend\u00e8ncia fabulosa tant en el circuit educatiu com en el literari. A m\u00e9s, contra el t\u00f2pic, no \u00e9s un g\u00e8nere gens f\u00e0cil.<\/p>\n\n\n\n<p><a href=\"http:\/\/calafat.cat\/index.php\/laura-contaminada-de-valencia\/\" data-type=\"page\" data-id=\"1046\">L&#8217;aura contaminada de Val\u00e8ncia<\/a><\/p>\n\n\n\n<figure class=\"wp-block-image size-full\"><img loading=\"lazy\" decoding=\"async\" width=\"50\" height=\"37\" src=\"http:\/\/calafat.cat\/wp-content\/uploads\/2022\/05\/laura-contaminada-de-valencia.jpeg\" alt=\"\" class=\"wp-image-3855\" title=\"Xavier Aliaga. Fotografia: Prats i Camps\"\/><\/figure>\n\n\n\n<p>Xavier Aliaga \u00e9s va consolidar com a novel\u00b7lista amb el retrat generacional potent pintat en\u00a0<em>Vides desafinades<\/em>\u00a0(2011).<\/p>\n\n\n\n<p><a href=\"http:\/\/calafat.cat\/index.php\/les-espurnes-caustiques-de-lhumor\/\" data-type=\"page\" data-id=\"1479\">Les espurnes c\u00e0ustiques de l\u2019humor<\/a><\/p>\n\n\n\n<figure class=\"wp-block-image size-full\"><img loading=\"lazy\" decoding=\"async\" width=\"50\" height=\"33\" src=\"http:\/\/calafat.cat\/wp-content\/uploads\/2022\/05\/les-espurnes-caustIques-de-l-humor-2.jpeg\" alt=\"\" class=\"wp-image-3856\" title=\"Xavier Aliaga. Fotografia: Miquel Oliver. Font: lavanguardia.com\"\/><\/figure>\n\n\n\n<p>Xavier Aliaga, en la primera novel\u00b7la,&nbsp;<em>Si no ho dic, rebente<\/em>, se servia d\u2019una idea gen\u00e8rica dels valencians per a tractar de l\u2019educaci\u00f3 o la deseducaci\u00f3, de la pol\u00edtica municipal, del monstre de l\u2019urbanisme actual.<\/p>\n","protected":false},"excerpt":{"rendered":"<p>Els clarobscurs de la m\u00fasica La condici\u00f3 de periodista de Xavier Aliaga fa que li interesse que la realitat s\u2019escole d\u2019alguna manera en les ficcions. I aix\u00f2 \u00e9s un punt que s\u2019ha de valorar, perqu\u00e8 l\u2019actualitat no \u00e9s molt corrent en els itineraris literaris dels narradors valencians. Joves sensibles Ho confesse: no tinc cap fascinaci\u00f3 &#8230; <a title=\"Xavier Aliaga\" class=\"read-more\" href=\"https:\/\/calafat.cat\/index.php\/xavier-aliaga\/\" aria-label=\"M\u00e1s en Xavier Aliaga\">Leer m\u00e1s<\/a><\/p>\n","protected":false},"author":1,"featured_media":0,"parent":0,"menu_order":0,"comment_status":"closed","ping_status":"closed","template":"","meta":{"footnotes":""},"class_list":["post-3851","page","type-page","status-publish"],"_links":{"self":[{"href":"https:\/\/calafat.cat\/index.php\/wp-json\/wp\/v2\/pages\/3851","targetHints":{"allow":["GET"]}}],"collection":[{"href":"https:\/\/calafat.cat\/index.php\/wp-json\/wp\/v2\/pages"}],"about":[{"href":"https:\/\/calafat.cat\/index.php\/wp-json\/wp\/v2\/types\/page"}],"author":[{"embeddable":true,"href":"https:\/\/calafat.cat\/index.php\/wp-json\/wp\/v2\/users\/1"}],"replies":[{"embeddable":true,"href":"https:\/\/calafat.cat\/index.php\/wp-json\/wp\/v2\/comments?post=3851"}],"version-history":[{"count":1,"href":"https:\/\/calafat.cat\/index.php\/wp-json\/wp\/v2\/pages\/3851\/revisions"}],"predecessor-version":[{"id":3857,"href":"https:\/\/calafat.cat\/index.php\/wp-json\/wp\/v2\/pages\/3851\/revisions\/3857"}],"wp:attachment":[{"href":"https:\/\/calafat.cat\/index.php\/wp-json\/wp\/v2\/media?parent=3851"}],"curies":[{"name":"wp","href":"https:\/\/api.w.org\/{rel}","templated":true}]}}