{"id":3863,"date":"2022-05-18T15:10:07","date_gmt":"2022-05-18T15:10:07","guid":{"rendered":"http:\/\/calafat.cat\/?page_id=3863"},"modified":"2022-05-18T15:13:11","modified_gmt":"2022-05-18T15:13:11","slug":"manuel-molins","status":"publish","type":"page","link":"https:\/\/calafat.cat\/index.php\/manuel-molins\/","title":{"rendered":"Manuel Molins"},"content":{"rendered":"\n<p><a href=\"http:\/\/calafat.cat\/index.php\/el-potencial-de-la-pissarra\/\" data-type=\"page\" data-id=\"1494\">El potencial de la pissarra<\/a><\/p>\n\n\n\n<figure class=\"wp-block-image size-full\"><img loading=\"lazy\" decoding=\"async\" width=\"50\" height=\"38\" src=\"http:\/\/calafat.cat\/wp-content\/uploads\/2022\/05\/el-potencial-de-la-pissarra-1-1.jpeg\" alt=\"\" class=\"wp-image-3866\" title=\"Portades dels llibres\"\/><\/figure>\n\n\n\n<p>Edicions Bromera des dels seus inicis \u00e9s una aventura vinculada a l\u2019educaci\u00f3, a proporcionar lectures adequades als distints nivells d\u2019ensenyament i a un ventall ample d\u2019interessos connectats amb els joves.<\/p>\n\n\n\n<p><a href=\"http:\/\/calafat.cat\/index.php\/el-teatre-de-manuel-la-tralla-que-allibera-4\/\" data-type=\"page\" data-id=\"1582\">El teatre de Manuel: la tralla que allibera<\/a><\/p>\n\n\n\n<figure class=\"wp-block-image size-full\"><img loading=\"lazy\" decoding=\"async\" width=\"50\" height=\"33\" src=\"http:\/\/calafat.cat\/wp-content\/uploads\/2022\/05\/homenatge-a-manuel-molins-2.jpeg\" alt=\"\" class=\"wp-image-3867\" title=\"Manuel Molins. Fotografia: Celia Torres. Font: blogculturalia.net\"\/><\/figure>\n\n\n\n<p>Molins \u00e9s un dels autors que miren el m\u00f3n i l\u2019escodrinyen amb el bistur\u00ed de la inquietud. De fet, per a mi, \u00e9s un \u201cmotoret\u201d, si em permeteu una expressi\u00f3 col\u00b7loquial, una persona incombustible. El seu cervell \u00e9s d\u2019una virul\u00e8ncia mental fant\u00e0stica.<\/p>\n\n\n\n<p><a href=\"http:\/\/calafat.cat\/index.php\/en-el-cor-de-la-tempesta-2\/\" data-type=\"page\" data-id=\"1065\">En el cor de la tempesta<\/a><\/p>\n\n\n\n<figure class=\"wp-block-image size-full\"><img loading=\"lazy\" decoding=\"async\" width=\"50\" height=\"44\" src=\"http:\/\/calafat.cat\/wp-content\/uploads\/2022\/05\/en-el-cor-de-la-tempesta_0.jpeg\" alt=\"\" class=\"wp-image-3868\" title=\"Portada del llibre\"\/><\/figure>\n\n\n\n<p>Molins \u00e9s d\u2019aquells autors extremament inquiet que escodrinya la realitat i amb ulls cr\u00edtics la interroga per incidir en els problemes que ens preocupen i en el llenguatge amb qu\u00e8 confegim el discurs.<\/p>\n\n\n\n<p><a href=\"http:\/\/calafat.cat\/index.php\/entrevista-a-manuel-molins-la-di-versio-ens-proporciona-una-altra-versio-de-les-coses\/\" data-type=\"page\" data-id=\"1445\">Entrevista a Manuel Molins: \u201cLa di-versi\u00f3 ens proporciona una altra versi\u00f3 de les coses\u201d<\/a><\/p>\n\n\n\n<figure class=\"wp-block-image size-full\"><img loading=\"lazy\" decoding=\"async\" width=\"50\" height=\"37\" src=\"http:\/\/calafat.cat\/wp-content\/uploads\/2022\/05\/un-tambor-rebel-en-el-melic-de-barcelona-2_0.jpeg\" alt=\"\" class=\"wp-image-3869\" title=\"Manuel Molins. Fotografia: Carme Esteve. Font: escriptors.cat\"\/><\/figure>\n\n\n\n<p>A prop\u00f2sit del simposi sobre l&#8217;obra de Manuel Molins, entrevistem l&#8217;autor amb l&#8217;objectiu que ens parle directament sobre el seu univers teatral, sobre l&#8217;evoluci\u00f3 de la seua obra, i que ens comente la relaci\u00f3 que mant\u00e9 amb els distints corrents del teatre contemporani.<\/p>\n\n\n\n<p><a href=\"http:\/\/calafat.cat\/index.php\/entrevista-a-manuel-molins-vull-exposar-a-traves-del-teatre-el-sentit-deuropa-i-de-la-modernitat\/\" data-type=\"page\" data-id=\"1408\">Entrevista a Manuel Molins: \u201cVull exposar a trav\u00e9s del teatre el sentit d\u2019Europa i de la modernitat\u201d<\/a><\/p>\n\n\n\n<figure class=\"wp-block-image size-full\"><img loading=\"lazy\" decoding=\"async\" width=\"50\" height=\"33\" src=\"http:\/\/calafat.cat\/wp-content\/uploads\/2022\/05\/vides-en-ebullicio-2_0.jpeg\" alt=\"\" class=\"wp-image-3870\" title=\"Manuel Molins. Font: acpv.cat\"\/><\/figure>\n\n\n\n<p>Manuel Molins, nascut a Alfara del Patriarca l\u2019any 1946, \u00e9s un dels dramaturgs m\u00e9s reputats del nostre teatre. Va ser un dels renovadors del panorama teatral dels anys setanta i des de llavors ha dut a terme una tasca creativa intensa.<\/p>\n\n\n\n<p><a href=\"http:\/\/calafat.cat\/index.php\/la-quimera-de-la-tragedia\/\" data-type=\"page\" data-id=\"1418\">La quimera de la trag\u00e8dia<\/a><\/p>\n\n\n\n<figure class=\"wp-block-image size-full\"><img loading=\"lazy\" decoding=\"async\" width=\"50\" height=\"50\" src=\"http:\/\/calafat.cat\/wp-content\/uploads\/2022\/05\/la-quimera-de-la-tragedia-1-1.jpeg\" alt=\"\" class=\"wp-image-3871\" title=\"Il\u00b7lustraci\u00f3 original de l\u2019article\"\/><\/figure>\n\n\n\n<p>I. Trag\u00e8dia contempor\u00e0nia. La simple enunciaci\u00f3 de l\u2019expressi\u00f3 espanta una mica, \u00e9s com si vei\u00e9s caure al meu damunt vint-i-cinc segles d\u2019hist\u00f2ria. \u00c9s com si es present\u00e9s en un puny, de sobte, tot l\u2019embolic de preguntes i problemes registrats en la pell del teatre al llarg del temps.<\/p>\n\n\n\n<p><a href=\"http:\/\/calafat.cat\/index.php\/lletres-virtuals-2\/\" data-type=\"page\" data-id=\"2036\">Lletres virtuals<\/a><\/p>\n\n\n\n<figure class=\"wp-block-image size-full\"><img loading=\"lazy\" decoding=\"async\" width=\"50\" height=\"25\" src=\"http:\/\/calafat.cat\/wp-content\/uploads\/2022\/05\/lletres-virtuals-1-1.jpeg\" alt=\"\" class=\"wp-image-3872\" title=\"Portades dels llibres\"\/><\/figure>\n\n\n\n<p>Una bona part de lectors, no s\u00e9 ben b\u00e9 per qu\u00e8, no tenim l\u2019h\u00e0bit de llegir amb regularitat obres de teatre, excepte els cl\u00e0ssics. No voldria ara posar-me a divagar sobre el tema. Entre altres raons perqu\u00e8 aquest no \u00e9s el lloc i no s\u00f3c jo la persona m\u00e9s indicada per a fer-ho.<\/p>\n\n\n\n<p><a href=\"http:\/\/calafat.cat\/index.php\/un-ram-de-llum\/\" data-type=\"page\" data-id=\"1516\">Un ram de llum<\/a><\/p>\n\n\n\n<figure class=\"wp-block-image size-full\"><img loading=\"lazy\" decoding=\"async\" width=\"50\" height=\"35\" src=\"http:\/\/calafat.cat\/wp-content\/uploads\/2022\/05\/un-ram-de-llum-1.jpeg\" alt=\"\" class=\"wp-image-3873\" title=\"Manuel Molins. Font: nuvol.com\"\/><\/figure>\n\n\n\n<p>H\u00e8cuba, protagonista del mon\u00f2leg central de\u00a0<em>Dones, dones, dones<\/em>, \u00e9s la cobertura m\u00edtica que irradia l\u2019obra per ser l\u2019emblema de la dona de tots els temps i el clam per la llibertat i la dignitat del g\u00e8nere femen\u00ed.<\/p>\n\n\n\n<p><a href=\"http:\/\/calafat.cat\/index.php\/un-tambor-rebel-en-el-melic-de-barcelona\/\" data-type=\"page\" data-id=\"2040\">Un tambor rebel en el melic de Barcelona<\/a><\/p>\n\n\n\n<figure class=\"wp-block-image size-full\"><img loading=\"lazy\" decoding=\"async\" width=\"50\" height=\"37\" src=\"http:\/\/calafat.cat\/wp-content\/uploads\/2022\/05\/un-tambor-rebel-en-el-melic-de-barcelona-2_0-1.jpeg\" alt=\"\" class=\"wp-image-3874\" title=\"Manuel Molins. Fotografia: Carme Esteve. Font: escriptors.cat\"\/><\/figure>\n\n\n\n<p><em>Elisa<\/em>\u00a0s\u2019obri amb Jaume, un home gastat pel pas accelerat de la vida, que mostra un car\u00e0cter en demolici\u00f3, errant i erosionat. Ara, assegut en una butaca i bevent sense aturador, mira d\u2019apaivagar amb una l\u00facida ironia una desesperaci\u00f3 aclaparadora: \u00e9s portador d\u2019una malaltia incurable.<\/p>\n\n\n\n<p><a href=\"http:\/\/calafat.cat\/index.php\/vides-en-ebullicio-2\/\" data-type=\"page\" data-id=\"2042\">Vides en ebullici\u00f3<\/a><\/p>\n\n\n\n<figure class=\"wp-block-image size-full\"><img loading=\"lazy\" decoding=\"async\" width=\"50\" height=\"33\" src=\"http:\/\/calafat.cat\/wp-content\/uploads\/2022\/05\/vides-en-ebullicio-2.jpeg\" alt=\"\" class=\"wp-image-3875\" title=\"Manuel Molins. Font: acpv.cat\"\/><\/figure>\n\n\n\n<p>Despr\u00e9s de la publicaci\u00f3 de t\u00edtols ben interessants, com la divertida farsa&nbsp;<em>La Divina Tramoia<\/em>&nbsp;i&nbsp;<em>Combat<\/em>, drama intens l\u2019esquin\u00e7ament de la personalitat i la lluita a ultran\u00e7a de l\u2019artista modern, i coincidint amb la representaci\u00f3 per a Barcelona de Sabates de tal\u00f3 alt, interpretada p<\/p>\n","protected":false},"excerpt":{"rendered":"<p>El potencial de la pissarra Edicions Bromera des dels seus inicis \u00e9s una aventura vinculada a l\u2019educaci\u00f3, a proporcionar lectures adequades als distints nivells d\u2019ensenyament i a un ventall ample d\u2019interessos connectats amb els joves. El teatre de Manuel: la tralla que allibera Molins \u00e9s un dels autors que miren el m\u00f3n i l\u2019escodrinyen amb &#8230; <a title=\"Manuel Molins\" class=\"read-more\" href=\"https:\/\/calafat.cat\/index.php\/manuel-molins\/\" aria-label=\"M\u00e1s en Manuel Molins\">Leer m\u00e1s<\/a><\/p>\n","protected":false},"author":1,"featured_media":0,"parent":0,"menu_order":0,"comment_status":"closed","ping_status":"closed","template":"","meta":{"footnotes":""},"class_list":["post-3863","page","type-page","status-publish"],"_links":{"self":[{"href":"https:\/\/calafat.cat\/index.php\/wp-json\/wp\/v2\/pages\/3863","targetHints":{"allow":["GET"]}}],"collection":[{"href":"https:\/\/calafat.cat\/index.php\/wp-json\/wp\/v2\/pages"}],"about":[{"href":"https:\/\/calafat.cat\/index.php\/wp-json\/wp\/v2\/types\/page"}],"author":[{"embeddable":true,"href":"https:\/\/calafat.cat\/index.php\/wp-json\/wp\/v2\/users\/1"}],"replies":[{"embeddable":true,"href":"https:\/\/calafat.cat\/index.php\/wp-json\/wp\/v2\/comments?post=3863"}],"version-history":[{"count":1,"href":"https:\/\/calafat.cat\/index.php\/wp-json\/wp\/v2\/pages\/3863\/revisions"}],"predecessor-version":[{"id":3876,"href":"https:\/\/calafat.cat\/index.php\/wp-json\/wp\/v2\/pages\/3863\/revisions\/3876"}],"wp:attachment":[{"href":"https:\/\/calafat.cat\/index.php\/wp-json\/wp\/v2\/media?parent=3863"}],"curies":[{"name":"wp","href":"https:\/\/api.w.org\/{rel}","templated":true}]}}