{"id":3950,"date":"2022-05-18T15:48:27","date_gmt":"2022-05-18T15:48:27","guid":{"rendered":"http:\/\/calafat.cat\/?page_id=3950"},"modified":"2022-05-19T13:26:35","modified_gmt":"2022-05-19T13:26:35","slug":"r","status":"publish","type":"page","link":"https:\/\/calafat.cat\/index.php\/r\/","title":{"rendered":"R"},"content":{"rendered":"\n<figure class=\"wp-block-image size-full\"><img loading=\"lazy\" decoding=\"async\" width=\"240\" height=\"160\" src=\"http:\/\/calafat.cat\/wp-content\/uploads\/2022\/05\/r.jpeg\" alt=\"\" class=\"wp-image-3951\" title=\"Fotografia: Pilar Moreno. Font: divulgamat2.ehu.es\"\/><\/figure>\n\n\n\n<p><strong>Rafa Arnal<\/strong><br><a href=\"http:\/\/calafat.cat\/index.php\/un-bon-moment-per-a-la-narrativa-valenciana-2\/\" data-type=\"page\" data-id=\"1904\">Un bon moment per a la narrativa valenciana<\/a><\/p>\n\n\n\n<p><strong>Rafa Escobar<\/strong><br><a href=\"http:\/\/calafat.cat\/index.php\/qui-passa-fira-llibres-empeny\/\" data-type=\"page\" data-id=\"1510\">Qui passa fira, llibres empeny<\/a><\/p>\n\n\n\n<p><strong>Rafa Gomar<\/strong><br><a href=\"http:\/\/calafat.cat\/index.php\/el-conte-a-valencia\/\" data-type=\"page\" data-id=\"1300\">El conte a Val\u00e8ncia<\/a><br><a href=\"http:\/\/calafat.cat\/index.php\/literatura-catalana-a-valencia\/\" data-type=\"page\" data-id=\"1092\">Literatura catalana a Val\u00e8ncia<\/a><br><a href=\"http:\/\/calafat.cat\/index.php\/pulsions-en-un-moviment-permament\/\" data-type=\"page\" data-id=\"1061\">Pulsions en un moviment permament<\/a><br><a href=\"http:\/\/calafat.cat\/index.php\/presentacio-de-el-conte-a-valencia-2\/\" data-type=\"page\" data-id=\"1754\">Presentaci\u00f3 \u00abEl conte a Val\u00e8ncia\u00bb<\/a><br><a href=\"http:\/\/calafat.cat\/index.php\/qui-passa-fira-llibres-empeny\/\" data-type=\"page\" data-id=\"1510\">Qui passa fira, llibres empeny<\/a><br><a href=\"http:\/\/calafat.cat\/index.php\/taules-de-salvacio\/\" data-type=\"page\" data-id=\"1395\">Taules de salvaci\u00f3<\/a><br><a href=\"http:\/\/calafat.cat\/index.php\/tota-una-historia-en-versio-original-2\/\" data-type=\"page\" data-id=\"1762\">Tota una hist\u00f2ria en versi\u00f3 original<\/a><br><a href=\"http:\/\/calafat.cat\/index.php\/una-granota-en-cada-paraula\/\" data-type=\"page\" data-id=\"1518\">Una granota en cada paraula<\/a><br><a href=\"http:\/\/calafat.cat\/index.php\/una-literatura-emergent\/\" data-type=\"page\" data-id=\"1402\">Una literatura emergent<\/a><\/p>\n\n\n\n<p><strong>Rafael Argullol<\/strong><br><a href=\"http:\/\/calafat.cat\/index.php\/poetes-a-valencia\/\" data-type=\"page\" data-id=\"1344\">Poetes a Val\u00e8ncia<\/a><\/p>\n\n\n\n<p><strong>Rafael Claver Fos<\/strong><br><a href=\"http:\/\/calafat.cat\/index.php\/valenciana-sa-de-prosa\/\" data-type=\"page\" data-id=\"1488\">Valenciana, SA de prosa<\/a><\/p>\n\n\n\n<p><strong>Rafael L. Ninyoles<\/strong><br><a href=\"http:\/\/calafat.cat\/index.php\/tandem-la-vitalitat-creixent-duna-editorial-2\/\" data-type=\"page\" data-id=\"1760\">T\u00e0ndem: la vitalitat creixent d\u2019una editorial<\/a><br><a href=\"http:\/\/calafat.cat\/index.php\/una-literatura-emergent\/\" data-type=\"page\" data-id=\"1402\">Una literatura emergent<\/a><\/p>\n\n\n\n<p><strong>Rafael Soci\u00e0s<\/strong><br><a href=\"http:\/\/calafat.cat\/index.php\/realisme-i-lirica\/\" data-type=\"page\" data-id=\"1030\">Realisme i l\u00edrica<\/a><\/p>\n\n\n\n<p><strong>Rafael Xamb\u00f3<\/strong><br><a href=\"http:\/\/calafat.cat\/index.php\/viure-es-cremar-anar-cremant-se\/\" data-type=\"page\" data-id=\"1038\">Viure \u00e9s cremar, anar cremant-se<\/a><\/p>\n\n\n\n<p><strong>Raimon<\/strong><br><a href=\"http:\/\/calafat.cat\/index.php\/realisme-i-lirica\/\" data-type=\"page\" data-id=\"1030\">Realisme i l\u00edrica<\/a><\/p>\n\n\n\n<p><strong>Ramon Guillem<\/strong><br><a href=\"http:\/\/calafat.cat\/index.php\/aina-tertulies-de-poesia\/\" data-type=\"page\" data-id=\"1088\">Aina. Tert\u00falies de poesia<\/a><br><a href=\"http:\/\/calafat.cat\/index.php\/exaltacions-poetiques-2\/\" data-type=\"page\" data-id=\"1986\">Exaltacions po\u00e8tiques<\/a><br><a href=\"http:\/\/calafat.cat\/index.php\/fertil-ferida-lluminosa-2\/\" data-type=\"page\" data-id=\"1988\">F\u00e8rtil ferida lluminosa<\/a><br><a href=\"http:\/\/calafat.cat\/index.php\/la-poesia-de-ramon-guillem\/\" data-type=\"page\" data-id=\"1318\">La poesia de Ramon Guillem<\/a><br><a href=\"http:\/\/calafat.cat\/index.php\/literatura-catalana-a-valencia\/\" data-type=\"page\" data-id=\"1092\">Literatura catalana a Val\u00e8ncia<\/a><br><a href=\"http:\/\/calafat.cat\/index.php\/noves-veus-velles-paraules-2\/\" data-type=\"page\" data-id=\"2012\">Noves veus, velles paraules<\/a><br><a href=\"http:\/\/calafat.cat\/index.php\/qui-passa-fira-llibres-empeny\/\" data-type=\"page\" data-id=\"1510\">Qui passa fira, llibres empeny<\/a><br><a href=\"http:\/\/calafat.cat\/index.php\/una-literatura-emergent\/\" data-type=\"page\" data-id=\"1402\">Una literatura emergent<\/a><br><a href=\"http:\/\/calafat.cat\/index.php\/un-viatge-per-la-prosa-i-poesia-mes-recent-3\/\" data-type=\"page\" data-id=\"2026\">Un viatge per la prosa i poesia m\u00e9s recent<\/a><\/p>\n\n\n\n<p><strong>Rafael M. Bofill-Traductor<\/strong><br><a href=\"http:\/\/calafat.cat\/index.php\/el-somni-de-johann-wolfgang-goethe\/\" data-type=\"page\" data-id=\"1798\">El somni de Johann Wolfgang Goethe<\/a><\/p>\n\n\n\n<p><strong>Ramon Lapiedra<\/strong><br><a href=\"http:\/\/calafat.cat\/index.php\/una-literatura-emergent\/\" data-type=\"page\" data-id=\"1402\">Una literatura emergent<\/a><\/p>\n\n\n\n<p><strong>Ramon Pastor<\/strong><br><a href=\"http:\/\/calafat.cat\/index.php\/qui-passa-fira-llibres-empeny\/\" data-type=\"page\" data-id=\"1510\">Qui passa fira, llibres empeny<\/a><\/p>\n\n\n\n<p><strong>Ramon Ramon<\/strong><br><a href=\"http:\/\/calafat.cat\/index.php\/un-viatge-per-la-prosa-i-poesia-mes-recent-3\/\" data-type=\"page\" data-id=\"2026\">Un viatge per la prosa i poesia m\u00e9s recent<\/a><br><a href=\"http:\/\/calafat.cat\/index.php\/una-literatura-emergent\/\" data-type=\"page\" data-id=\"1402\">Una literatura emergent<\/a><\/p>\n\n\n\n<p><strong>Ramon Solsona<\/strong><br><a href=\"http:\/\/calafat.cat\/index.php\/farsa-politica\/\" data-type=\"page\" data-id=\"1308\">Farsa pol\u00edtica<\/a><\/p>\n\n\n\n<p><strong>Raquel Ricart<\/strong><br><a href=\"http:\/\/calafat.cat\/index.php\/quan-les-histories-esculpeixen-les-persones-2\/\" data-type=\"page\" data-id=\"1894\">Quan les hist\u00f2ries esculpeixen les persones<\/a><br><a href=\"http:\/\/calafat.cat\/index.php\/un-grapat-de-novel%c2%b7les-la-prosa-de-la-novel%c2%b7la-al-relat-i-de-la-realitat-a-la-ficcio\/\" data-type=\"page\" data-id=\"1536\">Un grapat de novel\u00b7les<\/a><\/p>\n\n\n\n<p><strong>Richard Burton<\/strong><br><a href=\"http:\/\/calafat.cat\/index.php\/presentacio-de-el-conte-a-valencia-2\/\" data-type=\"page\" data-id=\"1754\">Presentaci\u00f3 \u00abEl conte a Val\u00e8ncia\u00bb<\/a><\/p>\n\n\n\n<p><strong>Robert Archer<\/strong><br><a href=\"http:\/\/calafat.cat\/index.php\/ausias-march-poeta-inesgotable-2\/\" data-type=\"page\" data-id=\"1960\">Ausi\u00e0s March, poeta inesgotable<\/a><\/p>\n\n\n\n<p><strong>Rodolf Sisera<\/strong><br><a href=\"http:\/\/calafat.cat\/index.php\/lletres-virtuals-2\/\" data-type=\"page\" data-id=\"2036\">Lletres virtuals<\/a><br><a href=\"http:\/\/calafat.cat\/index.php\/tota-una-historia-en-versio-original-2\/\" data-type=\"page\" data-id=\"1762\">Tota una hist\u00f2ria en versi\u00f3 original<\/a><\/p>\n\n\n\n<p><strong>Rosa Serrano<\/strong><br><a href=\"http:\/\/calafat.cat\/index.php\/literatura-catalana-a-valencia\/\" data-type=\"page\" data-id=\"1092\">Literatura catalana a Val\u00e8ncia<\/a><br><a href=\"http:\/\/calafat.cat\/index.php\/tandem-la-vitalitat-creixent-duna-editorial-2\/\" data-type=\"page\" data-id=\"1760\">T\u00e0ndem: la vitalitat creixent d\u2019una editorial<\/a><\/p>\n\n\n\n<p><strong>Rub\u00e9n Luz\u00f3n<\/strong><br><a href=\"http:\/\/calafat.cat\/index.php\/rabia-en-la-poesia-mes-jove\/\" data-type=\"page\" data-id=\"1455\">R\u00e0bia en la poesia m\u00e9s jove<\/a><br><a href=\"http:\/\/calafat.cat\/index.php\/ruben-luzon-les-raons-duna-poetica-2\/\" data-type=\"page\" data-id=\"2020\">Rub\u00e9n Luz\u00f3n: les raons d\u2019una po\u00e8tica<\/a><\/p>\n\n\n\n<p><strong><a href=\"http:\/\/calafat.cat\/index.php\/a\/\">A<\/a>\u00a0\u00a0<a href=\"http:\/\/calafat.cat\/index.php\/b\/\">B<\/a>\u00a0\u00a0<a href=\"http:\/\/calafat.cat\/index.php\/c\/\">C<\/a>\u00a0\u00a0<a href=\"http:\/\/calafat.cat\/index.php\/d\/\">D<\/a>\u00a0\u00a0<a href=\"http:\/\/calafat.cat\/index.php\/e\/\">E<\/a>\u00a0\u00a0<a href=\"http:\/\/calafat.cat\/index.php\/f\/\">F<\/a>\u00a0\u00a0<a href=\"http:\/\/calafat.cat\/index.php\/g\/\">G<\/a>\u00a0\u00a0<br><br><br><a href=\"http:\/\/calafat.cat\/index.php\/h\/\">H<\/a>\u00a0\u00a0<a href=\"http:\/\/calafat.cat\/index.php\/i\/\">I<\/a>\u00a0\u00a0<a href=\"http:\/\/calafat.cat\/index.php\/j\/\">J<\/a>\u00a0\u00a0<a href=\"http:\/\/calafat.cat\/index.php\/k\/\">K<\/a>\u00a0\u00a0<a href=\"http:\/\/calafat.cat\/index.php\/l\/\">L<\/a>\u00a0\u00a0<a href=\"http:\/\/calafat.cat\/index.php\/m\/\">M<\/a>\u00a0\u00a0<a href=\"http:\/\/calafat.cat\/index.php\/n\/\">N<\/a>\u00a0\u00a0<br><br><br><a href=\"http:\/\/calafat.cat\/index.php\/o\/\">O<\/a>\u00a0<a href=\"http:\/\/calafat.cat\/index.php\/p\/\">P<\/a>\u00a0\u00a0<a href=\"http:\/\/calafat.cat\/index.php\/q-2\/\">Q<\/a>\u00a0\u00a0<a href=\"http:\/\/calafat.cat\/index.php\/r\/\">R<\/a>\u00a0\u00a0<a href=\"http:\/\/calafat.cat\/index.php\/s\/\">S<\/a>\u00a0\u00a0<a href=\"http:\/\/calafat.cat\/index.php\/t\/\">T<\/a>\u00a0\u00a0<a href=\"http:\/\/calafat.cat\/index.php\/u\/\">U\u00a0<\/a>\u00a0<br><br><br><a href=\"http:\/\/calafat.cat\/index.php\/v\/\">V<\/a>\u00a0\u00a0<a href=\"http:\/\/calafat.cat\/index.php\/w\/\">W<\/a>\u00a0\u00a0<a href=\"http:\/\/calafat.cat\/index.php\/x\/\">X<\/a>\u00a0\u00a0<a href=\"http:\/\/calafat.cat\/index.php\/y\/\">Y<\/a>\u00a0\u00a0<a href=\"http:\/\/calafat.cat\/index.php\/z\/\">Z<\/a><\/strong><\/p>\n","protected":false},"excerpt":{"rendered":"<p>Rafa ArnalUn bon moment per a la narrativa valenciana Rafa EscobarQui passa fira, llibres empeny Rafa GomarEl conte a Val\u00e8nciaLiteratura catalana a Val\u00e8nciaPulsions en un moviment permamentPresentaci\u00f3 \u00abEl conte a Val\u00e8ncia\u00bbQui passa fira, llibres empenyTaules de salvaci\u00f3Tota una hist\u00f2ria en versi\u00f3 originalUna granota en cada paraulaUna literatura emergent Rafael ArgullolPoetes a Val\u00e8ncia Rafael Claver FosValenciana, &#8230; <a title=\"R\" class=\"read-more\" href=\"https:\/\/calafat.cat\/index.php\/r\/\" aria-label=\"M\u00e1s en R\">Leer m\u00e1s<\/a><\/p>\n","protected":false},"author":1,"featured_media":0,"parent":0,"menu_order":0,"comment_status":"closed","ping_status":"closed","template":"","meta":{"footnotes":""},"class_list":["post-3950","page","type-page","status-publish"],"_links":{"self":[{"href":"https:\/\/calafat.cat\/index.php\/wp-json\/wp\/v2\/pages\/3950","targetHints":{"allow":["GET"]}}],"collection":[{"href":"https:\/\/calafat.cat\/index.php\/wp-json\/wp\/v2\/pages"}],"about":[{"href":"https:\/\/calafat.cat\/index.php\/wp-json\/wp\/v2\/types\/page"}],"author":[{"embeddable":true,"href":"https:\/\/calafat.cat\/index.php\/wp-json\/wp\/v2\/users\/1"}],"replies":[{"embeddable":true,"href":"https:\/\/calafat.cat\/index.php\/wp-json\/wp\/v2\/comments?post=3950"}],"version-history":[{"count":2,"href":"https:\/\/calafat.cat\/index.php\/wp-json\/wp\/v2\/pages\/3950\/revisions"}],"predecessor-version":[{"id":4031,"href":"https:\/\/calafat.cat\/index.php\/wp-json\/wp\/v2\/pages\/3950\/revisions\/4031"}],"wp:attachment":[{"href":"https:\/\/calafat.cat\/index.php\/wp-json\/wp\/v2\/media?parent=3950"}],"curies":[{"name":"wp","href":"https:\/\/api.w.org\/{rel}","templated":true}]}}