{"id":3980,"date":"2022-05-19T08:53:18","date_gmt":"2022-05-19T08:53:18","guid":{"rendered":"http:\/\/calafat.cat\/?page_id=3980"},"modified":"2022-05-23T08:58:46","modified_gmt":"2022-05-23T08:58:46","slug":"1997-2","status":"publish","type":"page","link":"https:\/\/calafat.cat\/index.php\/1997-2\/","title":{"rendered":"1997"},"content":{"rendered":"\n<p><a href=\"http:\/\/calafat.cat\/index.php\/cantic-damor-pur\/\" data-type=\"page\" data-id=\"1770\">C\u00e0ntic d&#8217;amor pur<\/a><\/p>\n\n\n\n<figure class=\"wp-block-image size-full\"><img loading=\"lazy\" decoding=\"async\" width=\"50\" height=\"50\" src=\"http:\/\/calafat.cat\/wp-content\/uploads\/2022\/05\/cantic-damor-pur.jpeg\" alt=\"\" class=\"wp-image-4220\" title=\"Portada del llibre\"\/><\/figure>\n\n\n\n<p>Un fet extraordinari, la resurrecci\u00f3 de Mela pel seu germ\u00e0, \u00e9s l&#8217;inici d&#8217;una hist\u00f2ria d&#8217;amor pur entre tots dos, que es veur\u00e0 entrebancada per una separaci\u00f3 d&#8217;anys.<\/p>\n\n\n\n<p><a href=\"http:\/\/calafat.cat\/index.php\/el-primer-rebel-de-la-historia\/\">El primer rebel de la hist\u00f2ria<\/a><\/p>\n\n\n\n<figure class=\"wp-block-image\"><img decoding=\"async\" src=\"http:\/\/calafat.cat\/wp-content\/uploads\/2022\/03\/038.jpeg\" alt=\"\"\/><\/figure>\n\n\n\n<p>Ca\u00edn no accepta l\u2019expulsi\u00f3 del parad\u00eds per una culpa que no ha com\u00e8s, i cerca en Lucifer la resposta a les seues preguntes, per\u00f2 a\u00e7\u00f2 no fa sin\u00f3 augmentar l\u2019angoixa de Ca\u00edn, que, exasperat per la resignaci\u00f3 d\u2019Abel als designis divins, el mata. Menyspreat per D\u00e9u, marxa al desert desconsolat.<\/p>\n\n\n\n<p><a href=\"http:\/\/calafat.cat\/index.php\/el-somni-de-johann-wolfgang-goethe\/\">El somni de Johann Wolfgang Goethe<\/a><\/p>\n\n\n\n<figure class=\"wp-block-image\"><img decoding=\"async\" src=\"http:\/\/calafat.cat\/wp-content\/uploads\/2022\/03\/pelilea.jpeg\" alt=\"\"\/><\/figure>\n\n\n\n<p>En l\u2019experi\u00e8ncia italiana narrada en aquest llibre autobiogr\u00e0fic,&nbsp;<em>Viatge a It\u00e0lia<\/em>, Johann Wolfgang Goethe, el cl\u00e0ssic alemany m\u00e9s important, va trobar l\u2019harmonia entre la realitat i l\u2019ideal, entre l\u2019individu i el m\u00f3n.<\/p>\n\n\n\n<p><a href=\"http:\/\/calafat.cat\/index.php\/els-rostres-de-la-xina-imperial\/\">Els rostres de la Xina imperial<\/a><\/p>\n\n\n\n<figure class=\"wp-block-image\"><img decoding=\"async\" src=\"http:\/\/calafat.cat\/wp-content\/uploads\/2022\/03\/044-2.jpeg\" alt=\"\"\/><\/figure>\n\n\n\n<p>Novel\u00b7la profundament seductora,&nbsp;<em>L\u2019Emperador<\/em>&nbsp;conjuga amb excel\u00b7lent ofici el gust per l\u2019aventura amb una rigorosa exig\u00e8ncia liter\u00e0ria.<\/p>\n\n\n\n<p><a href=\"http:\/\/calafat.cat\/index.php\/geografies-de-la-memoria\/\">Geografies de la mem\u00f2ria<\/a><\/p>\n\n\n\n<figure class=\"wp-block-image\"><img decoding=\"async\" src=\"http:\/\/calafat.cat\/wp-content\/uploads\/2022\/03\/048.jpeg\" alt=\"\"\/><\/figure>\n\n\n\n<p>El present article tracta d\u2019establir les raons de la vig\u00e8ncia d\u2019un g\u00e8nere tan el\u00e0stic com la novel\u00b7la hist\u00f2rica, com tamb\u00e9 les semblances i les difer\u00e8ncies entre les darreres novetats.<\/p>\n\n\n\n<p><a href=\"http:\/\/calafat.cat\/index.php\/la-memoria-de-loblit\/\" data-type=\"page\" data-id=\"1838\">La mem\u00f2ria de l&#8217;oblit<\/a><\/p>\n\n\n\n<figure class=\"wp-block-image size-full\"><img loading=\"lazy\" decoding=\"async\" width=\"50\" height=\"30\" src=\"http:\/\/calafat.cat\/wp-content\/uploads\/2022\/05\/la-memoria-de-l-oblit-2hais.jpeg\" alt=\"\" class=\"wp-image-3982\" title=\"Amin Maalouf\"\/><\/figure>\n\n\n\n<p>Amin Maalouf ens explica en&nbsp;<em>Els jardins de llum<\/em>, despr\u00e9s de segles de mentida i oblit, la vida de Mani, un home que volgu\u00e9 superar el fanatisme i la intoler\u00e0ncia del seu temps.<\/p>\n\n\n\n<p><a href=\"http:\/\/calafat.cat\/index.php\/la-memoria-de-la-historia\/\">La mem\u00f2ria de la hist\u00f2ria<\/a><\/p>\n\n\n\n<figure class=\"wp-block-image\"><img decoding=\"async\" src=\"http:\/\/calafat.cat\/wp-content\/uploads\/2022\/03\/060.jpeg\" alt=\"\"\/><\/figure>\n\n\n\n<p>De nou Mequinensa, l\u2019univers narratiu m\u00edtic, de Jes\u00fas Moncada.<\/p>\n\n\n\n<p><a href=\"http:\/\/calafat.cat\/index.php\/la-mirada-itinerant\/\">La mirada itinerant<\/a><\/p>\n\n\n\n<figure class=\"wp-block-image\"><img decoding=\"async\" src=\"http:\/\/calafat.cat\/wp-content\/uploads\/2022\/03\/061.jpeg\" alt=\"\"\/><\/figure>\n\n\n\n<p>En aquesta magn\u00edfica i divertida obra de Sterne,&nbsp;<em>Un viatge sentimental<\/em>, el plaer de l\u2019experi\u00e8ncia mant\u00e9 desperts els sentits i la intel\u00b7lig\u00e8ncia del narrador.<\/p>\n\n\n\n<p><a href=\"http:\/\/calafat.cat\/index.php\/laberint-de-sensacions\/\">Laberint de sensacions<\/a><\/p>\n\n\n\n<figure class=\"wp-block-image\"><img loading=\"lazy\" decoding=\"async\" width=\"50\" height=\"50\" src=\"http:\/\/calafat.cat\/wp-content\/uploads\/2022\/05\/laberint-de-sensacions-1.jpeg\" alt=\"\" class=\"wp-image-4160\" title=\"Portada del llibre\"\/><\/figure>\n\n\n\n<p>En aquesta obra Josep Piera lluita amb pertina\u00e7 obstinaci\u00f3 contra la destrucci\u00f3 del temps per expressar la fr\u00e0gil bellesa de les coses.<\/p>\n\n\n\n<p><a href=\"http:\/\/calafat.cat\/index.php\/mass-media-joc-despills-2\/\">Mass media: joc d\u2019espills<\/a><\/p>\n\n\n\n<figure class=\"wp-block-image\"><img loading=\"lazy\" decoding=\"async\" width=\"50\" height=\"35\" src=\"http:\/\/calafat.cat\/wp-content\/uploads\/2022\/03\/069.jpeg\" alt=\"\" class=\"wp-image-638\"\/><\/figure>\n\n\n\n<p>A&nbsp;<em>Emboscada a Fort Bragg<\/em>, un jove soldat homosexual \u00e9s assassinat. Un programa de TV dedicat a casos escandalosos espia amb c\u00e0meres ocultes els soldats sospitosos per aconseguir proves contra ells.<\/p>\n\n\n\n<p><a href=\"http:\/\/calafat.cat\/index.php\/que-algu-sap-on-va\/\">Qu\u00e8 alg\u00fa sap on va?<\/a><\/p>\n\n\n\n<figure class=\"wp-block-image\"><img decoding=\"async\" src=\"http:\/\/calafat.cat\/wp-content\/uploads\/2022\/03\/078.jpeg\" alt=\"\"\/><\/figure>\n\n\n\n<p>Introbable en el mercat la primera traducci\u00f3 de&nbsp;<em>Jacques i el seu amo<\/em>, Destino, l\u2019editorial responsable de les traduccions de Kundera, ha tingut la feli\u00e7 idea de tomar-la a publicar, ara en versi\u00f3 de Xavier Lloveras.<\/p>\n\n\n\n<p><a href=\"http:\/\/calafat.cat\/index.php\/retrat-dun-assassi-del-regim\/\">Retrat d\u2019un assass\u00ed del r\u00e8gim<\/a><\/p>\n\n\n\n<figure class=\"wp-block-image\"><img decoding=\"async\" src=\"http:\/\/calafat.cat\/wp-content\/uploads\/2022\/03\/080.jpeg\" alt=\"\"\/><\/figure>\n\n\n\n<p>A&nbsp;<em>Alfons XIV. Un crim d\u2019estat<\/em>, premi Sant Jordi, Lu\u00eds-Anton Baulenas analitza els m\u00e8todes operatius i els serveis secrets de la pol\u00edtica de Franco.<\/p>\n\n\n\n<p><a href=\"http:\/\/calafat.cat\/index.php\/un-brunzir-interior\/\">Un brunzir interior<\/a><\/p>\n\n\n\n<figure class=\"wp-block-image\"><img decoding=\"async\" src=\"http:\/\/calafat.cat\/wp-content\/uploads\/2022\/03\/084.jpeg\" alt=\"\"\/><\/figure>\n\n\n\n<p>A&nbsp;<em>El ca\u00e7a zero<\/em>, el brunzir d\u2019un kamikaze de 1945 persisteix en Laura Calson, \u00f2rfena d\u2019un oficial mort al Pac\u00edfic. Obsedida per un pare que no ha conegut, dur\u00e0 a terme una dif\u00edcil recerca m\u00e9s dura que les relacions que mant\u00e9 amb la mare i els avis, entestats a amagar el passat.<\/p>\n","protected":false},"excerpt":{"rendered":"<p>C\u00e0ntic d&#8217;amor pur Un fet extraordinari, la resurrecci\u00f3 de Mela pel seu germ\u00e0, \u00e9s l&#8217;inici d&#8217;una hist\u00f2ria d&#8217;amor pur entre tots dos, que es veur\u00e0 entrebancada per una separaci\u00f3 d&#8217;anys. El primer rebel de la hist\u00f2ria Ca\u00edn no accepta l\u2019expulsi\u00f3 del parad\u00eds per una culpa que no ha com\u00e8s, i cerca en Lucifer la resposta &#8230; <a title=\"1997\" class=\"read-more\" href=\"https:\/\/calafat.cat\/index.php\/1997-2\/\" aria-label=\"M\u00e1s en 1997\">Leer m\u00e1s<\/a><\/p>\n","protected":false},"author":1,"featured_media":0,"parent":0,"menu_order":0,"comment_status":"closed","ping_status":"closed","template":"","meta":{"footnotes":""},"class_list":["post-3980","page","type-page","status-publish"],"_links":{"self":[{"href":"https:\/\/calafat.cat\/index.php\/wp-json\/wp\/v2\/pages\/3980","targetHints":{"allow":["GET"]}}],"collection":[{"href":"https:\/\/calafat.cat\/index.php\/wp-json\/wp\/v2\/pages"}],"about":[{"href":"https:\/\/calafat.cat\/index.php\/wp-json\/wp\/v2\/types\/page"}],"author":[{"embeddable":true,"href":"https:\/\/calafat.cat\/index.php\/wp-json\/wp\/v2\/users\/1"}],"replies":[{"embeddable":true,"href":"https:\/\/calafat.cat\/index.php\/wp-json\/wp\/v2\/comments?post=3980"}],"version-history":[{"count":10,"href":"https:\/\/calafat.cat\/index.php\/wp-json\/wp\/v2\/pages\/3980\/revisions"}],"predecessor-version":[{"id":4341,"href":"https:\/\/calafat.cat\/index.php\/wp-json\/wp\/v2\/pages\/3980\/revisions\/4341"}],"wp:attachment":[{"href":"https:\/\/calafat.cat\/index.php\/wp-json\/wp\/v2\/media?parent=3980"}],"curies":[{"name":"wp","href":"https:\/\/api.w.org\/{rel}","templated":true}]}}