{"id":4001,"date":"2022-05-19T09:45:57","date_gmt":"2022-05-19T09:45:57","guid":{"rendered":"http:\/\/calafat.cat\/?page_id=4001"},"modified":"2022-05-19T09:45:57","modified_gmt":"2022-05-19T09:45:57","slug":"lart-poetic-de-joan-maragall","status":"publish","type":"page","link":"https:\/\/calafat.cat\/index.php\/lart-poetic-de-joan-maragall\/","title":{"rendered":"L\u2019art po\u00e8tic de Joan Maragall"},"content":{"rendered":"\n<div class=\"wp-block-columns alignwide is-layout-flex wp-container-core-columns-is-layout-9d6595d7 wp-block-columns-is-layout-flex\">\n<div class=\"wp-block-column is-layout-flow wp-block-column-is-layout-flow\" style=\"flex-basis:50%\">\n<p>Gl\u00f2ria Casals ha elaborat en el present volum una magn\u00edfica edici\u00f3 de la poesia de Joan Maragall. L&#8217;editora no es limita a restituir els poemes tal com els havia deixat l&#8217;autor, sin\u00f3 que tamb\u00e9 explica les circumst\u00e0ncies en qu\u00e8 s&#8217;origina la seua obra, l&#8217;evoluci\u00f3 de la seua activitat creativa i la recepci\u00f3 que tingu\u00e9.<\/p>\n\n\n\n<p>Per a Maragall la poesia \u00e9s una for\u00e7a superior a l&#8217;acte d&#8217;escriure, un ideal d&#8217;harmonia que tan sols es deixar\u00e0 recrear parcialment en les paraules. En aquest sentit a mesura que<br>evoluciona la seua poesia, s&#8217;acosta a l&#8217;ideal de la poesia simbolista d&#8217;expressar \u00abla palpitaci\u00f3 r\u00edtmica de l&#8217;univers\u00bb. Per\u00f2 aquesta voluntat es manifesta en l\u00ednies po\u00e8tiques diferents. En els seus versos trobem la impressi\u00f3 evanescent, motivada per una percepci\u00f3 panteista del paisatge. Un poeta vitalista i comprom\u00e8s com Maragall amb el seu temps no es podia d&#8217;estar d&#8217;aprofundir en els costats m\u00e9s conflictius de la persona humana i de la societat que li toc\u00e0 viure. La personalitat sempre m&#8217;ha atret, per\u00f2 sempre m&#8217;ha costat llegir la seua poesia. Cal fer-se la idea que les intu\u00efcions l\u00edriques de Maragall s&#8217;estavellen contra una llengua pobra i limitada, que la seua sensibilitat moderna s&#8217;expressa en ocasions amb un llenguatge que sembla primitiu.<\/p>\n\n\n\n<p>Per aquesta ra\u00f3 cal agrair l&#8217;esfor\u00e7 de Gl\u00f2ria Casals. Una edici\u00f3 acurad\u00edssima i documentada, que t\u00e9 com a objectiu reconstruir les circumst\u00e0ncies personals i col\u00b7lectives en qu\u00e8 s&#8217;originen els poemes. A m\u00e9s, davant de cadascun dels llibres l&#8217;editora explica la gestaci\u00f3 i l&#8217;estructura, la recepci\u00f3 i la seua significaci\u00f3 en la traject\u00f2ria del poeta. Tamb\u00e9 per subratllar la modernitat Casals explica la concepci\u00f3 de la llengua liter\u00e0ria de Maragall i exposa algunes de les opcions ling\u00fc\u00edstiques que adopta l&#8217;escriptor. Tot plegat, un llibre imprescindible per als estudiosos, i una ocasi\u00f3 magn\u00edfica per als lectors per visitar o revisitar la poesia d&#8217;una de les personalitats m\u00e9s potents de la literatura catalana.<\/p>\n\n\n\n<p>EL TEMPS, n\u00fam. 753, p\u00e0g. 69, 01\/02\/1999<\/p>\n\n\n\n<p>Descarrega&#8217;t l&#8217;original:\u00a0<img decoding=\"async\" src=\"http:\/\/calafat.cat\/modules\/file\/icons\/application-pdf.png\" alt=\"PDF icon\"><a href=\"http:\/\/calafat.cat\/sites\/default\/files\/l-art-poetic-de-joan-maragall.pdf\">l-art-poetic-de-joan-maragall.pdf<\/a><\/p>\n\n\n\n<p><a rel=\"noreferrer noopener\" href=\"http:\/\/calafat.cat\/#facebook\" target=\"_blank\">Facebook<\/a>\u00a0<a rel=\"noreferrer noopener\" href=\"http:\/\/calafat.cat\/#twitter\" target=\"_blank\">Twitter<\/a>\u00a0<a href=\"https:\/\/www.addtoany.com\/share#url=http%3A%2F%2Fcalafat.cat%2Farticles%2Fl-art-poetic-de-joan-maragall&amp;title=L%27art%20po%C3%A8tic%20de%20Joan%20Maragall%20\">\u00a0Comparteix a<\/a><\/p>\n\n\n\n<p>Articles recents:\u00a0<\/p>\n\n\n\n<p><a href=\"http:\/\/calafat.cat\/index.php\/cezanne-poesia-i-pensament-fets-pintura\/\" data-type=\"page\" data-id=\"1125\">C\u00e9zanne: poesia i pensament fets pintura<\/a><\/p>\n\n\n\n<p><a href=\"http:\/\/calafat.cat\/index.php\/joves-sensibles-3\/\" data-type=\"page\" data-id=\"1588\">Joves sensibles<\/a><\/p>\n\n\n\n<p><a href=\"http:\/\/calafat.cat\/index.php\/els-estrats-profunds-de-limaginari-de-soria\/\" data-type=\"page\" data-id=\"1982\">Els estrats profunds de l\u2019imaginari de S\u00f2ria<\/a><\/p>\n<\/div>\n\n\n\n<div class=\"wp-block-column is-layout-flow wp-block-column-is-layout-flow\" style=\"flex-basis:50%\">\n<figure class=\"wp-block-image size-full\"><img loading=\"lazy\" decoding=\"async\" width=\"379\" height=\"252\" src=\"http:\/\/calafat.cat\/wp-content\/uploads\/2022\/05\/l-art-poetic-de-joan-maragall-2-1.jpeg\" alt=\"\" class=\"wp-image-4002\" srcset=\"https:\/\/calafat.cat\/wp-content\/uploads\/2022\/05\/l-art-poetic-de-joan-maragall-2-1.jpeg 379w, https:\/\/calafat.cat\/wp-content\/uploads\/2022\/05\/l-art-poetic-de-joan-maragall-2-1-300x199.jpeg 300w\" sizes=\"auto, (max-width: 379px) 100vw, 379px\" \/><figcaption>Joan Maragall<br><br>Poesia. Joan Maragall. Edici\u00f3 a cura de Gl\u00f2ria Casals. Edicions de la Magrana, Barcelona. 1998. 834 p\u00e0gs.<br><br>Etiquetes:\u00a0<a href=\"http:\/\/calafat.cat\/index.php\/1999-2\/\" data-type=\"page\" data-id=\"2403\">1999<\/a> <a href=\"http:\/\/calafat.cat\/index.php\/publicat-a\/el-temps\/\" data-type=\"page\" data-id=\"110\">El Temps<\/a> <a href=\"http:\/\/calafat.cat\/index.php\/per-generes\/poesia\/\" data-type=\"page\" data-id=\"98\">Poesia<\/a><\/figcaption><\/figure>\n<\/div>\n<\/div>\n","protected":false},"excerpt":{"rendered":"<p>Gl\u00f2ria Casals ha elaborat en el present volum una magn\u00edfica edici\u00f3 de la poesia de Joan Maragall. L&#8217;editora no es limita a restituir els poemes tal com els havia deixat l&#8217;autor, sin\u00f3 que tamb\u00e9 explica les circumst\u00e0ncies en qu\u00e8 s&#8217;origina la seua obra, l&#8217;evoluci\u00f3 de la seua activitat creativa i la recepci\u00f3 que tingu\u00e9. Per &#8230; <a title=\"L\u2019art po\u00e8tic de Joan Maragall\" class=\"read-more\" href=\"https:\/\/calafat.cat\/index.php\/lart-poetic-de-joan-maragall\/\" aria-label=\"M\u00e1s en L\u2019art po\u00e8tic de Joan Maragall\">Leer m\u00e1s<\/a><\/p>\n","protected":false},"author":1,"featured_media":0,"parent":0,"menu_order":0,"comment_status":"closed","ping_status":"closed","template":"","meta":{"footnotes":""},"class_list":["post-4001","page","type-page","status-publish"],"_links":{"self":[{"href":"https:\/\/calafat.cat\/index.php\/wp-json\/wp\/v2\/pages\/4001","targetHints":{"allow":["GET"]}}],"collection":[{"href":"https:\/\/calafat.cat\/index.php\/wp-json\/wp\/v2\/pages"}],"about":[{"href":"https:\/\/calafat.cat\/index.php\/wp-json\/wp\/v2\/types\/page"}],"author":[{"embeddable":true,"href":"https:\/\/calafat.cat\/index.php\/wp-json\/wp\/v2\/users\/1"}],"replies":[{"embeddable":true,"href":"https:\/\/calafat.cat\/index.php\/wp-json\/wp\/v2\/comments?post=4001"}],"version-history":[{"count":1,"href":"https:\/\/calafat.cat\/index.php\/wp-json\/wp\/v2\/pages\/4001\/revisions"}],"predecessor-version":[{"id":4003,"href":"https:\/\/calafat.cat\/index.php\/wp-json\/wp\/v2\/pages\/4001\/revisions\/4003"}],"wp:attachment":[{"href":"https:\/\/calafat.cat\/index.php\/wp-json\/wp\/v2\/media?parent=4001"}],"curies":[{"name":"wp","href":"https:\/\/api.w.org\/{rel}","templated":true}]}}