{"id":4064,"date":"2022-05-19T14:03:26","date_gmt":"2022-05-19T14:03:26","guid":{"rendered":"http:\/\/calafat.cat\/?page_id=4064"},"modified":"2022-05-19T14:10:25","modified_gmt":"2022-05-19T14:10:25","slug":"jordi-coca","status":"publish","type":"page","link":"https:\/\/calafat.cat\/index.php\/jordi-coca\/","title":{"rendered":"Jordi Coca"},"content":{"rendered":"\n<p><a href=\"http:\/\/calafat.cat\/index.php\/els-rostres-de-la-xina-imperial\/\" data-type=\"page\" data-id=\"2067\">Els rostres de la Xina imperial<\/a><\/p>\n\n\n\n<figure class=\"wp-block-image size-full\"><img loading=\"lazy\" decoding=\"async\" width=\"50\" height=\"50\" src=\"http:\/\/calafat.cat\/wp-content\/uploads\/2022\/05\/els-rostres-de-la-xina-imperial1.jpeg\" alt=\"\" class=\"wp-image-4067\" title=\"Portada del llibre\"\/><\/figure>\n\n\n\n<p>Novel\u00b7la profundament seductora,\u00a0<em>L&#8217;Emperador<\/em>\u00a0conjuga amb excel\u00b7lent ofici el gust per l&#8217;aventura amb una rigorosa exig\u00e8ncia liter\u00e0ria.<\/p>\n\n\n\n<p><a href=\"http:\/\/calafat.cat\/index.php\/imatges-multiples-duna-vida-canviant\/\" data-type=\"page\" data-id=\"1435\">Imatges m\u00faltiples d\u2019una vida canviant<\/a><\/p>\n\n\n\n<figure class=\"wp-block-image size-full\"><img loading=\"lazy\" decoding=\"async\" width=\"50\" height=\"40\" src=\"http:\/\/calafat.cat\/wp-content\/uploads\/2022\/05\/imatges-multiples-d-una-vida-canviant-2.jpeg\" alt=\"\" class=\"wp-image-4069\" title=\"Jordi Coca\"\/><\/figure>\n\n\n\n<p>El desfici creatiu \u00e9s ben perceptible en la ja llarga traject\u00f2ria liter\u00e0ria de Jordi Coca, interessat en embarcar-se en cada obra nova en un \u00e0mbit no transitat encara.<\/p>\n\n\n\n<p><a href=\"http:\/\/calafat.cat\/index.php\/les-ambivalencies-dun-home-corrent-2\/\" data-type=\"page\" data-id=\"1848\">Les ambival\u00e8ncies d\u2019un home corrent<\/a><\/p>\n\n\n\n<figure class=\"wp-block-image size-full\"><img loading=\"lazy\" decoding=\"async\" width=\"50\" height=\"33\" src=\"http:\/\/calafat.cat\/wp-content\/uploads\/2022\/05\/les-ambivalencies-d-un-home-corrent-2.jpeg\" alt=\"\" class=\"wp-image-4070\" title=\"Jordi Coca\"\/><\/figure>\n\n\n\n<p>Si algunes novel\u00b7les de Jordi Coca, com ara&nbsp;<em>L\u2019emperador<\/em>&nbsp;i&nbsp;<em>Sota la pols<\/em>, eren novel\u00b7les d\u2019iniciaci\u00f3,&nbsp;<em>En caure la tarda<\/em>&nbsp;ens situa de ple en l\u2019espiral del final.<\/p>\n","protected":false},"excerpt":{"rendered":"<p>Els rostres de la Xina imperial Novel\u00b7la profundament seductora,\u00a0L&#8217;Emperador\u00a0conjuga amb excel\u00b7lent ofici el gust per l&#8217;aventura amb una rigorosa exig\u00e8ncia liter\u00e0ria. Imatges m\u00faltiples d\u2019una vida canviant El desfici creatiu \u00e9s ben perceptible en la ja llarga traject\u00f2ria liter\u00e0ria de Jordi Coca, interessat en embarcar-se en cada obra nova en un \u00e0mbit no transitat encara. Les &#8230; <a title=\"Jordi Coca\" class=\"read-more\" href=\"https:\/\/calafat.cat\/index.php\/jordi-coca\/\" aria-label=\"M\u00e1s en Jordi Coca\">Leer m\u00e1s<\/a><\/p>\n","protected":false},"author":1,"featured_media":0,"parent":0,"menu_order":0,"comment_status":"closed","ping_status":"closed","template":"","meta":{"footnotes":""},"class_list":["post-4064","page","type-page","status-publish"],"_links":{"self":[{"href":"https:\/\/calafat.cat\/index.php\/wp-json\/wp\/v2\/pages\/4064","targetHints":{"allow":["GET"]}}],"collection":[{"href":"https:\/\/calafat.cat\/index.php\/wp-json\/wp\/v2\/pages"}],"about":[{"href":"https:\/\/calafat.cat\/index.php\/wp-json\/wp\/v2\/types\/page"}],"author":[{"embeddable":true,"href":"https:\/\/calafat.cat\/index.php\/wp-json\/wp\/v2\/users\/1"}],"replies":[{"embeddable":true,"href":"https:\/\/calafat.cat\/index.php\/wp-json\/wp\/v2\/comments?post=4064"}],"version-history":[{"count":3,"href":"https:\/\/calafat.cat\/index.php\/wp-json\/wp\/v2\/pages\/4064\/revisions"}],"predecessor-version":[{"id":4072,"href":"https:\/\/calafat.cat\/index.php\/wp-json\/wp\/v2\/pages\/4064\/revisions\/4072"}],"wp:attachment":[{"href":"https:\/\/calafat.cat\/index.php\/wp-json\/wp\/v2\/media?parent=4064"}],"curies":[{"name":"wp","href":"https:\/\/api.w.org\/{rel}","templated":true}]}}