{"id":4078,"date":"2022-05-19T14:11:26","date_gmt":"2022-05-19T14:11:26","guid":{"rendered":"http:\/\/calafat.cat\/?page_id=4078"},"modified":"2022-05-19T14:14:09","modified_gmt":"2022-05-19T14:14:09","slug":"ramon-guillem","status":"publish","type":"page","link":"https:\/\/calafat.cat\/index.php\/ramon-guillem\/","title":{"rendered":"Ramon Guillem"},"content":{"rendered":"\n<p><a href=\"http:\/\/calafat.cat\/index.php\/fertil-ferida-lluminosa-2\/\" data-type=\"page\" data-id=\"1988\">F\u00e8rtil ferida lluminosa<\/a><\/p>\n\n\n\n<figure class=\"wp-block-image size-full\"><img loading=\"lazy\" decoding=\"async\" width=\"50\" height=\"20\" src=\"http:\/\/calafat.cat\/wp-content\/uploads\/2022\/05\/fertil-ferida-lluminosa2.jpeg\" alt=\"\" class=\"wp-image-4082\" title=\"Joan Navarro. Fotografia: Pere Salinas. Font: seriealfa.com \/ Ramon Guillem. Font: vimeo.com\"\/><\/figure>\n\n\n\n<p><em>Magrana<\/em>, del 2005, va representar el retorn de Joan Navarro a l\u2019actualitat po\u00e8tica.<\/p>\n\n\n\n<p><a href=\"http:\/\/calafat.cat\/index.php\/la-poesia-de-ramon-guillem\/\" data-type=\"page\" data-id=\"1318\">La poesia de Ramon Guillem<\/a><\/p>\n\n\n\n<figure class=\"wp-block-image size-full\"><img loading=\"lazy\" decoding=\"async\" width=\"50\" height=\"37\" src=\"http:\/\/calafat.cat\/wp-content\/uploads\/2022\/05\/la-poesia-de-ramon-guillem-2-1.jpeg\" alt=\"\" class=\"wp-image-4083\" title=\"Ramon Guillem. Font: vimeo.com\"\/><\/figure>\n\n\n\n<p>La publicaci\u00f3 d\u2019una antologia de l\u2019obra de Ramon Guillem \u00e9s una ocasi\u00f3 per actualitzar la nostra visi\u00f3 de la seua poesia, fent-nos-en una visi\u00f3 de conjunt on podem veure l\u2019evoluci\u00f3 i les constants de la seua activitat creativa.<\/p>\n","protected":false},"excerpt":{"rendered":"<p>F\u00e8rtil ferida lluminosa Magrana, del 2005, va representar el retorn de Joan Navarro a l\u2019actualitat po\u00e8tica. La poesia de Ramon Guillem La publicaci\u00f3 d\u2019una antologia de l\u2019obra de Ramon Guillem \u00e9s una ocasi\u00f3 per actualitzar la nostra visi\u00f3 de la seua poesia, fent-nos-en una visi\u00f3 de conjunt on podem veure l\u2019evoluci\u00f3 i les constants de &#8230; <a title=\"Ramon Guillem\" class=\"read-more\" href=\"https:\/\/calafat.cat\/index.php\/ramon-guillem\/\" aria-label=\"M\u00e1s en Ramon Guillem\">Leer m\u00e1s<\/a><\/p>\n","protected":false},"author":1,"featured_media":0,"parent":0,"menu_order":0,"comment_status":"closed","ping_status":"closed","template":"","meta":{"footnotes":""},"class_list":["post-4078","page","type-page","status-publish"],"_links":{"self":[{"href":"https:\/\/calafat.cat\/index.php\/wp-json\/wp\/v2\/pages\/4078","targetHints":{"allow":["GET"]}}],"collection":[{"href":"https:\/\/calafat.cat\/index.php\/wp-json\/wp\/v2\/pages"}],"about":[{"href":"https:\/\/calafat.cat\/index.php\/wp-json\/wp\/v2\/types\/page"}],"author":[{"embeddable":true,"href":"https:\/\/calafat.cat\/index.php\/wp-json\/wp\/v2\/users\/1"}],"replies":[{"embeddable":true,"href":"https:\/\/calafat.cat\/index.php\/wp-json\/wp\/v2\/comments?post=4078"}],"version-history":[{"count":2,"href":"https:\/\/calafat.cat\/index.php\/wp-json\/wp\/v2\/pages\/4078\/revisions"}],"predecessor-version":[{"id":4084,"href":"https:\/\/calafat.cat\/index.php\/wp-json\/wp\/v2\/pages\/4078\/revisions\/4084"}],"wp:attachment":[{"href":"https:\/\/calafat.cat\/index.php\/wp-json\/wp\/v2\/media?parent=4078"}],"curies":[{"name":"wp","href":"https:\/\/api.w.org\/{rel}","templated":true}]}}