{"id":4085,"date":"2022-05-19T14:15:04","date_gmt":"2022-05-19T14:15:04","guid":{"rendered":"http:\/\/calafat.cat\/?page_id=4085"},"modified":"2022-05-19T14:19:09","modified_gmt":"2022-05-19T14:19:09","slug":"joan-navarro","status":"publish","type":"page","link":"https:\/\/calafat.cat\/index.php\/joan-navarro\/","title":{"rendered":"Joan Navarro"},"content":{"rendered":"\n<p><a href=\"http:\/\/calafat.cat\/index.php\/anatomia-de-la-paraula\/\" data-type=\"page\" data-id=\"1379\">Anatomia de la paraula<\/a><\/p>\n\n\n\n<figure class=\"wp-block-image size-full\"><img loading=\"lazy\" decoding=\"async\" width=\"50\" height=\"26\" src=\"http:\/\/calafat.cat\/wp-content\/uploads\/2022\/05\/anatomia-de-la-paraula-2-1.jpeg\" alt=\"\" class=\"wp-image-4090\" title=\"Joan Navarro \/ Joan-Elies Adell. Fotografia: Roberto Gabrielli. Font: blogs.catradio.cat\"\/><\/figure>\n\n\n\n<p>Els primers llibres de poemes de Joan Navarro van ser ben significatius perqu\u00e8 amb el llenguatge al\u00b7lucinat i les seus imatges llampants tradu\u00efen el desassossec vital i social del Pa\u00eds Valenci\u00e0 als anys setanta.<\/p>\n\n\n\n<p><a href=\"http:\/\/calafat.cat\/index.php\/el-cami-de-la-poesia-valenciana-dels-setanta-fins-ara\/\" data-type=\"page\" data-id=\"1052\">El cam\u00ed de la poesia valenciana dels setanta fins ara<\/a><\/p>\n\n\n\n<figure class=\"wp-block-image size-full\"><img loading=\"lazy\" decoding=\"async\" width=\"50\" height=\"33\" src=\"http:\/\/calafat.cat\/wp-content\/uploads\/2022\/05\/el-cami\u0301-de-la-poesia-valenciana-dels-setanta-fins-ara.jpeg\" alt=\"\" class=\"wp-image-4091\" title=\"Salvador J\u00e0fer i Joan Navarro. Fotografia: Jes\u00fas C\u00edscar\"\/><\/figure>\n\n\n\n<p>El 1974 es van publicar\u00a0<em>Grills esmolen ganivets a trenc de por<\/em>, de Joan Navarro, i\u00a0<em>L&#8217;esmorte\u00efda estela de la platja<\/em>,\u00a0de Salvador J\u00e0fer, guanyador i finalista respectivament del premi Vicent Andr\u00e9s Estell\u00e9s de l\u2019any anterior.<\/p>\n\n\n\n<p><a href=\"http:\/\/calafat.cat\/index.php\/fertil-ferida-lluminosa-2\/\" data-type=\"page\" data-id=\"1988\">F\u00e8rtil ferida lluminosa<\/a><\/p>\n\n\n\n<figure class=\"wp-block-image size-full\"><img loading=\"lazy\" decoding=\"async\" width=\"50\" height=\"20\" src=\"http:\/\/calafat.cat\/wp-content\/uploads\/2022\/05\/fertil-ferida-lluminosa2-1.jpeg\" alt=\"\" class=\"wp-image-4093\" title=\"Joan Navarro. Fotografia: Pere Salinas. Font: seriealfa.com \/ Ramon Guillem. Font: vimeo.com\"\/><\/figure>\n\n\n\n<p><em>Magrana<\/em>, del 2005, va representar el retorn de Joan Navarro a l\u2019actualitat po\u00e8tica.<\/p>\n\n\n\n<p><a href=\"http:\/\/calafat.cat\/index.php\/la-ferida-tragica-en-la-poesia-de-joan-navarro-2\/\" data-type=\"page\" data-id=\"2006\">La ferida tr\u00e0gica en la poesia de Joan Navarro<\/a><\/p>\n\n\n\n<figure class=\"wp-block-image size-full\"><img loading=\"lazy\" decoding=\"async\" width=\"50\" height=\"37\" src=\"http:\/\/calafat.cat\/wp-content\/uploads\/2022\/05\/la-ferida-tragica-en-la-poesia-de-joan-navarro-2-1.jpeg\" alt=\"\" class=\"wp-image-4094\" title=\"Joan Navarro. Fotografia: Pere Salinas. Font: seriealfa.com\"\/><\/figure>\n\n\n\n<p>L&#8217;acerbo vero, i ciechi<br>destini investigar delle mortali<br>e deU&#8217;eterne cose; a che prodotta,<br>a che affanni e di miseri cerca<br>l&#8217;umama stirpe; a quale ultimo intento<br>lei spinga il fato e la natura;<br><\/p>\n\n\n\n<p><a href=\"http:\/\/calafat.cat\/index.php\/la-llum-i-la-paraula\/\" data-type=\"page\" data-id=\"1063\">La llum i la paraula<\/a><\/p>\n\n\n\n<figure class=\"wp-block-image size-full\"><img loading=\"lazy\" decoding=\"async\" width=\"50\" height=\"35\" src=\"http:\/\/calafat.cat\/wp-content\/uploads\/2022\/05\/la-llum-i-la-paraula2.jpeg\" alt=\"\" class=\"wp-image-4095\" title=\"Pintura de Pere Salinas per a 'O: llibre d'hores'\"\/><\/figure>\n\n\n\n<p>Joan Navarro \u00e9s un dels poetes de l\u2019anomenada generaci\u00f3 dels setanta m\u00e9s singulars, perqu\u00e8 el seu univers particular\u00edssim es troba travessat pel filaberqu\u00ed de la filosofia, i actualment \u00e9s un dels m\u00e9s actius, no l\u2019\u00fanic, \u00e9s clar.<\/p>\n","protected":false},"excerpt":{"rendered":"<p>Anatomia de la paraula Els primers llibres de poemes de Joan Navarro van ser ben significatius perqu\u00e8 amb el llenguatge al\u00b7lucinat i les seus imatges llampants tradu\u00efen el desassossec vital i social del Pa\u00eds Valenci\u00e0 als anys setanta. El cam\u00ed de la poesia valenciana dels setanta fins ara El 1974 es van publicar\u00a0Grills esmolen ganivets &#8230; <a title=\"Joan Navarro\" class=\"read-more\" href=\"https:\/\/calafat.cat\/index.php\/joan-navarro\/\" aria-label=\"M\u00e1s en Joan Navarro\">Leer m\u00e1s<\/a><\/p>\n","protected":false},"author":1,"featured_media":0,"parent":0,"menu_order":0,"comment_status":"closed","ping_status":"closed","template":"","meta":{"footnotes":""},"class_list":["post-4085","page","type-page","status-publish"],"_links":{"self":[{"href":"https:\/\/calafat.cat\/index.php\/wp-json\/wp\/v2\/pages\/4085","targetHints":{"allow":["GET"]}}],"collection":[{"href":"https:\/\/calafat.cat\/index.php\/wp-json\/wp\/v2\/pages"}],"about":[{"href":"https:\/\/calafat.cat\/index.php\/wp-json\/wp\/v2\/types\/page"}],"author":[{"embeddable":true,"href":"https:\/\/calafat.cat\/index.php\/wp-json\/wp\/v2\/users\/1"}],"replies":[{"embeddable":true,"href":"https:\/\/calafat.cat\/index.php\/wp-json\/wp\/v2\/comments?post=4085"}],"version-history":[{"count":2,"href":"https:\/\/calafat.cat\/index.php\/wp-json\/wp\/v2\/pages\/4085\/revisions"}],"predecessor-version":[{"id":4096,"href":"https:\/\/calafat.cat\/index.php\/wp-json\/wp\/v2\/pages\/4085\/revisions\/4096"}],"wp:attachment":[{"href":"https:\/\/calafat.cat\/index.php\/wp-json\/wp\/v2\/media?parent=4085"}],"curies":[{"name":"wp","href":"https:\/\/api.w.org\/{rel}","templated":true}]}}