{"id":4103,"date":"2022-05-19T14:21:28","date_gmt":"2022-05-19T14:21:28","guid":{"rendered":"http:\/\/calafat.cat\/?page_id=4103"},"modified":"2022-05-19T14:28:03","modified_gmt":"2022-05-19T14:28:03","slug":"vicent-alonso","status":"publish","type":"page","link":"https:\/\/calafat.cat\/index.php\/vicent-alonso\/","title":{"rendered":"Vicent Alonso"},"content":{"rendered":"\n<p><a href=\"http:\/\/calafat.cat\/index.php\/dietari-dues-vides-que-sautoalimenten\/\" data-type=\"page\" data-id=\"1611\">Dietari: dues vides que s\u2019autoalimenten<\/a><\/p>\n\n\n\n<figure class=\"wp-block-image size-full\"><img loading=\"lazy\" decoding=\"async\" width=\"50\" height=\"33\" src=\"http:\/\/calafat.cat\/wp-content\/uploads\/2022\/05\/dietari-dues-vides-que-sautoalimenten.jpeg\" alt=\"\" class=\"wp-image-4107\" title=\"Vicent Alonso. Font: Prensa Godella\"\/><\/figure>\n\n\n\n<p>\u201cL\u2019escriptura \u00e9s l\u2019afirmaci\u00f3 de la vida pr\u00f2pia\u201d, observa Vicent Alonso. Per\u00f2 el jo de paper \u00e9s el jo real? Conscient del terreny moved\u00eds on es mou, l\u2019autor una vegada i una altra vegada torna sobre la q\u00fcesti\u00f3 per tal que s\u2019entenga l\u2019objectiu i la seua implicaci\u00f3.<\/p>\n\n\n\n<p><a href=\"http:\/\/calafat.cat\/index.php\/engrandir-la-passio-dels-dies\/\" data-type=\"page\" data-id=\"1552\">Engrandir la passi\u00f3 dels dies<\/a><\/p>\n\n\n\n<figure class=\"wp-block-image size-full\"><img loading=\"lazy\" decoding=\"async\" width=\"50\" height=\"50\" src=\"http:\/\/calafat.cat\/wp-content\/uploads\/2022\/05\/engrandir-la-passio-dels-dies-2-1.jpeg\" alt=\"\" class=\"wp-image-4110\" title=\"Vicent Alonso. Fotografia: M\u00f2nica Torres. Font: ccaa.elpais.com\"\/><\/figure>\n\n\n\n<p><em>En l\u2019aspre vent del nou m\u00f3n<\/em>\u00a0\u00e9s un t\u00edtol potent que suggereix diverses lectures. Tanmateix, una de possible seria que el m\u00f3n vist en conjunt pot resultar ca\u00f2tic, estrany, dif\u00edcil d\u2019apamar. Per\u00f2 viure \u00e9s certament aix\u00f2, tractar que aqueixa immensitat incomprensible puga tenir algun sentit.<\/p>\n\n\n\n<p><a href=\"http:\/\/calafat.cat\/index.php\/entrevista-a-vicent-alonso-els-temes-de-montaigne-son-tambe-els-nostres\/\" data-type=\"page\" data-id=\"1410\">Entrevista a Vicent Alonso: \u00abEls temes de Montaigne s\u00f3n tamb\u00e9 els nostres\u00bb<\/a><\/p>\n\n\n\n<figure class=\"wp-block-image size-full\"><img loading=\"lazy\" decoding=\"async\" width=\"50\" height=\"37\" src=\"http:\/\/calafat.cat\/wp-content\/uploads\/2022\/05\/els-temes-de-montaigne-son-tambe-els-nostres-2-1.jpeg\" alt=\"\" class=\"wp-image-4108\" title=\"Vicent Alonso. Fotografia: M\u00f2nica Torres. Font: ccaa.elpais.com\"\/><\/figure>\n\n\n\n<p>Vicent Alonso, nascut a Godella, l&#8217;any 1948, \u00e9s professor de literatura catalana a la Universitat de Val\u00e8ncia, poeta, assagista i traductor. Entre els seus llibres m\u00e9s representatius trobem, en poesia,\u00a0<em>Del clam de Jas\u00f3<\/em>\u00a0(2002) i, en prosa, el dietari\u00a0<em>Trajecte circular<\/em>\u00a0(2004).<\/p>\n\n\n\n<p><a href=\"http:\/\/calafat.cat\/index.php\/lespill-que-ens-posseix\/\" data-type=\"page\" data-id=\"1272\">L&#8217;espill que ens posseix<\/a><\/p>\n\n\n\n<figure class=\"wp-block-image size-full\"><img loading=\"lazy\" decoding=\"async\" width=\"50\" height=\"50\" src=\"http:\/\/calafat.cat\/wp-content\/uploads\/2022\/05\/lespill-que-ens-posseix1-2.jpeg\" alt=\"\" class=\"wp-image-4111\" title=\"Portada del llibre\"\/><\/figure>\n\n\n\n<p>El llibre de poemes\u00a0<em>Cercles de la mirada<\/em>, de Vicent Alonso, va ser guardonat amb l\u2019\u00faltim premi Ausi\u00e0s March de Gandia. Els poemes d\u2019aquest llibre, de factura notable, escrits amb un estil despullat i intensament l\u00edric, s\u00f3n suggerents, emotius i desperten la sensibilitat del lector.<\/p>\n\n\n\n<p><a href=\"http:\/\/calafat.cat\/index.php\/lescriptura-de-les-inquietuds-i-els-dies-2\/\" data-type=\"page\" data-id=\"1724\">L\u2019escriptura de les inquietuds i els dies<\/a><\/p>\n\n\n\n<figure class=\"wp-block-image size-full\"><img loading=\"lazy\" decoding=\"async\" width=\"50\" height=\"50\" src=\"http:\/\/calafat.cat\/wp-content\/uploads\/2022\/05\/l-escriptura-de-les-inquietuds-i-els-dies-1-1.jpeg\" alt=\"\" class=\"wp-image-4112\" title=\"Portada del llibre\"\/><\/figure>\n\n\n\n<p>Si fa dos anys ens va regalar un extraordinari llibre de poemes en prosa titulat\u00a0<em>Del clam de Jas\u00f3<\/em>, ara Vicent Alonso ens sopr\u00e9n amb el conreu d\u2019un g\u00e8nere nou, l\u2019assaig, en la seua traject\u00f2ria liter\u00e0ria. Amb\u00a0<em>Trajecte circular.<\/em><\/p>\n\n\n\n<p><a href=\"http:\/\/calafat.cat\/index.php\/setge-al-rigor-i-al-gaudi-2\/\" data-type=\"page\" data-id=\"1728\">Setge al rigor i al gaudi<\/a><\/p>\n\n\n\n<figure class=\"wp-block-image size-full\"><img loading=\"lazy\" decoding=\"async\" width=\"50\" height=\"38\" src=\"http:\/\/calafat.cat\/wp-content\/uploads\/2022\/05\/setge-al-rigor-i-al-gaudi-1.jpeg\" alt=\"\" class=\"wp-image-4113\" title=\"Portades dels llibres\"\/><\/figure>\n\n\n\n<p>La traject\u00f2ria de Vicent Alonso \u00e9s singular.<\/p>\n","protected":false},"excerpt":{"rendered":"<p>Dietari: dues vides que s\u2019autoalimenten \u201cL\u2019escriptura \u00e9s l\u2019afirmaci\u00f3 de la vida pr\u00f2pia\u201d, observa Vicent Alonso. Per\u00f2 el jo de paper \u00e9s el jo real? Conscient del terreny moved\u00eds on es mou, l\u2019autor una vegada i una altra vegada torna sobre la q\u00fcesti\u00f3 per tal que s\u2019entenga l\u2019objectiu i la seua implicaci\u00f3. Engrandir la passi\u00f3 dels &#8230; <a title=\"Vicent Alonso\" class=\"read-more\" href=\"https:\/\/calafat.cat\/index.php\/vicent-alonso\/\" aria-label=\"M\u00e1s en Vicent Alonso\">Leer m\u00e1s<\/a><\/p>\n","protected":false},"author":1,"featured_media":0,"parent":0,"menu_order":0,"comment_status":"closed","ping_status":"closed","template":"","meta":{"footnotes":""},"class_list":["post-4103","page","type-page","status-publish"],"_links":{"self":[{"href":"https:\/\/calafat.cat\/index.php\/wp-json\/wp\/v2\/pages\/4103","targetHints":{"allow":["GET"]}}],"collection":[{"href":"https:\/\/calafat.cat\/index.php\/wp-json\/wp\/v2\/pages"}],"about":[{"href":"https:\/\/calafat.cat\/index.php\/wp-json\/wp\/v2\/types\/page"}],"author":[{"embeddable":true,"href":"https:\/\/calafat.cat\/index.php\/wp-json\/wp\/v2\/users\/1"}],"replies":[{"embeddable":true,"href":"https:\/\/calafat.cat\/index.php\/wp-json\/wp\/v2\/comments?post=4103"}],"version-history":[{"count":4,"href":"https:\/\/calafat.cat\/index.php\/wp-json\/wp\/v2\/pages\/4103\/revisions"}],"predecessor-version":[{"id":4115,"href":"https:\/\/calafat.cat\/index.php\/wp-json\/wp\/v2\/pages\/4103\/revisions\/4115"}],"wp:attachment":[{"href":"https:\/\/calafat.cat\/index.php\/wp-json\/wp\/v2\/media?parent=4103"}],"curies":[{"name":"wp","href":"https:\/\/api.w.org\/{rel}","templated":true}]}}