{"id":4118,"date":"2022-05-19T14:26:56","date_gmt":"2022-05-19T14:26:56","guid":{"rendered":"http:\/\/calafat.cat\/?page_id=4118"},"modified":"2022-05-19T14:27:58","modified_gmt":"2022-05-19T14:27:58","slug":"michel-de-montaigne","status":"publish","type":"page","link":"https:\/\/calafat.cat\/index.php\/michel-de-montaigne\/","title":{"rendered":"Michel de Montaigne"},"content":{"rendered":"\n<p><a href=\"http:\/\/calafat.cat\/index.php\/entrevista-a-vicent-alonso-els-temes-de-montaigne-son-tambe-els-nostres\/\" data-type=\"page\" data-id=\"1410\">Entrevista a Vicent Alonso: \u00abEls temes de Montaigne s\u00f3n tamb\u00e9 els nostres\u00bb<\/a><\/p>\n\n\n\n<figure class=\"wp-block-image size-full\"><img loading=\"lazy\" decoding=\"async\" width=\"50\" height=\"37\" src=\"http:\/\/calafat.cat\/wp-content\/uploads\/2022\/05\/els-temes-de-montaigne-son-tambe-els-nostres-2-2.jpeg\" alt=\"\" class=\"wp-image-4124\" title=\"Vicent Alonso\"\/><\/figure>\n\n\n\n<p>Vicent Alonso, nascut a Godella, l&#8217;any 1948, \u00e9s professor de literatura catalana a la Universitat de Val\u00e8ncia, poeta, assagista i traductor. Entre els seus llibres m\u00e9s representatius trobem, en poesia,\u00a0<em>Del clam de Jas\u00f3<\/em>\u00a0(2002) i, en prosa, el dietari\u00a0<em>Trajecte circular<\/em>\u00a0(2004).<\/p>\n\n\n\n<p><a href=\"http:\/\/calafat.cat\/index.php\/setge-al-rigor-i-al-gaudi-2\/\" data-type=\"page\" data-id=\"1728\">Setge al rigor i al gaudi<\/a><\/p>\n\n\n\n<figure class=\"wp-block-image size-full\"><img loading=\"lazy\" decoding=\"async\" width=\"50\" height=\"38\" src=\"http:\/\/calafat.cat\/wp-content\/uploads\/2022\/05\/setge-al-rigor-i-al-gaudi-1-1.jpeg\" alt=\"\" class=\"wp-image-4125\" title=\"Portades dels llibres\"\/><\/figure>\n\n\n\n<p>La traject\u00f2ria de Vicent Alonso \u00e9s singular.<\/p>\n","protected":false},"excerpt":{"rendered":"<p>Entrevista a Vicent Alonso: \u00abEls temes de Montaigne s\u00f3n tamb\u00e9 els nostres\u00bb Vicent Alonso, nascut a Godella, l&#8217;any 1948, \u00e9s professor de literatura catalana a la Universitat de Val\u00e8ncia, poeta, assagista i traductor. Entre els seus llibres m\u00e9s representatius trobem, en poesia,\u00a0Del clam de Jas\u00f3\u00a0(2002) i, en prosa, el dietari\u00a0Trajecte circular\u00a0(2004). Setge al rigor i &#8230; <a title=\"Michel de Montaigne\" class=\"read-more\" href=\"https:\/\/calafat.cat\/index.php\/michel-de-montaigne\/\" aria-label=\"M\u00e1s en Michel de Montaigne\">Leer m\u00e1s<\/a><\/p>\n","protected":false},"author":1,"featured_media":0,"parent":0,"menu_order":0,"comment_status":"closed","ping_status":"closed","template":"","meta":{"footnotes":""},"class_list":["post-4118","page","type-page","status-publish"],"_links":{"self":[{"href":"https:\/\/calafat.cat\/index.php\/wp-json\/wp\/v2\/pages\/4118","targetHints":{"allow":["GET"]}}],"collection":[{"href":"https:\/\/calafat.cat\/index.php\/wp-json\/wp\/v2\/pages"}],"about":[{"href":"https:\/\/calafat.cat\/index.php\/wp-json\/wp\/v2\/types\/page"}],"author":[{"embeddable":true,"href":"https:\/\/calafat.cat\/index.php\/wp-json\/wp\/v2\/users\/1"}],"replies":[{"embeddable":true,"href":"https:\/\/calafat.cat\/index.php\/wp-json\/wp\/v2\/comments?post=4118"}],"version-history":[{"count":2,"href":"https:\/\/calafat.cat\/index.php\/wp-json\/wp\/v2\/pages\/4118\/revisions"}],"predecessor-version":[{"id":4127,"href":"https:\/\/calafat.cat\/index.php\/wp-json\/wp\/v2\/pages\/4118\/revisions\/4127"}],"wp:attachment":[{"href":"https:\/\/calafat.cat\/index.php\/wp-json\/wp\/v2\/media?parent=4118"}],"curies":[{"name":"wp","href":"https:\/\/api.w.org\/{rel}","templated":true}]}}