{"id":4151,"date":"2022-05-19T14:43:29","date_gmt":"2022-05-19T14:43:29","guid":{"rendered":"http:\/\/calafat.cat\/?page_id=4151"},"modified":"2022-05-19T14:48:16","modified_gmt":"2022-05-19T14:48:16","slug":"josep-piera","status":"publish","type":"page","link":"https:\/\/calafat.cat\/index.php\/josep-piera\/","title":{"rendered":"Josep Piera"},"content":{"rendered":"\n<p><a href=\"http:\/\/calafat.cat\/index.php\/del-blanc-i-negre-al-tecnicolor\/\" data-type=\"page\" data-id=\"1431\">Del blanc i negre al tecnicolor<\/a><\/p>\n\n\n\n<figure class=\"wp-block-image size-full\"><img loading=\"lazy\" decoding=\"async\" width=\"50\" height=\"50\" src=\"http:\/\/calafat.cat\/wp-content\/uploads\/2022\/05\/del-blanc-i-negre-al-tecnicolor1.jpeg\" alt=\"\" class=\"wp-image-4155\" title=\"Portada del llibre\"\/><\/figure>\n\n\n\n<p>Josep Piera amb m\u00e9s de trenta anys d\u2019escriptura i m\u00e9s de trenta llibres publicats \u00e9s a hores d\u2019ara un dels escriptors m\u00e9s significatius de la literatura en catal\u00e0.<\/p>\n\n\n\n<p><a href=\"http:\/\/calafat.cat\/index.php\/idees-sentides-raons-de-vida\/\" data-type=\"page\" data-id=\"1354\">Idees sentides, raons de vida<\/a><\/p>\n\n\n\n<figure class=\"wp-block-image size-full\"><img loading=\"lazy\" decoding=\"async\" width=\"50\" height=\"50\" src=\"http:\/\/calafat.cat\/wp-content\/uploads\/2022\/05\/idees-sentides-raons-de-vida-1-1.jpeg\" alt=\"\" class=\"wp-image-4156\" title=\"Portada del llibre\"\/><\/figure>\n\n\n\n<p>Un altre llibre que he rellegit a gust aquest estiu ha sigut\u00a0<em>Arran de precipici<\/em>\u00a0de Josep Piera, publicat per Destino, que si el comparem amb la versi\u00f3 original comprovarem la for\u00e7a actual de la seua prosa.<\/p>\n\n\n\n<p><a href=\"http:\/\/calafat.cat\/index.php\/jerusalem-ets-tu\/\" data-type=\"page\" data-id=\"1387\">Jerusalem ets tu<\/a><\/p>\n\n\n\n<figure class=\"wp-block-image size-full\"><img loading=\"lazy\" decoding=\"async\" width=\"50\" height=\"50\" src=\"http:\/\/calafat.cat\/wp-content\/uploads\/2022\/05\/jerusalem-ets-tu-1-2.jpeg\" alt=\"\" class=\"wp-image-4157\" title=\"Portada del llibre\"\/><\/figure>\n\n\n\n<p><em>A Jerusalem<\/em>\u00a0(Edicions 62) de Josep Piera \u00e9s molt m\u00e9s que un llibre de viatges. Jerusalem una \u00e9s una met\u00e0fora, un polvor\u00ed cultural carregat de simbologia (com ho s\u00f3n els noms dels personatges).<\/p>\n\n\n\n<p><a href=\"http:\/\/calafat.cat\/index.php\/la-forca-literaria-del-record-i-del-present-2\/\" data-type=\"page\" data-id=\"1832\">La for\u00e7a liter\u00e0ria del record i del present<\/a><\/p>\n\n\n\n<figure class=\"wp-block-image size-full\"><img loading=\"lazy\" decoding=\"async\" width=\"50\" height=\"33\" src=\"http:\/\/calafat.cat\/wp-content\/uploads\/2022\/05\/la-forca-literaria-del-record-i-del-present-2.jpeg\" alt=\"\" class=\"wp-image-4158\" title=\"Josep Piera. Font: saforguia.com\"\/><\/figure>\n\n\n\n<p>El nou llibre de Piera no \u00e9s concebut com a unitat lineal, avan\u00e7a al voltant de diversos eixos<\/p>\n\n\n\n<p><a href=\"http:\/\/calafat.cat\/index.php\/la-vida-com-a-literatura\/\" data-type=\"page\" data-id=\"1453\">La vida com a literatura<\/a><\/p>\n\n\n\n<figure class=\"wp-block-image size-full\"><img loading=\"lazy\" decoding=\"async\" width=\"50\" height=\"38\" src=\"http:\/\/calafat.cat\/wp-content\/uploads\/2022\/05\/la-vida-com-a-literatura-2.jpeg\" alt=\"\" class=\"wp-image-4159\" title=\"Josep Piera i Francesc Calafat a Ca Revolta. Fotografia: Josep Mart\u00ednez\"\/><\/figure>\n\n\n\n<p>Amb aquest t\u00edtol que estraf\u00e0 un altre de John Dewey \u2013l\u2019art com a experi\u00e8ncia\u2013, es vol assenyalar que una bona part de l\u2019obra de Josep Piera germina des de la seua experi\u00e8ncia personal.<\/p>\n\n\n\n<p><a href=\"http:\/\/calafat.cat\/index.php\/laberint-de-sensacions\/\" data-type=\"page\" data-id=\"1846\">Laberint de sensacions<\/a><\/p>\n\n\n\n<figure class=\"wp-block-image size-full\"><img loading=\"lazy\" decoding=\"async\" width=\"50\" height=\"50\" src=\"http:\/\/calafat.cat\/wp-content\/uploads\/2022\/05\/laberint-de-sensacions-1.jpeg\" alt=\"\" class=\"wp-image-4160\" title=\"Portada del llibre\"\/><\/figure>\n\n\n\n<p>En aquesta obra Josep Piera lluita amb pertina\u00e7 obstinaci\u00f3 contra la destrucci\u00f3 del temps per expressar la fr\u00e0gil bellesa de les coses.<\/p>\n\n\n\n<p><a href=\"http:\/\/calafat.cat\/index.php\/talismans-de-vida-2\/\" data-type=\"page\" data-id=\"2022\">Talismans de vida<\/a><\/p>\n\n\n\n<figure class=\"wp-block-image size-full\"><img loading=\"lazy\" decoding=\"async\" width=\"44\" height=\"50\" src=\"http:\/\/calafat.cat\/wp-content\/uploads\/2022\/05\/talismans-de-vida-2_0-1.jpeg\" alt=\"\" class=\"wp-image-4161\" title=\"Portada del llibre\"\/><\/figure>\n\n\n\n<p>Una del\u00edcia, aquest\u00a0<em>Jard\u00ed ebri<\/em>\u00a0d\u2019Ibn Khafaja, i ho \u00e9s perqu\u00e8 els traductors no s\u2019han limitat a transvasar literalment al nostre idioma l\u2019univers original, sin\u00f3 que s\u2019han escarrassat per recrear l\u2019atmosfera sensual, la tremolor de la carn i l\u2019agull\u00f3 eleg\u00edac o dram\u00e0tic dels versos reflexius<\/p>\n\n\n\n<p><a href=\"http:\/\/calafat.cat\/index.php\/temps-compartits-2\/\" data-type=\"page\" data-id=\"2024\">Temps compartits<\/a><\/p>\n\n\n\n<figure class=\"wp-block-image size-full\"><img loading=\"lazy\" decoding=\"async\" width=\"50\" height=\"50\" src=\"http:\/\/calafat.cat\/wp-content\/uploads\/2022\/05\/el-temps-trobat.jpeg\" alt=\"\" class=\"wp-image-4162\" title=\"Portada del llibre\"\/><\/figure>\n\n\n\n<p>Josep Piera acaba de publicar&nbsp;<em>El temps trobat<\/em>, premi Alfons el Magn\u00e0nim de poesia. L\u2019aparici\u00f3 d\u2019un poemari de l\u2019escriptor de la Safor sempre \u00e9s per als degustadors de la poesia un esdeveniment, per petit que puga ser, perqu\u00e8 ens preguntem amb qu\u00e8 sorprendr\u00e0 aquesta vegada.<\/p>\n","protected":false},"excerpt":{"rendered":"<p>Del blanc i negre al tecnicolor Josep Piera amb m\u00e9s de trenta anys d\u2019escriptura i m\u00e9s de trenta llibres publicats \u00e9s a hores d\u2019ara un dels escriptors m\u00e9s significatius de la literatura en catal\u00e0. Idees sentides, raons de vida Un altre llibre que he rellegit a gust aquest estiu ha sigut\u00a0Arran de precipici\u00a0de Josep Piera, &#8230; <a title=\"Josep Piera\" class=\"read-more\" href=\"https:\/\/calafat.cat\/index.php\/josep-piera\/\" aria-label=\"M\u00e1s en Josep Piera\">Leer m\u00e1s<\/a><\/p>\n","protected":false},"author":1,"featured_media":0,"parent":0,"menu_order":0,"comment_status":"closed","ping_status":"closed","template":"","meta":{"footnotes":""},"class_list":["post-4151","page","type-page","status-publish"],"_links":{"self":[{"href":"https:\/\/calafat.cat\/index.php\/wp-json\/wp\/v2\/pages\/4151","targetHints":{"allow":["GET"]}}],"collection":[{"href":"https:\/\/calafat.cat\/index.php\/wp-json\/wp\/v2\/pages"}],"about":[{"href":"https:\/\/calafat.cat\/index.php\/wp-json\/wp\/v2\/types\/page"}],"author":[{"embeddable":true,"href":"https:\/\/calafat.cat\/index.php\/wp-json\/wp\/v2\/users\/1"}],"replies":[{"embeddable":true,"href":"https:\/\/calafat.cat\/index.php\/wp-json\/wp\/v2\/comments?post=4151"}],"version-history":[{"count":3,"href":"https:\/\/calafat.cat\/index.php\/wp-json\/wp\/v2\/pages\/4151\/revisions"}],"predecessor-version":[{"id":4165,"href":"https:\/\/calafat.cat\/index.php\/wp-json\/wp\/v2\/pages\/4151\/revisions\/4165"}],"wp:attachment":[{"href":"https:\/\/calafat.cat\/index.php\/wp-json\/wp\/v2\/media?parent=4151"}],"curies":[{"name":"wp","href":"https:\/\/api.w.org\/{rel}","templated":true}]}}